{"id":27111,"date":"2024-02-14T10:04:16","date_gmt":"2024-02-14T09:04:16","guid":{"rendered":"https:\/\/librosdelzorrorojo.com\/?post_type=product&#038;p=27111"},"modified":"2024-03-01T09:21:39","modified_gmt":"2024-03-01T08:21:39","slug":"ten-recordes","status":"publish","type":"product","link":"https:\/\/librosdelzorrorojo.com\/ca\/cataleg\/ten-recordes\/","title":{"rendered":"Te\u2019n recordes?"},"content":{"rendered":"<p>De l\u2019autor de<em> Parlo com el riu<\/em> (Libros del Zorro Rojo, 2021), <em>Te\u2019n recordes?<\/em> ens ofereix una mirada plena de sensibilitat i dirigida als mecanismes de la mem\u00f2ria.<\/p>\n<p>Entre el somni i la vig\u00edlia, una mare i el seu fill comparteixen els seus records preferits. La dol\u00e7or de les baies que van recollir en un p\u00edcnic amb el pare, aquella caiguda amb bicicleta sobre un pil\u00f3 de fenc, l\u2019olor del llum d\u2019oli de l\u2019avi durant la tempesta.<\/p>\n<p>Ara nom\u00e9s hi s\u00f3n mare i fill, i l\u2019escenari dels records queda molt lluny. Passat i futur es desdibuixen per deixar pas al moment m\u00e9s preuat: el present. Aquest pot convertir-se en la millor evocaci\u00f3 quan l\u2019oblit s\u2019entrella\u00e7a amb l\u2019esperan\u00e7a del que queda per viure.<\/p>\n<p>Sydney Smith juga com sempre amb les llums i les ombres a les seves il\u00b7lustracions, tan memorables com el millor de la inf\u00e0ncia. Una invitaci\u00f3 per reflexionar sobre la malenconia i la mem\u00f2ria.<\/p>\n","protected":false},"excerpt":{"rendered":"De l\u2019autor de Parlo com el riu (Libros del Zorro Rojo, 2021), Te\u2019n recordes? ens ofereix una mirada plena de sensibilitat i dirigida als mecanismes de la mem\u00f2ria. Entre el somni i la vig\u00edlia, una mare i el seu fill comparteixen els seus records preferits. La dol\u00e7or de les baies que van recollir en un [&hellip;]","protected":false},"featured_media":27112,"template":"","meta":{"_acf_changed":false},"product_brand":[],"product_cat":[840,843,839],"product_tag":[],"class_list":{"0":"post-27111","1":"product","2":"type-product","3":"status-publish","4":"has-post-thumbnail","6":"product_cat-catala","7":"product_cat-infantiles-ca","8":"product_cat-zona-kids-ca","9":"vinculo-te-acuerdas","11":"first","12":"instock","13":"taxable","14":"shipping-taxable","15":"purchasable","16":"product-type-simple"},"acf":[],"yoast_head":"<!-- This site is optimized with the Yoast SEO plugin v25.1 - https:\/\/yoast.com\/wordpress\/plugins\/seo\/ -->\n<title>Te\u2019n recordes? - Libros del Zorro Rojo<\/title>\n<meta name=\"robots\" content=\"index, follow, max-snippet:-1, max-image-preview:large, max-video-preview:-1\" \/>\n<link rel=\"canonical\" href=\"https:\/\/librosdelzorrorojo.com\/ca\/cataleg\/ten-recordes\/\" \/>\n<meta property=\"og:locale\" content=\"ca_ES\" \/>\n<meta property=\"og:type\" content=\"article\" \/>\n<meta property=\"og:title\" content=\"Te\u2019n recordes? - Libros del Zorro Rojo\" \/>\n<meta property=\"og:description\" content=\"De l\u2019autor de Parlo com el riu (Libros del Zorro Rojo, 2021), Te\u2019n recordes? ens ofereix una mirada plena de sensibilitat i dirigida als mecanismes de la mem\u00f2ria. Entre el somni i la vig\u00edlia, una mare i el seu fill comparteixen els seus records preferits. La dol\u00e7or de les baies que van recollir en un [&hellip;]\" \/>\n<meta property=\"og:url\" content=\"https:\/\/librosdelzorrorojo.com\/ca\/cataleg\/ten-recordes\/\" \/>\n<meta property=\"og:site_name\" content=\"Libros del Zorro Rojo\" \/>\n<meta property=\"article:modified_time\" content=\"2024-03-01T08:21:39+00:00\" \/>\n<meta property=\"og:image\" content=\"https:\/\/librosdelzorrorojo.com\/wp-content\/uploads\/2024\/01\/Cover-_Te-acuerdas-CAT-WEB.jpg\" \/>\n\t<meta property=\"og:image:width\" content=\"850\" \/>\n\t<meta property=\"og:image:height\" content=\"938\" \/>\n\t<meta property=\"og:image:type\" content=\"image\/jpeg\" \/>\n<meta name=\"twitter:card\" content=\"summary_large_image\" \/>\n<meta name=\"twitter:label1\" content=\"Temps estimat de lectura\" \/>\n\t<meta name=\"twitter:data1\" content=\"1 minut\" \/>\n<script type=\"application\/ld+json\" class=\"yoast-schema-graph\">{\"@context\":\"https:\/\/schema.org\",\"@graph\":[{\"@type\":\"WebPage\",\"@id\":\"https:\/\/librosdelzorrorojo.com\/ca\/cataleg\/ten-recordes\/\",\"url\":\"https:\/\/librosdelzorrorojo.com\/ca\/cataleg\/ten-recordes\/\",\"name\":\"Te\u2019n recordes? - Libros del Zorro Rojo\",\"isPartOf\":{\"@id\":\"https:\/\/librosdelzorrorojo.com\/#website\"},\"primaryImageOfPage\":{\"@id\":\"https:\/\/librosdelzorrorojo.com\/ca\/cataleg\/ten-recordes\/#primaryimage\"},\"image\":{\"@id\":\"https:\/\/librosdelzorrorojo.com\/ca\/cataleg\/ten-recordes\/#primaryimage\"},\"thumbnailUrl\":\"https:\/\/librosdelzorrorojo.com\/wp-content\/uploads\/2024\/01\/Cover-_Te-acuerdas-CAT-WEB.jpg\",\"datePublished\":\"2024-02-14T09:04:16+00:00\",\"dateModified\":\"2024-03-01T08:21:39+00:00\",\"breadcrumb\":{\"@id\":\"https:\/\/librosdelzorrorojo.com\/ca\/cataleg\/ten-recordes\/#breadcrumb\"},\"inLanguage\":\"ca\",\"potentialAction\":[{\"@type\":\"ReadAction\",\"target\":[\"https:\/\/librosdelzorrorojo.com\/ca\/cataleg\/ten-recordes\/\"]}]},{\"@type\":\"ImageObject\",\"inLanguage\":\"ca\",\"@id\":\"https:\/\/librosdelzorrorojo.com\/ca\/cataleg\/ten-recordes\/#primaryimage\",\"url\":\"https:\/\/librosdelzorrorojo.com\/wp-content\/uploads\/2024\/01\/Cover-_Te-acuerdas-CAT-WEB.jpg\",\"contentUrl\":\"https:\/\/librosdelzorrorojo.com\/wp-content\/uploads\/2024\/01\/Cover-_Te-acuerdas-CAT-WEB.jpg\",\"width\":850,\"height\":938,\"caption\":\"Cover Te acuerdas CAT WEB\"},{\"@type\":\"BreadcrumbList\",\"@id\":\"https:\/\/librosdelzorrorojo.com\/ca\/cataleg\/ten-recordes\/#breadcrumb\",\"itemListElement\":[{\"@type\":\"ListItem\",\"position\":1,\"name\":\"Portada\",\"item\":\"https:\/\/librosdelzorrorojo.com\/ca\/\"},{\"@type\":\"ListItem\",\"position\":2,\"name\":\"Cat\u00e0leg\",\"item\":\"https:\/\/librosdelzorrorojo.com\/ca\/cataleg\/\"},{\"@type\":\"ListItem\",\"position\":3,\"name\":\"Te\u2019n recordes?\"}]},{\"@type\":\"WebSite\",\"@id\":\"https:\/\/librosdelzorrorojo.com\/#website\",\"url\":\"https:\/\/librosdelzorrorojo.com\/\",\"name\":\"Libros del Zorro Rojo\",\"description\":\"Libros ilustrados\",\"potentialAction\":[{\"@type\":\"SearchAction\",\"target\":{\"@type\":\"EntryPoint\",\"urlTemplate\":\"https:\/\/librosdelzorrorojo.com\/?s={search_term_string}\"},\"query-input\":{\"@type\":\"PropertyValueSpecification\",\"valueRequired\":true,\"valueName\":\"search_term_string\"}}],\"inLanguage\":\"ca\"}]}<\/script>\n<!-- \/ Yoast SEO plugin. -->","yoast_head_json":{"title":"Te\u2019n recordes? - Libros del Zorro Rojo","robots":{"index":"index","follow":"follow","max-snippet":"max-snippet:-1","max-image-preview":"max-image-preview:large","max-video-preview":"max-video-preview:-1"},"canonical":"https:\/\/librosdelzorrorojo.com\/ca\/cataleg\/ten-recordes\/","og_locale":"ca_ES","og_type":"article","og_title":"Te\u2019n recordes? - Libros del Zorro Rojo","og_description":"De l\u2019autor de Parlo com el riu (Libros del Zorro Rojo, 2021), Te\u2019n recordes? ens ofereix una mirada plena de sensibilitat i dirigida als mecanismes de la mem\u00f2ria. Entre el somni i la vig\u00edlia, una mare i el seu fill comparteixen els seus records preferits. La dol\u00e7or de les baies que van recollir en un [&hellip;]","og_url":"https:\/\/librosdelzorrorojo.com\/ca\/cataleg\/ten-recordes\/","og_site_name":"Libros del Zorro Rojo","article_modified_time":"2024-03-01T08:21:39+00:00","og_image":[{"width":850,"height":938,"url":"https:\/\/librosdelzorrorojo.com\/wp-content\/uploads\/2024\/01\/Cover-_Te-acuerdas-CAT-WEB.jpg","type":"image\/jpeg"}],"twitter_card":"summary_large_image","twitter_misc":{"Temps estimat de lectura":"1 minut"},"schema":{"@context":"https:\/\/schema.org","@graph":[{"@type":"WebPage","@id":"https:\/\/librosdelzorrorojo.com\/ca\/cataleg\/ten-recordes\/","url":"https:\/\/librosdelzorrorojo.com\/ca\/cataleg\/ten-recordes\/","name":"Te\u2019n recordes? - Libros del Zorro Rojo","isPartOf":{"@id":"https:\/\/librosdelzorrorojo.com\/#website"},"primaryImageOfPage":{"@id":"https:\/\/librosdelzorrorojo.com\/ca\/cataleg\/ten-recordes\/#primaryimage"},"image":{"@id":"https:\/\/librosdelzorrorojo.com\/ca\/cataleg\/ten-recordes\/#primaryimage"},"thumbnailUrl":"https:\/\/librosdelzorrorojo.com\/wp-content\/uploads\/2024\/01\/Cover-_Te-acuerdas-CAT-WEB.jpg","datePublished":"2024-02-14T09:04:16+00:00","dateModified":"2024-03-01T08:21:39+00:00","breadcrumb":{"@id":"https:\/\/librosdelzorrorojo.com\/ca\/cataleg\/ten-recordes\/#breadcrumb"},"inLanguage":"ca","potentialAction":[{"@type":"ReadAction","target":["https:\/\/librosdelzorrorojo.com\/ca\/cataleg\/ten-recordes\/"]}]},{"@type":"ImageObject","inLanguage":"ca","@id":"https:\/\/librosdelzorrorojo.com\/ca\/cataleg\/ten-recordes\/#primaryimage","url":"https:\/\/librosdelzorrorojo.com\/wp-content\/uploads\/2024\/01\/Cover-_Te-acuerdas-CAT-WEB.jpg","contentUrl":"https:\/\/librosdelzorrorojo.com\/wp-content\/uploads\/2024\/01\/Cover-_Te-acuerdas-CAT-WEB.jpg","width":850,"height":938,"caption":"Cover Te acuerdas CAT WEB"},{"@type":"BreadcrumbList","@id":"https:\/\/librosdelzorrorojo.com\/ca\/cataleg\/ten-recordes\/#breadcrumb","itemListElement":[{"@type":"ListItem","position":1,"name":"Portada","item":"https:\/\/librosdelzorrorojo.com\/ca\/"},{"@type":"ListItem","position":2,"name":"Cat\u00e0leg","item":"https:\/\/librosdelzorrorojo.com\/ca\/cataleg\/"},{"@type":"ListItem","position":3,"name":"Te\u2019n recordes?"}]},{"@type":"WebSite","@id":"https:\/\/librosdelzorrorojo.com\/#website","url":"https:\/\/librosdelzorrorojo.com\/","name":"Libros del Zorro Rojo","description":"Libros ilustrados","potentialAction":[{"@type":"SearchAction","target":{"@type":"EntryPoint","urlTemplate":"https:\/\/librosdelzorrorojo.com\/?s={search_term_string}"},"query-input":{"@type":"PropertyValueSpecification","valueRequired":true,"valueName":"search_term_string"}}],"inLanguage":"ca"}]}},"_links":{"self":[{"href":"https:\/\/librosdelzorrorojo.com\/ca\/wp-json\/wp\/v2\/product\/27111","targetHints":{"allow":["GET"]}}],"collection":[{"href":"https:\/\/librosdelzorrorojo.com\/ca\/wp-json\/wp\/v2\/product"}],"about":[{"href":"https:\/\/librosdelzorrorojo.com\/ca\/wp-json\/wp\/v2\/types\/product"}],"wp:featuredmedia":[{"embeddable":true,"href":"https:\/\/librosdelzorrorojo.com\/ca\/wp-json\/wp\/v2\/media\/27112"}],"wp:attachment":[{"href":"https:\/\/librosdelzorrorojo.com\/ca\/wp-json\/wp\/v2\/media?parent=27111"}],"wp:term":[{"taxonomy":"product_brand","embeddable":true,"href":"https:\/\/librosdelzorrorojo.com\/ca\/wp-json\/wp\/v2\/product_brand?post=27111"},{"taxonomy":"product_cat","embeddable":true,"href":"https:\/\/librosdelzorrorojo.com\/ca\/wp-json\/wp\/v2\/product_cat?post=27111"},{"taxonomy":"product_tag","embeddable":true,"href":"https:\/\/librosdelzorrorojo.com\/ca\/wp-json\/wp\/v2\/product_tag?post=27111"}],"curies":[{"name":"wp","href":"https:\/\/api.w.org\/{rel}","templated":true}]}}