{"id":27058,"date":"2024-02-07T12:00:26","date_gmt":"2024-02-07T11:00:26","guid":{"rendered":"https:\/\/librosdelzorrorojo.com\/catalogo\/que-saben-hacer-los-gatos\/"},"modified":"2024-12-13T11:51:51","modified_gmt":"2024-12-13T10:51:51","slug":"que-saben-hacer-los-gatos","status":"publish","type":"product","link":"https:\/\/librosdelzorrorojo.com\/ca\/cataleg\/que-saben-hacer-los-gatos\/","title":{"rendered":"\u00bfQu\u00e9 saben hacer los gatos?"},"content":{"rendered":"<p>Quien haya tenido un gato (o varios) sabr\u00e1 que se trata de un animal fascinante. \u00bfY qui\u00e9n mejor que un ni\u00f1o para revelarnos por qu\u00e9?<\/p>\n<p>El narrador de este libro mira a su alrededor con curiosidad, se hace preguntas y reflexiona con humor sobre todo aquello que pueden hacer los gatos: beber leche con la lengua, meter y sacar las u\u00f1as o peinarse a lametones, pero tambi\u00e9n sobre lo que no: cantar a los ni\u00f1os para que se duerman o bajar de los \u00e1rboles a los que se han subido.<\/p>\n<p><em>\u00bfQu\u00e9 saben hacer los gatos?<\/em> se public\u00f3 en 1963 y ahora por primera vez en castellano. Este \u00e1lbum, una pieza tan rara y preciosa como <em>La cabra tragona<\/em> (Libros del Zorro Rojo, 2022), nos sumerge en el mundo felino desde la perspectiva de un ni\u00f1o observador al que le gusta pensar, y, a trav\u00e9s de unas ilustraciones juguetonas y audaces, nos invita a explorar c\u00f3mo viven los gatos y todo lo que saben hacer.<\/p>\n<p><img decoding=\"async\" src=\"https:\/\/librosdelzorrorojo.com\/wp-content\/uploads\/2024\/10\/ICEC.jpg\" alt=\"\" width=\"380\" height=\"85\" class=\"alignnone size-full wp-image-29095\" \/><\/p>\n","protected":false},"excerpt":{"rendered":"Quien haya tenido un gato (o varios) sabr\u00e1 que se trata de un animal fascinante. \u00bfY qui\u00e9n mejor que un ni\u00f1o para revelarnos por qu\u00e9? El narrador de este libro mira a su alrededor con curiosidad, se hace preguntas y reflexiona con humor sobre todo aquello que pueden hacer los gatos: beber leche con la [&hellip;]","protected":false},"featured_media":27046,"template":"","meta":{"_acf_changed":false},"product_brand":[],"product_cat":[844,843,839],"product_tag":[],"class_list":{"0":"post-27058","1":"product","2":"type-product","3":"status-publish","4":"has-post-thumbnail","6":"product_cat-castella","7":"product_cat-infantiles-ca","8":"product_cat-zona-kids-ca","9":"vinculo-que-saben-hacer-los-gatos","11":"first","12":"instock","13":"taxable","14":"shipping-taxable","15":"purchasable","16":"product-type-simple"},"acf":[],"yoast_head":"<!-- This site is optimized with the Yoast SEO plugin v25.1 - https:\/\/yoast.com\/wordpress\/plugins\/seo\/ -->\n<title>\u00bfQu\u00e9 saben hacer los gatos? - Libros del Zorro Rojo<\/title>\n<meta name=\"robots\" content=\"index, follow, max-snippet:-1, max-image-preview:large, max-video-preview:-1\" \/>\n<link rel=\"canonical\" href=\"https:\/\/librosdelzorrorojo.com\/ca\/cataleg\/que-saben-hacer-los-gatos\/\" \/>\n<meta property=\"og:locale\" content=\"ca_ES\" \/>\n<meta property=\"og:type\" content=\"article\" \/>\n<meta property=\"og:title\" content=\"\u00bfQu\u00e9 saben hacer los gatos? - Libros del Zorro Rojo\" \/>\n<meta property=\"og:description\" content=\"Quien haya tenido un gato (o varios) sabr\u00e1 que se trata de un animal fascinante. \u00bfY qui\u00e9n mejor que un ni\u00f1o para revelarnos por qu\u00e9? El narrador de este libro mira a su alrededor con curiosidad, se hace preguntas y reflexiona con humor sobre todo aquello que pueden hacer los gatos: beber leche con la [&hellip;]\" \/>\n<meta property=\"og:url\" content=\"https:\/\/librosdelzorrorojo.com\/ca\/cataleg\/que-saben-hacer-los-gatos\/\" \/>\n<meta property=\"og:site_name\" content=\"Libros del Zorro Rojo\" \/>\n<meta property=\"article:modified_time\" content=\"2024-12-13T10:51:51+00:00\" \/>\n<meta property=\"og:image\" content=\"https:\/\/librosdelzorrorojo.com\/wp-content\/uploads\/2024\/01\/COVER_Gatos_WEB.jpg\" \/>\n\t<meta property=\"og:image:width\" content=\"850\" \/>\n\t<meta property=\"og:image:height\" content=\"1050\" \/>\n\t<meta property=\"og:image:type\" content=\"image\/jpeg\" \/>\n<meta name=\"twitter:card\" content=\"summary_large_image\" \/>\n<meta name=\"twitter:label1\" content=\"Temps estimat de lectura\" \/>\n\t<meta name=\"twitter:data1\" content=\"1 minut\" \/>\n<script type=\"application\/ld+json\" class=\"yoast-schema-graph\">{\"@context\":\"https:\/\/schema.org\",\"@graph\":[{\"@type\":\"WebPage\",\"@id\":\"https:\/\/librosdelzorrorojo.com\/ca\/cataleg\/que-saben-hacer-los-gatos\/\",\"url\":\"https:\/\/librosdelzorrorojo.com\/ca\/cataleg\/que-saben-hacer-los-gatos\/\",\"name\":\"\u00bfQu\u00e9 saben hacer los gatos? - Libros del Zorro Rojo\",\"isPartOf\":{\"@id\":\"https:\/\/librosdelzorrorojo.com\/#website\"},\"primaryImageOfPage\":{\"@id\":\"https:\/\/librosdelzorrorojo.com\/ca\/cataleg\/que-saben-hacer-los-gatos\/#primaryimage\"},\"image\":{\"@id\":\"https:\/\/librosdelzorrorojo.com\/ca\/cataleg\/que-saben-hacer-los-gatos\/#primaryimage\"},\"thumbnailUrl\":\"https:\/\/librosdelzorrorojo.com\/wp-content\/uploads\/2024\/01\/COVER_Gatos_WEB.jpg\",\"datePublished\":\"2024-02-07T11:00:26+00:00\",\"dateModified\":\"2024-12-13T10:51:51+00:00\",\"breadcrumb\":{\"@id\":\"https:\/\/librosdelzorrorojo.com\/ca\/cataleg\/que-saben-hacer-los-gatos\/#breadcrumb\"},\"inLanguage\":\"ca\",\"potentialAction\":[{\"@type\":\"ReadAction\",\"target\":[\"https:\/\/librosdelzorrorojo.com\/ca\/cataleg\/que-saben-hacer-los-gatos\/\"]}]},{\"@type\":\"ImageObject\",\"inLanguage\":\"ca\",\"@id\":\"https:\/\/librosdelzorrorojo.com\/ca\/cataleg\/que-saben-hacer-los-gatos\/#primaryimage\",\"url\":\"https:\/\/librosdelzorrorojo.com\/wp-content\/uploads\/2024\/01\/COVER_Gatos_WEB.jpg\",\"contentUrl\":\"https:\/\/librosdelzorrorojo.com\/wp-content\/uploads\/2024\/01\/COVER_Gatos_WEB.jpg\",\"width\":850,\"height\":1050,\"caption\":\"COVER Gatos WEB\"},{\"@type\":\"BreadcrumbList\",\"@id\":\"https:\/\/librosdelzorrorojo.com\/ca\/cataleg\/que-saben-hacer-los-gatos\/#breadcrumb\",\"itemListElement\":[{\"@type\":\"ListItem\",\"position\":1,\"name\":\"Portada\",\"item\":\"https:\/\/librosdelzorrorojo.com\/ca\/\"},{\"@type\":\"ListItem\",\"position\":2,\"name\":\"Cat\u00e0leg\",\"item\":\"https:\/\/librosdelzorrorojo.com\/ca\/cataleg\/\"},{\"@type\":\"ListItem\",\"position\":3,\"name\":\"\u00bfQu\u00e9 saben hacer los gatos?\"}]},{\"@type\":\"WebSite\",\"@id\":\"https:\/\/librosdelzorrorojo.com\/#website\",\"url\":\"https:\/\/librosdelzorrorojo.com\/\",\"name\":\"Libros del Zorro Rojo\",\"description\":\"Libros ilustrados\",\"potentialAction\":[{\"@type\":\"SearchAction\",\"target\":{\"@type\":\"EntryPoint\",\"urlTemplate\":\"https:\/\/librosdelzorrorojo.com\/?s={search_term_string}\"},\"query-input\":{\"@type\":\"PropertyValueSpecification\",\"valueRequired\":true,\"valueName\":\"search_term_string\"}}],\"inLanguage\":\"ca\"}]}<\/script>\n<!-- \/ Yoast SEO plugin. -->","yoast_head_json":{"title":"\u00bfQu\u00e9 saben hacer los gatos? - Libros del Zorro Rojo","robots":{"index":"index","follow":"follow","max-snippet":"max-snippet:-1","max-image-preview":"max-image-preview:large","max-video-preview":"max-video-preview:-1"},"canonical":"https:\/\/librosdelzorrorojo.com\/ca\/cataleg\/que-saben-hacer-los-gatos\/","og_locale":"ca_ES","og_type":"article","og_title":"\u00bfQu\u00e9 saben hacer los gatos? - Libros del Zorro Rojo","og_description":"Quien haya tenido un gato (o varios) sabr\u00e1 que se trata de un animal fascinante. \u00bfY qui\u00e9n mejor que un ni\u00f1o para revelarnos por qu\u00e9? El narrador de este libro mira a su alrededor con curiosidad, se hace preguntas y reflexiona con humor sobre todo aquello que pueden hacer los gatos: beber leche con la [&hellip;]","og_url":"https:\/\/librosdelzorrorojo.com\/ca\/cataleg\/que-saben-hacer-los-gatos\/","og_site_name":"Libros del Zorro Rojo","article_modified_time":"2024-12-13T10:51:51+00:00","og_image":[{"width":850,"height":1050,"url":"https:\/\/librosdelzorrorojo.com\/wp-content\/uploads\/2024\/01\/COVER_Gatos_WEB.jpg","type":"image\/jpeg"}],"twitter_card":"summary_large_image","twitter_misc":{"Temps estimat de lectura":"1 minut"},"schema":{"@context":"https:\/\/schema.org","@graph":[{"@type":"WebPage","@id":"https:\/\/librosdelzorrorojo.com\/ca\/cataleg\/que-saben-hacer-los-gatos\/","url":"https:\/\/librosdelzorrorojo.com\/ca\/cataleg\/que-saben-hacer-los-gatos\/","name":"\u00bfQu\u00e9 saben hacer los gatos? - Libros del Zorro Rojo","isPartOf":{"@id":"https:\/\/librosdelzorrorojo.com\/#website"},"primaryImageOfPage":{"@id":"https:\/\/librosdelzorrorojo.com\/ca\/cataleg\/que-saben-hacer-los-gatos\/#primaryimage"},"image":{"@id":"https:\/\/librosdelzorrorojo.com\/ca\/cataleg\/que-saben-hacer-los-gatos\/#primaryimage"},"thumbnailUrl":"https:\/\/librosdelzorrorojo.com\/wp-content\/uploads\/2024\/01\/COVER_Gatos_WEB.jpg","datePublished":"2024-02-07T11:00:26+00:00","dateModified":"2024-12-13T10:51:51+00:00","breadcrumb":{"@id":"https:\/\/librosdelzorrorojo.com\/ca\/cataleg\/que-saben-hacer-los-gatos\/#breadcrumb"},"inLanguage":"ca","potentialAction":[{"@type":"ReadAction","target":["https:\/\/librosdelzorrorojo.com\/ca\/cataleg\/que-saben-hacer-los-gatos\/"]}]},{"@type":"ImageObject","inLanguage":"ca","@id":"https:\/\/librosdelzorrorojo.com\/ca\/cataleg\/que-saben-hacer-los-gatos\/#primaryimage","url":"https:\/\/librosdelzorrorojo.com\/wp-content\/uploads\/2024\/01\/COVER_Gatos_WEB.jpg","contentUrl":"https:\/\/librosdelzorrorojo.com\/wp-content\/uploads\/2024\/01\/COVER_Gatos_WEB.jpg","width":850,"height":1050,"caption":"COVER Gatos WEB"},{"@type":"BreadcrumbList","@id":"https:\/\/librosdelzorrorojo.com\/ca\/cataleg\/que-saben-hacer-los-gatos\/#breadcrumb","itemListElement":[{"@type":"ListItem","position":1,"name":"Portada","item":"https:\/\/librosdelzorrorojo.com\/ca\/"},{"@type":"ListItem","position":2,"name":"Cat\u00e0leg","item":"https:\/\/librosdelzorrorojo.com\/ca\/cataleg\/"},{"@type":"ListItem","position":3,"name":"\u00bfQu\u00e9 saben hacer los gatos?"}]},{"@type":"WebSite","@id":"https:\/\/librosdelzorrorojo.com\/#website","url":"https:\/\/librosdelzorrorojo.com\/","name":"Libros del Zorro Rojo","description":"Libros ilustrados","potentialAction":[{"@type":"SearchAction","target":{"@type":"EntryPoint","urlTemplate":"https:\/\/librosdelzorrorojo.com\/?s={search_term_string}"},"query-input":{"@type":"PropertyValueSpecification","valueRequired":true,"valueName":"search_term_string"}}],"inLanguage":"ca"}]}},"_links":{"self":[{"href":"https:\/\/librosdelzorrorojo.com\/ca\/wp-json\/wp\/v2\/product\/27058","targetHints":{"allow":["GET"]}}],"collection":[{"href":"https:\/\/librosdelzorrorojo.com\/ca\/wp-json\/wp\/v2\/product"}],"about":[{"href":"https:\/\/librosdelzorrorojo.com\/ca\/wp-json\/wp\/v2\/types\/product"}],"wp:featuredmedia":[{"embeddable":true,"href":"https:\/\/librosdelzorrorojo.com\/ca\/wp-json\/wp\/v2\/media\/27046"}],"wp:attachment":[{"href":"https:\/\/librosdelzorrorojo.com\/ca\/wp-json\/wp\/v2\/media?parent=27058"}],"wp:term":[{"taxonomy":"product_brand","embeddable":true,"href":"https:\/\/librosdelzorrorojo.com\/ca\/wp-json\/wp\/v2\/product_brand?post=27058"},{"taxonomy":"product_cat","embeddable":true,"href":"https:\/\/librosdelzorrorojo.com\/ca\/wp-json\/wp\/v2\/product_cat?post=27058"},{"taxonomy":"product_tag","embeddable":true,"href":"https:\/\/librosdelzorrorojo.com\/ca\/wp-json\/wp\/v2\/product_tag?post=27058"}],"curies":[{"name":"wp","href":"https:\/\/api.w.org\/{rel}","templated":true}]}}