{"id":26535,"date":"2023-10-24T16:54:06","date_gmt":"2023-10-24T14:54:06","guid":{"rendered":"https:\/\/librosdelzorrorojo.com\/?post_type=product&#038;p=26535"},"modified":"2025-03-20T11:39:16","modified_gmt":"2025-03-20T10:39:16","slug":"miss-cat-el-misteri-de-la-neu-calenta","status":"publish","type":"product","link":"https:\/\/librosdelzorrorojo.com\/ca\/cataleg\/miss-cat-el-misteri-de-la-neu-calenta\/","title":{"rendered":"Miss Cat. El misteri de la neu calenta"},"content":{"rendered":"<p><span lang=\"CA\">\u00abJa no hi ha neu a les teulades. No hi ha neu enlloc. L\u2019aigua que raja crida l\u2019atenci\u00f3 de Miss Cat. Els ninots de neu s\u2019han fos. Nassos, escombres i barrets desapareixen empesos pel corrent.\u00bb <\/span><\/p>\n<p><span lang=\"CA\">\u00a0<\/span>Una gata detectiva no t\u00e9 un moment de pau ni en vacances! Per sort, la seva amiga Griselda l\u2019ha convidada a passar uns dies, juntament amb Ole, en una cabanya en la meravellosa estaci\u00f3 d&#8217;esqu\u00ed de Sn\u00f8b\u00f8ll. Miss Cat fila feli\u00e7 quan s&#8217;imagina lliscant muntanya avall amb els seus amics, per\u00f2 no li ser\u00e0 tan f\u00e0cil escapar de la pulsi\u00f3 detectivesca.<\/p>\n<div>\n<p><span lang=\"CA\">\u00a0<\/span><span lang=\"CA\">Menys encara quan a peu de pista es topi amb un cas de \u00abneu fosa\u00bb que la deixar\u00e0 gelada. Podria ser a causa canvi clim\u00e0tic, per\u00f2 Miss Cat mai no es deixa portar per una primera impressi\u00f3. I aviat descobrir\u00e0 qu\u00e8 dispara el term\u00f2metre: l\u2019assumpte que t\u00e9 a veure amb un mal d&#8217;amors, i amb una pizza per llepar-se\u2019n els dits!<\/span><\/p>\n<p><span lang=\"CA\"> <img decoding=\"async\" src=\"https:\/\/librosdelzorrorojo.com\/wp-content\/uploads\/2024\/10\/ICEC.jpg\" alt=\"\" width=\"380\" height=\"85\" class=\"alignnone size-full wp-image-29096\" \/><\/span><\/p>\n<\/div>\n","protected":false},"excerpt":{"rendered":"\u00abJa no hi ha neu a les teulades. No hi ha neu enlloc. L\u2019aigua que raja crida l\u2019atenci\u00f3 de Miss Cat. Els ninots de neu s\u2019han fos. Nassos, escombres i barrets desapareixen empesos pel corrent.\u00bb \u00a0Una gata detectiva no t\u00e9 un moment de pau ni en vacances! Per sort, la seva amiga Griselda l\u2019ha convidada [&hellip;]","protected":false},"featured_media":26536,"template":"","meta":{"_acf_changed":false},"product_brand":[],"product_cat":[840,843,839],"product_tag":[],"class_list":{"0":"post-26535","1":"product","2":"type-product","3":"status-publish","4":"has-post-thumbnail","6":"product_cat-catala","7":"product_cat-infantiles-ca","8":"product_cat-zona-kids-ca","9":"vinculo-miss-cat-el-misterio-de-la-nieve-caliente","11":"first","12":"instock","13":"taxable","14":"shipping-taxable","15":"purchasable","16":"product-type-simple"},"acf":[],"yoast_head":"<!-- This site is optimized with the Yoast SEO plugin v25.1 - https:\/\/yoast.com\/wordpress\/plugins\/seo\/ -->\n<title>Miss Cat. El misteri de la neu calenta - Libros del Zorro Rojo<\/title>\n<meta name=\"robots\" content=\"index, follow, max-snippet:-1, max-image-preview:large, max-video-preview:-1\" \/>\n<link rel=\"canonical\" href=\"https:\/\/librosdelzorrorojo.com\/ca\/cataleg\/miss-cat-el-misteri-de-la-neu-calenta\/\" \/>\n<meta property=\"og:locale\" content=\"ca_ES\" \/>\n<meta property=\"og:type\" content=\"article\" \/>\n<meta property=\"og:title\" content=\"Miss Cat. El misteri de la neu calenta - Libros del Zorro Rojo\" \/>\n<meta property=\"og:description\" content=\"\u00abJa no hi ha neu a les teulades. No hi ha neu enlloc. L\u2019aigua que raja crida l\u2019atenci\u00f3 de Miss Cat. Els ninots de neu s\u2019han fos. Nassos, escombres i barrets desapareixen empesos pel corrent.\u00bb \u00a0Una gata detectiva no t\u00e9 un moment de pau ni en vacances! Per sort, la seva amiga Griselda l\u2019ha convidada [&hellip;]\" \/>\n<meta property=\"og:url\" content=\"https:\/\/librosdelzorrorojo.com\/ca\/cataleg\/miss-cat-el-misteri-de-la-neu-calenta\/\" \/>\n<meta property=\"og:site_name\" content=\"Libros del Zorro Rojo\" \/>\n<meta property=\"article:modified_time\" content=\"2025-03-20T10:39:16+00:00\" \/>\n<meta property=\"og:image\" content=\"https:\/\/librosdelzorrorojo.com\/wp-content\/uploads\/2023\/10\/COVER_Mis-cat-3_WEB-1.jpg\" \/>\n\t<meta property=\"og:image:width\" content=\"850\" \/>\n\t<meta property=\"og:image:height\" content=\"1306\" \/>\n\t<meta property=\"og:image:type\" content=\"image\/jpeg\" \/>\n<meta name=\"twitter:card\" content=\"summary_large_image\" \/>\n<meta name=\"twitter:label1\" content=\"Temps estimat de lectura\" \/>\n\t<meta name=\"twitter:data1\" content=\"2 minuts\" \/>\n<script type=\"application\/ld+json\" class=\"yoast-schema-graph\">{\"@context\":\"https:\/\/schema.org\",\"@graph\":[{\"@type\":\"WebPage\",\"@id\":\"https:\/\/librosdelzorrorojo.com\/ca\/cataleg\/miss-cat-el-misteri-de-la-neu-calenta\/\",\"url\":\"https:\/\/librosdelzorrorojo.com\/ca\/cataleg\/miss-cat-el-misteri-de-la-neu-calenta\/\",\"name\":\"Miss Cat. El misteri de la neu calenta - Libros del Zorro Rojo\",\"isPartOf\":{\"@id\":\"https:\/\/librosdelzorrorojo.com\/#website\"},\"primaryImageOfPage\":{\"@id\":\"https:\/\/librosdelzorrorojo.com\/ca\/cataleg\/miss-cat-el-misteri-de-la-neu-calenta\/#primaryimage\"},\"image\":{\"@id\":\"https:\/\/librosdelzorrorojo.com\/ca\/cataleg\/miss-cat-el-misteri-de-la-neu-calenta\/#primaryimage\"},\"thumbnailUrl\":\"https:\/\/librosdelzorrorojo.com\/wp-content\/uploads\/2023\/10\/COVER_Mis-cat-3_WEB-1.jpg\",\"datePublished\":\"2023-10-24T14:54:06+00:00\",\"dateModified\":\"2025-03-20T10:39:16+00:00\",\"breadcrumb\":{\"@id\":\"https:\/\/librosdelzorrorojo.com\/ca\/cataleg\/miss-cat-el-misteri-de-la-neu-calenta\/#breadcrumb\"},\"inLanguage\":\"ca\",\"potentialAction\":[{\"@type\":\"ReadAction\",\"target\":[\"https:\/\/librosdelzorrorojo.com\/ca\/cataleg\/miss-cat-el-misteri-de-la-neu-calenta\/\"]}]},{\"@type\":\"ImageObject\",\"inLanguage\":\"ca\",\"@id\":\"https:\/\/librosdelzorrorojo.com\/ca\/cataleg\/miss-cat-el-misteri-de-la-neu-calenta\/#primaryimage\",\"url\":\"https:\/\/librosdelzorrorojo.com\/wp-content\/uploads\/2023\/10\/COVER_Mis-cat-3_WEB-1.jpg\",\"contentUrl\":\"https:\/\/librosdelzorrorojo.com\/wp-content\/uploads\/2023\/10\/COVER_Mis-cat-3_WEB-1.jpg\",\"width\":850,\"height\":1306,\"caption\":\"COVER Mis cat 3 WEB 1\"},{\"@type\":\"BreadcrumbList\",\"@id\":\"https:\/\/librosdelzorrorojo.com\/ca\/cataleg\/miss-cat-el-misteri-de-la-neu-calenta\/#breadcrumb\",\"itemListElement\":[{\"@type\":\"ListItem\",\"position\":1,\"name\":\"Portada\",\"item\":\"https:\/\/librosdelzorrorojo.com\/ca\/\"},{\"@type\":\"ListItem\",\"position\":2,\"name\":\"Cat\u00e0leg\",\"item\":\"https:\/\/librosdelzorrorojo.com\/ca\/cataleg\/\"},{\"@type\":\"ListItem\",\"position\":3,\"name\":\"Miss Cat. El misteri de la neu calenta\"}]},{\"@type\":\"WebSite\",\"@id\":\"https:\/\/librosdelzorrorojo.com\/#website\",\"url\":\"https:\/\/librosdelzorrorojo.com\/\",\"name\":\"Libros del Zorro Rojo\",\"description\":\"Libros ilustrados\",\"potentialAction\":[{\"@type\":\"SearchAction\",\"target\":{\"@type\":\"EntryPoint\",\"urlTemplate\":\"https:\/\/librosdelzorrorojo.com\/?s={search_term_string}\"},\"query-input\":{\"@type\":\"PropertyValueSpecification\",\"valueRequired\":true,\"valueName\":\"search_term_string\"}}],\"inLanguage\":\"ca\"}]}<\/script>\n<!-- \/ Yoast SEO plugin. -->","yoast_head_json":{"title":"Miss Cat. El misteri de la neu calenta - Libros del Zorro Rojo","robots":{"index":"index","follow":"follow","max-snippet":"max-snippet:-1","max-image-preview":"max-image-preview:large","max-video-preview":"max-video-preview:-1"},"canonical":"https:\/\/librosdelzorrorojo.com\/ca\/cataleg\/miss-cat-el-misteri-de-la-neu-calenta\/","og_locale":"ca_ES","og_type":"article","og_title":"Miss Cat. El misteri de la neu calenta - Libros del Zorro Rojo","og_description":"\u00abJa no hi ha neu a les teulades. No hi ha neu enlloc. L\u2019aigua que raja crida l\u2019atenci\u00f3 de Miss Cat. Els ninots de neu s\u2019han fos. Nassos, escombres i barrets desapareixen empesos pel corrent.\u00bb \u00a0Una gata detectiva no t\u00e9 un moment de pau ni en vacances! Per sort, la seva amiga Griselda l\u2019ha convidada [&hellip;]","og_url":"https:\/\/librosdelzorrorojo.com\/ca\/cataleg\/miss-cat-el-misteri-de-la-neu-calenta\/","og_site_name":"Libros del Zorro Rojo","article_modified_time":"2025-03-20T10:39:16+00:00","og_image":[{"width":850,"height":1306,"url":"https:\/\/librosdelzorrorojo.com\/wp-content\/uploads\/2023\/10\/COVER_Mis-cat-3_WEB-1.jpg","type":"image\/jpeg"}],"twitter_card":"summary_large_image","twitter_misc":{"Temps estimat de lectura":"2 minuts"},"schema":{"@context":"https:\/\/schema.org","@graph":[{"@type":"WebPage","@id":"https:\/\/librosdelzorrorojo.com\/ca\/cataleg\/miss-cat-el-misteri-de-la-neu-calenta\/","url":"https:\/\/librosdelzorrorojo.com\/ca\/cataleg\/miss-cat-el-misteri-de-la-neu-calenta\/","name":"Miss Cat. El misteri de la neu calenta - Libros del Zorro Rojo","isPartOf":{"@id":"https:\/\/librosdelzorrorojo.com\/#website"},"primaryImageOfPage":{"@id":"https:\/\/librosdelzorrorojo.com\/ca\/cataleg\/miss-cat-el-misteri-de-la-neu-calenta\/#primaryimage"},"image":{"@id":"https:\/\/librosdelzorrorojo.com\/ca\/cataleg\/miss-cat-el-misteri-de-la-neu-calenta\/#primaryimage"},"thumbnailUrl":"https:\/\/librosdelzorrorojo.com\/wp-content\/uploads\/2023\/10\/COVER_Mis-cat-3_WEB-1.jpg","datePublished":"2023-10-24T14:54:06+00:00","dateModified":"2025-03-20T10:39:16+00:00","breadcrumb":{"@id":"https:\/\/librosdelzorrorojo.com\/ca\/cataleg\/miss-cat-el-misteri-de-la-neu-calenta\/#breadcrumb"},"inLanguage":"ca","potentialAction":[{"@type":"ReadAction","target":["https:\/\/librosdelzorrorojo.com\/ca\/cataleg\/miss-cat-el-misteri-de-la-neu-calenta\/"]}]},{"@type":"ImageObject","inLanguage":"ca","@id":"https:\/\/librosdelzorrorojo.com\/ca\/cataleg\/miss-cat-el-misteri-de-la-neu-calenta\/#primaryimage","url":"https:\/\/librosdelzorrorojo.com\/wp-content\/uploads\/2023\/10\/COVER_Mis-cat-3_WEB-1.jpg","contentUrl":"https:\/\/librosdelzorrorojo.com\/wp-content\/uploads\/2023\/10\/COVER_Mis-cat-3_WEB-1.jpg","width":850,"height":1306,"caption":"COVER Mis cat 3 WEB 1"},{"@type":"BreadcrumbList","@id":"https:\/\/librosdelzorrorojo.com\/ca\/cataleg\/miss-cat-el-misteri-de-la-neu-calenta\/#breadcrumb","itemListElement":[{"@type":"ListItem","position":1,"name":"Portada","item":"https:\/\/librosdelzorrorojo.com\/ca\/"},{"@type":"ListItem","position":2,"name":"Cat\u00e0leg","item":"https:\/\/librosdelzorrorojo.com\/ca\/cataleg\/"},{"@type":"ListItem","position":3,"name":"Miss Cat. El misteri de la neu calenta"}]},{"@type":"WebSite","@id":"https:\/\/librosdelzorrorojo.com\/#website","url":"https:\/\/librosdelzorrorojo.com\/","name":"Libros del Zorro Rojo","description":"Libros ilustrados","potentialAction":[{"@type":"SearchAction","target":{"@type":"EntryPoint","urlTemplate":"https:\/\/librosdelzorrorojo.com\/?s={search_term_string}"},"query-input":{"@type":"PropertyValueSpecification","valueRequired":true,"valueName":"search_term_string"}}],"inLanguage":"ca"}]}},"_links":{"self":[{"href":"https:\/\/librosdelzorrorojo.com\/ca\/wp-json\/wp\/v2\/product\/26535","targetHints":{"allow":["GET"]}}],"collection":[{"href":"https:\/\/librosdelzorrorojo.com\/ca\/wp-json\/wp\/v2\/product"}],"about":[{"href":"https:\/\/librosdelzorrorojo.com\/ca\/wp-json\/wp\/v2\/types\/product"}],"wp:featuredmedia":[{"embeddable":true,"href":"https:\/\/librosdelzorrorojo.com\/ca\/wp-json\/wp\/v2\/media\/26536"}],"wp:attachment":[{"href":"https:\/\/librosdelzorrorojo.com\/ca\/wp-json\/wp\/v2\/media?parent=26535"}],"wp:term":[{"taxonomy":"product_brand","embeddable":true,"href":"https:\/\/librosdelzorrorojo.com\/ca\/wp-json\/wp\/v2\/product_brand?post=26535"},{"taxonomy":"product_cat","embeddable":true,"href":"https:\/\/librosdelzorrorojo.com\/ca\/wp-json\/wp\/v2\/product_cat?post=26535"},{"taxonomy":"product_tag","embeddable":true,"href":"https:\/\/librosdelzorrorojo.com\/ca\/wp-json\/wp\/v2\/product_tag?post=26535"}],"curies":[{"name":"wp","href":"https:\/\/api.w.org\/{rel}","templated":true}]}}