{"id":26285,"date":"2023-10-13T14:44:03","date_gmt":"2023-10-13T12:44:03","guid":{"rendered":"https:\/\/librosdelzorrorojo.com\/catalogo\/kintsugi\/"},"modified":"2026-03-02T14:27:45","modified_gmt":"2026-03-02T13:27:45","slug":"kintsugi","status":"publish","type":"product","link":"https:\/\/librosdelzorrorojo.com\/ca\/cataleg\/kintsugi\/","title":{"rendered":"Kintsugi"},"content":{"rendered":"<div>\n<p><b><span lang=\"ES-TRAD\">De la autora de <i>Migrantes<\/i><\/span><\/b><\/p>\n<p><span lang=\"ES-TRAD\">Las cosas m\u00e1s preciadas pueden caer y hacerse a\u00f1icos, pero tienen arreglo. Como las personas. <\/span><\/p>\n<p><i><span lang=\"ES-TRAD\">Kintsugi<\/span><\/i><span lang=\"ES-TRAD\"> es el arte japon\u00e9s de restaurar una pieza de cer\u00e1mica rota uniendo los fragmentos con una mezcla de resina y metales nobles. As\u00ed nace un objeto nuevo y \u00fanico, cuyas fracturas cuentan una historia.<\/span><\/p>\n<p><span lang=\"ES-TRAD\">Aqu\u00ed hay un p\u00e1jaro que huye, una taza se rompe, tienen lugar un viaje, un descubrimiento y una transformaci\u00f3n. Lo que parec\u00eda inasumible acaba restituy\u00e9ndole la belleza al mundo. <\/span><\/p>\n<p><span lang=\"ES-TRAD\">\u00a0<\/span><span lang=\"ES-TRAD\">La filosof\u00eda de esta t\u00e9cnica ancestral \u2014reparar la fractura, curar la herida, ennoblecer la cicatriz\u2014 inspira el nuevo libro de la autora de <i>Migrantes<\/i> (Premi Llibreter 2020). Una f\u00e1bula silente sobre la p\u00e9rdida y la ca\u00edda, la posibilidad de superar la adversidad, la aceptaci\u00f3n de la propia fragilidad. Una elaboraci\u00f3n serena de los avatares de la existencia, de todo lo vivido, dotada de un elocuente simbolismo gr\u00e1fico que sigue la estela del celebrado <i>Migrantes<\/i>, aunque de manera m\u00e1s intimista, y cuya lectura pueden compartir grandes y peque\u00f1os.<\/span><\/p>\n<p><img decoding=\"async\" src=\"https:\/\/librosdelzorrorojo.com\/wp-content\/uploads\/2024\/10\/ICEC.jpg\" alt=\"\" width=\"380\" height=\"85\" class=\"alignnone size-full wp-image-29095\" \/><\/p>\n<p>&nbsp;<\/p>\n<\/div>\n","protected":false},"excerpt":{"rendered":"De la autora de Migrantes Las cosas m\u00e1s preciadas pueden caer y hacerse a\u00f1icos, pero tienen arreglo. Como las personas. Kintsugi es el arte japon\u00e9s de restaurar una pieza de cer\u00e1mica rota uniendo los fragmentos con una mezcla de resina y metales nobles. As\u00ed nace un objeto nuevo y \u00fanico, cuyas fracturas cuentan una historia. [&hellip;]","protected":false},"featured_media":26276,"template":"","meta":{"_acf_changed":false},"product_brand":[],"product_cat":[844,843,839],"product_tag":[],"class_list":{"0":"post-26285","1":"product","2":"type-product","3":"status-publish","4":"has-post-thumbnail","6":"product_cat-castella","7":"product_cat-infantiles-ca","8":"product_cat-zona-kids-ca","9":"vinculo-kintsugi","11":"first","12":"instock","13":"taxable","14":"shipping-taxable","15":"purchasable","16":"product-type-simple"},"acf":[],"yoast_head":"<!-- This site is optimized with the Yoast SEO plugin v25.1 - https:\/\/yoast.com\/wordpress\/plugins\/seo\/ -->\n<title>Kintsugi - Libros del Zorro Rojo<\/title>\n<meta name=\"robots\" content=\"index, follow, max-snippet:-1, max-image-preview:large, max-video-preview:-1\" \/>\n<link rel=\"canonical\" href=\"https:\/\/librosdelzorrorojo.com\/ca\/cataleg\/kintsugi\/\" \/>\n<meta property=\"og:locale\" content=\"ca_ES\" \/>\n<meta property=\"og:type\" content=\"article\" \/>\n<meta property=\"og:title\" content=\"Kintsugi - Libros del Zorro Rojo\" \/>\n<meta property=\"og:description\" content=\"De la autora de Migrantes Las cosas m\u00e1s preciadas pueden caer y hacerse a\u00f1icos, pero tienen arreglo. Como las personas. Kintsugi es el arte japon\u00e9s de restaurar una pieza de cer\u00e1mica rota uniendo los fragmentos con una mezcla de resina y metales nobles. As\u00ed nace un objeto nuevo y \u00fanico, cuyas fracturas cuentan una historia. [&hellip;]\" \/>\n<meta property=\"og:url\" content=\"https:\/\/librosdelzorrorojo.com\/ca\/cataleg\/kintsugi\/\" \/>\n<meta property=\"og:site_name\" content=\"Libros del Zorro Rojo\" \/>\n<meta property=\"article:modified_time\" content=\"2026-03-02T13:27:45+00:00\" \/>\n<meta property=\"og:image\" content=\"https:\/\/librosdelzorrorojo.com\/wp-content\/uploads\/2023\/10\/COVER_KINTSUGI_WEB.jpg\" \/>\n\t<meta property=\"og:image:width\" content=\"850\" \/>\n\t<meta property=\"og:image:height\" content=\"856\" \/>\n\t<meta property=\"og:image:type\" content=\"image\/jpeg\" \/>\n<meta name=\"twitter:card\" content=\"summary_large_image\" \/>\n<meta name=\"twitter:label1\" content=\"Temps estimat de lectura\" \/>\n\t<meta name=\"twitter:data1\" content=\"1 minut\" \/>\n<script type=\"application\/ld+json\" class=\"yoast-schema-graph\">{\"@context\":\"https:\/\/schema.org\",\"@graph\":[{\"@type\":\"WebPage\",\"@id\":\"https:\/\/librosdelzorrorojo.com\/ca\/cataleg\/kintsugi\/\",\"url\":\"https:\/\/librosdelzorrorojo.com\/ca\/cataleg\/kintsugi\/\",\"name\":\"Kintsugi - Libros del Zorro Rojo\",\"isPartOf\":{\"@id\":\"https:\/\/librosdelzorrorojo.com\/#website\"},\"primaryImageOfPage\":{\"@id\":\"https:\/\/librosdelzorrorojo.com\/ca\/cataleg\/kintsugi\/#primaryimage\"},\"image\":{\"@id\":\"https:\/\/librosdelzorrorojo.com\/ca\/cataleg\/kintsugi\/#primaryimage\"},\"thumbnailUrl\":\"https:\/\/librosdelzorrorojo.com\/wp-content\/uploads\/2023\/10\/COVER_KINTSUGI_WEB.jpg\",\"datePublished\":\"2023-10-13T12:44:03+00:00\",\"dateModified\":\"2026-03-02T13:27:45+00:00\",\"breadcrumb\":{\"@id\":\"https:\/\/librosdelzorrorojo.com\/ca\/cataleg\/kintsugi\/#breadcrumb\"},\"inLanguage\":\"ca\",\"potentialAction\":[{\"@type\":\"ReadAction\",\"target\":[\"https:\/\/librosdelzorrorojo.com\/ca\/cataleg\/kintsugi\/\"]}]},{\"@type\":\"ImageObject\",\"inLanguage\":\"ca\",\"@id\":\"https:\/\/librosdelzorrorojo.com\/ca\/cataleg\/kintsugi\/#primaryimage\",\"url\":\"https:\/\/librosdelzorrorojo.com\/wp-content\/uploads\/2023\/10\/COVER_KINTSUGI_WEB.jpg\",\"contentUrl\":\"https:\/\/librosdelzorrorojo.com\/wp-content\/uploads\/2023\/10\/COVER_KINTSUGI_WEB.jpg\",\"width\":850,\"height\":856,\"caption\":\"COVER KINTSUGI WEB\"},{\"@type\":\"BreadcrumbList\",\"@id\":\"https:\/\/librosdelzorrorojo.com\/ca\/cataleg\/kintsugi\/#breadcrumb\",\"itemListElement\":[{\"@type\":\"ListItem\",\"position\":1,\"name\":\"Portada\",\"item\":\"https:\/\/librosdelzorrorojo.com\/ca\/\"},{\"@type\":\"ListItem\",\"position\":2,\"name\":\"Cat\u00e0leg\",\"item\":\"https:\/\/librosdelzorrorojo.com\/ca\/cataleg\/\"},{\"@type\":\"ListItem\",\"position\":3,\"name\":\"Kintsugi\"}]},{\"@type\":\"WebSite\",\"@id\":\"https:\/\/librosdelzorrorojo.com\/#website\",\"url\":\"https:\/\/librosdelzorrorojo.com\/\",\"name\":\"Libros del Zorro Rojo\",\"description\":\"Libros ilustrados\",\"potentialAction\":[{\"@type\":\"SearchAction\",\"target\":{\"@type\":\"EntryPoint\",\"urlTemplate\":\"https:\/\/librosdelzorrorojo.com\/?s={search_term_string}\"},\"query-input\":{\"@type\":\"PropertyValueSpecification\",\"valueRequired\":true,\"valueName\":\"search_term_string\"}}],\"inLanguage\":\"ca\"}]}<\/script>\n<!-- \/ Yoast SEO plugin. -->","yoast_head_json":{"title":"Kintsugi - Libros del Zorro Rojo","robots":{"index":"index","follow":"follow","max-snippet":"max-snippet:-1","max-image-preview":"max-image-preview:large","max-video-preview":"max-video-preview:-1"},"canonical":"https:\/\/librosdelzorrorojo.com\/ca\/cataleg\/kintsugi\/","og_locale":"ca_ES","og_type":"article","og_title":"Kintsugi - Libros del Zorro Rojo","og_description":"De la autora de Migrantes Las cosas m\u00e1s preciadas pueden caer y hacerse a\u00f1icos, pero tienen arreglo. Como las personas. Kintsugi es el arte japon\u00e9s de restaurar una pieza de cer\u00e1mica rota uniendo los fragmentos con una mezcla de resina y metales nobles. As\u00ed nace un objeto nuevo y \u00fanico, cuyas fracturas cuentan una historia. [&hellip;]","og_url":"https:\/\/librosdelzorrorojo.com\/ca\/cataleg\/kintsugi\/","og_site_name":"Libros del Zorro Rojo","article_modified_time":"2026-03-02T13:27:45+00:00","og_image":[{"width":850,"height":856,"url":"https:\/\/librosdelzorrorojo.com\/wp-content\/uploads\/2023\/10\/COVER_KINTSUGI_WEB.jpg","type":"image\/jpeg"}],"twitter_card":"summary_large_image","twitter_misc":{"Temps estimat de lectura":"1 minut"},"schema":{"@context":"https:\/\/schema.org","@graph":[{"@type":"WebPage","@id":"https:\/\/librosdelzorrorojo.com\/ca\/cataleg\/kintsugi\/","url":"https:\/\/librosdelzorrorojo.com\/ca\/cataleg\/kintsugi\/","name":"Kintsugi - Libros del Zorro Rojo","isPartOf":{"@id":"https:\/\/librosdelzorrorojo.com\/#website"},"primaryImageOfPage":{"@id":"https:\/\/librosdelzorrorojo.com\/ca\/cataleg\/kintsugi\/#primaryimage"},"image":{"@id":"https:\/\/librosdelzorrorojo.com\/ca\/cataleg\/kintsugi\/#primaryimage"},"thumbnailUrl":"https:\/\/librosdelzorrorojo.com\/wp-content\/uploads\/2023\/10\/COVER_KINTSUGI_WEB.jpg","datePublished":"2023-10-13T12:44:03+00:00","dateModified":"2026-03-02T13:27:45+00:00","breadcrumb":{"@id":"https:\/\/librosdelzorrorojo.com\/ca\/cataleg\/kintsugi\/#breadcrumb"},"inLanguage":"ca","potentialAction":[{"@type":"ReadAction","target":["https:\/\/librosdelzorrorojo.com\/ca\/cataleg\/kintsugi\/"]}]},{"@type":"ImageObject","inLanguage":"ca","@id":"https:\/\/librosdelzorrorojo.com\/ca\/cataleg\/kintsugi\/#primaryimage","url":"https:\/\/librosdelzorrorojo.com\/wp-content\/uploads\/2023\/10\/COVER_KINTSUGI_WEB.jpg","contentUrl":"https:\/\/librosdelzorrorojo.com\/wp-content\/uploads\/2023\/10\/COVER_KINTSUGI_WEB.jpg","width":850,"height":856,"caption":"COVER KINTSUGI WEB"},{"@type":"BreadcrumbList","@id":"https:\/\/librosdelzorrorojo.com\/ca\/cataleg\/kintsugi\/#breadcrumb","itemListElement":[{"@type":"ListItem","position":1,"name":"Portada","item":"https:\/\/librosdelzorrorojo.com\/ca\/"},{"@type":"ListItem","position":2,"name":"Cat\u00e0leg","item":"https:\/\/librosdelzorrorojo.com\/ca\/cataleg\/"},{"@type":"ListItem","position":3,"name":"Kintsugi"}]},{"@type":"WebSite","@id":"https:\/\/librosdelzorrorojo.com\/#website","url":"https:\/\/librosdelzorrorojo.com\/","name":"Libros del Zorro Rojo","description":"Libros ilustrados","potentialAction":[{"@type":"SearchAction","target":{"@type":"EntryPoint","urlTemplate":"https:\/\/librosdelzorrorojo.com\/?s={search_term_string}"},"query-input":{"@type":"PropertyValueSpecification","valueRequired":true,"valueName":"search_term_string"}}],"inLanguage":"ca"}]}},"_links":{"self":[{"href":"https:\/\/librosdelzorrorojo.com\/ca\/wp-json\/wp\/v2\/product\/26285","targetHints":{"allow":["GET"]}}],"collection":[{"href":"https:\/\/librosdelzorrorojo.com\/ca\/wp-json\/wp\/v2\/product"}],"about":[{"href":"https:\/\/librosdelzorrorojo.com\/ca\/wp-json\/wp\/v2\/types\/product"}],"wp:featuredmedia":[{"embeddable":true,"href":"https:\/\/librosdelzorrorojo.com\/ca\/wp-json\/wp\/v2\/media\/26276"}],"wp:attachment":[{"href":"https:\/\/librosdelzorrorojo.com\/ca\/wp-json\/wp\/v2\/media?parent=26285"}],"wp:term":[{"taxonomy":"product_brand","embeddable":true,"href":"https:\/\/librosdelzorrorojo.com\/ca\/wp-json\/wp\/v2\/product_brand?post=26285"},{"taxonomy":"product_cat","embeddable":true,"href":"https:\/\/librosdelzorrorojo.com\/ca\/wp-json\/wp\/v2\/product_cat?post=26285"},{"taxonomy":"product_tag","embeddable":true,"href":"https:\/\/librosdelzorrorojo.com\/ca\/wp-json\/wp\/v2\/product_tag?post=26285"}],"curies":[{"name":"wp","href":"https:\/\/api.w.org\/{rel}","templated":true}]}}