{"id":26271,"date":"2023-10-11T10:17:26","date_gmt":"2023-10-11T08:17:26","guid":{"rendered":"https:\/\/librosdelzorrorojo.com\/catalogo\/soy-un-desastre\/"},"modified":"2025-12-10T16:37:50","modified_gmt":"2025-12-10T15:37:50","slug":"soy-un-desastre","status":"publish","type":"product","link":"https:\/\/librosdelzorrorojo.com\/ca\/cataleg\/soy-un-desastre\/","title":{"rendered":"Soy un desastre"},"content":{"rendered":"<div>\n<p><span lang=\"ES-TRAD\">Einat era un desastre, y dicen que car\u00e1cter es destino. Pero mientras haya vida hay esperanza, y prueba incontestable de tan popular creencia es que la autora perdi\u00f3 este libro antes de terminarlo, lo perdi\u00f3 dos veces, y sin embargo aqu\u00ed estamos.<\/span><\/p>\n<p><span lang=\"ES-TRAD\">Si tu habitaci\u00f3n, tu casa o tu estudio est\u00e1n sepultados bajo papeles, migas de pan y objetos de los que desconoces el uso y la procedencia, aqu\u00ed tienes por fin un manual que explica c\u00f3mo organizar el mundo sin organizarse. <\/span><\/p>\n<p><span lang=\"ES-TRAD\">Y si el desastre son los dem\u00e1s, este libro tambi\u00e9n es para ti. Si no sabes de qui\u00e9n es la culpa, ay\u00fadate y l\u00e9elo.<\/span><\/p>\n<p><span lang=\"ES-TRAD\">Ahora bien, el desastre no es tanto un defecto como un rasgo de car\u00e1cter. E incluso podr\u00eda hablarse de un superpoder. \u00bfC\u00f3mo encontrar o no clavarse aquello que nunca est\u00e1 en su sitio? Pues gracias a un sexto sentido. Por algo decimos que la belleza est\u00e1 en el ojo de quien la ve.<\/span><\/p>\n<p><span lang=\"ES-TRAD\">Claro que una verdad siempre puede contrastarse con otra. Y el caos tiene arreglo, pero \u00bfqueremos arreglarnos? Este libro no responder\u00e1 una pregunta tan personal, aunque quien lo lea podr\u00e1 dilucidar serias cuestiones vitales mientras se r\u00ede de la desgracia. Y eso s\u00ed es lo que queremos todos.<\/span><\/p>\n<p><img decoding=\"async\" src=\"https:\/\/librosdelzorrorojo.com\/wp-content\/uploads\/2024\/10\/ICEC.jpg\" alt=\"\" width=\"380\" height=\"85\" class=\"alignnone size-full wp-image-29095\" \/><\/p>\n<\/div>\n","protected":false},"excerpt":{"rendered":"Einat era un desastre, y dicen que car\u00e1cter es destino. Pero mientras haya vida hay esperanza, y prueba incontestable de tan popular creencia es que la autora perdi\u00f3 este libro antes de terminarlo, lo perdi\u00f3 dos veces, y sin embargo aqu\u00ed estamos. Si tu habitaci\u00f3n, tu casa o tu estudio est\u00e1n sepultados bajo papeles, migas [&hellip;]","protected":false},"featured_media":26303,"template":"","meta":{"_acf_changed":false},"product_brand":[],"product_cat":[844,3156,846],"product_tag":[],"class_list":{"0":"post-26271","1":"product","2":"type-product","3":"status-publish","4":"has-post-thumbnail","6":"product_cat-castella","7":"product_cat-juvenil-adult","8":"product_cat-novedades-ca","10":"first","11":"instock","12":"taxable","13":"shipping-taxable","14":"purchasable","15":"product-type-simple"},"acf":[],"yoast_head":"<!-- This site is optimized with the Yoast SEO plugin v25.1 - https:\/\/yoast.com\/wordpress\/plugins\/seo\/ -->\n<title>Soy un desastre - Libros del Zorro Rojo<\/title>\n<meta name=\"robots\" content=\"index, follow, max-snippet:-1, max-image-preview:large, max-video-preview:-1\" \/>\n<link rel=\"canonical\" href=\"https:\/\/librosdelzorrorojo.com\/ca\/cataleg\/soy-un-desastre\/\" \/>\n<meta property=\"og:locale\" content=\"ca_ES\" \/>\n<meta property=\"og:type\" content=\"article\" \/>\n<meta property=\"og:title\" content=\"Soy un desastre - Libros del Zorro Rojo\" \/>\n<meta property=\"og:description\" content=\"Einat era un desastre, y dicen que car\u00e1cter es destino. Pero mientras haya vida hay esperanza, y prueba incontestable de tan popular creencia es que la autora perdi\u00f3 este libro antes de terminarlo, lo perdi\u00f3 dos veces, y sin embargo aqu\u00ed estamos. Si tu habitaci\u00f3n, tu casa o tu estudio est\u00e1n sepultados bajo papeles, migas [&hellip;]\" \/>\n<meta property=\"og:url\" content=\"https:\/\/librosdelzorrorojo.com\/ca\/cataleg\/soy-un-desastre\/\" \/>\n<meta property=\"og:site_name\" content=\"Libros del Zorro Rojo\" \/>\n<meta property=\"article:modified_time\" content=\"2025-12-10T15:37:50+00:00\" \/>\n<meta property=\"og:image\" content=\"https:\/\/librosdelzorrorojo.com\/wp-content\/uploads\/2023\/10\/COVER_Desastre_WEB.jpg\" \/>\n\t<meta property=\"og:image:width\" content=\"850\" \/>\n\t<meta property=\"og:image:height\" content=\"1216\" \/>\n\t<meta property=\"og:image:type\" content=\"image\/jpeg\" \/>\n<meta name=\"twitter:card\" content=\"summary_large_image\" \/>\n<meta name=\"twitter:label1\" content=\"Temps estimat de lectura\" \/>\n\t<meta name=\"twitter:data1\" content=\"1 minut\" \/>\n<script type=\"application\/ld+json\" class=\"yoast-schema-graph\">{\"@context\":\"https:\/\/schema.org\",\"@graph\":[{\"@type\":\"WebPage\",\"@id\":\"https:\/\/librosdelzorrorojo.com\/ca\/cataleg\/soy-un-desastre\/\",\"url\":\"https:\/\/librosdelzorrorojo.com\/ca\/cataleg\/soy-un-desastre\/\",\"name\":\"Soy un desastre - Libros del Zorro Rojo\",\"isPartOf\":{\"@id\":\"https:\/\/librosdelzorrorojo.com\/#website\"},\"primaryImageOfPage\":{\"@id\":\"https:\/\/librosdelzorrorojo.com\/ca\/cataleg\/soy-un-desastre\/#primaryimage\"},\"image\":{\"@id\":\"https:\/\/librosdelzorrorojo.com\/ca\/cataleg\/soy-un-desastre\/#primaryimage\"},\"thumbnailUrl\":\"https:\/\/librosdelzorrorojo.com\/wp-content\/uploads\/2023\/10\/COVER_Desastre_WEB.jpg\",\"datePublished\":\"2023-10-11T08:17:26+00:00\",\"dateModified\":\"2025-12-10T15:37:50+00:00\",\"breadcrumb\":{\"@id\":\"https:\/\/librosdelzorrorojo.com\/ca\/cataleg\/soy-un-desastre\/#breadcrumb\"},\"inLanguage\":\"ca\",\"potentialAction\":[{\"@type\":\"ReadAction\",\"target\":[\"https:\/\/librosdelzorrorojo.com\/ca\/cataleg\/soy-un-desastre\/\"]}]},{\"@type\":\"ImageObject\",\"inLanguage\":\"ca\",\"@id\":\"https:\/\/librosdelzorrorojo.com\/ca\/cataleg\/soy-un-desastre\/#primaryimage\",\"url\":\"https:\/\/librosdelzorrorojo.com\/wp-content\/uploads\/2023\/10\/COVER_Desastre_WEB.jpg\",\"contentUrl\":\"https:\/\/librosdelzorrorojo.com\/wp-content\/uploads\/2023\/10\/COVER_Desastre_WEB.jpg\",\"width\":850,\"height\":1216,\"caption\":\"COVER Desastre WEB\"},{\"@type\":\"BreadcrumbList\",\"@id\":\"https:\/\/librosdelzorrorojo.com\/ca\/cataleg\/soy-un-desastre\/#breadcrumb\",\"itemListElement\":[{\"@type\":\"ListItem\",\"position\":1,\"name\":\"Portada\",\"item\":\"https:\/\/librosdelzorrorojo.com\/ca\/\"},{\"@type\":\"ListItem\",\"position\":2,\"name\":\"Cat\u00e0leg\",\"item\":\"https:\/\/librosdelzorrorojo.com\/ca\/cataleg\/\"},{\"@type\":\"ListItem\",\"position\":3,\"name\":\"Soy un desastre\"}]},{\"@type\":\"WebSite\",\"@id\":\"https:\/\/librosdelzorrorojo.com\/#website\",\"url\":\"https:\/\/librosdelzorrorojo.com\/\",\"name\":\"Libros del Zorro Rojo\",\"description\":\"Libros ilustrados\",\"potentialAction\":[{\"@type\":\"SearchAction\",\"target\":{\"@type\":\"EntryPoint\",\"urlTemplate\":\"https:\/\/librosdelzorrorojo.com\/?s={search_term_string}\"},\"query-input\":{\"@type\":\"PropertyValueSpecification\",\"valueRequired\":true,\"valueName\":\"search_term_string\"}}],\"inLanguage\":\"ca\"}]}<\/script>\n<!-- \/ Yoast SEO plugin. -->","yoast_head_json":{"title":"Soy un desastre - Libros del Zorro Rojo","robots":{"index":"index","follow":"follow","max-snippet":"max-snippet:-1","max-image-preview":"max-image-preview:large","max-video-preview":"max-video-preview:-1"},"canonical":"https:\/\/librosdelzorrorojo.com\/ca\/cataleg\/soy-un-desastre\/","og_locale":"ca_ES","og_type":"article","og_title":"Soy un desastre - Libros del Zorro Rojo","og_description":"Einat era un desastre, y dicen que car\u00e1cter es destino. Pero mientras haya vida hay esperanza, y prueba incontestable de tan popular creencia es que la autora perdi\u00f3 este libro antes de terminarlo, lo perdi\u00f3 dos veces, y sin embargo aqu\u00ed estamos. Si tu habitaci\u00f3n, tu casa o tu estudio est\u00e1n sepultados bajo papeles, migas [&hellip;]","og_url":"https:\/\/librosdelzorrorojo.com\/ca\/cataleg\/soy-un-desastre\/","og_site_name":"Libros del Zorro Rojo","article_modified_time":"2025-12-10T15:37:50+00:00","og_image":[{"width":850,"height":1216,"url":"https:\/\/librosdelzorrorojo.com\/wp-content\/uploads\/2023\/10\/COVER_Desastre_WEB.jpg","type":"image\/jpeg"}],"twitter_card":"summary_large_image","twitter_misc":{"Temps estimat de lectura":"1 minut"},"schema":{"@context":"https:\/\/schema.org","@graph":[{"@type":"WebPage","@id":"https:\/\/librosdelzorrorojo.com\/ca\/cataleg\/soy-un-desastre\/","url":"https:\/\/librosdelzorrorojo.com\/ca\/cataleg\/soy-un-desastre\/","name":"Soy un desastre - Libros del Zorro Rojo","isPartOf":{"@id":"https:\/\/librosdelzorrorojo.com\/#website"},"primaryImageOfPage":{"@id":"https:\/\/librosdelzorrorojo.com\/ca\/cataleg\/soy-un-desastre\/#primaryimage"},"image":{"@id":"https:\/\/librosdelzorrorojo.com\/ca\/cataleg\/soy-un-desastre\/#primaryimage"},"thumbnailUrl":"https:\/\/librosdelzorrorojo.com\/wp-content\/uploads\/2023\/10\/COVER_Desastre_WEB.jpg","datePublished":"2023-10-11T08:17:26+00:00","dateModified":"2025-12-10T15:37:50+00:00","breadcrumb":{"@id":"https:\/\/librosdelzorrorojo.com\/ca\/cataleg\/soy-un-desastre\/#breadcrumb"},"inLanguage":"ca","potentialAction":[{"@type":"ReadAction","target":["https:\/\/librosdelzorrorojo.com\/ca\/cataleg\/soy-un-desastre\/"]}]},{"@type":"ImageObject","inLanguage":"ca","@id":"https:\/\/librosdelzorrorojo.com\/ca\/cataleg\/soy-un-desastre\/#primaryimage","url":"https:\/\/librosdelzorrorojo.com\/wp-content\/uploads\/2023\/10\/COVER_Desastre_WEB.jpg","contentUrl":"https:\/\/librosdelzorrorojo.com\/wp-content\/uploads\/2023\/10\/COVER_Desastre_WEB.jpg","width":850,"height":1216,"caption":"COVER Desastre WEB"},{"@type":"BreadcrumbList","@id":"https:\/\/librosdelzorrorojo.com\/ca\/cataleg\/soy-un-desastre\/#breadcrumb","itemListElement":[{"@type":"ListItem","position":1,"name":"Portada","item":"https:\/\/librosdelzorrorojo.com\/ca\/"},{"@type":"ListItem","position":2,"name":"Cat\u00e0leg","item":"https:\/\/librosdelzorrorojo.com\/ca\/cataleg\/"},{"@type":"ListItem","position":3,"name":"Soy un desastre"}]},{"@type":"WebSite","@id":"https:\/\/librosdelzorrorojo.com\/#website","url":"https:\/\/librosdelzorrorojo.com\/","name":"Libros del Zorro Rojo","description":"Libros ilustrados","potentialAction":[{"@type":"SearchAction","target":{"@type":"EntryPoint","urlTemplate":"https:\/\/librosdelzorrorojo.com\/?s={search_term_string}"},"query-input":{"@type":"PropertyValueSpecification","valueRequired":true,"valueName":"search_term_string"}}],"inLanguage":"ca"}]}},"_links":{"self":[{"href":"https:\/\/librosdelzorrorojo.com\/ca\/wp-json\/wp\/v2\/product\/26271","targetHints":{"allow":["GET"]}}],"collection":[{"href":"https:\/\/librosdelzorrorojo.com\/ca\/wp-json\/wp\/v2\/product"}],"about":[{"href":"https:\/\/librosdelzorrorojo.com\/ca\/wp-json\/wp\/v2\/types\/product"}],"wp:featuredmedia":[{"embeddable":true,"href":"https:\/\/librosdelzorrorojo.com\/ca\/wp-json\/wp\/v2\/media\/26303"}],"wp:attachment":[{"href":"https:\/\/librosdelzorrorojo.com\/ca\/wp-json\/wp\/v2\/media?parent=26271"}],"wp:term":[{"taxonomy":"product_brand","embeddable":true,"href":"https:\/\/librosdelzorrorojo.com\/ca\/wp-json\/wp\/v2\/product_brand?post=26271"},{"taxonomy":"product_cat","embeddable":true,"href":"https:\/\/librosdelzorrorojo.com\/ca\/wp-json\/wp\/v2\/product_cat?post=26271"},{"taxonomy":"product_tag","embeddable":true,"href":"https:\/\/librosdelzorrorojo.com\/ca\/wp-json\/wp\/v2\/product_tag?post=26271"}],"curies":[{"name":"wp","href":"https:\/\/api.w.org\/{rel}","templated":true}]}}