{"id":26255,"date":"2023-10-10T13:11:58","date_gmt":"2023-10-10T11:11:58","guid":{"rendered":"https:\/\/librosdelzorrorojo.com\/?post_type=product&#038;p=26255"},"modified":"2025-02-11T20:39:19","modified_gmt":"2025-02-11T19:39:19","slug":"tot-tot-sobre-els-gossets","status":"publish","type":"product","link":"https:\/\/librosdelzorrorojo.com\/ca\/cataleg\/tot-tot-sobre-els-gossets\/","title":{"rendered":"TOT, TOT, sobre els gossets"},"content":{"rendered":"<p><span lang=\"CA\">Descobreix el m\u00f3n amb en Popov, en Miki, en Nono, l\u2019Agus, en Zaza, la Kika, l\u2019Omar, la Jana i en Pere, la colla que protagonitza aquesta s\u00e8rie que s\u2019enceta amb <i>TOT, TOT sobre els gossets<\/i>, amb el qual ens podrem submergir en l\u2019univers quotidi\u00e0 d\u2019aquesta colla. Al llarg del llibre, explorarem com viuen, dormen, mengen, quins esports practiquen i fins i tot on fan les seves compres. Aquests encantadors amics seran els nostres guies en un viatge ple de sorpreses que fascinar\u00e0 els lectors m\u00e9s petits.<\/span><\/p>\n<p><span lang=\"CA\">Aquest \u00e0lbum informatiu convida el lector a contemplar amb calma i molta atenci\u00f3 cada escena, perqu\u00e8 a vegades els gossets s\u2019oculten astutament entre animals, flors o n\u00fameros. No hi ha ni un rac\u00f3 d\u2019aquest llibre que no tingui un detall divertit!<\/span><\/p>\n<p><span lang=\"CA\">Les il\u00b7lustracions de Doroth\u00e9e de Monfreid capturen l\u2019ess\u00e8ncia de la vida di\u00e0ria d\u2019una manera l\u00fadica i accessible. La simplicitat i una paleta carregada de colors vius amb un cert aire <i>vintage<\/i> conviden a explorar i descobrir, convertint cada p\u00e0gina en una experi\u00e8ncia estimulant.<\/span><\/p>\n","protected":false},"excerpt":{"rendered":"Descobreix el m\u00f3n amb en Popov, en Miki, en Nono, l\u2019Agus, en Zaza, la Kika, l\u2019Omar, la Jana i en Pere, la colla que protagonitza aquesta s\u00e8rie que s\u2019enceta amb TOT, TOT sobre els gossets, amb el qual ens podrem submergir en l\u2019univers quotidi\u00e0 d\u2019aquesta colla. Al llarg del llibre, explorarem com viuen, dormen, mengen, [&hellip;]","protected":false},"featured_media":26256,"template":"","meta":{"_acf_changed":false},"product_brand":[],"product_cat":[840,843,839],"product_tag":[],"class_list":{"0":"post-26255","1":"product","2":"type-product","3":"status-publish","4":"has-post-thumbnail","6":"product_cat-catala","7":"product_cat-infantiles-ca","8":"product_cat-zona-kids-ca","9":"vinculo-todo-todo-sobre-los-perritos","11":"first","12":"instock","13":"taxable","14":"shipping-taxable","15":"purchasable","16":"product-type-simple"},"acf":[],"yoast_head":"<!-- This site is optimized with the Yoast SEO plugin v25.1 - https:\/\/yoast.com\/wordpress\/plugins\/seo\/ -->\n<title>TOT, TOT, sobre els gossets - Libros del Zorro Rojo<\/title>\n<meta name=\"robots\" content=\"index, follow, max-snippet:-1, max-image-preview:large, max-video-preview:-1\" \/>\n<link rel=\"canonical\" href=\"https:\/\/librosdelzorrorojo.com\/ca\/cataleg\/tot-tot-sobre-els-gossets\/\" \/>\n<meta property=\"og:locale\" content=\"ca_ES\" \/>\n<meta property=\"og:type\" content=\"article\" \/>\n<meta property=\"og:title\" content=\"TOT, TOT, sobre els gossets - Libros del Zorro Rojo\" \/>\n<meta property=\"og:description\" content=\"Descobreix el m\u00f3n amb en Popov, en Miki, en Nono, l\u2019Agus, en Zaza, la Kika, l\u2019Omar, la Jana i en Pere, la colla que protagonitza aquesta s\u00e8rie que s\u2019enceta amb TOT, TOT sobre els gossets, amb el qual ens podrem submergir en l\u2019univers quotidi\u00e0 d\u2019aquesta colla. Al llarg del llibre, explorarem com viuen, dormen, mengen, [&hellip;]\" \/>\n<meta property=\"og:url\" content=\"https:\/\/librosdelzorrorojo.com\/ca\/cataleg\/tot-tot-sobre-els-gossets\/\" \/>\n<meta property=\"og:site_name\" content=\"Libros del Zorro Rojo\" \/>\n<meta property=\"article:modified_time\" content=\"2025-02-11T19:39:19+00:00\" \/>\n<meta property=\"og:image\" content=\"https:\/\/librosdelzorrorojo.com\/wp-content\/uploads\/2023\/10\/COVER_GOSSETS_WEB.jpg\" \/>\n\t<meta property=\"og:image:width\" content=\"850\" \/>\n\t<meta property=\"og:image:height\" content=\"1057\" \/>\n\t<meta property=\"og:image:type\" content=\"image\/jpeg\" \/>\n<meta name=\"twitter:card\" content=\"summary_large_image\" \/>\n<meta name=\"twitter:label1\" content=\"Temps estimat de lectura\" \/>\n\t<meta name=\"twitter:data1\" content=\"1 minut\" \/>\n<script type=\"application\/ld+json\" class=\"yoast-schema-graph\">{\"@context\":\"https:\/\/schema.org\",\"@graph\":[{\"@type\":\"WebPage\",\"@id\":\"https:\/\/librosdelzorrorojo.com\/ca\/cataleg\/tot-tot-sobre-els-gossets\/\",\"url\":\"https:\/\/librosdelzorrorojo.com\/ca\/cataleg\/tot-tot-sobre-els-gossets\/\",\"name\":\"TOT, TOT, sobre els gossets - Libros del Zorro Rojo\",\"isPartOf\":{\"@id\":\"https:\/\/librosdelzorrorojo.com\/#website\"},\"primaryImageOfPage\":{\"@id\":\"https:\/\/librosdelzorrorojo.com\/ca\/cataleg\/tot-tot-sobre-els-gossets\/#primaryimage\"},\"image\":{\"@id\":\"https:\/\/librosdelzorrorojo.com\/ca\/cataleg\/tot-tot-sobre-els-gossets\/#primaryimage\"},\"thumbnailUrl\":\"https:\/\/librosdelzorrorojo.com\/wp-content\/uploads\/2023\/10\/COVER_GOSSETS_WEB.jpg\",\"datePublished\":\"2023-10-10T11:11:58+00:00\",\"dateModified\":\"2025-02-11T19:39:19+00:00\",\"breadcrumb\":{\"@id\":\"https:\/\/librosdelzorrorojo.com\/ca\/cataleg\/tot-tot-sobre-els-gossets\/#breadcrumb\"},\"inLanguage\":\"ca\",\"potentialAction\":[{\"@type\":\"ReadAction\",\"target\":[\"https:\/\/librosdelzorrorojo.com\/ca\/cataleg\/tot-tot-sobre-els-gossets\/\"]}]},{\"@type\":\"ImageObject\",\"inLanguage\":\"ca\",\"@id\":\"https:\/\/librosdelzorrorojo.com\/ca\/cataleg\/tot-tot-sobre-els-gossets\/#primaryimage\",\"url\":\"https:\/\/librosdelzorrorojo.com\/wp-content\/uploads\/2023\/10\/COVER_GOSSETS_WEB.jpg\",\"contentUrl\":\"https:\/\/librosdelzorrorojo.com\/wp-content\/uploads\/2023\/10\/COVER_GOSSETS_WEB.jpg\",\"width\":850,\"height\":1057,\"caption\":\"COVER GOSSETS WEB\"},{\"@type\":\"BreadcrumbList\",\"@id\":\"https:\/\/librosdelzorrorojo.com\/ca\/cataleg\/tot-tot-sobre-els-gossets\/#breadcrumb\",\"itemListElement\":[{\"@type\":\"ListItem\",\"position\":1,\"name\":\"Portada\",\"item\":\"https:\/\/librosdelzorrorojo.com\/ca\/\"},{\"@type\":\"ListItem\",\"position\":2,\"name\":\"Cat\u00e0leg\",\"item\":\"https:\/\/librosdelzorrorojo.com\/ca\/cataleg\/\"},{\"@type\":\"ListItem\",\"position\":3,\"name\":\"TOT, TOT, sobre els gossets\"}]},{\"@type\":\"WebSite\",\"@id\":\"https:\/\/librosdelzorrorojo.com\/#website\",\"url\":\"https:\/\/librosdelzorrorojo.com\/\",\"name\":\"Libros del Zorro Rojo\",\"description\":\"Libros ilustrados\",\"potentialAction\":[{\"@type\":\"SearchAction\",\"target\":{\"@type\":\"EntryPoint\",\"urlTemplate\":\"https:\/\/librosdelzorrorojo.com\/?s={search_term_string}\"},\"query-input\":{\"@type\":\"PropertyValueSpecification\",\"valueRequired\":true,\"valueName\":\"search_term_string\"}}],\"inLanguage\":\"ca\"}]}<\/script>\n<!-- \/ Yoast SEO plugin. -->","yoast_head_json":{"title":"TOT, TOT, sobre els gossets - Libros del Zorro Rojo","robots":{"index":"index","follow":"follow","max-snippet":"max-snippet:-1","max-image-preview":"max-image-preview:large","max-video-preview":"max-video-preview:-1"},"canonical":"https:\/\/librosdelzorrorojo.com\/ca\/cataleg\/tot-tot-sobre-els-gossets\/","og_locale":"ca_ES","og_type":"article","og_title":"TOT, TOT, sobre els gossets - Libros del Zorro Rojo","og_description":"Descobreix el m\u00f3n amb en Popov, en Miki, en Nono, l\u2019Agus, en Zaza, la Kika, l\u2019Omar, la Jana i en Pere, la colla que protagonitza aquesta s\u00e8rie que s\u2019enceta amb TOT, TOT sobre els gossets, amb el qual ens podrem submergir en l\u2019univers quotidi\u00e0 d\u2019aquesta colla. Al llarg del llibre, explorarem com viuen, dormen, mengen, [&hellip;]","og_url":"https:\/\/librosdelzorrorojo.com\/ca\/cataleg\/tot-tot-sobre-els-gossets\/","og_site_name":"Libros del Zorro Rojo","article_modified_time":"2025-02-11T19:39:19+00:00","og_image":[{"width":850,"height":1057,"url":"https:\/\/librosdelzorrorojo.com\/wp-content\/uploads\/2023\/10\/COVER_GOSSETS_WEB.jpg","type":"image\/jpeg"}],"twitter_card":"summary_large_image","twitter_misc":{"Temps estimat de lectura":"1 minut"},"schema":{"@context":"https:\/\/schema.org","@graph":[{"@type":"WebPage","@id":"https:\/\/librosdelzorrorojo.com\/ca\/cataleg\/tot-tot-sobre-els-gossets\/","url":"https:\/\/librosdelzorrorojo.com\/ca\/cataleg\/tot-tot-sobre-els-gossets\/","name":"TOT, TOT, sobre els gossets - Libros del Zorro Rojo","isPartOf":{"@id":"https:\/\/librosdelzorrorojo.com\/#website"},"primaryImageOfPage":{"@id":"https:\/\/librosdelzorrorojo.com\/ca\/cataleg\/tot-tot-sobre-els-gossets\/#primaryimage"},"image":{"@id":"https:\/\/librosdelzorrorojo.com\/ca\/cataleg\/tot-tot-sobre-els-gossets\/#primaryimage"},"thumbnailUrl":"https:\/\/librosdelzorrorojo.com\/wp-content\/uploads\/2023\/10\/COVER_GOSSETS_WEB.jpg","datePublished":"2023-10-10T11:11:58+00:00","dateModified":"2025-02-11T19:39:19+00:00","breadcrumb":{"@id":"https:\/\/librosdelzorrorojo.com\/ca\/cataleg\/tot-tot-sobre-els-gossets\/#breadcrumb"},"inLanguage":"ca","potentialAction":[{"@type":"ReadAction","target":["https:\/\/librosdelzorrorojo.com\/ca\/cataleg\/tot-tot-sobre-els-gossets\/"]}]},{"@type":"ImageObject","inLanguage":"ca","@id":"https:\/\/librosdelzorrorojo.com\/ca\/cataleg\/tot-tot-sobre-els-gossets\/#primaryimage","url":"https:\/\/librosdelzorrorojo.com\/wp-content\/uploads\/2023\/10\/COVER_GOSSETS_WEB.jpg","contentUrl":"https:\/\/librosdelzorrorojo.com\/wp-content\/uploads\/2023\/10\/COVER_GOSSETS_WEB.jpg","width":850,"height":1057,"caption":"COVER GOSSETS WEB"},{"@type":"BreadcrumbList","@id":"https:\/\/librosdelzorrorojo.com\/ca\/cataleg\/tot-tot-sobre-els-gossets\/#breadcrumb","itemListElement":[{"@type":"ListItem","position":1,"name":"Portada","item":"https:\/\/librosdelzorrorojo.com\/ca\/"},{"@type":"ListItem","position":2,"name":"Cat\u00e0leg","item":"https:\/\/librosdelzorrorojo.com\/ca\/cataleg\/"},{"@type":"ListItem","position":3,"name":"TOT, TOT, sobre els gossets"}]},{"@type":"WebSite","@id":"https:\/\/librosdelzorrorojo.com\/#website","url":"https:\/\/librosdelzorrorojo.com\/","name":"Libros del Zorro Rojo","description":"Libros ilustrados","potentialAction":[{"@type":"SearchAction","target":{"@type":"EntryPoint","urlTemplate":"https:\/\/librosdelzorrorojo.com\/?s={search_term_string}"},"query-input":{"@type":"PropertyValueSpecification","valueRequired":true,"valueName":"search_term_string"}}],"inLanguage":"ca"}]}},"_links":{"self":[{"href":"https:\/\/librosdelzorrorojo.com\/ca\/wp-json\/wp\/v2\/product\/26255","targetHints":{"allow":["GET"]}}],"collection":[{"href":"https:\/\/librosdelzorrorojo.com\/ca\/wp-json\/wp\/v2\/product"}],"about":[{"href":"https:\/\/librosdelzorrorojo.com\/ca\/wp-json\/wp\/v2\/types\/product"}],"wp:featuredmedia":[{"embeddable":true,"href":"https:\/\/librosdelzorrorojo.com\/ca\/wp-json\/wp\/v2\/media\/26256"}],"wp:attachment":[{"href":"https:\/\/librosdelzorrorojo.com\/ca\/wp-json\/wp\/v2\/media?parent=26255"}],"wp:term":[{"taxonomy":"product_brand","embeddable":true,"href":"https:\/\/librosdelzorrorojo.com\/ca\/wp-json\/wp\/v2\/product_brand?post=26255"},{"taxonomy":"product_cat","embeddable":true,"href":"https:\/\/librosdelzorrorojo.com\/ca\/wp-json\/wp\/v2\/product_cat?post=26255"},{"taxonomy":"product_tag","embeddable":true,"href":"https:\/\/librosdelzorrorojo.com\/ca\/wp-json\/wp\/v2\/product_tag?post=26255"}],"curies":[{"name":"wp","href":"https:\/\/api.w.org\/{rel}","templated":true}]}}