{"id":26252,"date":"2023-10-11T10:04:38","date_gmt":"2023-10-11T08:04:38","guid":{"rendered":"https:\/\/librosdelzorrorojo.com\/catalogo\/todo-todo-sobre-los-perritos\/"},"modified":"2024-12-13T11:45:36","modified_gmt":"2024-12-13T10:45:36","slug":"todo-todo-sobre-los-perritos","status":"publish","type":"product","link":"https:\/\/librosdelzorrorojo.com\/ca\/cataleg\/todo-todo-sobre-los-perritos\/","title":{"rendered":"TODO TODO sobre los perritos"},"content":{"rendered":"<div>\n<p><span lang=\"ES-TRAD\">Descubre el mundo junto con Popov, Miki, Nono, Agus, Zaza, Kika, Omar, Jana y Pedro, la pandilla que protagoniza esta serie, cuyo primer t\u00edtulo <i>TODO TODO sobre los perritos<\/i> nos sumerge en su universo cotidiano. A lo largo del libro, exploraremos c\u00f3mo viven, duermen, comen, qu\u00e9 deportes practican e incluso d\u00f3nde hacen sus compras. Estos encantadores amigos ser\u00e1n nuestros gu\u00edas en un viaje lleno de sorpresas que fascinar\u00e1 a los lectores m\u00e1s peque\u00f1os.<\/span><\/p>\n<p><span lang=\"ES-TRAD\">Este \u00e1lbum informativo invita al lector a contemplar con calma y mucha atenci\u00f3n cada escena, porque en algunas ocasiones los perritos se ocultan astutamente entre animales, flores o n\u00fameros. \u00a1No hay ni un rinc\u00f3n de este libro que no contenga un detalle divertido!<\/span><\/p>\n<p><span lang=\"ES-TRAD\">Las ilustraciones de Doroth\u00e9e de Monfreid capturan la esencia de la vida diaria de una manera l\u00fadica y accesible. La simplicidad y una paleta cargada de colores vivos con cierto aire <i>vintage<\/i> invitan a explorar y descubrir, convirtiendo cada p\u00e1gina en una experiencia estimulante.<\/span><\/p>\n<p><img decoding=\"async\" src=\"https:\/\/librosdelzorrorojo.com\/wp-content\/uploads\/2024\/10\/ICEC.jpg\" alt=\"\" width=\"380\" height=\"85\" class=\"alignnone size-full wp-image-29095\" \/><\/p>\n<\/div>\n","protected":false},"excerpt":{"rendered":"Descubre el mundo junto con Popov, Miki, Nono, Agus, Zaza, Kika, Omar, Jana y Pedro, la pandilla que protagoniza esta serie, cuyo primer t\u00edtulo TODO TODO sobre los perritos nos sumerge en su universo cotidiano. A lo largo del libro, exploraremos c\u00f3mo viven, duermen, comen, qu\u00e9 deportes practican e incluso d\u00f3nde hacen sus compras. Estos [&hellip;]","protected":false},"featured_media":26242,"template":"","meta":{"_acf_changed":false},"product_brand":[],"product_cat":[844,843,839],"product_tag":[],"class_list":{"0":"post-26252","1":"product","2":"type-product","3":"status-publish","4":"has-post-thumbnail","6":"product_cat-castella","7":"product_cat-infantiles-ca","8":"product_cat-zona-kids-ca","9":"vinculo-todo-todo-sobre-los-perritos","11":"first","12":"instock","13":"taxable","14":"shipping-taxable","15":"purchasable","16":"product-type-simple"},"acf":[],"yoast_head":"<!-- This site is optimized with the Yoast SEO plugin v25.1 - https:\/\/yoast.com\/wordpress\/plugins\/seo\/ -->\n<title>TODO TODO sobre los perritos - Libros del Zorro Rojo<\/title>\n<meta name=\"robots\" content=\"index, follow, max-snippet:-1, max-image-preview:large, max-video-preview:-1\" \/>\n<link rel=\"canonical\" href=\"https:\/\/librosdelzorrorojo.com\/ca\/cataleg\/todo-todo-sobre-los-perritos\/\" \/>\n<meta property=\"og:locale\" content=\"ca_ES\" \/>\n<meta property=\"og:type\" content=\"article\" \/>\n<meta property=\"og:title\" content=\"TODO TODO sobre los perritos - Libros del Zorro Rojo\" \/>\n<meta property=\"og:description\" content=\"Descubre el mundo junto con Popov, Miki, Nono, Agus, Zaza, Kika, Omar, Jana y Pedro, la pandilla que protagoniza esta serie, cuyo primer t\u00edtulo TODO TODO sobre los perritos nos sumerge en su universo cotidiano. A lo largo del libro, exploraremos c\u00f3mo viven, duermen, comen, qu\u00e9 deportes practican e incluso d\u00f3nde hacen sus compras. Estos [&hellip;]\" \/>\n<meta property=\"og:url\" content=\"https:\/\/librosdelzorrorojo.com\/ca\/cataleg\/todo-todo-sobre-los-perritos\/\" \/>\n<meta property=\"og:site_name\" content=\"Libros del Zorro Rojo\" \/>\n<meta property=\"article:modified_time\" content=\"2024-12-13T10:45:36+00:00\" \/>\n<meta property=\"og:image\" content=\"https:\/\/librosdelzorrorojo.com\/wp-content\/uploads\/2023\/10\/COVER_PERRITOS_WEB.jpg\" \/>\n\t<meta property=\"og:image:width\" content=\"850\" \/>\n\t<meta property=\"og:image:height\" content=\"1057\" \/>\n\t<meta property=\"og:image:type\" content=\"image\/jpeg\" \/>\n<meta name=\"twitter:card\" content=\"summary_large_image\" \/>\n<meta name=\"twitter:label1\" content=\"Temps estimat de lectura\" \/>\n\t<meta name=\"twitter:data1\" content=\"1 minut\" \/>\n<script type=\"application\/ld+json\" class=\"yoast-schema-graph\">{\"@context\":\"https:\/\/schema.org\",\"@graph\":[{\"@type\":\"WebPage\",\"@id\":\"https:\/\/librosdelzorrorojo.com\/ca\/cataleg\/todo-todo-sobre-los-perritos\/\",\"url\":\"https:\/\/librosdelzorrorojo.com\/ca\/cataleg\/todo-todo-sobre-los-perritos\/\",\"name\":\"TODO TODO sobre los perritos - Libros del Zorro Rojo\",\"isPartOf\":{\"@id\":\"https:\/\/librosdelzorrorojo.com\/#website\"},\"primaryImageOfPage\":{\"@id\":\"https:\/\/librosdelzorrorojo.com\/ca\/cataleg\/todo-todo-sobre-los-perritos\/#primaryimage\"},\"image\":{\"@id\":\"https:\/\/librosdelzorrorojo.com\/ca\/cataleg\/todo-todo-sobre-los-perritos\/#primaryimage\"},\"thumbnailUrl\":\"https:\/\/librosdelzorrorojo.com\/wp-content\/uploads\/2023\/10\/COVER_PERRITOS_WEB.jpg\",\"datePublished\":\"2023-10-11T08:04:38+00:00\",\"dateModified\":\"2024-12-13T10:45:36+00:00\",\"breadcrumb\":{\"@id\":\"https:\/\/librosdelzorrorojo.com\/ca\/cataleg\/todo-todo-sobre-los-perritos\/#breadcrumb\"},\"inLanguage\":\"ca\",\"potentialAction\":[{\"@type\":\"ReadAction\",\"target\":[\"https:\/\/librosdelzorrorojo.com\/ca\/cataleg\/todo-todo-sobre-los-perritos\/\"]}]},{\"@type\":\"ImageObject\",\"inLanguage\":\"ca\",\"@id\":\"https:\/\/librosdelzorrorojo.com\/ca\/cataleg\/todo-todo-sobre-los-perritos\/#primaryimage\",\"url\":\"https:\/\/librosdelzorrorojo.com\/wp-content\/uploads\/2023\/10\/COVER_PERRITOS_WEB.jpg\",\"contentUrl\":\"https:\/\/librosdelzorrorojo.com\/wp-content\/uploads\/2023\/10\/COVER_PERRITOS_WEB.jpg\",\"width\":850,\"height\":1057,\"caption\":\"COVER PERRITOS WEB\"},{\"@type\":\"BreadcrumbList\",\"@id\":\"https:\/\/librosdelzorrorojo.com\/ca\/cataleg\/todo-todo-sobre-los-perritos\/#breadcrumb\",\"itemListElement\":[{\"@type\":\"ListItem\",\"position\":1,\"name\":\"Portada\",\"item\":\"https:\/\/librosdelzorrorojo.com\/ca\/\"},{\"@type\":\"ListItem\",\"position\":2,\"name\":\"Cat\u00e0leg\",\"item\":\"https:\/\/librosdelzorrorojo.com\/ca\/cataleg\/\"},{\"@type\":\"ListItem\",\"position\":3,\"name\":\"TODO TODO sobre los perritos\"}]},{\"@type\":\"WebSite\",\"@id\":\"https:\/\/librosdelzorrorojo.com\/#website\",\"url\":\"https:\/\/librosdelzorrorojo.com\/\",\"name\":\"Libros del Zorro Rojo\",\"description\":\"Libros ilustrados\",\"potentialAction\":[{\"@type\":\"SearchAction\",\"target\":{\"@type\":\"EntryPoint\",\"urlTemplate\":\"https:\/\/librosdelzorrorojo.com\/?s={search_term_string}\"},\"query-input\":{\"@type\":\"PropertyValueSpecification\",\"valueRequired\":true,\"valueName\":\"search_term_string\"}}],\"inLanguage\":\"ca\"}]}<\/script>\n<!-- \/ Yoast SEO plugin. -->","yoast_head_json":{"title":"TODO TODO sobre los perritos - Libros del Zorro Rojo","robots":{"index":"index","follow":"follow","max-snippet":"max-snippet:-1","max-image-preview":"max-image-preview:large","max-video-preview":"max-video-preview:-1"},"canonical":"https:\/\/librosdelzorrorojo.com\/ca\/cataleg\/todo-todo-sobre-los-perritos\/","og_locale":"ca_ES","og_type":"article","og_title":"TODO TODO sobre los perritos - Libros del Zorro Rojo","og_description":"Descubre el mundo junto con Popov, Miki, Nono, Agus, Zaza, Kika, Omar, Jana y Pedro, la pandilla que protagoniza esta serie, cuyo primer t\u00edtulo TODO TODO sobre los perritos nos sumerge en su universo cotidiano. A lo largo del libro, exploraremos c\u00f3mo viven, duermen, comen, qu\u00e9 deportes practican e incluso d\u00f3nde hacen sus compras. Estos [&hellip;]","og_url":"https:\/\/librosdelzorrorojo.com\/ca\/cataleg\/todo-todo-sobre-los-perritos\/","og_site_name":"Libros del Zorro Rojo","article_modified_time":"2024-12-13T10:45:36+00:00","og_image":[{"width":850,"height":1057,"url":"https:\/\/librosdelzorrorojo.com\/wp-content\/uploads\/2023\/10\/COVER_PERRITOS_WEB.jpg","type":"image\/jpeg"}],"twitter_card":"summary_large_image","twitter_misc":{"Temps estimat de lectura":"1 minut"},"schema":{"@context":"https:\/\/schema.org","@graph":[{"@type":"WebPage","@id":"https:\/\/librosdelzorrorojo.com\/ca\/cataleg\/todo-todo-sobre-los-perritos\/","url":"https:\/\/librosdelzorrorojo.com\/ca\/cataleg\/todo-todo-sobre-los-perritos\/","name":"TODO TODO sobre los perritos - Libros del Zorro Rojo","isPartOf":{"@id":"https:\/\/librosdelzorrorojo.com\/#website"},"primaryImageOfPage":{"@id":"https:\/\/librosdelzorrorojo.com\/ca\/cataleg\/todo-todo-sobre-los-perritos\/#primaryimage"},"image":{"@id":"https:\/\/librosdelzorrorojo.com\/ca\/cataleg\/todo-todo-sobre-los-perritos\/#primaryimage"},"thumbnailUrl":"https:\/\/librosdelzorrorojo.com\/wp-content\/uploads\/2023\/10\/COVER_PERRITOS_WEB.jpg","datePublished":"2023-10-11T08:04:38+00:00","dateModified":"2024-12-13T10:45:36+00:00","breadcrumb":{"@id":"https:\/\/librosdelzorrorojo.com\/ca\/cataleg\/todo-todo-sobre-los-perritos\/#breadcrumb"},"inLanguage":"ca","potentialAction":[{"@type":"ReadAction","target":["https:\/\/librosdelzorrorojo.com\/ca\/cataleg\/todo-todo-sobre-los-perritos\/"]}]},{"@type":"ImageObject","inLanguage":"ca","@id":"https:\/\/librosdelzorrorojo.com\/ca\/cataleg\/todo-todo-sobre-los-perritos\/#primaryimage","url":"https:\/\/librosdelzorrorojo.com\/wp-content\/uploads\/2023\/10\/COVER_PERRITOS_WEB.jpg","contentUrl":"https:\/\/librosdelzorrorojo.com\/wp-content\/uploads\/2023\/10\/COVER_PERRITOS_WEB.jpg","width":850,"height":1057,"caption":"COVER PERRITOS WEB"},{"@type":"BreadcrumbList","@id":"https:\/\/librosdelzorrorojo.com\/ca\/cataleg\/todo-todo-sobre-los-perritos\/#breadcrumb","itemListElement":[{"@type":"ListItem","position":1,"name":"Portada","item":"https:\/\/librosdelzorrorojo.com\/ca\/"},{"@type":"ListItem","position":2,"name":"Cat\u00e0leg","item":"https:\/\/librosdelzorrorojo.com\/ca\/cataleg\/"},{"@type":"ListItem","position":3,"name":"TODO TODO sobre los perritos"}]},{"@type":"WebSite","@id":"https:\/\/librosdelzorrorojo.com\/#website","url":"https:\/\/librosdelzorrorojo.com\/","name":"Libros del Zorro Rojo","description":"Libros ilustrados","potentialAction":[{"@type":"SearchAction","target":{"@type":"EntryPoint","urlTemplate":"https:\/\/librosdelzorrorojo.com\/?s={search_term_string}"},"query-input":{"@type":"PropertyValueSpecification","valueRequired":true,"valueName":"search_term_string"}}],"inLanguage":"ca"}]}},"_links":{"self":[{"href":"https:\/\/librosdelzorrorojo.com\/ca\/wp-json\/wp\/v2\/product\/26252","targetHints":{"allow":["GET"]}}],"collection":[{"href":"https:\/\/librosdelzorrorojo.com\/ca\/wp-json\/wp\/v2\/product"}],"about":[{"href":"https:\/\/librosdelzorrorojo.com\/ca\/wp-json\/wp\/v2\/types\/product"}],"wp:featuredmedia":[{"embeddable":true,"href":"https:\/\/librosdelzorrorojo.com\/ca\/wp-json\/wp\/v2\/media\/26242"}],"wp:attachment":[{"href":"https:\/\/librosdelzorrorojo.com\/ca\/wp-json\/wp\/v2\/media?parent=26252"}],"wp:term":[{"taxonomy":"product_brand","embeddable":true,"href":"https:\/\/librosdelzorrorojo.com\/ca\/wp-json\/wp\/v2\/product_brand?post=26252"},{"taxonomy":"product_cat","embeddable":true,"href":"https:\/\/librosdelzorrorojo.com\/ca\/wp-json\/wp\/v2\/product_cat?post=26252"},{"taxonomy":"product_tag","embeddable":true,"href":"https:\/\/librosdelzorrorojo.com\/ca\/wp-json\/wp\/v2\/product_tag?post=26252"}],"curies":[{"name":"wp","href":"https:\/\/api.w.org\/{rel}","templated":true}]}}