{"id":26172,"date":"2023-10-11T10:02:08","date_gmt":"2023-10-11T08:02:08","guid":{"rendered":"https:\/\/librosdelzorrorojo.com\/catalogo\/origen-2\/"},"modified":"2025-03-07T14:07:58","modified_gmt":"2025-03-07T13:07:58","slug":"origen-2","status":"publish","type":"product","link":"https:\/\/librosdelzorrorojo.com\/ca\/cataleg\/origen-2\/","title":{"rendered":"Origen"},"content":{"rendered":"<div>\n<p><span lang=\"ES-TRAD\">Todos somos uno y habitamos el mismo planeta; de esta idea parte el libro, en el que cada doble p\u00e1gina ofrece una mirada actual y estimulante de m\u00e1s de una veintena de pueblos originarios, los primeros en habitar territorios hoy d\u00eda mermados por una \u00abcivilizaci\u00f3n\u00bb que solo busca lucrarse con ellos.<\/span><\/p>\n<p><span lang=\"ES-TRAD\">En estos pueblos prevalece el sentido comunitario de la vida, que se basa en la reciprocidad, la solidaridad y la ayuda mutua, en evitar el exceso y honrar lo que se recibe. Adem\u00e1s, los pueblos ind\u00edgenas custodian el 80 % de la biodiversidad terrestre; son los primeros conservacionistas del entorno natural que habitan. <\/span><\/p>\n<p><span lang=\"ES-TRAD\">La autora franco-uruguaya Nat Cardozo ha creado un libro \u00fanico, con hermosas ilustraciones que desdibujan la frontera entre el ser humano y el entorno e identifican una variedad tan amplia de formas de vida como de culturas pr\u00e1cticamente desconocidas.<\/span><\/p>\n<p><span lang=\"ES-TRAD\">Adem\u00e1s de recoger 22 relatos en primera persona, escritos con la direcci\u00f3n literaria de Mar\u00eda Jos\u00e9 Ferrada (Premio Iberoamericano SM de Literatura Infantil y Juvenil 2021), se trata de un libro divulgativo sobre el pasado y el presente de los pueblos originarios, una larga historia de lucha y resistencia; la defensa no solo del propio territorio, sino tambi\u00e9n de la lengua y la forma de vida tradicional.<\/span><\/p>\n<p><img decoding=\"async\" src=\"https:\/\/librosdelzorrorojo.com\/wp-content\/uploads\/2024\/10\/ICEC.jpg\" alt=\"\" width=\"380\" height=\"85\" class=\"alignnone size-full wp-image-29095\" \/><\/p>\n<p>Este libro forma parte del proyecto <a href=\"https:\/\/www.rutasdelectura.com\/descarga_pdf\/Ruta9EV.pdf#page=16\"><span style=\"color: #ff0000;\"><strong>RUTAS DE LECTURA &#8211; <\/strong>Ellas Viajan\u00a0<\/span><\/a><\/p>\n<\/div>\n","protected":false},"excerpt":{"rendered":"Todos somos uno y habitamos el mismo planeta; de esta idea parte el libro, en el que cada doble p\u00e1gina ofrece una mirada actual y estimulante de m\u00e1s de una veintena de pueblos originarios, los primeros en habitar territorios hoy d\u00eda mermados por una \u00abcivilizaci\u00f3n\u00bb que solo busca lucrarse con ellos. En estos pueblos prevalece [&hellip;]","protected":false},"featured_media":26143,"template":"","meta":{"_acf_changed":false},"product_brand":[],"product_cat":[844,843,839],"product_tag":[],"class_list":{"0":"post-26172","1":"product","2":"type-product","3":"status-publish","4":"has-post-thumbnail","6":"product_cat-castella","7":"product_cat-infantiles-ca","8":"product_cat-zona-kids-ca","9":"vinculo-origen","11":"first","12":"instock","13":"taxable","14":"shipping-taxable","15":"purchasable","16":"product-type-simple"},"acf":[],"yoast_head":"<!-- This site is optimized with the Yoast SEO plugin v25.1 - https:\/\/yoast.com\/wordpress\/plugins\/seo\/ -->\n<title>Origen - Libros del Zorro Rojo<\/title>\n<meta name=\"robots\" content=\"index, follow, max-snippet:-1, max-image-preview:large, max-video-preview:-1\" \/>\n<link rel=\"canonical\" href=\"https:\/\/librosdelzorrorojo.com\/ca\/cataleg\/origen-2\/\" \/>\n<meta property=\"og:locale\" content=\"ca_ES\" \/>\n<meta property=\"og:type\" content=\"article\" \/>\n<meta property=\"og:title\" content=\"Origen - Libros del Zorro Rojo\" \/>\n<meta property=\"og:description\" content=\"Todos somos uno y habitamos el mismo planeta; de esta idea parte el libro, en el que cada doble p\u00e1gina ofrece una mirada actual y estimulante de m\u00e1s de una veintena de pueblos originarios, los primeros en habitar territorios hoy d\u00eda mermados por una \u00abcivilizaci\u00f3n\u00bb que solo busca lucrarse con ellos. En estos pueblos prevalece [&hellip;]\" \/>\n<meta property=\"og:url\" content=\"https:\/\/librosdelzorrorojo.com\/ca\/cataleg\/origen-2\/\" \/>\n<meta property=\"og:site_name\" content=\"Libros del Zorro Rojo\" \/>\n<meta property=\"article:modified_time\" content=\"2025-03-07T13:07:58+00:00\" \/>\n<meta property=\"og:image\" content=\"https:\/\/librosdelzorrorojo.com\/wp-content\/uploads\/2023\/09\/COVER_ORIGEN_WEB.jpg\" \/>\n\t<meta property=\"og:image:width\" content=\"761\" \/>\n\t<meta property=\"og:image:height\" content=\"851\" \/>\n\t<meta property=\"og:image:type\" content=\"image\/jpeg\" \/>\n<meta name=\"twitter:card\" content=\"summary_large_image\" \/>\n<meta name=\"twitter:label1\" content=\"Temps estimat de lectura\" \/>\n\t<meta name=\"twitter:data1\" content=\"1 minut\" \/>\n<script type=\"application\/ld+json\" class=\"yoast-schema-graph\">{\"@context\":\"https:\/\/schema.org\",\"@graph\":[{\"@type\":\"WebPage\",\"@id\":\"https:\/\/librosdelzorrorojo.com\/ca\/cataleg\/origen-2\/\",\"url\":\"https:\/\/librosdelzorrorojo.com\/ca\/cataleg\/origen-2\/\",\"name\":\"Origen - Libros del Zorro Rojo\",\"isPartOf\":{\"@id\":\"https:\/\/librosdelzorrorojo.com\/#website\"},\"primaryImageOfPage\":{\"@id\":\"https:\/\/librosdelzorrorojo.com\/ca\/cataleg\/origen-2\/#primaryimage\"},\"image\":{\"@id\":\"https:\/\/librosdelzorrorojo.com\/ca\/cataleg\/origen-2\/#primaryimage\"},\"thumbnailUrl\":\"https:\/\/librosdelzorrorojo.com\/wp-content\/uploads\/2023\/09\/COVER_ORIGEN_WEB.jpg\",\"datePublished\":\"2023-10-11T08:02:08+00:00\",\"dateModified\":\"2025-03-07T13:07:58+00:00\",\"breadcrumb\":{\"@id\":\"https:\/\/librosdelzorrorojo.com\/ca\/cataleg\/origen-2\/#breadcrumb\"},\"inLanguage\":\"ca\",\"potentialAction\":[{\"@type\":\"ReadAction\",\"target\":[\"https:\/\/librosdelzorrorojo.com\/ca\/cataleg\/origen-2\/\"]}]},{\"@type\":\"ImageObject\",\"inLanguage\":\"ca\",\"@id\":\"https:\/\/librosdelzorrorojo.com\/ca\/cataleg\/origen-2\/#primaryimage\",\"url\":\"https:\/\/librosdelzorrorojo.com\/wp-content\/uploads\/2023\/09\/COVER_ORIGEN_WEB.jpg\",\"contentUrl\":\"https:\/\/librosdelzorrorojo.com\/wp-content\/uploads\/2023\/09\/COVER_ORIGEN_WEB.jpg\",\"width\":761,\"height\":851,\"caption\":\"COVER ORIGEN WEB\"},{\"@type\":\"BreadcrumbList\",\"@id\":\"https:\/\/librosdelzorrorojo.com\/ca\/cataleg\/origen-2\/#breadcrumb\",\"itemListElement\":[{\"@type\":\"ListItem\",\"position\":1,\"name\":\"Portada\",\"item\":\"https:\/\/librosdelzorrorojo.com\/ca\/\"},{\"@type\":\"ListItem\",\"position\":2,\"name\":\"Cat\u00e0leg\",\"item\":\"https:\/\/librosdelzorrorojo.com\/ca\/cataleg\/\"},{\"@type\":\"ListItem\",\"position\":3,\"name\":\"Origen\"}]},{\"@type\":\"WebSite\",\"@id\":\"https:\/\/librosdelzorrorojo.com\/#website\",\"url\":\"https:\/\/librosdelzorrorojo.com\/\",\"name\":\"Libros del Zorro Rojo\",\"description\":\"Libros ilustrados\",\"potentialAction\":[{\"@type\":\"SearchAction\",\"target\":{\"@type\":\"EntryPoint\",\"urlTemplate\":\"https:\/\/librosdelzorrorojo.com\/?s={search_term_string}\"},\"query-input\":{\"@type\":\"PropertyValueSpecification\",\"valueRequired\":true,\"valueName\":\"search_term_string\"}}],\"inLanguage\":\"ca\"}]}<\/script>\n<!-- \/ Yoast SEO plugin. -->","yoast_head_json":{"title":"Origen - Libros del Zorro Rojo","robots":{"index":"index","follow":"follow","max-snippet":"max-snippet:-1","max-image-preview":"max-image-preview:large","max-video-preview":"max-video-preview:-1"},"canonical":"https:\/\/librosdelzorrorojo.com\/ca\/cataleg\/origen-2\/","og_locale":"ca_ES","og_type":"article","og_title":"Origen - Libros del Zorro Rojo","og_description":"Todos somos uno y habitamos el mismo planeta; de esta idea parte el libro, en el que cada doble p\u00e1gina ofrece una mirada actual y estimulante de m\u00e1s de una veintena de pueblos originarios, los primeros en habitar territorios hoy d\u00eda mermados por una \u00abcivilizaci\u00f3n\u00bb que solo busca lucrarse con ellos. En estos pueblos prevalece [&hellip;]","og_url":"https:\/\/librosdelzorrorojo.com\/ca\/cataleg\/origen-2\/","og_site_name":"Libros del Zorro Rojo","article_modified_time":"2025-03-07T13:07:58+00:00","og_image":[{"width":761,"height":851,"url":"https:\/\/librosdelzorrorojo.com\/wp-content\/uploads\/2023\/09\/COVER_ORIGEN_WEB.jpg","type":"image\/jpeg"}],"twitter_card":"summary_large_image","twitter_misc":{"Temps estimat de lectura":"1 minut"},"schema":{"@context":"https:\/\/schema.org","@graph":[{"@type":"WebPage","@id":"https:\/\/librosdelzorrorojo.com\/ca\/cataleg\/origen-2\/","url":"https:\/\/librosdelzorrorojo.com\/ca\/cataleg\/origen-2\/","name":"Origen - Libros del Zorro Rojo","isPartOf":{"@id":"https:\/\/librosdelzorrorojo.com\/#website"},"primaryImageOfPage":{"@id":"https:\/\/librosdelzorrorojo.com\/ca\/cataleg\/origen-2\/#primaryimage"},"image":{"@id":"https:\/\/librosdelzorrorojo.com\/ca\/cataleg\/origen-2\/#primaryimage"},"thumbnailUrl":"https:\/\/librosdelzorrorojo.com\/wp-content\/uploads\/2023\/09\/COVER_ORIGEN_WEB.jpg","datePublished":"2023-10-11T08:02:08+00:00","dateModified":"2025-03-07T13:07:58+00:00","breadcrumb":{"@id":"https:\/\/librosdelzorrorojo.com\/ca\/cataleg\/origen-2\/#breadcrumb"},"inLanguage":"ca","potentialAction":[{"@type":"ReadAction","target":["https:\/\/librosdelzorrorojo.com\/ca\/cataleg\/origen-2\/"]}]},{"@type":"ImageObject","inLanguage":"ca","@id":"https:\/\/librosdelzorrorojo.com\/ca\/cataleg\/origen-2\/#primaryimage","url":"https:\/\/librosdelzorrorojo.com\/wp-content\/uploads\/2023\/09\/COVER_ORIGEN_WEB.jpg","contentUrl":"https:\/\/librosdelzorrorojo.com\/wp-content\/uploads\/2023\/09\/COVER_ORIGEN_WEB.jpg","width":761,"height":851,"caption":"COVER ORIGEN WEB"},{"@type":"BreadcrumbList","@id":"https:\/\/librosdelzorrorojo.com\/ca\/cataleg\/origen-2\/#breadcrumb","itemListElement":[{"@type":"ListItem","position":1,"name":"Portada","item":"https:\/\/librosdelzorrorojo.com\/ca\/"},{"@type":"ListItem","position":2,"name":"Cat\u00e0leg","item":"https:\/\/librosdelzorrorojo.com\/ca\/cataleg\/"},{"@type":"ListItem","position":3,"name":"Origen"}]},{"@type":"WebSite","@id":"https:\/\/librosdelzorrorojo.com\/#website","url":"https:\/\/librosdelzorrorojo.com\/","name":"Libros del Zorro Rojo","description":"Libros ilustrados","potentialAction":[{"@type":"SearchAction","target":{"@type":"EntryPoint","urlTemplate":"https:\/\/librosdelzorrorojo.com\/?s={search_term_string}"},"query-input":{"@type":"PropertyValueSpecification","valueRequired":true,"valueName":"search_term_string"}}],"inLanguage":"ca"}]}},"_links":{"self":[{"href":"https:\/\/librosdelzorrorojo.com\/ca\/wp-json\/wp\/v2\/product\/26172","targetHints":{"allow":["GET"]}}],"collection":[{"href":"https:\/\/librosdelzorrorojo.com\/ca\/wp-json\/wp\/v2\/product"}],"about":[{"href":"https:\/\/librosdelzorrorojo.com\/ca\/wp-json\/wp\/v2\/types\/product"}],"wp:featuredmedia":[{"embeddable":true,"href":"https:\/\/librosdelzorrorojo.com\/ca\/wp-json\/wp\/v2\/media\/26143"}],"wp:attachment":[{"href":"https:\/\/librosdelzorrorojo.com\/ca\/wp-json\/wp\/v2\/media?parent=26172"}],"wp:term":[{"taxonomy":"product_brand","embeddable":true,"href":"https:\/\/librosdelzorrorojo.com\/ca\/wp-json\/wp\/v2\/product_brand?post=26172"},{"taxonomy":"product_cat","embeddable":true,"href":"https:\/\/librosdelzorrorojo.com\/ca\/wp-json\/wp\/v2\/product_cat?post=26172"},{"taxonomy":"product_tag","embeddable":true,"href":"https:\/\/librosdelzorrorojo.com\/ca\/wp-json\/wp\/v2\/product_tag?post=26172"}],"curies":[{"name":"wp","href":"https:\/\/api.w.org\/{rel}","templated":true}]}}