{"id":26118,"date":"2023-09-20T13:17:01","date_gmt":"2023-09-20T11:17:01","guid":{"rendered":"https:\/\/librosdelzorrorojo.com\/catalogo\/el-principe-feliz-y-otros-cuentos\/"},"modified":"2024-12-13T11:58:45","modified_gmt":"2024-12-13T10:58:45","slug":"el-principe-feliz-y-otros-cuentos","status":"publish","type":"product","link":"https:\/\/librosdelzorrorojo.com\/ca\/cataleg\/el-principe-feliz-y-otros-cuentos\/","title":{"rendered":"El Pr\u00edncipe Feliz y otros cuentos"},"content":{"rendered":"<p><span lang=\"ES-TRAD\">Publicado en Londres en 1888 por la editorial David Nutt, <i>El Pr\u00edncipe Feliz y otros cuentos <\/i>de Oscar Wilde, con ilustraciones de Walter Crane y Jacomb Hood, viene recibiendo las mejores cr\u00edticas desde hace m\u00e1s de un siglo. Obra<\/span><span lang=\"ES-TRAD\"> fascinante y magn\u00e9tica, que <\/span><span lang=\"ES-TRAD\">a\u00f1o tras a\u00f1o se reedita en tantas lenguas porque fue un cl\u00e1sico instant\u00e1neo y sigue si\u00e9ndolo. <\/span><\/p>\n<p><span lang=\"ES-TRAD\">Aunque apenas se consiguen ejemplares de aquella primera edici\u00f3n de finales del siglo xix, de apenas setenta y cinco ejemplares firmados por el autor y el editor, es esa joya bibliogr\u00e1fica la que sigui\u00f3 Libros del Zorro Rojo de manera fiel para la edici\u00f3n en castellano del 2013, que ahora reeditamos. <\/span><\/p>\n<div>\n<p><span lang=\"ES-TRAD\">Adem\u00e1s del cuento que titula la selecci\u00f3n, esta recoge, \u00abEl ruise\u00f1or y la rosa\u00bb, \u00abEl gigante ego\u00edsta\u00bb, \u00abEl amigo fiel\u00bb y \u00abEl cohete extraordinario\u00bb, traducidos por Julio G\u00f3mez de la Serna.\u00a0\u00a0<\/span><\/p>\n<p><img decoding=\"async\" src=\"https:\/\/librosdelzorrorojo.com\/wp-content\/uploads\/2024\/10\/ICEC.jpg\" alt=\"\" width=\"380\" height=\"85\" class=\"alignnone size-full wp-image-29095\" \/><\/p>\n<\/div>\n","protected":false},"excerpt":{"rendered":"Publicado en Londres en 1888 por la editorial David Nutt, El Pr\u00edncipe Feliz y otros cuentos de Oscar Wilde, con ilustraciones de Walter Crane y Jacomb Hood, viene recibiendo las mejores cr\u00edticas desde hace m\u00e1s de un siglo. Obra fascinante y magn\u00e9tica, que a\u00f1o tras a\u00f1o se reedita en tantas lenguas porque fue un cl\u00e1sico [&hellip;]","protected":false},"featured_media":26125,"template":"","meta":{"_acf_changed":false},"product_brand":[],"product_cat":[844,3156,846],"product_tag":[],"class_list":{"0":"post-26118","1":"product","2":"type-product","3":"status-publish","4":"has-post-thumbnail","6":"product_cat-castella","7":"product_cat-juvenil-adult","8":"product_cat-novedades-ca","10":"first","11":"instock","12":"taxable","13":"shipping-taxable","14":"purchasable","15":"product-type-simple"},"acf":[],"yoast_head":"<!-- This site is optimized with the Yoast SEO plugin v25.1 - https:\/\/yoast.com\/wordpress\/plugins\/seo\/ -->\n<title>El Pr\u00edncipe Feliz y otros cuentos - Libros del Zorro Rojo<\/title>\n<meta name=\"robots\" content=\"index, follow, max-snippet:-1, max-image-preview:large, max-video-preview:-1\" \/>\n<link rel=\"canonical\" href=\"https:\/\/librosdelzorrorojo.com\/ca\/cataleg\/el-principe-feliz-y-otros-cuentos\/\" \/>\n<meta property=\"og:locale\" content=\"ca_ES\" \/>\n<meta property=\"og:type\" content=\"article\" \/>\n<meta property=\"og:title\" content=\"El Pr\u00edncipe Feliz y otros cuentos - Libros del Zorro Rojo\" \/>\n<meta property=\"og:description\" content=\"Publicado en Londres en 1888 por la editorial David Nutt, El Pr\u00edncipe Feliz y otros cuentos de Oscar Wilde, con ilustraciones de Walter Crane y Jacomb Hood, viene recibiendo las mejores cr\u00edticas desde hace m\u00e1s de un siglo. Obra fascinante y magn\u00e9tica, que a\u00f1o tras a\u00f1o se reedita en tantas lenguas porque fue un cl\u00e1sico [&hellip;]\" \/>\n<meta property=\"og:url\" content=\"https:\/\/librosdelzorrorojo.com\/ca\/cataleg\/el-principe-feliz-y-otros-cuentos\/\" \/>\n<meta property=\"og:site_name\" content=\"Libros del Zorro Rojo\" \/>\n<meta property=\"article:modified_time\" content=\"2024-12-13T10:58:45+00:00\" \/>\n<meta property=\"og:image\" content=\"https:\/\/librosdelzorrorojo.com\/wp-content\/uploads\/2023\/07\/COVER_PRINCIPE-FELIZ_WEB-1.jpg\" \/>\n\t<meta property=\"og:image:width\" content=\"850\" \/>\n\t<meta property=\"og:image:height\" content=\"1290\" \/>\n\t<meta property=\"og:image:type\" content=\"image\/jpeg\" \/>\n<meta name=\"twitter:card\" content=\"summary_large_image\" \/>\n<meta name=\"twitter:label1\" content=\"Temps estimat de lectura\" \/>\n\t<meta name=\"twitter:data1\" content=\"1 minut\" \/>\n<script type=\"application\/ld+json\" class=\"yoast-schema-graph\">{\"@context\":\"https:\/\/schema.org\",\"@graph\":[{\"@type\":\"WebPage\",\"@id\":\"https:\/\/librosdelzorrorojo.com\/ca\/cataleg\/el-principe-feliz-y-otros-cuentos\/\",\"url\":\"https:\/\/librosdelzorrorojo.com\/ca\/cataleg\/el-principe-feliz-y-otros-cuentos\/\",\"name\":\"El Pr\u00edncipe Feliz y otros cuentos - Libros del Zorro Rojo\",\"isPartOf\":{\"@id\":\"https:\/\/librosdelzorrorojo.com\/#website\"},\"primaryImageOfPage\":{\"@id\":\"https:\/\/librosdelzorrorojo.com\/ca\/cataleg\/el-principe-feliz-y-otros-cuentos\/#primaryimage\"},\"image\":{\"@id\":\"https:\/\/librosdelzorrorojo.com\/ca\/cataleg\/el-principe-feliz-y-otros-cuentos\/#primaryimage\"},\"thumbnailUrl\":\"https:\/\/librosdelzorrorojo.com\/wp-content\/uploads\/2023\/07\/COVER_PRINCIPE-FELIZ_WEB-1.jpg\",\"datePublished\":\"2023-09-20T11:17:01+00:00\",\"dateModified\":\"2024-12-13T10:58:45+00:00\",\"breadcrumb\":{\"@id\":\"https:\/\/librosdelzorrorojo.com\/ca\/cataleg\/el-principe-feliz-y-otros-cuentos\/#breadcrumb\"},\"inLanguage\":\"ca\",\"potentialAction\":[{\"@type\":\"ReadAction\",\"target\":[\"https:\/\/librosdelzorrorojo.com\/ca\/cataleg\/el-principe-feliz-y-otros-cuentos\/\"]}]},{\"@type\":\"ImageObject\",\"inLanguage\":\"ca\",\"@id\":\"https:\/\/librosdelzorrorojo.com\/ca\/cataleg\/el-principe-feliz-y-otros-cuentos\/#primaryimage\",\"url\":\"https:\/\/librosdelzorrorojo.com\/wp-content\/uploads\/2023\/07\/COVER_PRINCIPE-FELIZ_WEB-1.jpg\",\"contentUrl\":\"https:\/\/librosdelzorrorojo.com\/wp-content\/uploads\/2023\/07\/COVER_PRINCIPE-FELIZ_WEB-1.jpg\",\"width\":850,\"height\":1290,\"caption\":\"COVER PRINCIPE FELIZ WEB 1\"},{\"@type\":\"BreadcrumbList\",\"@id\":\"https:\/\/librosdelzorrorojo.com\/ca\/cataleg\/el-principe-feliz-y-otros-cuentos\/#breadcrumb\",\"itemListElement\":[{\"@type\":\"ListItem\",\"position\":1,\"name\":\"Portada\",\"item\":\"https:\/\/librosdelzorrorojo.com\/ca\/\"},{\"@type\":\"ListItem\",\"position\":2,\"name\":\"Cat\u00e0leg\",\"item\":\"https:\/\/librosdelzorrorojo.com\/ca\/cataleg\/\"},{\"@type\":\"ListItem\",\"position\":3,\"name\":\"El Pr\u00edncipe Feliz y otros cuentos\"}]},{\"@type\":\"WebSite\",\"@id\":\"https:\/\/librosdelzorrorojo.com\/#website\",\"url\":\"https:\/\/librosdelzorrorojo.com\/\",\"name\":\"Libros del Zorro Rojo\",\"description\":\"Libros ilustrados\",\"potentialAction\":[{\"@type\":\"SearchAction\",\"target\":{\"@type\":\"EntryPoint\",\"urlTemplate\":\"https:\/\/librosdelzorrorojo.com\/?s={search_term_string}\"},\"query-input\":{\"@type\":\"PropertyValueSpecification\",\"valueRequired\":true,\"valueName\":\"search_term_string\"}}],\"inLanguage\":\"ca\"}]}<\/script>\n<!-- \/ Yoast SEO plugin. -->","yoast_head_json":{"title":"El Pr\u00edncipe Feliz y otros cuentos - Libros del Zorro Rojo","robots":{"index":"index","follow":"follow","max-snippet":"max-snippet:-1","max-image-preview":"max-image-preview:large","max-video-preview":"max-video-preview:-1"},"canonical":"https:\/\/librosdelzorrorojo.com\/ca\/cataleg\/el-principe-feliz-y-otros-cuentos\/","og_locale":"ca_ES","og_type":"article","og_title":"El Pr\u00edncipe Feliz y otros cuentos - Libros del Zorro Rojo","og_description":"Publicado en Londres en 1888 por la editorial David Nutt, El Pr\u00edncipe Feliz y otros cuentos de Oscar Wilde, con ilustraciones de Walter Crane y Jacomb Hood, viene recibiendo las mejores cr\u00edticas desde hace m\u00e1s de un siglo. Obra fascinante y magn\u00e9tica, que a\u00f1o tras a\u00f1o se reedita en tantas lenguas porque fue un cl\u00e1sico [&hellip;]","og_url":"https:\/\/librosdelzorrorojo.com\/ca\/cataleg\/el-principe-feliz-y-otros-cuentos\/","og_site_name":"Libros del Zorro Rojo","article_modified_time":"2024-12-13T10:58:45+00:00","og_image":[{"width":850,"height":1290,"url":"https:\/\/librosdelzorrorojo.com\/wp-content\/uploads\/2023\/07\/COVER_PRINCIPE-FELIZ_WEB-1.jpg","type":"image\/jpeg"}],"twitter_card":"summary_large_image","twitter_misc":{"Temps estimat de lectura":"1 minut"},"schema":{"@context":"https:\/\/schema.org","@graph":[{"@type":"WebPage","@id":"https:\/\/librosdelzorrorojo.com\/ca\/cataleg\/el-principe-feliz-y-otros-cuentos\/","url":"https:\/\/librosdelzorrorojo.com\/ca\/cataleg\/el-principe-feliz-y-otros-cuentos\/","name":"El Pr\u00edncipe Feliz y otros cuentos - Libros del Zorro Rojo","isPartOf":{"@id":"https:\/\/librosdelzorrorojo.com\/#website"},"primaryImageOfPage":{"@id":"https:\/\/librosdelzorrorojo.com\/ca\/cataleg\/el-principe-feliz-y-otros-cuentos\/#primaryimage"},"image":{"@id":"https:\/\/librosdelzorrorojo.com\/ca\/cataleg\/el-principe-feliz-y-otros-cuentos\/#primaryimage"},"thumbnailUrl":"https:\/\/librosdelzorrorojo.com\/wp-content\/uploads\/2023\/07\/COVER_PRINCIPE-FELIZ_WEB-1.jpg","datePublished":"2023-09-20T11:17:01+00:00","dateModified":"2024-12-13T10:58:45+00:00","breadcrumb":{"@id":"https:\/\/librosdelzorrorojo.com\/ca\/cataleg\/el-principe-feliz-y-otros-cuentos\/#breadcrumb"},"inLanguage":"ca","potentialAction":[{"@type":"ReadAction","target":["https:\/\/librosdelzorrorojo.com\/ca\/cataleg\/el-principe-feliz-y-otros-cuentos\/"]}]},{"@type":"ImageObject","inLanguage":"ca","@id":"https:\/\/librosdelzorrorojo.com\/ca\/cataleg\/el-principe-feliz-y-otros-cuentos\/#primaryimage","url":"https:\/\/librosdelzorrorojo.com\/wp-content\/uploads\/2023\/07\/COVER_PRINCIPE-FELIZ_WEB-1.jpg","contentUrl":"https:\/\/librosdelzorrorojo.com\/wp-content\/uploads\/2023\/07\/COVER_PRINCIPE-FELIZ_WEB-1.jpg","width":850,"height":1290,"caption":"COVER PRINCIPE FELIZ WEB 1"},{"@type":"BreadcrumbList","@id":"https:\/\/librosdelzorrorojo.com\/ca\/cataleg\/el-principe-feliz-y-otros-cuentos\/#breadcrumb","itemListElement":[{"@type":"ListItem","position":1,"name":"Portada","item":"https:\/\/librosdelzorrorojo.com\/ca\/"},{"@type":"ListItem","position":2,"name":"Cat\u00e0leg","item":"https:\/\/librosdelzorrorojo.com\/ca\/cataleg\/"},{"@type":"ListItem","position":3,"name":"El Pr\u00edncipe Feliz y otros cuentos"}]},{"@type":"WebSite","@id":"https:\/\/librosdelzorrorojo.com\/#website","url":"https:\/\/librosdelzorrorojo.com\/","name":"Libros del Zorro Rojo","description":"Libros ilustrados","potentialAction":[{"@type":"SearchAction","target":{"@type":"EntryPoint","urlTemplate":"https:\/\/librosdelzorrorojo.com\/?s={search_term_string}"},"query-input":{"@type":"PropertyValueSpecification","valueRequired":true,"valueName":"search_term_string"}}],"inLanguage":"ca"}]}},"_links":{"self":[{"href":"https:\/\/librosdelzorrorojo.com\/ca\/wp-json\/wp\/v2\/product\/26118","targetHints":{"allow":["GET"]}}],"collection":[{"href":"https:\/\/librosdelzorrorojo.com\/ca\/wp-json\/wp\/v2\/product"}],"about":[{"href":"https:\/\/librosdelzorrorojo.com\/ca\/wp-json\/wp\/v2\/types\/product"}],"wp:featuredmedia":[{"embeddable":true,"href":"https:\/\/librosdelzorrorojo.com\/ca\/wp-json\/wp\/v2\/media\/26125"}],"wp:attachment":[{"href":"https:\/\/librosdelzorrorojo.com\/ca\/wp-json\/wp\/v2\/media?parent=26118"}],"wp:term":[{"taxonomy":"product_brand","embeddable":true,"href":"https:\/\/librosdelzorrorojo.com\/ca\/wp-json\/wp\/v2\/product_brand?post=26118"},{"taxonomy":"product_cat","embeddable":true,"href":"https:\/\/librosdelzorrorojo.com\/ca\/wp-json\/wp\/v2\/product_cat?post=26118"},{"taxonomy":"product_tag","embeddable":true,"href":"https:\/\/librosdelzorrorojo.com\/ca\/wp-json\/wp\/v2\/product_tag?post=26118"}],"curies":[{"name":"wp","href":"https:\/\/api.w.org\/{rel}","templated":true}]}}