{"id":25903,"date":"2023-09-05T15:28:17","date_gmt":"2023-09-05T13:28:17","guid":{"rendered":"https:\/\/librosdelzorrorojo.com\/?post_type=product&#038;p=25903"},"modified":"2026-03-03T06:41:43","modified_gmt":"2026-03-03T05:41:43","slug":"bestioles-el-linx","status":"publish","type":"product","link":"https:\/\/librosdelzorrorojo.com\/ca\/cataleg\/bestioles-el-linx\/","title":{"rendered":"Bestioles. El linx"},"content":{"rendered":"<div>\n<p><span lang=\"CA\">Per qu\u00e8 es diu que alg\u00fa t\u00e9 \u00abvista de linx\u00bb quan veu molt b\u00e9? Per a qu\u00e8 serveixen els p\u00e8ls que t\u00e9 el linx en les orelles? Qu\u00e8 li agrada menjar i quin aliment, literalment, no pot empassar?<\/span><\/p>\n<p><span lang=\"CA\">Qui no ha imaginat alguna vegada que pot parlar amb els animals? Aquesta fantasia cobra forma en les il\u00b7lustracions de Julie Colombet del primer t\u00edtol de la s\u00e8rie Bestioles, on seguim les aventures d\u2019un exemplar de linx for\u00e7a esmunyed\u00eds. Quan arribi l\u2019\u00e8poca d\u2019aparellament, malgrat la seva naturalesa solit\u00e0ria, el linx podr\u00e0 trobar a la seva estimada? Aviat ho sabrem, perqu\u00e8 en aquest llibre ens ha perm\u00e8s acompanyar-li\u2026 a una certa dist\u00e0ncia. Heus aqu\u00ed una oportunitat perfecta per con\u00e8ixer l\u2019h\u00e0bitat d\u2019aquest misteri\u00f3s fel\u00ed i alguns detalls sobre la seva forma de vida.<\/span><\/p>\n<p><span lang=\"CA\">Cada t\u00edtol de la col\u00b7lecci\u00f3 convida a descobrir el m\u00f3n d\u2019una \u00abbestiola\u00bb des d\u2019un enfocament cient\u00edfic i humor\u00edstic. Participa en la conversa! Descobreix qu\u00e8 es diuen animals i humans i com viuen les diverses criatures amb les quals compartim el planeta en els pr\u00f2xims t\u00edtols: <i>La marmota, El poll<\/i> i <i>La merla.<\/i><\/span><\/p>\n<p><img decoding=\"async\" src=\"https:\/\/librosdelzorrorojo.com\/wp-content\/uploads\/2024\/10\/ICEC.jpg\" alt=\"\" width=\"380\" height=\"85\" class=\"alignnone size-full wp-image-29096\" \/><\/p>\n<\/div>\n","protected":false},"excerpt":{"rendered":"Per qu\u00e8 es diu que alg\u00fa t\u00e9 \u00abvista de linx\u00bb quan veu molt b\u00e9? Per a qu\u00e8 serveixen els p\u00e8ls que t\u00e9 el linx en les orelles? Qu\u00e8 li agrada menjar i quin aliment, literalment, no pot empassar? Qui no ha imaginat alguna vegada que pot parlar amb els animals? Aquesta fantasia cobra forma en [&hellip;]","protected":false},"featured_media":25985,"template":"","meta":{"_acf_changed":false},"product_brand":[],"product_cat":[840,843,839],"product_tag":[],"class_list":{"0":"post-25903","1":"product","2":"type-product","3":"status-publish","4":"has-post-thumbnail","6":"product_cat-catala","7":"product_cat-infantiles-ca","8":"product_cat-zona-kids-ca","9":"vinculo-animalitos-el-lince","11":"first","12":"instock","13":"taxable","14":"shipping-taxable","15":"purchasable","16":"product-type-simple"},"acf":[],"yoast_head":"<!-- This site is optimized with the Yoast SEO plugin v25.1 - https:\/\/yoast.com\/wordpress\/plugins\/seo\/ -->\n<title>Bestioles. El linx - Libros del Zorro Rojo<\/title>\n<meta name=\"robots\" content=\"index, follow, max-snippet:-1, max-image-preview:large, max-video-preview:-1\" \/>\n<link rel=\"canonical\" href=\"https:\/\/librosdelzorrorojo.com\/ca\/cataleg\/bestioles-el-linx\/\" \/>\n<meta property=\"og:locale\" content=\"ca_ES\" \/>\n<meta property=\"og:type\" content=\"article\" \/>\n<meta property=\"og:title\" content=\"Bestioles. El linx - Libros del Zorro Rojo\" \/>\n<meta property=\"og:description\" content=\"Per qu\u00e8 es diu que alg\u00fa t\u00e9 \u00abvista de linx\u00bb quan veu molt b\u00e9? Per a qu\u00e8 serveixen els p\u00e8ls que t\u00e9 el linx en les orelles? Qu\u00e8 li agrada menjar i quin aliment, literalment, no pot empassar? Qui no ha imaginat alguna vegada que pot parlar amb els animals? Aquesta fantasia cobra forma en [&hellip;]\" \/>\n<meta property=\"og:url\" content=\"https:\/\/librosdelzorrorojo.com\/ca\/cataleg\/bestioles-el-linx\/\" \/>\n<meta property=\"og:site_name\" content=\"Libros del Zorro Rojo\" \/>\n<meta property=\"article:modified_time\" content=\"2026-03-03T05:41:43+00:00\" \/>\n<meta property=\"og:image\" content=\"https:\/\/librosdelzorrorojo.com\/wp-content\/uploads\/2023\/07\/COVER_Lince_WEB.jpg\" \/>\n\t<meta property=\"og:image:width\" content=\"850\" \/>\n\t<meta property=\"og:image:height\" content=\"1307\" \/>\n\t<meta property=\"og:image:type\" content=\"image\/jpeg\" \/>\n<meta name=\"twitter:card\" content=\"summary_large_image\" \/>\n<meta name=\"twitter:label1\" content=\"Temps estimat de lectura\" \/>\n\t<meta name=\"twitter:data1\" content=\"3 minuts\" \/>\n<script type=\"application\/ld+json\" class=\"yoast-schema-graph\">{\"@context\":\"https:\/\/schema.org\",\"@graph\":[{\"@type\":\"WebPage\",\"@id\":\"https:\/\/librosdelzorrorojo.com\/ca\/cataleg\/bestioles-el-linx\/\",\"url\":\"https:\/\/librosdelzorrorojo.com\/ca\/cataleg\/bestioles-el-linx\/\",\"name\":\"Bestioles. El linx - Libros del Zorro Rojo\",\"isPartOf\":{\"@id\":\"https:\/\/librosdelzorrorojo.com\/#website\"},\"primaryImageOfPage\":{\"@id\":\"https:\/\/librosdelzorrorojo.com\/ca\/cataleg\/bestioles-el-linx\/#primaryimage\"},\"image\":{\"@id\":\"https:\/\/librosdelzorrorojo.com\/ca\/cataleg\/bestioles-el-linx\/#primaryimage\"},\"thumbnailUrl\":\"https:\/\/librosdelzorrorojo.com\/wp-content\/uploads\/2023\/07\/COVER_Lince_WEB.jpg\",\"datePublished\":\"2023-09-05T13:28:17+00:00\",\"dateModified\":\"2026-03-03T05:41:43+00:00\",\"breadcrumb\":{\"@id\":\"https:\/\/librosdelzorrorojo.com\/ca\/cataleg\/bestioles-el-linx\/#breadcrumb\"},\"inLanguage\":\"ca\",\"potentialAction\":[{\"@type\":\"ReadAction\",\"target\":[\"https:\/\/librosdelzorrorojo.com\/ca\/cataleg\/bestioles-el-linx\/\"]}]},{\"@type\":\"ImageObject\",\"inLanguage\":\"ca\",\"@id\":\"https:\/\/librosdelzorrorojo.com\/ca\/cataleg\/bestioles-el-linx\/#primaryimage\",\"url\":\"https:\/\/librosdelzorrorojo.com\/wp-content\/uploads\/2023\/07\/COVER_Lince_WEB.jpg\",\"contentUrl\":\"https:\/\/librosdelzorrorojo.com\/wp-content\/uploads\/2023\/07\/COVER_Lince_WEB.jpg\",\"width\":850,\"height\":1307,\"caption\":\"COVER Lince WEB\"},{\"@type\":\"BreadcrumbList\",\"@id\":\"https:\/\/librosdelzorrorojo.com\/ca\/cataleg\/bestioles-el-linx\/#breadcrumb\",\"itemListElement\":[{\"@type\":\"ListItem\",\"position\":1,\"name\":\"Portada\",\"item\":\"https:\/\/librosdelzorrorojo.com\/ca\/\"},{\"@type\":\"ListItem\",\"position\":2,\"name\":\"Cat\u00e0leg\",\"item\":\"https:\/\/librosdelzorrorojo.com\/ca\/cataleg\/\"},{\"@type\":\"ListItem\",\"position\":3,\"name\":\"Bestioles. El linx\"}]},{\"@type\":\"WebSite\",\"@id\":\"https:\/\/librosdelzorrorojo.com\/#website\",\"url\":\"https:\/\/librosdelzorrorojo.com\/\",\"name\":\"Libros del Zorro Rojo\",\"description\":\"Libros ilustrados\",\"potentialAction\":[{\"@type\":\"SearchAction\",\"target\":{\"@type\":\"EntryPoint\",\"urlTemplate\":\"https:\/\/librosdelzorrorojo.com\/?s={search_term_string}\"},\"query-input\":{\"@type\":\"PropertyValueSpecification\",\"valueRequired\":true,\"valueName\":\"search_term_string\"}}],\"inLanguage\":\"ca\"}]}<\/script>\n<!-- \/ Yoast SEO plugin. -->","yoast_head_json":{"title":"Bestioles. El linx - Libros del Zorro Rojo","robots":{"index":"index","follow":"follow","max-snippet":"max-snippet:-1","max-image-preview":"max-image-preview:large","max-video-preview":"max-video-preview:-1"},"canonical":"https:\/\/librosdelzorrorojo.com\/ca\/cataleg\/bestioles-el-linx\/","og_locale":"ca_ES","og_type":"article","og_title":"Bestioles. El linx - Libros del Zorro Rojo","og_description":"Per qu\u00e8 es diu que alg\u00fa t\u00e9 \u00abvista de linx\u00bb quan veu molt b\u00e9? Per a qu\u00e8 serveixen els p\u00e8ls que t\u00e9 el linx en les orelles? Qu\u00e8 li agrada menjar i quin aliment, literalment, no pot empassar? Qui no ha imaginat alguna vegada que pot parlar amb els animals? Aquesta fantasia cobra forma en [&hellip;]","og_url":"https:\/\/librosdelzorrorojo.com\/ca\/cataleg\/bestioles-el-linx\/","og_site_name":"Libros del Zorro Rojo","article_modified_time":"2026-03-03T05:41:43+00:00","og_image":[{"width":850,"height":1307,"url":"https:\/\/librosdelzorrorojo.com\/wp-content\/uploads\/2023\/07\/COVER_Lince_WEB.jpg","type":"image\/jpeg"}],"twitter_card":"summary_large_image","twitter_misc":{"Temps estimat de lectura":"3 minuts"},"schema":{"@context":"https:\/\/schema.org","@graph":[{"@type":"WebPage","@id":"https:\/\/librosdelzorrorojo.com\/ca\/cataleg\/bestioles-el-linx\/","url":"https:\/\/librosdelzorrorojo.com\/ca\/cataleg\/bestioles-el-linx\/","name":"Bestioles. El linx - Libros del Zorro Rojo","isPartOf":{"@id":"https:\/\/librosdelzorrorojo.com\/#website"},"primaryImageOfPage":{"@id":"https:\/\/librosdelzorrorojo.com\/ca\/cataleg\/bestioles-el-linx\/#primaryimage"},"image":{"@id":"https:\/\/librosdelzorrorojo.com\/ca\/cataleg\/bestioles-el-linx\/#primaryimage"},"thumbnailUrl":"https:\/\/librosdelzorrorojo.com\/wp-content\/uploads\/2023\/07\/COVER_Lince_WEB.jpg","datePublished":"2023-09-05T13:28:17+00:00","dateModified":"2026-03-03T05:41:43+00:00","breadcrumb":{"@id":"https:\/\/librosdelzorrorojo.com\/ca\/cataleg\/bestioles-el-linx\/#breadcrumb"},"inLanguage":"ca","potentialAction":[{"@type":"ReadAction","target":["https:\/\/librosdelzorrorojo.com\/ca\/cataleg\/bestioles-el-linx\/"]}]},{"@type":"ImageObject","inLanguage":"ca","@id":"https:\/\/librosdelzorrorojo.com\/ca\/cataleg\/bestioles-el-linx\/#primaryimage","url":"https:\/\/librosdelzorrorojo.com\/wp-content\/uploads\/2023\/07\/COVER_Lince_WEB.jpg","contentUrl":"https:\/\/librosdelzorrorojo.com\/wp-content\/uploads\/2023\/07\/COVER_Lince_WEB.jpg","width":850,"height":1307,"caption":"COVER Lince WEB"},{"@type":"BreadcrumbList","@id":"https:\/\/librosdelzorrorojo.com\/ca\/cataleg\/bestioles-el-linx\/#breadcrumb","itemListElement":[{"@type":"ListItem","position":1,"name":"Portada","item":"https:\/\/librosdelzorrorojo.com\/ca\/"},{"@type":"ListItem","position":2,"name":"Cat\u00e0leg","item":"https:\/\/librosdelzorrorojo.com\/ca\/cataleg\/"},{"@type":"ListItem","position":3,"name":"Bestioles. El linx"}]},{"@type":"WebSite","@id":"https:\/\/librosdelzorrorojo.com\/#website","url":"https:\/\/librosdelzorrorojo.com\/","name":"Libros del Zorro Rojo","description":"Libros ilustrados","potentialAction":[{"@type":"SearchAction","target":{"@type":"EntryPoint","urlTemplate":"https:\/\/librosdelzorrorojo.com\/?s={search_term_string}"},"query-input":{"@type":"PropertyValueSpecification","valueRequired":true,"valueName":"search_term_string"}}],"inLanguage":"ca"}]}},"_links":{"self":[{"href":"https:\/\/librosdelzorrorojo.com\/ca\/wp-json\/wp\/v2\/product\/25903","targetHints":{"allow":["GET"]}}],"collection":[{"href":"https:\/\/librosdelzorrorojo.com\/ca\/wp-json\/wp\/v2\/product"}],"about":[{"href":"https:\/\/librosdelzorrorojo.com\/ca\/wp-json\/wp\/v2\/types\/product"}],"wp:featuredmedia":[{"embeddable":true,"href":"https:\/\/librosdelzorrorojo.com\/ca\/wp-json\/wp\/v2\/media\/25985"}],"wp:attachment":[{"href":"https:\/\/librosdelzorrorojo.com\/ca\/wp-json\/wp\/v2\/media?parent=25903"}],"wp:term":[{"taxonomy":"product_brand","embeddable":true,"href":"https:\/\/librosdelzorrorojo.com\/ca\/wp-json\/wp\/v2\/product_brand?post=25903"},{"taxonomy":"product_cat","embeddable":true,"href":"https:\/\/librosdelzorrorojo.com\/ca\/wp-json\/wp\/v2\/product_cat?post=25903"},{"taxonomy":"product_tag","embeddable":true,"href":"https:\/\/librosdelzorrorojo.com\/ca\/wp-json\/wp\/v2\/product_tag?post=25903"}],"curies":[{"name":"wp","href":"https:\/\/api.w.org\/{rel}","templated":true}]}}