{"id":25902,"date":"2023-09-06T09:16:45","date_gmt":"2023-09-06T07:16:45","guid":{"rendered":"https:\/\/librosdelzorrorojo.com\/catalogo\/animalitos-el-lince\/"},"modified":"2024-12-13T11:34:55","modified_gmt":"2024-12-13T10:34:55","slug":"animalitos-el-lince","status":"publish","type":"product","link":"https:\/\/librosdelzorrorojo.com\/ca\/cataleg\/animalitos-el-lince\/","title":{"rendered":"Animalitos. El lince"},"content":{"rendered":"<p>\u00bfPor qu\u00e9 se dice que alguien tiene \u00abvista de lince\u00bb cuando ve muy bien? \u00bfPara qu\u00e9 sirven los pelitos que tiene el lince en las orejas? \u00bfQu\u00e9 le gusta comer y qu\u00e9, literalmente, no puede tragar?<\/p>\n<p>\u00bfQui\u00e9n no ha imaginado alguna vez que puede hablar con los animales? Esta fantas\u00eda cobra forma en las ilustraciones de Julie Colombet del primer t\u00edtulo de la serie Animalitos, donde seguimos las andanzas de un escurridizo ejemplar de lince. Cuando llegue la \u00e9poca de apareamiento, pese a su naturaleza solitaria, \u00bfpodr\u00e1 el lince encontrar a su amada? Pronto lo sabremos, porque en este libro nos ha permitido acompa\u00f1arle\u2026 a cierta distancia. He aqu\u00ed una oportunidad perfecta para conocer el h\u00e1bitat de este misterioso felino y algunos detalles sobre su forma de vida.<\/p>\n<p>Cada t\u00edtulo de la colecci\u00f3n invita a descubrir el mundo de un \u00abanimalito\u00bb desde un enfoque cient\u00edfico y humor\u00edstico. \u00a1Participa en la conversaci\u00f3n! Descubre qu\u00e9 se dicen animales y humanos, c\u00f3mo viven las diversas criaturas con las que compartimos el planeta en los pr\u00f3ximos t\u00edtulos: <i>La marmota, El piojo<\/i> y <i>El mirlo.<\/i><\/p>\n<p><img decoding=\"async\" src=\"https:\/\/librosdelzorrorojo.com\/wp-content\/uploads\/2024\/10\/ICEC.jpg\" alt=\"\" width=\"380\" height=\"85\" class=\"alignnone size-full wp-image-29095\" \/><\/p>\n","protected":false},"excerpt":{"rendered":"\u00bfPor qu\u00e9 se dice que alguien tiene \u00abvista de lince\u00bb cuando ve muy bien? \u00bfPara qu\u00e9 sirven los pelitos que tiene el lince en las orejas? \u00bfQu\u00e9 le gusta comer y qu\u00e9, literalmente, no puede tragar? \u00bfQui\u00e9n no ha imaginado alguna vez que puede hablar con los animales? Esta fantas\u00eda cobra forma en las ilustraciones [&hellip;]","protected":false},"featured_media":27163,"template":"","meta":{"_acf_changed":false},"product_brand":[],"product_cat":[844,843,839],"product_tag":[],"class_list":{"0":"post-25902","1":"product","2":"type-product","3":"status-publish","4":"has-post-thumbnail","6":"product_cat-castella","7":"product_cat-infantiles-ca","8":"product_cat-zona-kids-ca","9":"vinculo-animalitos-el-lince","11":"first","12":"instock","13":"taxable","14":"shipping-taxable","15":"purchasable","16":"product-type-simple"},"acf":[],"yoast_head":"<!-- This site is optimized with the Yoast SEO plugin v25.1 - https:\/\/yoast.com\/wordpress\/plugins\/seo\/ -->\n<title>Animalitos. El lince - Libros del Zorro Rojo<\/title>\n<meta name=\"robots\" content=\"index, follow, max-snippet:-1, max-image-preview:large, max-video-preview:-1\" \/>\n<link rel=\"canonical\" href=\"https:\/\/librosdelzorrorojo.com\/ca\/cataleg\/animalitos-el-lince\/\" \/>\n<meta property=\"og:locale\" content=\"ca_ES\" \/>\n<meta property=\"og:type\" content=\"article\" \/>\n<meta property=\"og:title\" content=\"Animalitos. El lince - Libros del Zorro Rojo\" \/>\n<meta property=\"og:description\" content=\"\u00bfPor qu\u00e9 se dice que alguien tiene \u00abvista de lince\u00bb cuando ve muy bien? \u00bfPara qu\u00e9 sirven los pelitos que tiene el lince en las orejas? \u00bfQu\u00e9 le gusta comer y qu\u00e9, literalmente, no puede tragar? \u00bfQui\u00e9n no ha imaginado alguna vez que puede hablar con los animales? Esta fantas\u00eda cobra forma en las ilustraciones [&hellip;]\" \/>\n<meta property=\"og:url\" content=\"https:\/\/librosdelzorrorojo.com\/ca\/cataleg\/animalitos-el-lince\/\" \/>\n<meta property=\"og:site_name\" content=\"Libros del Zorro Rojo\" \/>\n<meta property=\"article:modified_time\" content=\"2024-12-13T10:34:55+00:00\" \/>\n<meta property=\"og:image\" content=\"https:\/\/librosdelzorrorojo.com\/wp-content\/uploads\/2023\/09\/COVER_Lince_WEB.jpg\" \/>\n\t<meta property=\"og:image:width\" content=\"850\" \/>\n\t<meta property=\"og:image:height\" content=\"1307\" \/>\n\t<meta property=\"og:image:type\" content=\"image\/jpeg\" \/>\n<meta name=\"twitter:card\" content=\"summary_large_image\" \/>\n<meta name=\"twitter:label1\" content=\"Temps estimat de lectura\" \/>\n\t<meta name=\"twitter:data1\" content=\"1 minut\" \/>\n<script type=\"application\/ld+json\" class=\"yoast-schema-graph\">{\"@context\":\"https:\/\/schema.org\",\"@graph\":[{\"@type\":\"WebPage\",\"@id\":\"https:\/\/librosdelzorrorojo.com\/ca\/cataleg\/animalitos-el-lince\/\",\"url\":\"https:\/\/librosdelzorrorojo.com\/ca\/cataleg\/animalitos-el-lince\/\",\"name\":\"Animalitos. El lince - Libros del Zorro Rojo\",\"isPartOf\":{\"@id\":\"https:\/\/librosdelzorrorojo.com\/#website\"},\"primaryImageOfPage\":{\"@id\":\"https:\/\/librosdelzorrorojo.com\/ca\/cataleg\/animalitos-el-lince\/#primaryimage\"},\"image\":{\"@id\":\"https:\/\/librosdelzorrorojo.com\/ca\/cataleg\/animalitos-el-lince\/#primaryimage\"},\"thumbnailUrl\":\"https:\/\/librosdelzorrorojo.com\/wp-content\/uploads\/2023\/09\/COVER_Lince_WEB.jpg\",\"datePublished\":\"2023-09-06T07:16:45+00:00\",\"dateModified\":\"2024-12-13T10:34:55+00:00\",\"breadcrumb\":{\"@id\":\"https:\/\/librosdelzorrorojo.com\/ca\/cataleg\/animalitos-el-lince\/#breadcrumb\"},\"inLanguage\":\"ca\",\"potentialAction\":[{\"@type\":\"ReadAction\",\"target\":[\"https:\/\/librosdelzorrorojo.com\/ca\/cataleg\/animalitos-el-lince\/\"]}]},{\"@type\":\"ImageObject\",\"inLanguage\":\"ca\",\"@id\":\"https:\/\/librosdelzorrorojo.com\/ca\/cataleg\/animalitos-el-lince\/#primaryimage\",\"url\":\"https:\/\/librosdelzorrorojo.com\/wp-content\/uploads\/2023\/09\/COVER_Lince_WEB.jpg\",\"contentUrl\":\"https:\/\/librosdelzorrorojo.com\/wp-content\/uploads\/2023\/09\/COVER_Lince_WEB.jpg\",\"width\":850,\"height\":1307,\"caption\":\"COVER Lince WEB\"},{\"@type\":\"BreadcrumbList\",\"@id\":\"https:\/\/librosdelzorrorojo.com\/ca\/cataleg\/animalitos-el-lince\/#breadcrumb\",\"itemListElement\":[{\"@type\":\"ListItem\",\"position\":1,\"name\":\"Portada\",\"item\":\"https:\/\/librosdelzorrorojo.com\/ca\/\"},{\"@type\":\"ListItem\",\"position\":2,\"name\":\"Cat\u00e0leg\",\"item\":\"https:\/\/librosdelzorrorojo.com\/ca\/cataleg\/\"},{\"@type\":\"ListItem\",\"position\":3,\"name\":\"Animalitos. El lince\"}]},{\"@type\":\"WebSite\",\"@id\":\"https:\/\/librosdelzorrorojo.com\/#website\",\"url\":\"https:\/\/librosdelzorrorojo.com\/\",\"name\":\"Libros del Zorro Rojo\",\"description\":\"Libros ilustrados\",\"potentialAction\":[{\"@type\":\"SearchAction\",\"target\":{\"@type\":\"EntryPoint\",\"urlTemplate\":\"https:\/\/librosdelzorrorojo.com\/?s={search_term_string}\"},\"query-input\":{\"@type\":\"PropertyValueSpecification\",\"valueRequired\":true,\"valueName\":\"search_term_string\"}}],\"inLanguage\":\"ca\"}]}<\/script>\n<!-- \/ Yoast SEO plugin. -->","yoast_head_json":{"title":"Animalitos. El lince - Libros del Zorro Rojo","robots":{"index":"index","follow":"follow","max-snippet":"max-snippet:-1","max-image-preview":"max-image-preview:large","max-video-preview":"max-video-preview:-1"},"canonical":"https:\/\/librosdelzorrorojo.com\/ca\/cataleg\/animalitos-el-lince\/","og_locale":"ca_ES","og_type":"article","og_title":"Animalitos. El lince - Libros del Zorro Rojo","og_description":"\u00bfPor qu\u00e9 se dice que alguien tiene \u00abvista de lince\u00bb cuando ve muy bien? \u00bfPara qu\u00e9 sirven los pelitos que tiene el lince en las orejas? \u00bfQu\u00e9 le gusta comer y qu\u00e9, literalmente, no puede tragar? \u00bfQui\u00e9n no ha imaginado alguna vez que puede hablar con los animales? Esta fantas\u00eda cobra forma en las ilustraciones [&hellip;]","og_url":"https:\/\/librosdelzorrorojo.com\/ca\/cataleg\/animalitos-el-lince\/","og_site_name":"Libros del Zorro Rojo","article_modified_time":"2024-12-13T10:34:55+00:00","og_image":[{"width":850,"height":1307,"url":"https:\/\/librosdelzorrorojo.com\/wp-content\/uploads\/2023\/09\/COVER_Lince_WEB.jpg","type":"image\/jpeg"}],"twitter_card":"summary_large_image","twitter_misc":{"Temps estimat de lectura":"1 minut"},"schema":{"@context":"https:\/\/schema.org","@graph":[{"@type":"WebPage","@id":"https:\/\/librosdelzorrorojo.com\/ca\/cataleg\/animalitos-el-lince\/","url":"https:\/\/librosdelzorrorojo.com\/ca\/cataleg\/animalitos-el-lince\/","name":"Animalitos. El lince - Libros del Zorro Rojo","isPartOf":{"@id":"https:\/\/librosdelzorrorojo.com\/#website"},"primaryImageOfPage":{"@id":"https:\/\/librosdelzorrorojo.com\/ca\/cataleg\/animalitos-el-lince\/#primaryimage"},"image":{"@id":"https:\/\/librosdelzorrorojo.com\/ca\/cataleg\/animalitos-el-lince\/#primaryimage"},"thumbnailUrl":"https:\/\/librosdelzorrorojo.com\/wp-content\/uploads\/2023\/09\/COVER_Lince_WEB.jpg","datePublished":"2023-09-06T07:16:45+00:00","dateModified":"2024-12-13T10:34:55+00:00","breadcrumb":{"@id":"https:\/\/librosdelzorrorojo.com\/ca\/cataleg\/animalitos-el-lince\/#breadcrumb"},"inLanguage":"ca","potentialAction":[{"@type":"ReadAction","target":["https:\/\/librosdelzorrorojo.com\/ca\/cataleg\/animalitos-el-lince\/"]}]},{"@type":"ImageObject","inLanguage":"ca","@id":"https:\/\/librosdelzorrorojo.com\/ca\/cataleg\/animalitos-el-lince\/#primaryimage","url":"https:\/\/librosdelzorrorojo.com\/wp-content\/uploads\/2023\/09\/COVER_Lince_WEB.jpg","contentUrl":"https:\/\/librosdelzorrorojo.com\/wp-content\/uploads\/2023\/09\/COVER_Lince_WEB.jpg","width":850,"height":1307,"caption":"COVER Lince WEB"},{"@type":"BreadcrumbList","@id":"https:\/\/librosdelzorrorojo.com\/ca\/cataleg\/animalitos-el-lince\/#breadcrumb","itemListElement":[{"@type":"ListItem","position":1,"name":"Portada","item":"https:\/\/librosdelzorrorojo.com\/ca\/"},{"@type":"ListItem","position":2,"name":"Cat\u00e0leg","item":"https:\/\/librosdelzorrorojo.com\/ca\/cataleg\/"},{"@type":"ListItem","position":3,"name":"Animalitos. El lince"}]},{"@type":"WebSite","@id":"https:\/\/librosdelzorrorojo.com\/#website","url":"https:\/\/librosdelzorrorojo.com\/","name":"Libros del Zorro Rojo","description":"Libros ilustrados","potentialAction":[{"@type":"SearchAction","target":{"@type":"EntryPoint","urlTemplate":"https:\/\/librosdelzorrorojo.com\/?s={search_term_string}"},"query-input":{"@type":"PropertyValueSpecification","valueRequired":true,"valueName":"search_term_string"}}],"inLanguage":"ca"}]}},"_links":{"self":[{"href":"https:\/\/librosdelzorrorojo.com\/ca\/wp-json\/wp\/v2\/product\/25902","targetHints":{"allow":["GET"]}}],"collection":[{"href":"https:\/\/librosdelzorrorojo.com\/ca\/wp-json\/wp\/v2\/product"}],"about":[{"href":"https:\/\/librosdelzorrorojo.com\/ca\/wp-json\/wp\/v2\/types\/product"}],"wp:featuredmedia":[{"embeddable":true,"href":"https:\/\/librosdelzorrorojo.com\/ca\/wp-json\/wp\/v2\/media\/27163"}],"wp:attachment":[{"href":"https:\/\/librosdelzorrorojo.com\/ca\/wp-json\/wp\/v2\/media?parent=25902"}],"wp:term":[{"taxonomy":"product_brand","embeddable":true,"href":"https:\/\/librosdelzorrorojo.com\/ca\/wp-json\/wp\/v2\/product_brand?post=25902"},{"taxonomy":"product_cat","embeddable":true,"href":"https:\/\/librosdelzorrorojo.com\/ca\/wp-json\/wp\/v2\/product_cat?post=25902"},{"taxonomy":"product_tag","embeddable":true,"href":"https:\/\/librosdelzorrorojo.com\/ca\/wp-json\/wp\/v2\/product_tag?post=25902"}],"curies":[{"name":"wp","href":"https:\/\/api.w.org\/{rel}","templated":true}]}}