{"id":25883,"date":"2023-08-30T14:12:35","date_gmt":"2023-08-30T12:12:35","guid":{"rendered":"https:\/\/librosdelzorrorojo.com\/?post_type=product&#038;p=25883"},"modified":"2025-07-16T09:12:40","modified_gmt":"2025-07-16T07:12:40","slug":"una-nit-al-jardi","status":"publish","type":"product","link":"https:\/\/librosdelzorrorojo.com\/ca\/cataleg\/una-nit-al-jardi\/","title":{"rendered":"Una nit al jard\u00ed"},"content":{"rendered":"<div>\n<p><span lang=\"CA\">Quan arriba la primavera, la naturalesa desperta lentament i les nits es tornen m\u00e9s c\u00e0lides. Quan sembla que tots dormen, en realitat passen moltes coses al jard\u00ed. Quina gran oportunitat d\u2019observar-les!<\/span><\/p>\n<p><span lang=\"CA\">En aquest \u00e0lbum, Anne Crausaz ens guia sigil\u00b7losament a trav\u00e9s d\u2019una nit de bon temps. Malgrat la foscor, descobrirem moltes coses si encenem una llanterna. I sense l\u2019ajuda d\u2019aquesta, posant una mica d\u2019atenci\u00f3, veurem aterrar una cuca de llum, que normalment nom\u00e9s percebem pel seu petit i brillant ball nocturn, o fins i tot el salt inesperat d\u2019un saltamart\u00ed. A mesura que vagi avan\u00e7ant el dia, anirem notant el cansament, per\u00f2 desitjarem la nit que vindr\u00e0.<\/span><\/p>\n<p><span lang=\"CA\">En cada p\u00e0gina doble d\u2019aquest \u00e0lbum, l\u2019autora no nom\u00e9s ofereix dades sobre la fauna i flora del jard\u00ed, sin\u00f3 que ens convida a viure en el present i meravellar-nos amb els tresors de la naturalesa.<\/span><\/p>\n<p><img decoding=\"async\" src=\"https:\/\/librosdelzorrorojo.com\/wp-content\/uploads\/2024\/10\/ICEC.jpg\" alt=\"\" width=\"380\" height=\"85\" class=\"alignnone size-full wp-image-29096\" \/><\/p>\n<\/div>\n","protected":false},"excerpt":{"rendered":"Quan arriba la primavera, la naturalesa desperta lentament i les nits es tornen m\u00e9s c\u00e0lides. Quan sembla que tots dormen, en realitat passen moltes coses al jard\u00ed. Quina gran oportunitat d\u2019observar-les! En aquest \u00e0lbum, Anne Crausaz ens guia sigil\u00b7losament a trav\u00e9s d\u2019una nit de bon temps. Malgrat la foscor, descobrirem moltes coses si encenem una [&hellip;]","protected":false},"featured_media":25884,"template":"","meta":{"_acf_changed":false},"product_brand":[],"product_cat":[840,843,839],"product_tag":[],"class_list":{"0":"post-25883","1":"product","2":"type-product","3":"status-publish","4":"has-post-thumbnail","6":"product_cat-catala","7":"product_cat-infantiles-ca","8":"product_cat-zona-kids-ca","9":"vinculo-una-noche-en-el-jardin","11":"first","12":"instock","13":"taxable","14":"shipping-taxable","15":"purchasable","16":"product-type-simple"},"acf":[],"yoast_head":"<!-- This site is optimized with the Yoast SEO plugin v25.1 - https:\/\/yoast.com\/wordpress\/plugins\/seo\/ -->\n<title>Una nit al jard\u00ed - Libros del Zorro Rojo<\/title>\n<meta name=\"robots\" content=\"index, follow, max-snippet:-1, max-image-preview:large, max-video-preview:-1\" \/>\n<link rel=\"canonical\" href=\"https:\/\/librosdelzorrorojo.com\/ca\/cataleg\/una-nit-al-jardi\/\" \/>\n<meta property=\"og:locale\" content=\"ca_ES\" \/>\n<meta property=\"og:type\" content=\"article\" \/>\n<meta property=\"og:title\" content=\"Una nit al jard\u00ed - Libros del Zorro Rojo\" \/>\n<meta property=\"og:description\" content=\"Quan arriba la primavera, la naturalesa desperta lentament i les nits es tornen m\u00e9s c\u00e0lides. Quan sembla que tots dormen, en realitat passen moltes coses al jard\u00ed. Quina gran oportunitat d\u2019observar-les! En aquest \u00e0lbum, Anne Crausaz ens guia sigil\u00b7losament a trav\u00e9s d\u2019una nit de bon temps. Malgrat la foscor, descobrirem moltes coses si encenem una [&hellip;]\" \/>\n<meta property=\"og:url\" content=\"https:\/\/librosdelzorrorojo.com\/ca\/cataleg\/una-nit-al-jardi\/\" \/>\n<meta property=\"og:site_name\" content=\"Libros del Zorro Rojo\" \/>\n<meta property=\"article:modified_time\" content=\"2025-07-16T07:12:40+00:00\" \/>\n<meta property=\"og:image\" content=\"https:\/\/librosdelzorrorojo.com\/wp-content\/uploads\/2023\/07\/COVER_Una-noche-en-el-jardin_WEB.jpg\" \/>\n\t<meta property=\"og:image:width\" content=\"850\" \/>\n\t<meta property=\"og:image:height\" content=\"1205\" \/>\n\t<meta property=\"og:image:type\" content=\"image\/jpeg\" \/>\n<meta name=\"twitter:card\" content=\"summary_large_image\" \/>\n<meta name=\"twitter:label1\" content=\"Temps estimat de lectura\" \/>\n\t<meta name=\"twitter:data1\" content=\"2 minuts\" \/>\n<script type=\"application\/ld+json\" class=\"yoast-schema-graph\">{\"@context\":\"https:\/\/schema.org\",\"@graph\":[{\"@type\":\"WebPage\",\"@id\":\"https:\/\/librosdelzorrorojo.com\/ca\/cataleg\/una-nit-al-jardi\/\",\"url\":\"https:\/\/librosdelzorrorojo.com\/ca\/cataleg\/una-nit-al-jardi\/\",\"name\":\"Una nit al jard\u00ed - Libros del Zorro Rojo\",\"isPartOf\":{\"@id\":\"https:\/\/librosdelzorrorojo.com\/#website\"},\"primaryImageOfPage\":{\"@id\":\"https:\/\/librosdelzorrorojo.com\/ca\/cataleg\/una-nit-al-jardi\/#primaryimage\"},\"image\":{\"@id\":\"https:\/\/librosdelzorrorojo.com\/ca\/cataleg\/una-nit-al-jardi\/#primaryimage\"},\"thumbnailUrl\":\"https:\/\/librosdelzorrorojo.com\/wp-content\/uploads\/2023\/07\/COVER_Una-noche-en-el-jardin_WEB.jpg\",\"datePublished\":\"2023-08-30T12:12:35+00:00\",\"dateModified\":\"2025-07-16T07:12:40+00:00\",\"breadcrumb\":{\"@id\":\"https:\/\/librosdelzorrorojo.com\/ca\/cataleg\/una-nit-al-jardi\/#breadcrumb\"},\"inLanguage\":\"ca\",\"potentialAction\":[{\"@type\":\"ReadAction\",\"target\":[\"https:\/\/librosdelzorrorojo.com\/ca\/cataleg\/una-nit-al-jardi\/\"]}]},{\"@type\":\"ImageObject\",\"inLanguage\":\"ca\",\"@id\":\"https:\/\/librosdelzorrorojo.com\/ca\/cataleg\/una-nit-al-jardi\/#primaryimage\",\"url\":\"https:\/\/librosdelzorrorojo.com\/wp-content\/uploads\/2023\/07\/COVER_Una-noche-en-el-jardin_WEB.jpg\",\"contentUrl\":\"https:\/\/librosdelzorrorojo.com\/wp-content\/uploads\/2023\/07\/COVER_Una-noche-en-el-jardin_WEB.jpg\",\"width\":850,\"height\":1205,\"caption\":\"COVER Una noche en el jardin WEB\"},{\"@type\":\"BreadcrumbList\",\"@id\":\"https:\/\/librosdelzorrorojo.com\/ca\/cataleg\/una-nit-al-jardi\/#breadcrumb\",\"itemListElement\":[{\"@type\":\"ListItem\",\"position\":1,\"name\":\"Portada\",\"item\":\"https:\/\/librosdelzorrorojo.com\/ca\/\"},{\"@type\":\"ListItem\",\"position\":2,\"name\":\"Cat\u00e0leg\",\"item\":\"https:\/\/librosdelzorrorojo.com\/ca\/cataleg\/\"},{\"@type\":\"ListItem\",\"position\":3,\"name\":\"Una nit al jard\u00ed\"}]},{\"@type\":\"WebSite\",\"@id\":\"https:\/\/librosdelzorrorojo.com\/#website\",\"url\":\"https:\/\/librosdelzorrorojo.com\/\",\"name\":\"Libros del Zorro Rojo\",\"description\":\"Libros ilustrados\",\"potentialAction\":[{\"@type\":\"SearchAction\",\"target\":{\"@type\":\"EntryPoint\",\"urlTemplate\":\"https:\/\/librosdelzorrorojo.com\/?s={search_term_string}\"},\"query-input\":{\"@type\":\"PropertyValueSpecification\",\"valueRequired\":true,\"valueName\":\"search_term_string\"}}],\"inLanguage\":\"ca\"}]}<\/script>\n<!-- \/ Yoast SEO plugin. -->","yoast_head_json":{"title":"Una nit al jard\u00ed - Libros del Zorro Rojo","robots":{"index":"index","follow":"follow","max-snippet":"max-snippet:-1","max-image-preview":"max-image-preview:large","max-video-preview":"max-video-preview:-1"},"canonical":"https:\/\/librosdelzorrorojo.com\/ca\/cataleg\/una-nit-al-jardi\/","og_locale":"ca_ES","og_type":"article","og_title":"Una nit al jard\u00ed - Libros del Zorro Rojo","og_description":"Quan arriba la primavera, la naturalesa desperta lentament i les nits es tornen m\u00e9s c\u00e0lides. Quan sembla que tots dormen, en realitat passen moltes coses al jard\u00ed. Quina gran oportunitat d\u2019observar-les! En aquest \u00e0lbum, Anne Crausaz ens guia sigil\u00b7losament a trav\u00e9s d\u2019una nit de bon temps. Malgrat la foscor, descobrirem moltes coses si encenem una [&hellip;]","og_url":"https:\/\/librosdelzorrorojo.com\/ca\/cataleg\/una-nit-al-jardi\/","og_site_name":"Libros del Zorro Rojo","article_modified_time":"2025-07-16T07:12:40+00:00","og_image":[{"width":850,"height":1205,"url":"https:\/\/librosdelzorrorojo.com\/wp-content\/uploads\/2023\/07\/COVER_Una-noche-en-el-jardin_WEB.jpg","type":"image\/jpeg"}],"twitter_card":"summary_large_image","twitter_misc":{"Temps estimat de lectura":"2 minuts"},"schema":{"@context":"https:\/\/schema.org","@graph":[{"@type":"WebPage","@id":"https:\/\/librosdelzorrorojo.com\/ca\/cataleg\/una-nit-al-jardi\/","url":"https:\/\/librosdelzorrorojo.com\/ca\/cataleg\/una-nit-al-jardi\/","name":"Una nit al jard\u00ed - Libros del Zorro Rojo","isPartOf":{"@id":"https:\/\/librosdelzorrorojo.com\/#website"},"primaryImageOfPage":{"@id":"https:\/\/librosdelzorrorojo.com\/ca\/cataleg\/una-nit-al-jardi\/#primaryimage"},"image":{"@id":"https:\/\/librosdelzorrorojo.com\/ca\/cataleg\/una-nit-al-jardi\/#primaryimage"},"thumbnailUrl":"https:\/\/librosdelzorrorojo.com\/wp-content\/uploads\/2023\/07\/COVER_Una-noche-en-el-jardin_WEB.jpg","datePublished":"2023-08-30T12:12:35+00:00","dateModified":"2025-07-16T07:12:40+00:00","breadcrumb":{"@id":"https:\/\/librosdelzorrorojo.com\/ca\/cataleg\/una-nit-al-jardi\/#breadcrumb"},"inLanguage":"ca","potentialAction":[{"@type":"ReadAction","target":["https:\/\/librosdelzorrorojo.com\/ca\/cataleg\/una-nit-al-jardi\/"]}]},{"@type":"ImageObject","inLanguage":"ca","@id":"https:\/\/librosdelzorrorojo.com\/ca\/cataleg\/una-nit-al-jardi\/#primaryimage","url":"https:\/\/librosdelzorrorojo.com\/wp-content\/uploads\/2023\/07\/COVER_Una-noche-en-el-jardin_WEB.jpg","contentUrl":"https:\/\/librosdelzorrorojo.com\/wp-content\/uploads\/2023\/07\/COVER_Una-noche-en-el-jardin_WEB.jpg","width":850,"height":1205,"caption":"COVER Una noche en el jardin WEB"},{"@type":"BreadcrumbList","@id":"https:\/\/librosdelzorrorojo.com\/ca\/cataleg\/una-nit-al-jardi\/#breadcrumb","itemListElement":[{"@type":"ListItem","position":1,"name":"Portada","item":"https:\/\/librosdelzorrorojo.com\/ca\/"},{"@type":"ListItem","position":2,"name":"Cat\u00e0leg","item":"https:\/\/librosdelzorrorojo.com\/ca\/cataleg\/"},{"@type":"ListItem","position":3,"name":"Una nit al jard\u00ed"}]},{"@type":"WebSite","@id":"https:\/\/librosdelzorrorojo.com\/#website","url":"https:\/\/librosdelzorrorojo.com\/","name":"Libros del Zorro Rojo","description":"Libros ilustrados","potentialAction":[{"@type":"SearchAction","target":{"@type":"EntryPoint","urlTemplate":"https:\/\/librosdelzorrorojo.com\/?s={search_term_string}"},"query-input":{"@type":"PropertyValueSpecification","valueRequired":true,"valueName":"search_term_string"}}],"inLanguage":"ca"}]}},"_links":{"self":[{"href":"https:\/\/librosdelzorrorojo.com\/ca\/wp-json\/wp\/v2\/product\/25883","targetHints":{"allow":["GET"]}}],"collection":[{"href":"https:\/\/librosdelzorrorojo.com\/ca\/wp-json\/wp\/v2\/product"}],"about":[{"href":"https:\/\/librosdelzorrorojo.com\/ca\/wp-json\/wp\/v2\/types\/product"}],"wp:featuredmedia":[{"embeddable":true,"href":"https:\/\/librosdelzorrorojo.com\/ca\/wp-json\/wp\/v2\/media\/25884"}],"wp:attachment":[{"href":"https:\/\/librosdelzorrorojo.com\/ca\/wp-json\/wp\/v2\/media?parent=25883"}],"wp:term":[{"taxonomy":"product_brand","embeddable":true,"href":"https:\/\/librosdelzorrorojo.com\/ca\/wp-json\/wp\/v2\/product_brand?post=25883"},{"taxonomy":"product_cat","embeddable":true,"href":"https:\/\/librosdelzorrorojo.com\/ca\/wp-json\/wp\/v2\/product_cat?post=25883"},{"taxonomy":"product_tag","embeddable":true,"href":"https:\/\/librosdelzorrorojo.com\/ca\/wp-json\/wp\/v2\/product_tag?post=25883"}],"curies":[{"name":"wp","href":"https:\/\/api.w.org\/{rel}","templated":true}]}}