{"id":2561,"date":"2017-09-01T12:00:43","date_gmt":"2017-09-01T10:00:43","guid":{"rendered":"https:\/\/produccion.librosdelzorrorojo.com\/libros\/tots-menys-un\/"},"modified":"2024-03-01T09:21:46","modified_gmt":"2024-03-01T08:21:46","slug":"tots-menys-un","status":"publish","type":"product","link":"https:\/\/librosdelzorrorojo.com\/ca\/cataleg\/tots-menys-un\/","title":{"rendered":"Tots menys un"},"content":{"rendered":"<p class=\"p1\">En una societat uniforme, qui s\u2019atreveix a ser diferent? Trencar amb la monotonia t\u00e9 un alt cost, per\u00f2 tamb\u00e9 una incre\u00efble recompensa. Aix\u00f2 \u00e9s exactament el que descobreix un petit per\u00f2 auda\u00e7 p\u00e8sol, originari d\u2019un pac\u00edfic jard\u00ed, que, mogut per la curiositat, es dedica a saltar de la seva plana per veure m\u00f3n i descobrir quins altres \u00e9ssers semblants a ell l\u2019habiten.\u00a0L\u2019autor franc\u00e8s \u00c9ric Battut deixar\u00e0 el millor pel final en un desenlla\u00e7 tendre i humor\u00edstic que calar\u00e0 en el cor de molts lectors. Un relat centrat en la satisfacci\u00f3 que produeix la gosadia i en l\u2019acceptaci\u00f3 de la pluralitat.<\/p>\n<p>&nbsp;<\/p>\n<p>&nbsp;<\/p>\n","protected":false},"excerpt":{"rendered":"<p class=\"p1\">En una societat uniforme, qui s\u2019atreveix a ser diferent? Trencar amb la monotonia t\u00e9 un alt cost, per\u00f2 tamb\u00e9 una incre\u00efble recompensa. Aix\u00f2 \u00e9s exactament el que descobreix un petit per\u00f2 auda\u00e7 p\u00e8sol, originari d\u2019un pac\u00edfic jard\u00ed, que, mogut per la curiositat, es dedica a saltar de la seva plana per veure m\u00f3n i descobrir quins altres \u00e9ssers semblants a ell l\u2019habiten.\u00a0L\u2019autor franc\u00e8s \u00c9ric Battut deixar\u00e0 el millor pel final en un desenlla\u00e7 tendre i humor\u00edstic que calar\u00e0 en el cor de molts lectors. Un relat centrat en la satisfacci\u00f3 que produeix la gosadia i en l\u2019acceptaci\u00f3 de la pluralitat.<\/p>","protected":false},"featured_media":4435,"template":"","meta":{"_acf_changed":false},"product_brand":[],"product_cat":[840],"product_tag":[],"class_list":{"0":"post-2561","1":"product","2":"type-product","3":"status-publish","4":"has-post-thumbnail","6":"product_cat-catala","7":"vinculo-todos-menos-uno","9":"first","10":"instock","11":"taxable","12":"shipping-taxable","13":"purchasable","14":"product-type-simple"},"acf":[],"yoast_head":"<!-- This site is optimized with the Yoast SEO plugin v25.1 - https:\/\/yoast.com\/wordpress\/plugins\/seo\/ -->\n<title>Tots menys un<\/title>\n<meta name=\"description\" content=\"En una societat uniforme, qui s\u2019atreveix a ser diferent? Trencar amb la monotonia t\u00e9 un alt cost, per\u00f2 tamb\u00e9 una incre\u00efble recompensa.\" \/>\n<meta name=\"robots\" content=\"index, follow, max-snippet:-1, max-image-preview:large, max-video-preview:-1\" \/>\n<link rel=\"canonical\" href=\"https:\/\/librosdelzorrorojo.com\/ca\/cataleg\/tots-menys-un\/\" \/>\n<meta property=\"og:locale\" content=\"ca_ES\" \/>\n<meta property=\"og:type\" content=\"article\" \/>\n<meta property=\"og:title\" content=\"Tots menys un\" \/>\n<meta property=\"og:description\" content=\"En una societat uniforme, qui s\u2019atreveix a ser diferent? Trencar amb la monotonia t\u00e9 un alt cost, per\u00f2 tamb\u00e9 una incre\u00efble recompensa.\" \/>\n<meta property=\"og:url\" content=\"https:\/\/librosdelzorrorojo.com\/ca\/cataleg\/tots-menys-un\/\" \/>\n<meta property=\"og:site_name\" content=\"Libros del Zorro Rojo\" \/>\n<meta property=\"article:modified_time\" content=\"2024-03-01T08:21:46+00:00\" \/>\n<meta property=\"og:image\" content=\"https:\/\/librosdelzorrorojo.com\/wp-content\/uploads\/2017\/05\/Cover-Tots-menys-un-Garamond-2017-e1525443737373.jpg\" \/>\n\t<meta property=\"og:image:width\" content=\"850\" \/>\n\t<meta property=\"og:image:height\" content=\"687\" \/>\n\t<meta property=\"og:image:type\" content=\"image\/jpeg\" \/>\n<meta name=\"twitter:card\" content=\"summary_large_image\" \/>\n<meta name=\"twitter:label1\" content=\"Temps estimat de lectura\" \/>\n\t<meta name=\"twitter:data1\" content=\"1 minut\" \/>\n<script type=\"application\/ld+json\" class=\"yoast-schema-graph\">{\"@context\":\"https:\/\/schema.org\",\"@graph\":[{\"@type\":\"WebPage\",\"@id\":\"https:\/\/librosdelzorrorojo.com\/ca\/cataleg\/tots-menys-un\/\",\"url\":\"https:\/\/librosdelzorrorojo.com\/ca\/cataleg\/tots-menys-un\/\",\"name\":\"Tots menys un\",\"isPartOf\":{\"@id\":\"https:\/\/librosdelzorrorojo.com\/#website\"},\"primaryImageOfPage\":{\"@id\":\"https:\/\/librosdelzorrorojo.com\/ca\/cataleg\/tots-menys-un\/#primaryimage\"},\"image\":{\"@id\":\"https:\/\/librosdelzorrorojo.com\/ca\/cataleg\/tots-menys-un\/#primaryimage\"},\"thumbnailUrl\":\"https:\/\/librosdelzorrorojo.com\/wp-content\/uploads\/2017\/05\/Cover-Tots-menys-un-Garamond-2017-e1525443737373.jpg\",\"datePublished\":\"2017-09-01T10:00:43+00:00\",\"dateModified\":\"2024-03-01T08:21:46+00:00\",\"description\":\"En una societat uniforme, qui s\u2019atreveix a ser diferent? Trencar amb la monotonia t\u00e9 un alt cost, per\u00f2 tamb\u00e9 una incre\u00efble recompensa.\",\"breadcrumb\":{\"@id\":\"https:\/\/librosdelzorrorojo.com\/ca\/cataleg\/tots-menys-un\/#breadcrumb\"},\"inLanguage\":\"ca\",\"potentialAction\":[{\"@type\":\"ReadAction\",\"target\":[\"https:\/\/librosdelzorrorojo.com\/ca\/cataleg\/tots-menys-un\/\"]}]},{\"@type\":\"ImageObject\",\"inLanguage\":\"ca\",\"@id\":\"https:\/\/librosdelzorrorojo.com\/ca\/cataleg\/tots-menys-un\/#primaryimage\",\"url\":\"https:\/\/librosdelzorrorojo.com\/wp-content\/uploads\/2017\/05\/Cover-Tots-menys-un-Garamond-2017-e1525443737373.jpg\",\"contentUrl\":\"https:\/\/librosdelzorrorojo.com\/wp-content\/uploads\/2017\/05\/Cover-Tots-menys-un-Garamond-2017-e1525443737373.jpg\",\"width\":850,\"height\":687,\"caption\":\"Cover Tots menys un Garamond 2017 e1525443737373\"},{\"@type\":\"BreadcrumbList\",\"@id\":\"https:\/\/librosdelzorrorojo.com\/ca\/cataleg\/tots-menys-un\/#breadcrumb\",\"itemListElement\":[{\"@type\":\"ListItem\",\"position\":1,\"name\":\"Portada\",\"item\":\"https:\/\/librosdelzorrorojo.com\/ca\/\"},{\"@type\":\"ListItem\",\"position\":2,\"name\":\"Cat\u00e0leg\",\"item\":\"https:\/\/librosdelzorrorojo.com\/ca\/cataleg\/\"},{\"@type\":\"ListItem\",\"position\":3,\"name\":\"Tots menys un\"}]},{\"@type\":\"WebSite\",\"@id\":\"https:\/\/librosdelzorrorojo.com\/#website\",\"url\":\"https:\/\/librosdelzorrorojo.com\/\",\"name\":\"Libros del Zorro Rojo\",\"description\":\"Libros ilustrados\",\"potentialAction\":[{\"@type\":\"SearchAction\",\"target\":{\"@type\":\"EntryPoint\",\"urlTemplate\":\"https:\/\/librosdelzorrorojo.com\/?s={search_term_string}\"},\"query-input\":{\"@type\":\"PropertyValueSpecification\",\"valueRequired\":true,\"valueName\":\"search_term_string\"}}],\"inLanguage\":\"ca\"}]}<\/script>\n<!-- \/ Yoast SEO plugin. -->","yoast_head_json":{"title":"Tots menys un","description":"En una societat uniforme, qui s\u2019atreveix a ser diferent? Trencar amb la monotonia t\u00e9 un alt cost, per\u00f2 tamb\u00e9 una incre\u00efble recompensa.","robots":{"index":"index","follow":"follow","max-snippet":"max-snippet:-1","max-image-preview":"max-image-preview:large","max-video-preview":"max-video-preview:-1"},"canonical":"https:\/\/librosdelzorrorojo.com\/ca\/cataleg\/tots-menys-un\/","og_locale":"ca_ES","og_type":"article","og_title":"Tots menys un","og_description":"En una societat uniforme, qui s\u2019atreveix a ser diferent? Trencar amb la monotonia t\u00e9 un alt cost, per\u00f2 tamb\u00e9 una incre\u00efble recompensa.","og_url":"https:\/\/librosdelzorrorojo.com\/ca\/cataleg\/tots-menys-un\/","og_site_name":"Libros del Zorro Rojo","article_modified_time":"2024-03-01T08:21:46+00:00","og_image":[{"width":850,"height":687,"url":"https:\/\/librosdelzorrorojo.com\/wp-content\/uploads\/2017\/05\/Cover-Tots-menys-un-Garamond-2017-e1525443737373.jpg","type":"image\/jpeg"}],"twitter_card":"summary_large_image","twitter_misc":{"Temps estimat de lectura":"1 minut"},"schema":{"@context":"https:\/\/schema.org","@graph":[{"@type":"WebPage","@id":"https:\/\/librosdelzorrorojo.com\/ca\/cataleg\/tots-menys-un\/","url":"https:\/\/librosdelzorrorojo.com\/ca\/cataleg\/tots-menys-un\/","name":"Tots menys un","isPartOf":{"@id":"https:\/\/librosdelzorrorojo.com\/#website"},"primaryImageOfPage":{"@id":"https:\/\/librosdelzorrorojo.com\/ca\/cataleg\/tots-menys-un\/#primaryimage"},"image":{"@id":"https:\/\/librosdelzorrorojo.com\/ca\/cataleg\/tots-menys-un\/#primaryimage"},"thumbnailUrl":"https:\/\/librosdelzorrorojo.com\/wp-content\/uploads\/2017\/05\/Cover-Tots-menys-un-Garamond-2017-e1525443737373.jpg","datePublished":"2017-09-01T10:00:43+00:00","dateModified":"2024-03-01T08:21:46+00:00","description":"En una societat uniforme, qui s\u2019atreveix a ser diferent? Trencar amb la monotonia t\u00e9 un alt cost, per\u00f2 tamb\u00e9 una incre\u00efble recompensa.","breadcrumb":{"@id":"https:\/\/librosdelzorrorojo.com\/ca\/cataleg\/tots-menys-un\/#breadcrumb"},"inLanguage":"ca","potentialAction":[{"@type":"ReadAction","target":["https:\/\/librosdelzorrorojo.com\/ca\/cataleg\/tots-menys-un\/"]}]},{"@type":"ImageObject","inLanguage":"ca","@id":"https:\/\/librosdelzorrorojo.com\/ca\/cataleg\/tots-menys-un\/#primaryimage","url":"https:\/\/librosdelzorrorojo.com\/wp-content\/uploads\/2017\/05\/Cover-Tots-menys-un-Garamond-2017-e1525443737373.jpg","contentUrl":"https:\/\/librosdelzorrorojo.com\/wp-content\/uploads\/2017\/05\/Cover-Tots-menys-un-Garamond-2017-e1525443737373.jpg","width":850,"height":687,"caption":"Cover Tots menys un Garamond 2017 e1525443737373"},{"@type":"BreadcrumbList","@id":"https:\/\/librosdelzorrorojo.com\/ca\/cataleg\/tots-menys-un\/#breadcrumb","itemListElement":[{"@type":"ListItem","position":1,"name":"Portada","item":"https:\/\/librosdelzorrorojo.com\/ca\/"},{"@type":"ListItem","position":2,"name":"Cat\u00e0leg","item":"https:\/\/librosdelzorrorojo.com\/ca\/cataleg\/"},{"@type":"ListItem","position":3,"name":"Tots menys un"}]},{"@type":"WebSite","@id":"https:\/\/librosdelzorrorojo.com\/#website","url":"https:\/\/librosdelzorrorojo.com\/","name":"Libros del Zorro Rojo","description":"Libros ilustrados","potentialAction":[{"@type":"SearchAction","target":{"@type":"EntryPoint","urlTemplate":"https:\/\/librosdelzorrorojo.com\/?s={search_term_string}"},"query-input":{"@type":"PropertyValueSpecification","valueRequired":true,"valueName":"search_term_string"}}],"inLanguage":"ca"}]}},"_links":{"self":[{"href":"https:\/\/librosdelzorrorojo.com\/ca\/wp-json\/wp\/v2\/product\/2561","targetHints":{"allow":["GET"]}}],"collection":[{"href":"https:\/\/librosdelzorrorojo.com\/ca\/wp-json\/wp\/v2\/product"}],"about":[{"href":"https:\/\/librosdelzorrorojo.com\/ca\/wp-json\/wp\/v2\/types\/product"}],"wp:featuredmedia":[{"embeddable":true,"href":"https:\/\/librosdelzorrorojo.com\/ca\/wp-json\/wp\/v2\/media\/4435"}],"wp:attachment":[{"href":"https:\/\/librosdelzorrorojo.com\/ca\/wp-json\/wp\/v2\/media?parent=2561"}],"wp:term":[{"taxonomy":"product_brand","embeddable":true,"href":"https:\/\/librosdelzorrorojo.com\/ca\/wp-json\/wp\/v2\/product_brand?post=2561"},{"taxonomy":"product_cat","embeddable":true,"href":"https:\/\/librosdelzorrorojo.com\/ca\/wp-json\/wp\/v2\/product_cat?post=2561"},{"taxonomy":"product_tag","embeddable":true,"href":"https:\/\/librosdelzorrorojo.com\/ca\/wp-json\/wp\/v2\/product_tag?post=2561"}],"curies":[{"name":"wp","href":"https:\/\/api.w.org\/{rel}","templated":true}]}}