{"id":25398,"date":"2023-05-16T14:25:41","date_gmt":"2023-05-16T12:25:41","guid":{"rendered":"https:\/\/librosdelzorrorojo.com\/catalogo\/la-gran-ciclopedia-ilustrada\/"},"modified":"2025-11-04T20:06:47","modified_gmt":"2025-11-04T19:06:47","slug":"la-gran-ciclopedia-ilustrada","status":"publish","type":"product","link":"https:\/\/librosdelzorrorojo.com\/ca\/cataleg\/la-gran-ciclopedia-ilustrada\/","title":{"rendered":"La gran ciclopedia ilustrada"},"content":{"rendered":"<p>Bajar cuadrado, chupar rueda, sufrir una p\u00e1jara, ser un globero&#8230; El ciclismo, como todas las cosas importantes de este mundo, tambi\u00e9n tiene un lenguaje espec\u00edfico, una jerga, un argot, que los aficionados manejan como un c\u00f3digo secreto, solo para iniciados, y cuyo dominio revela los a\u00f1os de experiencia sobre el sill\u00edn.<\/p>\n<p>Son t\u00e9rminos a menudo metaf\u00f3ricos y siempre singulares que Karin du Croo, apasionada del ciclismo y el dibujo, los pedales y los l\u00e1pices, ha seleccionado e ilustrado con sentido del humor. Esta ciclopedia ilustrada est\u00e1 destinada a convertirse en una obra de culto entre los fan\u00e1ticos de las dos ruedas. Y tambi\u00e9n nos descubre que la bicicleta, gran invento de la humanidad, es m\u00e1s que un ingenio mec\u00e1nico sencillo, silencioso y sostenible: es toda una filosof\u00eda de vida, una \u00e9tica, un modo de estar en el mundo.<\/p>\n<p>Karin du Croo ofrece aqu\u00ed, con o\u00eddo para el lenguaje y mano para el dibujo, algo m\u00e1s que una declaraci\u00f3n de amor a la bicicleta: una declaraci\u00f3n de principios.<\/p>\n<p>Pero esta selecci\u00f3n de voces, a media etapa entre el diccionario y la enciclopedia, no se limita a los t\u00e9rminos de uso com\u00fan entre la tribu: tambi\u00e9n recoge t\u00e9rminos del registro particular de la autora, o de su grupeta.<\/p>\n<p>El ciclismo y la filolog\u00eda recreativa pueden hacer grandes cosas juntos.<\/p>\n<p><img decoding=\"async\" src=\"https:\/\/librosdelzorrorojo.com\/wp-content\/uploads\/2024\/10\/ICEC.jpg\" alt=\"\" width=\"380\" height=\"85\" class=\"alignnone size-full wp-image-29095\" \/><\/p>\n","protected":false},"excerpt":{"rendered":"Bajar cuadrado, chupar rueda, sufrir una p\u00e1jara, ser un globero&#8230; El ciclismo, como todas las cosas importantes de este mundo, tambi\u00e9n tiene un lenguaje espec\u00edfico, una jerga, un argot, que los aficionados manejan como un c\u00f3digo secreto, solo para iniciados, y cuyo dominio revela los a\u00f1os de experiencia sobre el sill\u00edn. Son t\u00e9rminos a menudo [&hellip;]","protected":false},"featured_media":25386,"template":"","meta":{"_acf_changed":false},"product_brand":[],"product_cat":[844,3156,846],"product_tag":[],"class_list":{"0":"post-25398","1":"product","2":"type-product","3":"status-publish","4":"has-post-thumbnail","6":"product_cat-castella","7":"product_cat-juvenil-adult","8":"product_cat-novedades-ca","10":"first","11":"instock","12":"taxable","13":"shipping-taxable","14":"purchasable","15":"product-type-simple"},"acf":[],"yoast_head":"<!-- This site is optimized with the Yoast SEO plugin v25.1 - https:\/\/yoast.com\/wordpress\/plugins\/seo\/ -->\n<title>La gran ciclopedia ilustrada - Libros del Zorro Rojo<\/title>\n<meta name=\"robots\" content=\"index, follow, max-snippet:-1, max-image-preview:large, max-video-preview:-1\" \/>\n<link rel=\"canonical\" href=\"https:\/\/librosdelzorrorojo.com\/ca\/cataleg\/la-gran-ciclopedia-ilustrada\/\" \/>\n<meta property=\"og:locale\" content=\"ca_ES\" \/>\n<meta property=\"og:type\" content=\"article\" \/>\n<meta property=\"og:title\" content=\"La gran ciclopedia ilustrada - Libros del Zorro Rojo\" \/>\n<meta property=\"og:description\" content=\"Bajar cuadrado, chupar rueda, sufrir una p\u00e1jara, ser un globero&#8230; El ciclismo, como todas las cosas importantes de este mundo, tambi\u00e9n tiene un lenguaje espec\u00edfico, una jerga, un argot, que los aficionados manejan como un c\u00f3digo secreto, solo para iniciados, y cuyo dominio revela los a\u00f1os de experiencia sobre el sill\u00edn. Son t\u00e9rminos a menudo [&hellip;]\" \/>\n<meta property=\"og:url\" content=\"https:\/\/librosdelzorrorojo.com\/ca\/cataleg\/la-gran-ciclopedia-ilustrada\/\" \/>\n<meta property=\"og:site_name\" content=\"Libros del Zorro Rojo\" \/>\n<meta property=\"article:modified_time\" content=\"2025-11-04T19:06:47+00:00\" \/>\n<meta property=\"og:image\" content=\"https:\/\/librosdelzorrorojo.com\/wp-content\/uploads\/2023\/04\/COVER_CICLOPEDIA_WEB.jpg\" \/>\n\t<meta property=\"og:image:width\" content=\"850\" \/>\n\t<meta property=\"og:image:height\" content=\"1207\" \/>\n\t<meta property=\"og:image:type\" content=\"image\/jpeg\" \/>\n<meta name=\"twitter:card\" content=\"summary_large_image\" \/>\n<meta name=\"twitter:label1\" content=\"Temps estimat de lectura\" \/>\n\t<meta name=\"twitter:data1\" content=\"1 minut\" \/>\n<script type=\"application\/ld+json\" class=\"yoast-schema-graph\">{\"@context\":\"https:\/\/schema.org\",\"@graph\":[{\"@type\":\"WebPage\",\"@id\":\"https:\/\/librosdelzorrorojo.com\/ca\/cataleg\/la-gran-ciclopedia-ilustrada\/\",\"url\":\"https:\/\/librosdelzorrorojo.com\/ca\/cataleg\/la-gran-ciclopedia-ilustrada\/\",\"name\":\"La gran ciclopedia ilustrada - Libros del Zorro Rojo\",\"isPartOf\":{\"@id\":\"https:\/\/librosdelzorrorojo.com\/#website\"},\"primaryImageOfPage\":{\"@id\":\"https:\/\/librosdelzorrorojo.com\/ca\/cataleg\/la-gran-ciclopedia-ilustrada\/#primaryimage\"},\"image\":{\"@id\":\"https:\/\/librosdelzorrorojo.com\/ca\/cataleg\/la-gran-ciclopedia-ilustrada\/#primaryimage\"},\"thumbnailUrl\":\"https:\/\/librosdelzorrorojo.com\/wp-content\/uploads\/2023\/04\/COVER_CICLOPEDIA_WEB.jpg\",\"datePublished\":\"2023-05-16T12:25:41+00:00\",\"dateModified\":\"2025-11-04T19:06:47+00:00\",\"breadcrumb\":{\"@id\":\"https:\/\/librosdelzorrorojo.com\/ca\/cataleg\/la-gran-ciclopedia-ilustrada\/#breadcrumb\"},\"inLanguage\":\"ca\",\"potentialAction\":[{\"@type\":\"ReadAction\",\"target\":[\"https:\/\/librosdelzorrorojo.com\/ca\/cataleg\/la-gran-ciclopedia-ilustrada\/\"]}]},{\"@type\":\"ImageObject\",\"inLanguage\":\"ca\",\"@id\":\"https:\/\/librosdelzorrorojo.com\/ca\/cataleg\/la-gran-ciclopedia-ilustrada\/#primaryimage\",\"url\":\"https:\/\/librosdelzorrorojo.com\/wp-content\/uploads\/2023\/04\/COVER_CICLOPEDIA_WEB.jpg\",\"contentUrl\":\"https:\/\/librosdelzorrorojo.com\/wp-content\/uploads\/2023\/04\/COVER_CICLOPEDIA_WEB.jpg\",\"width\":850,\"height\":1207,\"caption\":\"COVER CICLOPEDIA WEB\"},{\"@type\":\"BreadcrumbList\",\"@id\":\"https:\/\/librosdelzorrorojo.com\/ca\/cataleg\/la-gran-ciclopedia-ilustrada\/#breadcrumb\",\"itemListElement\":[{\"@type\":\"ListItem\",\"position\":1,\"name\":\"Portada\",\"item\":\"https:\/\/librosdelzorrorojo.com\/ca\/\"},{\"@type\":\"ListItem\",\"position\":2,\"name\":\"Cat\u00e0leg\",\"item\":\"https:\/\/librosdelzorrorojo.com\/ca\/cataleg\/\"},{\"@type\":\"ListItem\",\"position\":3,\"name\":\"La gran ciclopedia ilustrada\"}]},{\"@type\":\"WebSite\",\"@id\":\"https:\/\/librosdelzorrorojo.com\/#website\",\"url\":\"https:\/\/librosdelzorrorojo.com\/\",\"name\":\"Libros del Zorro Rojo\",\"description\":\"Libros ilustrados\",\"potentialAction\":[{\"@type\":\"SearchAction\",\"target\":{\"@type\":\"EntryPoint\",\"urlTemplate\":\"https:\/\/librosdelzorrorojo.com\/?s={search_term_string}\"},\"query-input\":{\"@type\":\"PropertyValueSpecification\",\"valueRequired\":true,\"valueName\":\"search_term_string\"}}],\"inLanguage\":\"ca\"}]}<\/script>\n<!-- \/ Yoast SEO plugin. -->","yoast_head_json":{"title":"La gran ciclopedia ilustrada - Libros del Zorro Rojo","robots":{"index":"index","follow":"follow","max-snippet":"max-snippet:-1","max-image-preview":"max-image-preview:large","max-video-preview":"max-video-preview:-1"},"canonical":"https:\/\/librosdelzorrorojo.com\/ca\/cataleg\/la-gran-ciclopedia-ilustrada\/","og_locale":"ca_ES","og_type":"article","og_title":"La gran ciclopedia ilustrada - Libros del Zorro Rojo","og_description":"Bajar cuadrado, chupar rueda, sufrir una p\u00e1jara, ser un globero&#8230; El ciclismo, como todas las cosas importantes de este mundo, tambi\u00e9n tiene un lenguaje espec\u00edfico, una jerga, un argot, que los aficionados manejan como un c\u00f3digo secreto, solo para iniciados, y cuyo dominio revela los a\u00f1os de experiencia sobre el sill\u00edn. Son t\u00e9rminos a menudo [&hellip;]","og_url":"https:\/\/librosdelzorrorojo.com\/ca\/cataleg\/la-gran-ciclopedia-ilustrada\/","og_site_name":"Libros del Zorro Rojo","article_modified_time":"2025-11-04T19:06:47+00:00","og_image":[{"width":850,"height":1207,"url":"https:\/\/librosdelzorrorojo.com\/wp-content\/uploads\/2023\/04\/COVER_CICLOPEDIA_WEB.jpg","type":"image\/jpeg"}],"twitter_card":"summary_large_image","twitter_misc":{"Temps estimat de lectura":"1 minut"},"schema":{"@context":"https:\/\/schema.org","@graph":[{"@type":"WebPage","@id":"https:\/\/librosdelzorrorojo.com\/ca\/cataleg\/la-gran-ciclopedia-ilustrada\/","url":"https:\/\/librosdelzorrorojo.com\/ca\/cataleg\/la-gran-ciclopedia-ilustrada\/","name":"La gran ciclopedia ilustrada - Libros del Zorro Rojo","isPartOf":{"@id":"https:\/\/librosdelzorrorojo.com\/#website"},"primaryImageOfPage":{"@id":"https:\/\/librosdelzorrorojo.com\/ca\/cataleg\/la-gran-ciclopedia-ilustrada\/#primaryimage"},"image":{"@id":"https:\/\/librosdelzorrorojo.com\/ca\/cataleg\/la-gran-ciclopedia-ilustrada\/#primaryimage"},"thumbnailUrl":"https:\/\/librosdelzorrorojo.com\/wp-content\/uploads\/2023\/04\/COVER_CICLOPEDIA_WEB.jpg","datePublished":"2023-05-16T12:25:41+00:00","dateModified":"2025-11-04T19:06:47+00:00","breadcrumb":{"@id":"https:\/\/librosdelzorrorojo.com\/ca\/cataleg\/la-gran-ciclopedia-ilustrada\/#breadcrumb"},"inLanguage":"ca","potentialAction":[{"@type":"ReadAction","target":["https:\/\/librosdelzorrorojo.com\/ca\/cataleg\/la-gran-ciclopedia-ilustrada\/"]}]},{"@type":"ImageObject","inLanguage":"ca","@id":"https:\/\/librosdelzorrorojo.com\/ca\/cataleg\/la-gran-ciclopedia-ilustrada\/#primaryimage","url":"https:\/\/librosdelzorrorojo.com\/wp-content\/uploads\/2023\/04\/COVER_CICLOPEDIA_WEB.jpg","contentUrl":"https:\/\/librosdelzorrorojo.com\/wp-content\/uploads\/2023\/04\/COVER_CICLOPEDIA_WEB.jpg","width":850,"height":1207,"caption":"COVER CICLOPEDIA WEB"},{"@type":"BreadcrumbList","@id":"https:\/\/librosdelzorrorojo.com\/ca\/cataleg\/la-gran-ciclopedia-ilustrada\/#breadcrumb","itemListElement":[{"@type":"ListItem","position":1,"name":"Portada","item":"https:\/\/librosdelzorrorojo.com\/ca\/"},{"@type":"ListItem","position":2,"name":"Cat\u00e0leg","item":"https:\/\/librosdelzorrorojo.com\/ca\/cataleg\/"},{"@type":"ListItem","position":3,"name":"La gran ciclopedia ilustrada"}]},{"@type":"WebSite","@id":"https:\/\/librosdelzorrorojo.com\/#website","url":"https:\/\/librosdelzorrorojo.com\/","name":"Libros del Zorro Rojo","description":"Libros ilustrados","potentialAction":[{"@type":"SearchAction","target":{"@type":"EntryPoint","urlTemplate":"https:\/\/librosdelzorrorojo.com\/?s={search_term_string}"},"query-input":{"@type":"PropertyValueSpecification","valueRequired":true,"valueName":"search_term_string"}}],"inLanguage":"ca"}]}},"_links":{"self":[{"href":"https:\/\/librosdelzorrorojo.com\/ca\/wp-json\/wp\/v2\/product\/25398","targetHints":{"allow":["GET"]}}],"collection":[{"href":"https:\/\/librosdelzorrorojo.com\/ca\/wp-json\/wp\/v2\/product"}],"about":[{"href":"https:\/\/librosdelzorrorojo.com\/ca\/wp-json\/wp\/v2\/types\/product"}],"wp:featuredmedia":[{"embeddable":true,"href":"https:\/\/librosdelzorrorojo.com\/ca\/wp-json\/wp\/v2\/media\/25386"}],"wp:attachment":[{"href":"https:\/\/librosdelzorrorojo.com\/ca\/wp-json\/wp\/v2\/media?parent=25398"}],"wp:term":[{"taxonomy":"product_brand","embeddable":true,"href":"https:\/\/librosdelzorrorojo.com\/ca\/wp-json\/wp\/v2\/product_brand?post=25398"},{"taxonomy":"product_cat","embeddable":true,"href":"https:\/\/librosdelzorrorojo.com\/ca\/wp-json\/wp\/v2\/product_cat?post=25398"},{"taxonomy":"product_tag","embeddable":true,"href":"https:\/\/librosdelzorrorojo.com\/ca\/wp-json\/wp\/v2\/product_tag?post=25398"}],"curies":[{"name":"wp","href":"https:\/\/api.w.org\/{rel}","templated":true}]}}