{"id":25305,"date":"2023-04-13T11:07:03","date_gmt":"2023-04-13T09:07:03","guid":{"rendered":"https:\/\/librosdelzorrorojo.com\/catalogo\/libro-de-maravillas\/"},"modified":"2025-05-12T12:16:50","modified_gmt":"2025-05-12T10:16:50","slug":"libro-de-maravillas","status":"publish","type":"product","link":"https:\/\/librosdelzorrorojo.com\/ca\/cataleg\/libro-de-maravillas\/","title":{"rendered":"Libro de maravillas"},"content":{"rendered":"<p>A lo largo de la historia, el ser humano ha tratado de clasificar todos los organismos del universo: nombrarlos, describirlos, ordenarlos\u2026 Obras de referencia como los bestiarios medievales, los cat\u00e1logos de rarezas o las primeras taxonom\u00edas aristot\u00e9licas son el punto de partida de este original proyecto editorial.<\/p>\n<p>Libro de maravillas re\u00fane 101 l\u00e1minas con series ins\u00f3litas por las que desfila m\u00e1s de un millar de personajes y \u00abcosas\u00bb dibujadas que conforman un mundo encantado, donde la diversidad, lo inesperado y lo contingente adquiere la forma de una ingenua y exuberante enciclopedia.<\/p>\n<p>Pere Ginard, artista y cineasta de gran trayectoria, desarrolla su propia clasificaci\u00f3n del mundo y re\u00fane en ella ilustraciones a plumilla que ha ido compilando, ordenando y etiquetando con paciencia de entom\u00f3logo decimon\u00f3nico en sus cuadernos: series infinitas de formas naturales y met\u00e1foras visuales que suponen un desaf\u00edo al lector mientras le exprimen una sonrisa.<\/p>\n<p><img decoding=\"async\" src=\"https:\/\/librosdelzorrorojo.com\/wp-content\/uploads\/2024\/10\/ICEC.jpg\" alt=\"\" width=\"380\" height=\"85\" class=\"alignnone size-full wp-image-29095\" \/><\/p>\n","protected":false},"excerpt":{"rendered":"A lo largo de la historia, el ser humano ha tratado de clasificar todos los organismos del universo: nombrarlos, describirlos, ordenarlos\u2026 Obras de referencia como los bestiarios medievales, los cat\u00e1logos de rarezas o las primeras taxonom\u00edas aristot\u00e9licas son el punto de partida de este original proyecto editorial. Libro de maravillas re\u00fane 101 l\u00e1minas con series [&hellip;]","protected":false},"featured_media":25370,"template":"","meta":{"_acf_changed":false},"product_brand":[],"product_cat":[844,843,839],"product_tag":[],"class_list":{"0":"post-25305","1":"product","2":"type-product","3":"status-publish","4":"has-post-thumbnail","6":"product_cat-castella","7":"product_cat-infantiles-ca","8":"product_cat-zona-kids-ca","9":"vinculo-libro-de-maravillas","11":"first","12":"instock","13":"taxable","14":"shipping-taxable","15":"purchasable","16":"product-type-simple"},"acf":[],"yoast_head":"<!-- This site is optimized with the Yoast SEO plugin v25.1 - https:\/\/yoast.com\/wordpress\/plugins\/seo\/ -->\n<title>Libro de maravillas - Libros del Zorro Rojo<\/title>\n<meta name=\"robots\" content=\"index, follow, max-snippet:-1, max-image-preview:large, max-video-preview:-1\" \/>\n<link rel=\"canonical\" href=\"https:\/\/librosdelzorrorojo.com\/ca\/cataleg\/libro-de-maravillas\/\" \/>\n<meta property=\"og:locale\" content=\"ca_ES\" \/>\n<meta property=\"og:type\" content=\"article\" \/>\n<meta property=\"og:title\" content=\"Libro de maravillas - Libros del Zorro Rojo\" \/>\n<meta property=\"og:description\" content=\"A lo largo de la historia, el ser humano ha tratado de clasificar todos los organismos del universo: nombrarlos, describirlos, ordenarlos\u2026 Obras de referencia como los bestiarios medievales, los cat\u00e1logos de rarezas o las primeras taxonom\u00edas aristot\u00e9licas son el punto de partida de este original proyecto editorial. Libro de maravillas re\u00fane 101 l\u00e1minas con series [&hellip;]\" \/>\n<meta property=\"og:url\" content=\"https:\/\/librosdelzorrorojo.com\/ca\/cataleg\/libro-de-maravillas\/\" \/>\n<meta property=\"og:site_name\" content=\"Libros del Zorro Rojo\" \/>\n<meta property=\"article:modified_time\" content=\"2025-05-12T10:16:50+00:00\" \/>\n<meta property=\"og:image\" content=\"https:\/\/librosdelzorrorojo.com\/wp-content\/uploads\/2023\/04\/Portada_MaravillasSPA_WEB.png\" \/>\n\t<meta property=\"og:image:width\" content=\"850\" \/>\n\t<meta property=\"og:image:height\" content=\"1162\" \/>\n\t<meta property=\"og:image:type\" content=\"image\/png\" \/>\n<meta name=\"twitter:card\" content=\"summary_large_image\" \/>\n<meta name=\"twitter:label1\" content=\"Temps estimat de lectura\" \/>\n\t<meta name=\"twitter:data1\" content=\"1 minut\" \/>\n<script type=\"application\/ld+json\" class=\"yoast-schema-graph\">{\"@context\":\"https:\/\/schema.org\",\"@graph\":[{\"@type\":\"WebPage\",\"@id\":\"https:\/\/librosdelzorrorojo.com\/ca\/cataleg\/libro-de-maravillas\/\",\"url\":\"https:\/\/librosdelzorrorojo.com\/ca\/cataleg\/libro-de-maravillas\/\",\"name\":\"Libro de maravillas - Libros del Zorro Rojo\",\"isPartOf\":{\"@id\":\"https:\/\/librosdelzorrorojo.com\/#website\"},\"primaryImageOfPage\":{\"@id\":\"https:\/\/librosdelzorrorojo.com\/ca\/cataleg\/libro-de-maravillas\/#primaryimage\"},\"image\":{\"@id\":\"https:\/\/librosdelzorrorojo.com\/ca\/cataleg\/libro-de-maravillas\/#primaryimage\"},\"thumbnailUrl\":\"https:\/\/librosdelzorrorojo.com\/wp-content\/uploads\/2023\/04\/Portada_MaravillasSPA_WEB.png\",\"datePublished\":\"2023-04-13T09:07:03+00:00\",\"dateModified\":\"2025-05-12T10:16:50+00:00\",\"breadcrumb\":{\"@id\":\"https:\/\/librosdelzorrorojo.com\/ca\/cataleg\/libro-de-maravillas\/#breadcrumb\"},\"inLanguage\":\"ca\",\"potentialAction\":[{\"@type\":\"ReadAction\",\"target\":[\"https:\/\/librosdelzorrorojo.com\/ca\/cataleg\/libro-de-maravillas\/\"]}]},{\"@type\":\"ImageObject\",\"inLanguage\":\"ca\",\"@id\":\"https:\/\/librosdelzorrorojo.com\/ca\/cataleg\/libro-de-maravillas\/#primaryimage\",\"url\":\"https:\/\/librosdelzorrorojo.com\/wp-content\/uploads\/2023\/04\/Portada_MaravillasSPA_WEB.png\",\"contentUrl\":\"https:\/\/librosdelzorrorojo.com\/wp-content\/uploads\/2023\/04\/Portada_MaravillasSPA_WEB.png\",\"width\":850,\"height\":1162,\"caption\":\"Portada MaravillasSPA WEB\"},{\"@type\":\"BreadcrumbList\",\"@id\":\"https:\/\/librosdelzorrorojo.com\/ca\/cataleg\/libro-de-maravillas\/#breadcrumb\",\"itemListElement\":[{\"@type\":\"ListItem\",\"position\":1,\"name\":\"Portada\",\"item\":\"https:\/\/librosdelzorrorojo.com\/ca\/\"},{\"@type\":\"ListItem\",\"position\":2,\"name\":\"Cat\u00e0leg\",\"item\":\"https:\/\/librosdelzorrorojo.com\/ca\/cataleg\/\"},{\"@type\":\"ListItem\",\"position\":3,\"name\":\"Libro de maravillas\"}]},{\"@type\":\"WebSite\",\"@id\":\"https:\/\/librosdelzorrorojo.com\/#website\",\"url\":\"https:\/\/librosdelzorrorojo.com\/\",\"name\":\"Libros del Zorro Rojo\",\"description\":\"Libros ilustrados\",\"potentialAction\":[{\"@type\":\"SearchAction\",\"target\":{\"@type\":\"EntryPoint\",\"urlTemplate\":\"https:\/\/librosdelzorrorojo.com\/?s={search_term_string}\"},\"query-input\":{\"@type\":\"PropertyValueSpecification\",\"valueRequired\":true,\"valueName\":\"search_term_string\"}}],\"inLanguage\":\"ca\"}]}<\/script>\n<!-- \/ Yoast SEO plugin. -->","yoast_head_json":{"title":"Libro de maravillas - Libros del Zorro Rojo","robots":{"index":"index","follow":"follow","max-snippet":"max-snippet:-1","max-image-preview":"max-image-preview:large","max-video-preview":"max-video-preview:-1"},"canonical":"https:\/\/librosdelzorrorojo.com\/ca\/cataleg\/libro-de-maravillas\/","og_locale":"ca_ES","og_type":"article","og_title":"Libro de maravillas - Libros del Zorro Rojo","og_description":"A lo largo de la historia, el ser humano ha tratado de clasificar todos los organismos del universo: nombrarlos, describirlos, ordenarlos\u2026 Obras de referencia como los bestiarios medievales, los cat\u00e1logos de rarezas o las primeras taxonom\u00edas aristot\u00e9licas son el punto de partida de este original proyecto editorial. Libro de maravillas re\u00fane 101 l\u00e1minas con series [&hellip;]","og_url":"https:\/\/librosdelzorrorojo.com\/ca\/cataleg\/libro-de-maravillas\/","og_site_name":"Libros del Zorro Rojo","article_modified_time":"2025-05-12T10:16:50+00:00","og_image":[{"width":850,"height":1162,"url":"https:\/\/librosdelzorrorojo.com\/wp-content\/uploads\/2023\/04\/Portada_MaravillasSPA_WEB.png","type":"image\/png"}],"twitter_card":"summary_large_image","twitter_misc":{"Temps estimat de lectura":"1 minut"},"schema":{"@context":"https:\/\/schema.org","@graph":[{"@type":"WebPage","@id":"https:\/\/librosdelzorrorojo.com\/ca\/cataleg\/libro-de-maravillas\/","url":"https:\/\/librosdelzorrorojo.com\/ca\/cataleg\/libro-de-maravillas\/","name":"Libro de maravillas - Libros del Zorro Rojo","isPartOf":{"@id":"https:\/\/librosdelzorrorojo.com\/#website"},"primaryImageOfPage":{"@id":"https:\/\/librosdelzorrorojo.com\/ca\/cataleg\/libro-de-maravillas\/#primaryimage"},"image":{"@id":"https:\/\/librosdelzorrorojo.com\/ca\/cataleg\/libro-de-maravillas\/#primaryimage"},"thumbnailUrl":"https:\/\/librosdelzorrorojo.com\/wp-content\/uploads\/2023\/04\/Portada_MaravillasSPA_WEB.png","datePublished":"2023-04-13T09:07:03+00:00","dateModified":"2025-05-12T10:16:50+00:00","breadcrumb":{"@id":"https:\/\/librosdelzorrorojo.com\/ca\/cataleg\/libro-de-maravillas\/#breadcrumb"},"inLanguage":"ca","potentialAction":[{"@type":"ReadAction","target":["https:\/\/librosdelzorrorojo.com\/ca\/cataleg\/libro-de-maravillas\/"]}]},{"@type":"ImageObject","inLanguage":"ca","@id":"https:\/\/librosdelzorrorojo.com\/ca\/cataleg\/libro-de-maravillas\/#primaryimage","url":"https:\/\/librosdelzorrorojo.com\/wp-content\/uploads\/2023\/04\/Portada_MaravillasSPA_WEB.png","contentUrl":"https:\/\/librosdelzorrorojo.com\/wp-content\/uploads\/2023\/04\/Portada_MaravillasSPA_WEB.png","width":850,"height":1162,"caption":"Portada MaravillasSPA WEB"},{"@type":"BreadcrumbList","@id":"https:\/\/librosdelzorrorojo.com\/ca\/cataleg\/libro-de-maravillas\/#breadcrumb","itemListElement":[{"@type":"ListItem","position":1,"name":"Portada","item":"https:\/\/librosdelzorrorojo.com\/ca\/"},{"@type":"ListItem","position":2,"name":"Cat\u00e0leg","item":"https:\/\/librosdelzorrorojo.com\/ca\/cataleg\/"},{"@type":"ListItem","position":3,"name":"Libro de maravillas"}]},{"@type":"WebSite","@id":"https:\/\/librosdelzorrorojo.com\/#website","url":"https:\/\/librosdelzorrorojo.com\/","name":"Libros del Zorro Rojo","description":"Libros ilustrados","potentialAction":[{"@type":"SearchAction","target":{"@type":"EntryPoint","urlTemplate":"https:\/\/librosdelzorrorojo.com\/?s={search_term_string}"},"query-input":{"@type":"PropertyValueSpecification","valueRequired":true,"valueName":"search_term_string"}}],"inLanguage":"ca"}]}},"_links":{"self":[{"href":"https:\/\/librosdelzorrorojo.com\/ca\/wp-json\/wp\/v2\/product\/25305","targetHints":{"allow":["GET"]}}],"collection":[{"href":"https:\/\/librosdelzorrorojo.com\/ca\/wp-json\/wp\/v2\/product"}],"about":[{"href":"https:\/\/librosdelzorrorojo.com\/ca\/wp-json\/wp\/v2\/types\/product"}],"wp:featuredmedia":[{"embeddable":true,"href":"https:\/\/librosdelzorrorojo.com\/ca\/wp-json\/wp\/v2\/media\/25370"}],"wp:attachment":[{"href":"https:\/\/librosdelzorrorojo.com\/ca\/wp-json\/wp\/v2\/media?parent=25305"}],"wp:term":[{"taxonomy":"product_brand","embeddable":true,"href":"https:\/\/librosdelzorrorojo.com\/ca\/wp-json\/wp\/v2\/product_brand?post=25305"},{"taxonomy":"product_cat","embeddable":true,"href":"https:\/\/librosdelzorrorojo.com\/ca\/wp-json\/wp\/v2\/product_cat?post=25305"},{"taxonomy":"product_tag","embeddable":true,"href":"https:\/\/librosdelzorrorojo.com\/ca\/wp-json\/wp\/v2\/product_tag?post=25305"}],"curies":[{"name":"wp","href":"https:\/\/api.w.org\/{rel}","templated":true}]}}