{"id":25049,"date":"2023-03-20T11:48:37","date_gmt":"2023-03-20T10:48:37","guid":{"rendered":"https:\/\/librosdelzorrorojo.com\/catalogo\/veo-veo-que-ves-2\/"},"modified":"2024-02-29T11:44:25","modified_gmt":"2024-02-29T10:44:25","slug":"veo-veo-que-ves-2","status":"publish","type":"product","link":"https:\/\/librosdelzorrorojo.com\/ca\/cataleg\/veo-veo-que-ves-2\/","title":{"rendered":"Veo veo, \u00bfqu\u00e9 ves?"},"content":{"rendered":"<p>Veo veo, \u00bfqu\u00e9 ves? \u00bfPiruletas que crecen en mitad de un prado? \u00bfUna tabla de surf en miniatura que ha sido arrastrada por las olas? \u00bfLa u\u00f1a de un gigante encallada en una marisma? \u00a1Pero eso no puede ser!<\/p>\n<p>Este divertido t\u00edtulo de Raph\u00e4el Martin y Claire Schvartz nos invita a pasear por el bosque, la playa y la monta\u00f1a con los ojos bien abiertos, y descubrir ingeniosas formas, no siempre f\u00e1ciles de identificar, que, a menudo,<br \/>\ndesaf\u00edan nuestra imaginaci\u00f3n.<\/p>\n<p>\u00a1Corre! Abre el libro y enfr\u00e9ntate al reto de resolver m\u00e1s de cuarenta acertijos sobre todo aquello que se esconde, camufla y sorprende del entorno natural. En la parte izquierda de cada doble p\u00e1gina encontrar\u00e1s enigm\u00e1ticas figuras (y alguna que otra pista) que pondr\u00e1n a prueba todos tus conocimientos. Por suerte, la informaci\u00f3n de la parte derecha te ayudar\u00e1 a entender lo que est\u00e1s contemplando con sencillas explicaciones.<\/p>\n","protected":false},"excerpt":{"rendered":"Veo veo, \u00bfqu\u00e9 ves? \u00bfPiruletas que crecen en mitad de un prado? \u00bfUna tabla de surf en miniatura que ha sido arrastrada por las olas? \u00bfLa u\u00f1a de un gigante encallada en una marisma? \u00a1Pero eso no puede ser! Este divertido t\u00edtulo de Raph\u00e4el Martin y Claire Schvartz nos invita a pasear por el bosque, [&hellip;]","protected":false},"featured_media":25040,"template":"","meta":{"_acf_changed":false},"product_brand":[],"product_cat":[844,843,839],"product_tag":[],"class_list":{"0":"post-25049","1":"product","2":"type-product","3":"status-publish","4":"has-post-thumbnail","6":"product_cat-castella","7":"product_cat-infantiles-ca","8":"product_cat-zona-kids-ca","9":"vinculo-veo-veo","11":"first","12":"instock","13":"taxable","14":"shipping-taxable","15":"purchasable","16":"product-type-simple"},"acf":[],"yoast_head":"<!-- This site is optimized with the Yoast SEO plugin v25.1 - https:\/\/yoast.com\/wordpress\/plugins\/seo\/ -->\n<title>Veo veo, \u00bfqu\u00e9 ves? - Libros del Zorro Rojo<\/title>\n<meta name=\"robots\" content=\"index, follow, max-snippet:-1, max-image-preview:large, max-video-preview:-1\" \/>\n<link rel=\"canonical\" href=\"https:\/\/librosdelzorrorojo.com\/ca\/cataleg\/veo-veo-que-ves-2\/\" \/>\n<meta property=\"og:locale\" content=\"ca_ES\" \/>\n<meta property=\"og:type\" content=\"article\" \/>\n<meta property=\"og:title\" content=\"Veo veo, \u00bfqu\u00e9 ves? - Libros del Zorro Rojo\" \/>\n<meta property=\"og:description\" content=\"Veo veo, \u00bfqu\u00e9 ves? \u00bfPiruletas que crecen en mitad de un prado? \u00bfUna tabla de surf en miniatura que ha sido arrastrada por las olas? \u00bfLa u\u00f1a de un gigante encallada en una marisma? \u00a1Pero eso no puede ser! Este divertido t\u00edtulo de Raph\u00e4el Martin y Claire Schvartz nos invita a pasear por el bosque, [&hellip;]\" \/>\n<meta property=\"og:url\" content=\"https:\/\/librosdelzorrorojo.com\/ca\/cataleg\/veo-veo-que-ves-2\/\" \/>\n<meta property=\"og:site_name\" content=\"Libros del Zorro Rojo\" \/>\n<meta property=\"article:modified_time\" content=\"2024-02-29T10:44:25+00:00\" \/>\n<meta property=\"og:image\" content=\"https:\/\/librosdelzorrorojo.com\/wp-content\/uploads\/2023\/03\/COVER_VeoVeo_WEB.jpg.jpg\" \/>\n\t<meta property=\"og:image:width\" content=\"850\" \/>\n\t<meta property=\"og:image:height\" content=\"845\" \/>\n\t<meta property=\"og:image:type\" content=\"image\/jpeg\" \/>\n<meta name=\"twitter:card\" content=\"summary_large_image\" \/>\n<meta name=\"twitter:label1\" content=\"Temps estimat de lectura\" \/>\n\t<meta name=\"twitter:data1\" content=\"1 minut\" \/>\n<script type=\"application\/ld+json\" class=\"yoast-schema-graph\">{\"@context\":\"https:\/\/schema.org\",\"@graph\":[{\"@type\":\"WebPage\",\"@id\":\"https:\/\/librosdelzorrorojo.com\/ca\/cataleg\/veo-veo-que-ves-2\/\",\"url\":\"https:\/\/librosdelzorrorojo.com\/ca\/cataleg\/veo-veo-que-ves-2\/\",\"name\":\"Veo veo, \u00bfqu\u00e9 ves? - Libros del Zorro Rojo\",\"isPartOf\":{\"@id\":\"https:\/\/librosdelzorrorojo.com\/#website\"},\"primaryImageOfPage\":{\"@id\":\"https:\/\/librosdelzorrorojo.com\/ca\/cataleg\/veo-veo-que-ves-2\/#primaryimage\"},\"image\":{\"@id\":\"https:\/\/librosdelzorrorojo.com\/ca\/cataleg\/veo-veo-que-ves-2\/#primaryimage\"},\"thumbnailUrl\":\"https:\/\/librosdelzorrorojo.com\/wp-content\/uploads\/2023\/03\/COVER_VeoVeo_WEB.jpg.jpg\",\"datePublished\":\"2023-03-20T10:48:37+00:00\",\"dateModified\":\"2024-02-29T10:44:25+00:00\",\"breadcrumb\":{\"@id\":\"https:\/\/librosdelzorrorojo.com\/ca\/cataleg\/veo-veo-que-ves-2\/#breadcrumb\"},\"inLanguage\":\"ca\",\"potentialAction\":[{\"@type\":\"ReadAction\",\"target\":[\"https:\/\/librosdelzorrorojo.com\/ca\/cataleg\/veo-veo-que-ves-2\/\"]}]},{\"@type\":\"ImageObject\",\"inLanguage\":\"ca\",\"@id\":\"https:\/\/librosdelzorrorojo.com\/ca\/cataleg\/veo-veo-que-ves-2\/#primaryimage\",\"url\":\"https:\/\/librosdelzorrorojo.com\/wp-content\/uploads\/2023\/03\/COVER_VeoVeo_WEB.jpg.jpg\",\"contentUrl\":\"https:\/\/librosdelzorrorojo.com\/wp-content\/uploads\/2023\/03\/COVER_VeoVeo_WEB.jpg.jpg\",\"width\":850,\"height\":845,\"caption\":\"COVER VeoVeo WEB.jpg\"},{\"@type\":\"BreadcrumbList\",\"@id\":\"https:\/\/librosdelzorrorojo.com\/ca\/cataleg\/veo-veo-que-ves-2\/#breadcrumb\",\"itemListElement\":[{\"@type\":\"ListItem\",\"position\":1,\"name\":\"Portada\",\"item\":\"https:\/\/librosdelzorrorojo.com\/ca\/\"},{\"@type\":\"ListItem\",\"position\":2,\"name\":\"Cat\u00e0leg\",\"item\":\"https:\/\/librosdelzorrorojo.com\/ca\/cataleg\/\"},{\"@type\":\"ListItem\",\"position\":3,\"name\":\"Veo veo, \u00bfqu\u00e9 ves?\"}]},{\"@type\":\"WebSite\",\"@id\":\"https:\/\/librosdelzorrorojo.com\/#website\",\"url\":\"https:\/\/librosdelzorrorojo.com\/\",\"name\":\"Libros del Zorro Rojo\",\"description\":\"Libros ilustrados\",\"potentialAction\":[{\"@type\":\"SearchAction\",\"target\":{\"@type\":\"EntryPoint\",\"urlTemplate\":\"https:\/\/librosdelzorrorojo.com\/?s={search_term_string}\"},\"query-input\":{\"@type\":\"PropertyValueSpecification\",\"valueRequired\":true,\"valueName\":\"search_term_string\"}}],\"inLanguage\":\"ca\"}]}<\/script>\n<!-- \/ Yoast SEO plugin. -->","yoast_head_json":{"title":"Veo veo, \u00bfqu\u00e9 ves? - Libros del Zorro Rojo","robots":{"index":"index","follow":"follow","max-snippet":"max-snippet:-1","max-image-preview":"max-image-preview:large","max-video-preview":"max-video-preview:-1"},"canonical":"https:\/\/librosdelzorrorojo.com\/ca\/cataleg\/veo-veo-que-ves-2\/","og_locale":"ca_ES","og_type":"article","og_title":"Veo veo, \u00bfqu\u00e9 ves? - Libros del Zorro Rojo","og_description":"Veo veo, \u00bfqu\u00e9 ves? \u00bfPiruletas que crecen en mitad de un prado? \u00bfUna tabla de surf en miniatura que ha sido arrastrada por las olas? \u00bfLa u\u00f1a de un gigante encallada en una marisma? \u00a1Pero eso no puede ser! Este divertido t\u00edtulo de Raph\u00e4el Martin y Claire Schvartz nos invita a pasear por el bosque, [&hellip;]","og_url":"https:\/\/librosdelzorrorojo.com\/ca\/cataleg\/veo-veo-que-ves-2\/","og_site_name":"Libros del Zorro Rojo","article_modified_time":"2024-02-29T10:44:25+00:00","og_image":[{"width":850,"height":845,"url":"https:\/\/librosdelzorrorojo.com\/wp-content\/uploads\/2023\/03\/COVER_VeoVeo_WEB.jpg.jpg","type":"image\/jpeg"}],"twitter_card":"summary_large_image","twitter_misc":{"Temps estimat de lectura":"1 minut"},"schema":{"@context":"https:\/\/schema.org","@graph":[{"@type":"WebPage","@id":"https:\/\/librosdelzorrorojo.com\/ca\/cataleg\/veo-veo-que-ves-2\/","url":"https:\/\/librosdelzorrorojo.com\/ca\/cataleg\/veo-veo-que-ves-2\/","name":"Veo veo, \u00bfqu\u00e9 ves? - Libros del Zorro Rojo","isPartOf":{"@id":"https:\/\/librosdelzorrorojo.com\/#website"},"primaryImageOfPage":{"@id":"https:\/\/librosdelzorrorojo.com\/ca\/cataleg\/veo-veo-que-ves-2\/#primaryimage"},"image":{"@id":"https:\/\/librosdelzorrorojo.com\/ca\/cataleg\/veo-veo-que-ves-2\/#primaryimage"},"thumbnailUrl":"https:\/\/librosdelzorrorojo.com\/wp-content\/uploads\/2023\/03\/COVER_VeoVeo_WEB.jpg.jpg","datePublished":"2023-03-20T10:48:37+00:00","dateModified":"2024-02-29T10:44:25+00:00","breadcrumb":{"@id":"https:\/\/librosdelzorrorojo.com\/ca\/cataleg\/veo-veo-que-ves-2\/#breadcrumb"},"inLanguage":"ca","potentialAction":[{"@type":"ReadAction","target":["https:\/\/librosdelzorrorojo.com\/ca\/cataleg\/veo-veo-que-ves-2\/"]}]},{"@type":"ImageObject","inLanguage":"ca","@id":"https:\/\/librosdelzorrorojo.com\/ca\/cataleg\/veo-veo-que-ves-2\/#primaryimage","url":"https:\/\/librosdelzorrorojo.com\/wp-content\/uploads\/2023\/03\/COVER_VeoVeo_WEB.jpg.jpg","contentUrl":"https:\/\/librosdelzorrorojo.com\/wp-content\/uploads\/2023\/03\/COVER_VeoVeo_WEB.jpg.jpg","width":850,"height":845,"caption":"COVER VeoVeo WEB.jpg"},{"@type":"BreadcrumbList","@id":"https:\/\/librosdelzorrorojo.com\/ca\/cataleg\/veo-veo-que-ves-2\/#breadcrumb","itemListElement":[{"@type":"ListItem","position":1,"name":"Portada","item":"https:\/\/librosdelzorrorojo.com\/ca\/"},{"@type":"ListItem","position":2,"name":"Cat\u00e0leg","item":"https:\/\/librosdelzorrorojo.com\/ca\/cataleg\/"},{"@type":"ListItem","position":3,"name":"Veo veo, \u00bfqu\u00e9 ves?"}]},{"@type":"WebSite","@id":"https:\/\/librosdelzorrorojo.com\/#website","url":"https:\/\/librosdelzorrorojo.com\/","name":"Libros del Zorro Rojo","description":"Libros ilustrados","potentialAction":[{"@type":"SearchAction","target":{"@type":"EntryPoint","urlTemplate":"https:\/\/librosdelzorrorojo.com\/?s={search_term_string}"},"query-input":{"@type":"PropertyValueSpecification","valueRequired":true,"valueName":"search_term_string"}}],"inLanguage":"ca"}]}},"_links":{"self":[{"href":"https:\/\/librosdelzorrorojo.com\/ca\/wp-json\/wp\/v2\/product\/25049","targetHints":{"allow":["GET"]}}],"collection":[{"href":"https:\/\/librosdelzorrorojo.com\/ca\/wp-json\/wp\/v2\/product"}],"about":[{"href":"https:\/\/librosdelzorrorojo.com\/ca\/wp-json\/wp\/v2\/types\/product"}],"wp:featuredmedia":[{"embeddable":true,"href":"https:\/\/librosdelzorrorojo.com\/ca\/wp-json\/wp\/v2\/media\/25040"}],"wp:attachment":[{"href":"https:\/\/librosdelzorrorojo.com\/ca\/wp-json\/wp\/v2\/media?parent=25049"}],"wp:term":[{"taxonomy":"product_brand","embeddable":true,"href":"https:\/\/librosdelzorrorojo.com\/ca\/wp-json\/wp\/v2\/product_brand?post=25049"},{"taxonomy":"product_cat","embeddable":true,"href":"https:\/\/librosdelzorrorojo.com\/ca\/wp-json\/wp\/v2\/product_cat?post=25049"},{"taxonomy":"product_tag","embeddable":true,"href":"https:\/\/librosdelzorrorojo.com\/ca\/wp-json\/wp\/v2\/product_tag?post=25049"}],"curies":[{"name":"wp","href":"https:\/\/api.w.org\/{rel}","templated":true}]}}