{"id":2476,"date":"2000-03-15T12:00:38","date_gmt":"2000-03-15T11:00:38","guid":{"rendered":"https:\/\/produccion.librosdelzorrorojo.com\/libros\/un-mon-propi\/"},"modified":"2024-03-01T09:19:54","modified_gmt":"2024-03-01T08:19:54","slug":"un-mon-propi","status":"publish","type":"product","link":"https:\/\/librosdelzorrorojo.com\/ca\/cataleg\/un-mon-propi\/","title":{"rendered":"Un M\u00f3n Propi"},"content":{"rendered":"<p>T\u2019has parat a pensar en com \u00e9s el m\u00f3n en qu\u00e8 vius? Si haguessis de crear un m\u00f3n propi, com seria? Qu\u00e8 transformaries per fer-lo m\u00e9s divertit? Posaries casa teva a la copa d\u2019un arbre? Llavors, per on s\u2019entraria? Quin tipus d\u2019animals hi hauria al teu barri?, tal vegada dinosaures? Laura Carlin ens ensenya que per crear el nostre m\u00f3n propi, i fer que sigui \u00fanic, no fa falta gaire\u2026<\/p>\n<p>A cada doble p\u00e0gina d\u2019<em>Un m\u00f3n propi<\/em>, Carlin combina diferents t\u00e8cniques d\u2019il\u00b7lustraci\u00f3, des del dibuix a ll\u00e0pis i aquarel\u00b7la fins al<span>\u00a0<\/span><em>collage<\/em><span>\u00a0<\/span>i la fotografia per crear un espai \u00edntim i a la vegada universal, amb materials que qualsevol nen t\u00e9 al seu abast: des de pedres, la capsa de cart\u00f3 d\u2019unes sabates velles, la closca d\u2019un ou o fins i tot les seves pr\u00f2pies mans.<\/p>\n<p>En aquest \u00e0lbum, el primer treball de Carlin com a escriptora i il\u00b7lustradora, l\u2019autora ens convida a visitar el \u00abseu\u00bb m\u00f3n, el que ella mateixa ha constru\u00eft en una jornada de treball, per\u00f2, a la vegada, ens exhorta a mirar la realitat d\u2019una manera diferent, a alliberar la nostra imaginaci\u00f3 i a crear aix\u00ed el \u00abnostre\u00bb propi m\u00f3n.<\/p>\n<p>&nbsp;<\/p>\n<p>&nbsp;<\/p>\n<p>&nbsp;<\/p>\n","protected":false},"excerpt":{"rendered":"T\u2019has parat a pensar en com \u00e9s el m\u00f3n en qu\u00e8 vius? Si haguessis de crear un m\u00f3n propi, com seria? Qu\u00e8 transformaries per fer-lo m\u00e9s divertit? Posaries casa teva a la copa d\u2019un arbre? Llavors, per on s\u2019entraria? Quin tipus d\u2019animals hi hauria al teu barri?, tal vegada dinosaures? Laura Carlin ens ensenya que per crear el nostre m\u00f3n propi, i fer que sigui \u00fanic, no fa falta gaire\u2026","protected":false},"featured_media":4438,"template":"","meta":{"_acf_changed":false},"product_brand":[],"product_cat":[840],"product_tag":[],"class_list":{"0":"post-2476","1":"product","2":"type-product","3":"status-publish","4":"has-post-thumbnail","6":"product_cat-catala","7":"vinculo-un-mundo-propio","9":"first","10":"instock","11":"taxable","12":"shipping-taxable","13":"purchasable","14":"product-type-simple"},"acf":[],"yoast_head":"<!-- This site is optimized with the Yoast SEO plugin v25.1 - https:\/\/yoast.com\/wordpress\/plugins\/seo\/ -->\n<title>Un M\u00f3n Propi<\/title>\n<meta name=\"description\" content=\"T\u2019has parat a pensar en com \u00e9s el m\u00f3n en qu\u00e8 vius? Si haguessis de crear un m\u00f3n propi, com seria? Qu\u00e8 transformaries per fer-lo m\u00e9s divertit?\" \/>\n<meta name=\"robots\" content=\"index, follow, max-snippet:-1, max-image-preview:large, max-video-preview:-1\" \/>\n<link rel=\"canonical\" href=\"https:\/\/librosdelzorrorojo.com\/ca\/cataleg\/un-mon-propi\/\" \/>\n<meta property=\"og:locale\" content=\"ca_ES\" \/>\n<meta property=\"og:type\" content=\"article\" \/>\n<meta property=\"og:title\" content=\"Un M\u00f3n Propi\" \/>\n<meta property=\"og:description\" content=\"T\u2019has parat a pensar en com \u00e9s el m\u00f3n en qu\u00e8 vius? Si haguessis de crear un m\u00f3n propi, com seria? Qu\u00e8 transformaries per fer-lo m\u00e9s divertit?\" \/>\n<meta property=\"og:url\" content=\"https:\/\/librosdelzorrorojo.com\/ca\/cataleg\/un-mon-propi\/\" \/>\n<meta property=\"og:site_name\" content=\"Libros del Zorro Rojo\" \/>\n<meta property=\"article:modified_time\" content=\"2024-03-01T08:19:54+00:00\" \/>\n<meta property=\"og:image\" content=\"https:\/\/librosdelzorrorojo.com\/wp-content\/uploads\/2017\/03\/Cover-Un-mo\u0301n-propi-CAT-e1525444698594.jpg\" \/>\n\t<meta property=\"og:image:width\" content=\"850\" \/>\n\t<meta property=\"og:image:height\" content=\"722\" \/>\n\t<meta property=\"og:image:type\" content=\"image\/jpeg\" \/>\n<meta name=\"twitter:card\" content=\"summary_large_image\" \/>\n<meta name=\"twitter:label1\" content=\"Temps estimat de lectura\" \/>\n\t<meta name=\"twitter:data1\" content=\"1 minut\" \/>\n<script type=\"application\/ld+json\" class=\"yoast-schema-graph\">{\"@context\":\"https:\/\/schema.org\",\"@graph\":[{\"@type\":\"WebPage\",\"@id\":\"https:\/\/librosdelzorrorojo.com\/ca\/cataleg\/un-mon-propi\/\",\"url\":\"https:\/\/librosdelzorrorojo.com\/ca\/cataleg\/un-mon-propi\/\",\"name\":\"Un M\u00f3n Propi\",\"isPartOf\":{\"@id\":\"https:\/\/librosdelzorrorojo.com\/#website\"},\"primaryImageOfPage\":{\"@id\":\"https:\/\/librosdelzorrorojo.com\/ca\/cataleg\/un-mon-propi\/#primaryimage\"},\"image\":{\"@id\":\"https:\/\/librosdelzorrorojo.com\/ca\/cataleg\/un-mon-propi\/#primaryimage\"},\"thumbnailUrl\":\"https:\/\/librosdelzorrorojo.com\/wp-content\/uploads\/2017\/03\/Cover-Un-mo\u0301n-propi-CAT-e1525444698594.jpg\",\"datePublished\":\"2000-03-15T11:00:38+00:00\",\"dateModified\":\"2024-03-01T08:19:54+00:00\",\"description\":\"T\u2019has parat a pensar en com \u00e9s el m\u00f3n en qu\u00e8 vius? Si haguessis de crear un m\u00f3n propi, com seria? Qu\u00e8 transformaries per fer-lo m\u00e9s divertit?\",\"breadcrumb\":{\"@id\":\"https:\/\/librosdelzorrorojo.com\/ca\/cataleg\/un-mon-propi\/#breadcrumb\"},\"inLanguage\":\"ca\",\"potentialAction\":[{\"@type\":\"ReadAction\",\"target\":[\"https:\/\/librosdelzorrorojo.com\/ca\/cataleg\/un-mon-propi\/\"]}]},{\"@type\":\"ImageObject\",\"inLanguage\":\"ca\",\"@id\":\"https:\/\/librosdelzorrorojo.com\/ca\/cataleg\/un-mon-propi\/#primaryimage\",\"url\":\"https:\/\/librosdelzorrorojo.com\/wp-content\/uploads\/2017\/03\/Cover-Un-mo\u0301n-propi-CAT-e1525444698594.jpg\",\"contentUrl\":\"https:\/\/librosdelzorrorojo.com\/wp-content\/uploads\/2017\/03\/Cover-Un-mo\u0301n-propi-CAT-e1525444698594.jpg\",\"width\":850,\"height\":722,\"caption\":\"Cover Un mo\u0301n propi CAT e1525444698594\"},{\"@type\":\"BreadcrumbList\",\"@id\":\"https:\/\/librosdelzorrorojo.com\/ca\/cataleg\/un-mon-propi\/#breadcrumb\",\"itemListElement\":[{\"@type\":\"ListItem\",\"position\":1,\"name\":\"Portada\",\"item\":\"https:\/\/librosdelzorrorojo.com\/ca\/\"},{\"@type\":\"ListItem\",\"position\":2,\"name\":\"Cat\u00e0leg\",\"item\":\"https:\/\/librosdelzorrorojo.com\/ca\/cataleg\/\"},{\"@type\":\"ListItem\",\"position\":3,\"name\":\"Un M\u00f3n Propi\"}]},{\"@type\":\"WebSite\",\"@id\":\"https:\/\/librosdelzorrorojo.com\/#website\",\"url\":\"https:\/\/librosdelzorrorojo.com\/\",\"name\":\"Libros del Zorro Rojo\",\"description\":\"Libros ilustrados\",\"potentialAction\":[{\"@type\":\"SearchAction\",\"target\":{\"@type\":\"EntryPoint\",\"urlTemplate\":\"https:\/\/librosdelzorrorojo.com\/?s={search_term_string}\"},\"query-input\":{\"@type\":\"PropertyValueSpecification\",\"valueRequired\":true,\"valueName\":\"search_term_string\"}}],\"inLanguage\":\"ca\"}]}<\/script>\n<!-- \/ Yoast SEO plugin. -->","yoast_head_json":{"title":"Un M\u00f3n Propi","description":"T\u2019has parat a pensar en com \u00e9s el m\u00f3n en qu\u00e8 vius? Si haguessis de crear un m\u00f3n propi, com seria? Qu\u00e8 transformaries per fer-lo m\u00e9s divertit?","robots":{"index":"index","follow":"follow","max-snippet":"max-snippet:-1","max-image-preview":"max-image-preview:large","max-video-preview":"max-video-preview:-1"},"canonical":"https:\/\/librosdelzorrorojo.com\/ca\/cataleg\/un-mon-propi\/","og_locale":"ca_ES","og_type":"article","og_title":"Un M\u00f3n Propi","og_description":"T\u2019has parat a pensar en com \u00e9s el m\u00f3n en qu\u00e8 vius? Si haguessis de crear un m\u00f3n propi, com seria? Qu\u00e8 transformaries per fer-lo m\u00e9s divertit?","og_url":"https:\/\/librosdelzorrorojo.com\/ca\/cataleg\/un-mon-propi\/","og_site_name":"Libros del Zorro Rojo","article_modified_time":"2024-03-01T08:19:54+00:00","og_image":[{"width":850,"height":722,"url":"https:\/\/librosdelzorrorojo.com\/wp-content\/uploads\/2017\/03\/Cover-Un-mo\u0301n-propi-CAT-e1525444698594.jpg","type":"image\/jpeg"}],"twitter_card":"summary_large_image","twitter_misc":{"Temps estimat de lectura":"1 minut"},"schema":{"@context":"https:\/\/schema.org","@graph":[{"@type":"WebPage","@id":"https:\/\/librosdelzorrorojo.com\/ca\/cataleg\/un-mon-propi\/","url":"https:\/\/librosdelzorrorojo.com\/ca\/cataleg\/un-mon-propi\/","name":"Un M\u00f3n Propi","isPartOf":{"@id":"https:\/\/librosdelzorrorojo.com\/#website"},"primaryImageOfPage":{"@id":"https:\/\/librosdelzorrorojo.com\/ca\/cataleg\/un-mon-propi\/#primaryimage"},"image":{"@id":"https:\/\/librosdelzorrorojo.com\/ca\/cataleg\/un-mon-propi\/#primaryimage"},"thumbnailUrl":"https:\/\/librosdelzorrorojo.com\/wp-content\/uploads\/2017\/03\/Cover-Un-mo\u0301n-propi-CAT-e1525444698594.jpg","datePublished":"2000-03-15T11:00:38+00:00","dateModified":"2024-03-01T08:19:54+00:00","description":"T\u2019has parat a pensar en com \u00e9s el m\u00f3n en qu\u00e8 vius? Si haguessis de crear un m\u00f3n propi, com seria? Qu\u00e8 transformaries per fer-lo m\u00e9s divertit?","breadcrumb":{"@id":"https:\/\/librosdelzorrorojo.com\/ca\/cataleg\/un-mon-propi\/#breadcrumb"},"inLanguage":"ca","potentialAction":[{"@type":"ReadAction","target":["https:\/\/librosdelzorrorojo.com\/ca\/cataleg\/un-mon-propi\/"]}]},{"@type":"ImageObject","inLanguage":"ca","@id":"https:\/\/librosdelzorrorojo.com\/ca\/cataleg\/un-mon-propi\/#primaryimage","url":"https:\/\/librosdelzorrorojo.com\/wp-content\/uploads\/2017\/03\/Cover-Un-mo\u0301n-propi-CAT-e1525444698594.jpg","contentUrl":"https:\/\/librosdelzorrorojo.com\/wp-content\/uploads\/2017\/03\/Cover-Un-mo\u0301n-propi-CAT-e1525444698594.jpg","width":850,"height":722,"caption":"Cover Un mo\u0301n propi CAT e1525444698594"},{"@type":"BreadcrumbList","@id":"https:\/\/librosdelzorrorojo.com\/ca\/cataleg\/un-mon-propi\/#breadcrumb","itemListElement":[{"@type":"ListItem","position":1,"name":"Portada","item":"https:\/\/librosdelzorrorojo.com\/ca\/"},{"@type":"ListItem","position":2,"name":"Cat\u00e0leg","item":"https:\/\/librosdelzorrorojo.com\/ca\/cataleg\/"},{"@type":"ListItem","position":3,"name":"Un M\u00f3n Propi"}]},{"@type":"WebSite","@id":"https:\/\/librosdelzorrorojo.com\/#website","url":"https:\/\/librosdelzorrorojo.com\/","name":"Libros del Zorro Rojo","description":"Libros ilustrados","potentialAction":[{"@type":"SearchAction","target":{"@type":"EntryPoint","urlTemplate":"https:\/\/librosdelzorrorojo.com\/?s={search_term_string}"},"query-input":{"@type":"PropertyValueSpecification","valueRequired":true,"valueName":"search_term_string"}}],"inLanguage":"ca"}]}},"_links":{"self":[{"href":"https:\/\/librosdelzorrorojo.com\/ca\/wp-json\/wp\/v2\/product\/2476","targetHints":{"allow":["GET"]}}],"collection":[{"href":"https:\/\/librosdelzorrorojo.com\/ca\/wp-json\/wp\/v2\/product"}],"about":[{"href":"https:\/\/librosdelzorrorojo.com\/ca\/wp-json\/wp\/v2\/types\/product"}],"wp:featuredmedia":[{"embeddable":true,"href":"https:\/\/librosdelzorrorojo.com\/ca\/wp-json\/wp\/v2\/media\/4438"}],"wp:attachment":[{"href":"https:\/\/librosdelzorrorojo.com\/ca\/wp-json\/wp\/v2\/media?parent=2476"}],"wp:term":[{"taxonomy":"product_brand","embeddable":true,"href":"https:\/\/librosdelzorrorojo.com\/ca\/wp-json\/wp\/v2\/product_brand?post=2476"},{"taxonomy":"product_cat","embeddable":true,"href":"https:\/\/librosdelzorrorojo.com\/ca\/wp-json\/wp\/v2\/product_cat?post=2476"},{"taxonomy":"product_tag","embeddable":true,"href":"https:\/\/librosdelzorrorojo.com\/ca\/wp-json\/wp\/v2\/product_tag?post=2476"}],"curies":[{"name":"wp","href":"https:\/\/api.w.org\/{rel}","templated":true}]}}