{"id":2468,"date":"2000-09-13T12:00:37","date_gmt":"2000-09-13T10:00:37","guid":{"rendered":"https:\/\/produccion.librosdelzorrorojo.com\/libros\/mexique-el-nom-del-vaixell\/"},"modified":"2025-02-11T20:39:19","modified_gmt":"2025-02-11T19:39:19","slug":"mexique-el-nom-del-vaixell","status":"publish","type":"product","link":"https:\/\/librosdelzorrorojo.com\/ca\/cataleg\/mexique-el-nom-del-vaixell\/","title":{"rendered":"Mexique"},"content":{"rendered":"<p>El 27 de maig de 1937, en plena guerra civil, 456 fills i filles de republicans van embarcar en el transatl\u00e0ntic <em>Mexique,<\/em> que va salpar des de Bordeus rumb a M\u00e8xic. Estava previst que hi fossin durant tres o quatre mesos, per\u00f2 la derrota republicana i l\u2019inici de la Segona Guerra Mundial van transformar el seu exili en definitiu.<\/p>\n<p>Libros del Zorro Rojo recupera en aquest \u00e0lbum il\u00b7lustrat un cas real, esdevingut a Espanya fa just vuitanta anys, narrat des de la perspectiva d\u2019un nen, una veu infantil carregada de matisos \u2014entre ells, la incertesa, l\u2019esperan\u00e7a i la innoc\u00e8ncia\u2014 que transgredeix l\u2019eufemisme de \u00abdany col\u00b7lateral\u00bb. Una edici\u00f3 que tamb\u00e9 conta la hist\u00f2ria d\u2019un vaixell, sabent que no existeix un registre de tots aquells que travessen cada dia l\u2019oce\u00e0, traslladant a \u00e9ssers humans que tenen dret a una vida digna sense que la terra es desfaci sota els seus peus.<\/p>\n<p>La delicadesa del text, escrit per la guardonada Mar\u00eda Jos\u00e9 Ferrada, s\u2019uneix a la for\u00e7a expressiva de les il\u00b7lustracions d\u2019Ana Penyas per retratar, d\u2019una manera original i sincera, un viatge d\u2019emocions molt proper a la sensibilitat infantil.<\/p>\n<p>&nbsp;<\/p>\n<p><img decoding=\"async\" src=\"https:\/\/librosdelzorrorojo.com\/wp-content\/uploads\/2021\/09\/DC-ICEC-horitzontal-cos12-bn-1-600x80.png\" alt=\"\" width=\"300\" height=\"40\" class=\"alignnone wp-image-23704\" srcset=\"https:\/\/librosdelzorrorojo.com\/wp-content\/uploads\/2021\/09\/DC-ICEC-horitzontal-cos12-bn-1-600x80.png 600w, https:\/\/librosdelzorrorojo.com\/wp-content\/uploads\/2021\/09\/DC-ICEC-horitzontal-cos12-bn-1-1024x137.png 1024w, https:\/\/librosdelzorrorojo.com\/wp-content\/uploads\/2021\/09\/DC-ICEC-horitzontal-cos12-bn-1-768x103.png 768w, https:\/\/librosdelzorrorojo.com\/wp-content\/uploads\/2021\/09\/DC-ICEC-horitzontal-cos12-bn-1-800x107.png 800w, https:\/\/librosdelzorrorojo.com\/wp-content\/uploads\/2021\/09\/DC-ICEC-horitzontal-cos12-bn-1.png 1482w\" sizes=\"(max-width: 300px) 100vw, 300px\" \/><\/p>\n<p>&nbsp;<\/p>\n<p>&nbsp;<\/p>\n","protected":false},"excerpt":{"rendered":"Un \u00e0lbum que recupera un dels primers episodis de l&#8217;exili causat per la Guerra Civil Espanyola, les v\u00edctimes van ser un grup de nens i nenes, fills i filles de republicans, que es van refugiar a Morelia, M\u00e8xic.","protected":false},"featured_media":4428,"template":"","meta":{"_acf_changed":false},"product_brand":[],"product_cat":[840,843],"product_tag":[],"class_list":{"0":"post-2468","1":"product","2":"type-product","3":"status-publish","4":"has-post-thumbnail","6":"product_cat-catala","7":"product_cat-infantiles-ca","8":"vinculo-mexique","10":"first","11":"instock","12":"taxable","13":"shipping-taxable","14":"purchasable","15":"product-type-simple"},"acf":[],"yoast_head":"<!-- This site is optimized with the Yoast SEO plugin v25.1 - https:\/\/yoast.com\/wordpress\/plugins\/seo\/ -->\n<title>Mexique, el nom del vaixell<\/title>\n<meta name=\"description\" content=\"El 27 de maig de 1937, en plena guerra civil, 456 fills i filles de republicans van embarcar en el transatl\u00e0ntic Mexique, que va salpar des de Bordeus rumb\" \/>\n<meta name=\"robots\" content=\"index, follow, max-snippet:-1, max-image-preview:large, max-video-preview:-1\" \/>\n<link rel=\"canonical\" href=\"https:\/\/librosdelzorrorojo.com\/ca\/cataleg\/mexique-el-nom-del-vaixell\/\" \/>\n<meta property=\"og:locale\" content=\"ca_ES\" \/>\n<meta property=\"og:type\" content=\"article\" \/>\n<meta property=\"og:title\" content=\"Mexique, el nom del vaixell\" \/>\n<meta property=\"og:description\" content=\"El 27 de maig de 1937, en plena guerra civil, 456 fills i filles de republicans van embarcar en el transatl\u00e0ntic Mexique, que va salpar des de Bordeus rumb\" \/>\n<meta property=\"og:url\" content=\"https:\/\/librosdelzorrorojo.com\/ca\/cataleg\/mexique-el-nom-del-vaixell\/\" \/>\n<meta property=\"og:site_name\" content=\"Libros del Zorro Rojo\" \/>\n<meta property=\"article:modified_time\" content=\"2025-02-11T19:39:19+00:00\" \/>\n<meta property=\"og:image\" content=\"https:\/\/librosdelzorrorojo.com\/wp-content\/uploads\/2017\/09\/Cover-Mexique-CATALAN-New-e1525441984459.jpg\" \/>\n\t<meta property=\"og:image:width\" content=\"850\" \/>\n\t<meta property=\"og:image:height\" content=\"764\" \/>\n\t<meta property=\"og:image:type\" content=\"image\/jpeg\" \/>\n<meta name=\"twitter:card\" content=\"summary_large_image\" \/>\n<meta name=\"twitter:label1\" content=\"Temps estimat de lectura\" \/>\n\t<meta name=\"twitter:data1\" content=\"1 minut\" \/>\n<script type=\"application\/ld+json\" class=\"yoast-schema-graph\">{\"@context\":\"https:\/\/schema.org\",\"@graph\":[{\"@type\":\"WebPage\",\"@id\":\"https:\/\/librosdelzorrorojo.com\/ca\/cataleg\/mexique-el-nom-del-vaixell\/\",\"url\":\"https:\/\/librosdelzorrorojo.com\/ca\/cataleg\/mexique-el-nom-del-vaixell\/\",\"name\":\"Mexique, el nom del vaixell\",\"isPartOf\":{\"@id\":\"https:\/\/librosdelzorrorojo.com\/#website\"},\"primaryImageOfPage\":{\"@id\":\"https:\/\/librosdelzorrorojo.com\/ca\/cataleg\/mexique-el-nom-del-vaixell\/#primaryimage\"},\"image\":{\"@id\":\"https:\/\/librosdelzorrorojo.com\/ca\/cataleg\/mexique-el-nom-del-vaixell\/#primaryimage\"},\"thumbnailUrl\":\"https:\/\/librosdelzorrorojo.com\/wp-content\/uploads\/2017\/09\/Cover-Mexique-CATALAN-New-e1525441984459.jpg\",\"datePublished\":\"2000-09-13T10:00:37+00:00\",\"dateModified\":\"2025-02-11T19:39:19+00:00\",\"description\":\"El 27 de maig de 1937, en plena guerra civil, 456 fills i filles de republicans van embarcar en el transatl\u00e0ntic Mexique, que va salpar des de Bordeus rumb\",\"breadcrumb\":{\"@id\":\"https:\/\/librosdelzorrorojo.com\/ca\/cataleg\/mexique-el-nom-del-vaixell\/#breadcrumb\"},\"inLanguage\":\"ca\",\"potentialAction\":[{\"@type\":\"ReadAction\",\"target\":[\"https:\/\/librosdelzorrorojo.com\/ca\/cataleg\/mexique-el-nom-del-vaixell\/\"]}]},{\"@type\":\"ImageObject\",\"inLanguage\":\"ca\",\"@id\":\"https:\/\/librosdelzorrorojo.com\/ca\/cataleg\/mexique-el-nom-del-vaixell\/#primaryimage\",\"url\":\"https:\/\/librosdelzorrorojo.com\/wp-content\/uploads\/2017\/09\/Cover-Mexique-CATALAN-New-e1525441984459.jpg\",\"contentUrl\":\"https:\/\/librosdelzorrorojo.com\/wp-content\/uploads\/2017\/09\/Cover-Mexique-CATALAN-New-e1525441984459.jpg\",\"width\":850,\"height\":764,\"caption\":\"Cover Mexique CATALAN New e1525441984459\"},{\"@type\":\"BreadcrumbList\",\"@id\":\"https:\/\/librosdelzorrorojo.com\/ca\/cataleg\/mexique-el-nom-del-vaixell\/#breadcrumb\",\"itemListElement\":[{\"@type\":\"ListItem\",\"position\":1,\"name\":\"Portada\",\"item\":\"https:\/\/librosdelzorrorojo.com\/ca\/\"},{\"@type\":\"ListItem\",\"position\":2,\"name\":\"Cat\u00e0leg\",\"item\":\"https:\/\/librosdelzorrorojo.com\/ca\/cataleg\/\"},{\"@type\":\"ListItem\",\"position\":3,\"name\":\"Mexique\"}]},{\"@type\":\"WebSite\",\"@id\":\"https:\/\/librosdelzorrorojo.com\/#website\",\"url\":\"https:\/\/librosdelzorrorojo.com\/\",\"name\":\"Libros del Zorro Rojo\",\"description\":\"Libros ilustrados\",\"potentialAction\":[{\"@type\":\"SearchAction\",\"target\":{\"@type\":\"EntryPoint\",\"urlTemplate\":\"https:\/\/librosdelzorrorojo.com\/?s={search_term_string}\"},\"query-input\":{\"@type\":\"PropertyValueSpecification\",\"valueRequired\":true,\"valueName\":\"search_term_string\"}}],\"inLanguage\":\"ca\"}]}<\/script>\n<!-- \/ Yoast SEO plugin. -->","yoast_head_json":{"title":"Mexique, el nom del vaixell","description":"El 27 de maig de 1937, en plena guerra civil, 456 fills i filles de republicans van embarcar en el transatl\u00e0ntic Mexique, que va salpar des de Bordeus rumb","robots":{"index":"index","follow":"follow","max-snippet":"max-snippet:-1","max-image-preview":"max-image-preview:large","max-video-preview":"max-video-preview:-1"},"canonical":"https:\/\/librosdelzorrorojo.com\/ca\/cataleg\/mexique-el-nom-del-vaixell\/","og_locale":"ca_ES","og_type":"article","og_title":"Mexique, el nom del vaixell","og_description":"El 27 de maig de 1937, en plena guerra civil, 456 fills i filles de republicans van embarcar en el transatl\u00e0ntic Mexique, que va salpar des de Bordeus rumb","og_url":"https:\/\/librosdelzorrorojo.com\/ca\/cataleg\/mexique-el-nom-del-vaixell\/","og_site_name":"Libros del Zorro Rojo","article_modified_time":"2025-02-11T19:39:19+00:00","og_image":[{"width":850,"height":764,"url":"https:\/\/librosdelzorrorojo.com\/wp-content\/uploads\/2017\/09\/Cover-Mexique-CATALAN-New-e1525441984459.jpg","type":"image\/jpeg"}],"twitter_card":"summary_large_image","twitter_misc":{"Temps estimat de lectura":"1 minut"},"schema":{"@context":"https:\/\/schema.org","@graph":[{"@type":"WebPage","@id":"https:\/\/librosdelzorrorojo.com\/ca\/cataleg\/mexique-el-nom-del-vaixell\/","url":"https:\/\/librosdelzorrorojo.com\/ca\/cataleg\/mexique-el-nom-del-vaixell\/","name":"Mexique, el nom del vaixell","isPartOf":{"@id":"https:\/\/librosdelzorrorojo.com\/#website"},"primaryImageOfPage":{"@id":"https:\/\/librosdelzorrorojo.com\/ca\/cataleg\/mexique-el-nom-del-vaixell\/#primaryimage"},"image":{"@id":"https:\/\/librosdelzorrorojo.com\/ca\/cataleg\/mexique-el-nom-del-vaixell\/#primaryimage"},"thumbnailUrl":"https:\/\/librosdelzorrorojo.com\/wp-content\/uploads\/2017\/09\/Cover-Mexique-CATALAN-New-e1525441984459.jpg","datePublished":"2000-09-13T10:00:37+00:00","dateModified":"2025-02-11T19:39:19+00:00","description":"El 27 de maig de 1937, en plena guerra civil, 456 fills i filles de republicans van embarcar en el transatl\u00e0ntic Mexique, que va salpar des de Bordeus rumb","breadcrumb":{"@id":"https:\/\/librosdelzorrorojo.com\/ca\/cataleg\/mexique-el-nom-del-vaixell\/#breadcrumb"},"inLanguage":"ca","potentialAction":[{"@type":"ReadAction","target":["https:\/\/librosdelzorrorojo.com\/ca\/cataleg\/mexique-el-nom-del-vaixell\/"]}]},{"@type":"ImageObject","inLanguage":"ca","@id":"https:\/\/librosdelzorrorojo.com\/ca\/cataleg\/mexique-el-nom-del-vaixell\/#primaryimage","url":"https:\/\/librosdelzorrorojo.com\/wp-content\/uploads\/2017\/09\/Cover-Mexique-CATALAN-New-e1525441984459.jpg","contentUrl":"https:\/\/librosdelzorrorojo.com\/wp-content\/uploads\/2017\/09\/Cover-Mexique-CATALAN-New-e1525441984459.jpg","width":850,"height":764,"caption":"Cover Mexique CATALAN New e1525441984459"},{"@type":"BreadcrumbList","@id":"https:\/\/librosdelzorrorojo.com\/ca\/cataleg\/mexique-el-nom-del-vaixell\/#breadcrumb","itemListElement":[{"@type":"ListItem","position":1,"name":"Portada","item":"https:\/\/librosdelzorrorojo.com\/ca\/"},{"@type":"ListItem","position":2,"name":"Cat\u00e0leg","item":"https:\/\/librosdelzorrorojo.com\/ca\/cataleg\/"},{"@type":"ListItem","position":3,"name":"Mexique"}]},{"@type":"WebSite","@id":"https:\/\/librosdelzorrorojo.com\/#website","url":"https:\/\/librosdelzorrorojo.com\/","name":"Libros del Zorro Rojo","description":"Libros ilustrados","potentialAction":[{"@type":"SearchAction","target":{"@type":"EntryPoint","urlTemplate":"https:\/\/librosdelzorrorojo.com\/?s={search_term_string}"},"query-input":{"@type":"PropertyValueSpecification","valueRequired":true,"valueName":"search_term_string"}}],"inLanguage":"ca"}]}},"_links":{"self":[{"href":"https:\/\/librosdelzorrorojo.com\/ca\/wp-json\/wp\/v2\/product\/2468","targetHints":{"allow":["GET"]}}],"collection":[{"href":"https:\/\/librosdelzorrorojo.com\/ca\/wp-json\/wp\/v2\/product"}],"about":[{"href":"https:\/\/librosdelzorrorojo.com\/ca\/wp-json\/wp\/v2\/types\/product"}],"wp:featuredmedia":[{"embeddable":true,"href":"https:\/\/librosdelzorrorojo.com\/ca\/wp-json\/wp\/v2\/media\/4428"}],"wp:attachment":[{"href":"https:\/\/librosdelzorrorojo.com\/ca\/wp-json\/wp\/v2\/media?parent=2468"}],"wp:term":[{"taxonomy":"product_brand","embeddable":true,"href":"https:\/\/librosdelzorrorojo.com\/ca\/wp-json\/wp\/v2\/product_brand?post=2468"},{"taxonomy":"product_cat","embeddable":true,"href":"https:\/\/librosdelzorrorojo.com\/ca\/wp-json\/wp\/v2\/product_cat?post=2468"},{"taxonomy":"product_tag","embeddable":true,"href":"https:\/\/librosdelzorrorojo.com\/ca\/wp-json\/wp\/v2\/product_tag?post=2468"}],"curies":[{"name":"wp","href":"https:\/\/api.w.org\/{rel}","templated":true}]}}