{"id":2447,"date":"2000-01-01T12:00:36","date_gmt":"2000-01-01T11:00:36","guid":{"rendered":"https:\/\/produccion.librosdelzorrorojo.com\/libros\/el-llibre-negre-dels-colors\/"},"modified":"2026-05-07T15:14:17","modified_gmt":"2026-05-07T13:14:17","slug":"el-llibre-negre-dels-colors","status":"publish","type":"product","link":"https:\/\/librosdelzorrorojo.com\/ca\/cataleg\/el-llibre-negre-dels-colors\/","title":{"rendered":"El llibre negre dels colors"},"content":{"rendered":"<p>Una obra singular sobre la percepci\u00f3 del color. Il\u00e1lustrat en relleu, aquest llibre negre proposa a tots els nens una experi\u00e8ncia sensorial in\u00e8dita: percebre el color, sense necessitat de veure-ho. Una edici\u00f3 original de la prestigiosa editorial mexicana Tecolote, que va mer\u00e8ixer el Primer Premi en la categoria nous Horitzons, atorgat per la Fira del Llibre Infantil de Bolonya 2007 i elegit pel <em>New York Times<\/em> entre els millors llibres il\u00e1lustrats del 2008.<\/p>\n","protected":false},"excerpt":{"rendered":"Una obra singular sobre la percepci\u00f3 del color. Il\u00e1lustrat en relleu, aquest llibre negre proposa a tots els nens una experi\u00e8ncia sensorial in\u00e8dita: percebre el color, sense necessitat de veure-ho. Una edici\u00f3 original de la prestigiosa editorial mexicana Tecolote, que va mer\u00e8ixer el Primer Premi en la categoria nous Horitzons, atorgat per la Fira del Llibre Infantil de Bolonya 2007 i elegit pel <em>New York Times<\/em> entre els millors llibres il\u00e1lustrats del 2008.","protected":false},"featured_media":11463,"template":"","meta":{"_acf_changed":false},"product_brand":[],"product_cat":[840],"product_tag":[],"class_list":{"0":"post-2447","1":"product","2":"type-product","3":"status-publish","4":"has-post-thumbnail","6":"product_cat-catala","7":"vinculo-el-libro-negro-de-los-colores","9":"first","10":"instock","11":"taxable","12":"shipping-taxable","13":"purchasable","14":"product-type-simple"},"acf":[],"yoast_head":"<!-- This site is optimized with the Yoast SEO plugin v25.1 - https:\/\/yoast.com\/wordpress\/plugins\/seo\/ -->\n<title>El llibre negre dels colors El llibre negre dels colors -<\/title>\n<meta name=\"description\" content=\"Una obra singular sobre la percepci\u00f3 del color. Il\u00e1lustrat en relleu, aquest llibre negre proposa a tots els nens una experi\u00e8ncia sensorial in\u00e8dita:\" \/>\n<meta name=\"robots\" content=\"index, follow, max-snippet:-1, max-image-preview:large, max-video-preview:-1\" \/>\n<link rel=\"canonical\" href=\"https:\/\/librosdelzorrorojo.com\/ca\/cataleg\/el-llibre-negre-dels-colors\/\" \/>\n<meta property=\"og:locale\" content=\"ca_ES\" \/>\n<meta property=\"og:type\" content=\"article\" \/>\n<meta property=\"og:title\" content=\"El llibre negre dels colors El llibre negre dels colors -\" \/>\n<meta property=\"og:description\" content=\"Una obra singular sobre la percepci\u00f3 del color. Il\u00e1lustrat en relleu, aquest llibre negre proposa a tots els nens una experi\u00e8ncia sensorial in\u00e8dita:\" \/>\n<meta property=\"og:url\" content=\"https:\/\/librosdelzorrorojo.com\/ca\/cataleg\/el-llibre-negre-dels-colors\/\" \/>\n<meta property=\"og:site_name\" content=\"Libros del Zorro Rojo\" \/>\n<meta property=\"article:modified_time\" content=\"2026-05-07T13:14:17+00:00\" \/>\n<meta property=\"og:image\" content=\"https:\/\/librosdelzorrorojo.com\/wp-content\/uploads\/2000\/01\/Cover_El-llibre-negre-dels-colors-WEB.png\" \/>\n\t<meta property=\"og:image:width\" content=\"850\" \/>\n\t<meta property=\"og:image:height\" content=\"522\" \/>\n\t<meta property=\"og:image:type\" content=\"image\/png\" \/>\n<meta name=\"twitter:card\" content=\"summary_large_image\" \/>\n<meta name=\"twitter:label1\" content=\"Temps estimat de lectura\" \/>\n\t<meta name=\"twitter:data1\" content=\"1 minut\" \/>\n<script type=\"application\/ld+json\" class=\"yoast-schema-graph\">{\"@context\":\"https:\/\/schema.org\",\"@graph\":[{\"@type\":\"WebPage\",\"@id\":\"https:\/\/librosdelzorrorojo.com\/ca\/cataleg\/el-llibre-negre-dels-colors\/\",\"url\":\"https:\/\/librosdelzorrorojo.com\/ca\/cataleg\/el-llibre-negre-dels-colors\/\",\"name\":\"El llibre negre dels colors El llibre negre dels colors -\",\"isPartOf\":{\"@id\":\"https:\/\/librosdelzorrorojo.com\/#website\"},\"primaryImageOfPage\":{\"@id\":\"https:\/\/librosdelzorrorojo.com\/ca\/cataleg\/el-llibre-negre-dels-colors\/#primaryimage\"},\"image\":{\"@id\":\"https:\/\/librosdelzorrorojo.com\/ca\/cataleg\/el-llibre-negre-dels-colors\/#primaryimage\"},\"thumbnailUrl\":\"https:\/\/librosdelzorrorojo.com\/wp-content\/uploads\/2000\/01\/Cover_El-llibre-negre-dels-colors-WEB.png\",\"datePublished\":\"2000-01-01T11:00:36+00:00\",\"dateModified\":\"2026-05-07T13:14:17+00:00\",\"description\":\"Una obra singular sobre la percepci\u00f3 del color. Il\u00e1lustrat en relleu, aquest llibre negre proposa a tots els nens una experi\u00e8ncia sensorial in\u00e8dita:\",\"breadcrumb\":{\"@id\":\"https:\/\/librosdelzorrorojo.com\/ca\/cataleg\/el-llibre-negre-dels-colors\/#breadcrumb\"},\"inLanguage\":\"ca\",\"potentialAction\":[{\"@type\":\"ReadAction\",\"target\":[\"https:\/\/librosdelzorrorojo.com\/ca\/cataleg\/el-llibre-negre-dels-colors\/\"]}]},{\"@type\":\"ImageObject\",\"inLanguage\":\"ca\",\"@id\":\"https:\/\/librosdelzorrorojo.com\/ca\/cataleg\/el-llibre-negre-dels-colors\/#primaryimage\",\"url\":\"https:\/\/librosdelzorrorojo.com\/wp-content\/uploads\/2000\/01\/Cover_El-llibre-negre-dels-colors-WEB.png\",\"contentUrl\":\"https:\/\/librosdelzorrorojo.com\/wp-content\/uploads\/2000\/01\/Cover_El-llibre-negre-dels-colors-WEB.png\",\"width\":850,\"height\":522,\"caption\":\"Cover El llibre negre dels colors WEB\"},{\"@type\":\"BreadcrumbList\",\"@id\":\"https:\/\/librosdelzorrorojo.com\/ca\/cataleg\/el-llibre-negre-dels-colors\/#breadcrumb\",\"itemListElement\":[{\"@type\":\"ListItem\",\"position\":1,\"name\":\"Portada\",\"item\":\"https:\/\/librosdelzorrorojo.com\/ca\/\"},{\"@type\":\"ListItem\",\"position\":2,\"name\":\"Cat\u00e0leg\",\"item\":\"https:\/\/librosdelzorrorojo.com\/ca\/cataleg\/\"},{\"@type\":\"ListItem\",\"position\":3,\"name\":\"El llibre negre dels colors\"}]},{\"@type\":\"WebSite\",\"@id\":\"https:\/\/librosdelzorrorojo.com\/#website\",\"url\":\"https:\/\/librosdelzorrorojo.com\/\",\"name\":\"Libros del Zorro Rojo\",\"description\":\"Libros ilustrados\",\"potentialAction\":[{\"@type\":\"SearchAction\",\"target\":{\"@type\":\"EntryPoint\",\"urlTemplate\":\"https:\/\/librosdelzorrorojo.com\/?s={search_term_string}\"},\"query-input\":{\"@type\":\"PropertyValueSpecification\",\"valueRequired\":true,\"valueName\":\"search_term_string\"}}],\"inLanguage\":\"ca\"}]}<\/script>\n<!-- \/ Yoast SEO plugin. -->","yoast_head_json":{"title":"El llibre negre dels colors El llibre negre dels colors -","description":"Una obra singular sobre la percepci\u00f3 del color. Il\u00e1lustrat en relleu, aquest llibre negre proposa a tots els nens una experi\u00e8ncia sensorial in\u00e8dita:","robots":{"index":"index","follow":"follow","max-snippet":"max-snippet:-1","max-image-preview":"max-image-preview:large","max-video-preview":"max-video-preview:-1"},"canonical":"https:\/\/librosdelzorrorojo.com\/ca\/cataleg\/el-llibre-negre-dels-colors\/","og_locale":"ca_ES","og_type":"article","og_title":"El llibre negre dels colors El llibre negre dels colors -","og_description":"Una obra singular sobre la percepci\u00f3 del color. Il\u00e1lustrat en relleu, aquest llibre negre proposa a tots els nens una experi\u00e8ncia sensorial in\u00e8dita:","og_url":"https:\/\/librosdelzorrorojo.com\/ca\/cataleg\/el-llibre-negre-dels-colors\/","og_site_name":"Libros del Zorro Rojo","article_modified_time":"2026-05-07T13:14:17+00:00","og_image":[{"width":850,"height":522,"url":"https:\/\/librosdelzorrorojo.com\/wp-content\/uploads\/2000\/01\/Cover_El-llibre-negre-dels-colors-WEB.png","type":"image\/png"}],"twitter_card":"summary_large_image","twitter_misc":{"Temps estimat de lectura":"1 minut"},"schema":{"@context":"https:\/\/schema.org","@graph":[{"@type":"WebPage","@id":"https:\/\/librosdelzorrorojo.com\/ca\/cataleg\/el-llibre-negre-dels-colors\/","url":"https:\/\/librosdelzorrorojo.com\/ca\/cataleg\/el-llibre-negre-dels-colors\/","name":"El llibre negre dels colors El llibre negre dels colors -","isPartOf":{"@id":"https:\/\/librosdelzorrorojo.com\/#website"},"primaryImageOfPage":{"@id":"https:\/\/librosdelzorrorojo.com\/ca\/cataleg\/el-llibre-negre-dels-colors\/#primaryimage"},"image":{"@id":"https:\/\/librosdelzorrorojo.com\/ca\/cataleg\/el-llibre-negre-dels-colors\/#primaryimage"},"thumbnailUrl":"https:\/\/librosdelzorrorojo.com\/wp-content\/uploads\/2000\/01\/Cover_El-llibre-negre-dels-colors-WEB.png","datePublished":"2000-01-01T11:00:36+00:00","dateModified":"2026-05-07T13:14:17+00:00","description":"Una obra singular sobre la percepci\u00f3 del color. Il\u00e1lustrat en relleu, aquest llibre negre proposa a tots els nens una experi\u00e8ncia sensorial in\u00e8dita:","breadcrumb":{"@id":"https:\/\/librosdelzorrorojo.com\/ca\/cataleg\/el-llibre-negre-dels-colors\/#breadcrumb"},"inLanguage":"ca","potentialAction":[{"@type":"ReadAction","target":["https:\/\/librosdelzorrorojo.com\/ca\/cataleg\/el-llibre-negre-dels-colors\/"]}]},{"@type":"ImageObject","inLanguage":"ca","@id":"https:\/\/librosdelzorrorojo.com\/ca\/cataleg\/el-llibre-negre-dels-colors\/#primaryimage","url":"https:\/\/librosdelzorrorojo.com\/wp-content\/uploads\/2000\/01\/Cover_El-llibre-negre-dels-colors-WEB.png","contentUrl":"https:\/\/librosdelzorrorojo.com\/wp-content\/uploads\/2000\/01\/Cover_El-llibre-negre-dels-colors-WEB.png","width":850,"height":522,"caption":"Cover El llibre negre dels colors WEB"},{"@type":"BreadcrumbList","@id":"https:\/\/librosdelzorrorojo.com\/ca\/cataleg\/el-llibre-negre-dels-colors\/#breadcrumb","itemListElement":[{"@type":"ListItem","position":1,"name":"Portada","item":"https:\/\/librosdelzorrorojo.com\/ca\/"},{"@type":"ListItem","position":2,"name":"Cat\u00e0leg","item":"https:\/\/librosdelzorrorojo.com\/ca\/cataleg\/"},{"@type":"ListItem","position":3,"name":"El llibre negre dels colors"}]},{"@type":"WebSite","@id":"https:\/\/librosdelzorrorojo.com\/#website","url":"https:\/\/librosdelzorrorojo.com\/","name":"Libros del Zorro Rojo","description":"Libros ilustrados","potentialAction":[{"@type":"SearchAction","target":{"@type":"EntryPoint","urlTemplate":"https:\/\/librosdelzorrorojo.com\/?s={search_term_string}"},"query-input":{"@type":"PropertyValueSpecification","valueRequired":true,"valueName":"search_term_string"}}],"inLanguage":"ca"}]}},"_links":{"self":[{"href":"https:\/\/librosdelzorrorojo.com\/ca\/wp-json\/wp\/v2\/product\/2447","targetHints":{"allow":["GET"]}}],"collection":[{"href":"https:\/\/librosdelzorrorojo.com\/ca\/wp-json\/wp\/v2\/product"}],"about":[{"href":"https:\/\/librosdelzorrorojo.com\/ca\/wp-json\/wp\/v2\/types\/product"}],"wp:featuredmedia":[{"embeddable":true,"href":"https:\/\/librosdelzorrorojo.com\/ca\/wp-json\/wp\/v2\/media\/11463"}],"wp:attachment":[{"href":"https:\/\/librosdelzorrorojo.com\/ca\/wp-json\/wp\/v2\/media?parent=2447"}],"wp:term":[{"taxonomy":"product_brand","embeddable":true,"href":"https:\/\/librosdelzorrorojo.com\/ca\/wp-json\/wp\/v2\/product_brand?post=2447"},{"taxonomy":"product_cat","embeddable":true,"href":"https:\/\/librosdelzorrorojo.com\/ca\/wp-json\/wp\/v2\/product_cat?post=2447"},{"taxonomy":"product_tag","embeddable":true,"href":"https:\/\/librosdelzorrorojo.com\/ca\/wp-json\/wp\/v2\/product_tag?post=2447"}],"curies":[{"name":"wp","href":"https:\/\/api.w.org\/{rel}","templated":true}]}}