{"id":24276,"date":"2023-03-14T12:36:18","date_gmt":"2023-03-14T11:36:18","guid":{"rendered":"https:\/\/librosdelzorrorojo.com\/catalogo\/todo-es-posible-con-mi-dragon\/"},"modified":"2025-01-16T10:01:37","modified_gmt":"2025-01-16T09:01:37","slug":"todo-es-posible-con-mi-dragon","status":"publish","type":"product","link":"https:\/\/librosdelzorrorojo.com\/ca\/cataleg\/todo-es-posible-con-mi-dragon\/","title":{"rendered":"Todo es posible con mi drag\u00f3n"},"content":{"rendered":"<p>Drag\u00f3n ya no est\u00e1 apagado, tampoco resfriado ni bajo de bater\u00edas, \u00a1est\u00e1 en plena forma! Y, entonces, \u00a1todo es posible! Piensa en cu\u00e1ntas cosas diferentes se pueden hacer con un amigo como \u00e9l: grandote, comil\u00f3n, con una paciencia infinita e infinitas ganas de divertirse. \u00bfQu\u00e9 har\u00edas t\u00fa para pasar un d\u00eda a lo grande con tu mejor amigo?<\/p>\n<p>Drag\u00f3n y su ingenioso, incondicional e incombustible amigo (o amiga) preparan una pizza, ven una peli de miedo, van de tiendas o a la piscina\u2026 \u00bfQu\u00e9 tiene todo ello de extraordinario? Esa es la cuesti\u00f3n y lo que los lectores ir\u00e1n descubriendo p\u00e1gina a p\u00e1gina, sonrisa tras sonrisa: quien tiene un amigo tiene un tesoro.<\/p>\n<p>De los autores de <em>C\u00f3mo encender un drag\u00f3n apagado<\/em> (2017) y <em>Mi vida con un drag\u00f3n encendido<\/em> (2022), publicados por Libros del Zorro Rojo.<\/p>\n","protected":false},"excerpt":{"rendered":"Drag\u00f3n ya no est\u00e1 apagado, tampoco resfriado ni bajo de bater\u00edas, \u00a1est\u00e1 en plena forma! Y, entonces, \u00a1todo es posible! Piensa en cu\u00e1ntas cosas diferentes se pueden hacer con un amigo como \u00e9l: grandote, comil\u00f3n, con una paciencia infinita e infinitas ganas de divertirse. \u00bfQu\u00e9 har\u00edas t\u00fa para pasar un d\u00eda a lo grande con [&hellip;]","protected":false},"featured_media":24275,"template":"","meta":{"_acf_changed":false},"product_brand":[],"product_cat":[844,843,839],"product_tag":[],"class_list":{"0":"post-24276","1":"product","2":"type-product","3":"status-publish","4":"has-post-thumbnail","6":"product_cat-castella","7":"product_cat-infantiles-ca","8":"product_cat-zona-kids-ca","9":"vinculo-todo-es-posible-con-mi-dragon","11":"first","12":"instock","13":"taxable","14":"shipping-taxable","15":"purchasable","16":"product-type-simple"},"acf":[],"yoast_head":"<!-- This site is optimized with the Yoast SEO plugin v25.1 - https:\/\/yoast.com\/wordpress\/plugins\/seo\/ -->\n<title>Todo es posible con mi drag\u00f3n - Libros del Zorro Rojo<\/title>\n<meta name=\"robots\" content=\"index, follow, max-snippet:-1, max-image-preview:large, max-video-preview:-1\" \/>\n<link rel=\"canonical\" href=\"https:\/\/librosdelzorrorojo.com\/ca\/cataleg\/todo-es-posible-con-mi-dragon\/\" \/>\n<meta property=\"og:locale\" content=\"ca_ES\" \/>\n<meta property=\"og:type\" content=\"article\" \/>\n<meta property=\"og:title\" content=\"Todo es posible con mi drag\u00f3n - Libros del Zorro Rojo\" \/>\n<meta property=\"og:description\" content=\"Drag\u00f3n ya no est\u00e1 apagado, tampoco resfriado ni bajo de bater\u00edas, \u00a1est\u00e1 en plena forma! Y, entonces, \u00a1todo es posible! Piensa en cu\u00e1ntas cosas diferentes se pueden hacer con un amigo como \u00e9l: grandote, comil\u00f3n, con una paciencia infinita e infinitas ganas de divertirse. \u00bfQu\u00e9 har\u00edas t\u00fa para pasar un d\u00eda a lo grande con [&hellip;]\" \/>\n<meta property=\"og:url\" content=\"https:\/\/librosdelzorrorojo.com\/ca\/cataleg\/todo-es-posible-con-mi-dragon\/\" \/>\n<meta property=\"og:site_name\" content=\"Libros del Zorro Rojo\" \/>\n<meta property=\"article:modified_time\" content=\"2025-01-16T09:01:37+00:00\" \/>\n<meta property=\"og:image\" content=\"https:\/\/librosdelzorrorojo.com\/wp-content\/uploads\/2023\/02\/9788412570458tdoesposible.jpg\" \/>\n\t<meta property=\"og:image:width\" content=\"2527\" \/>\n\t<meta property=\"og:image:height\" content=\"2175\" \/>\n\t<meta property=\"og:image:type\" content=\"image\/jpeg\" \/>\n<meta name=\"twitter:card\" content=\"summary_large_image\" \/>\n<meta name=\"twitter:label1\" content=\"Temps estimat de lectura\" \/>\n\t<meta name=\"twitter:data1\" content=\"1 minut\" \/>\n<script type=\"application\/ld+json\" class=\"yoast-schema-graph\">{\"@context\":\"https:\/\/schema.org\",\"@graph\":[{\"@type\":\"WebPage\",\"@id\":\"https:\/\/librosdelzorrorojo.com\/ca\/cataleg\/todo-es-posible-con-mi-dragon\/\",\"url\":\"https:\/\/librosdelzorrorojo.com\/ca\/cataleg\/todo-es-posible-con-mi-dragon\/\",\"name\":\"Todo es posible con mi drag\u00f3n - Libros del Zorro Rojo\",\"isPartOf\":{\"@id\":\"https:\/\/librosdelzorrorojo.com\/#website\"},\"primaryImageOfPage\":{\"@id\":\"https:\/\/librosdelzorrorojo.com\/ca\/cataleg\/todo-es-posible-con-mi-dragon\/#primaryimage\"},\"image\":{\"@id\":\"https:\/\/librosdelzorrorojo.com\/ca\/cataleg\/todo-es-posible-con-mi-dragon\/#primaryimage\"},\"thumbnailUrl\":\"https:\/\/librosdelzorrorojo.com\/wp-content\/uploads\/2023\/02\/9788412570458tdoesposible.jpg\",\"datePublished\":\"2023-03-14T11:36:18+00:00\",\"dateModified\":\"2025-01-16T09:01:37+00:00\",\"breadcrumb\":{\"@id\":\"https:\/\/librosdelzorrorojo.com\/ca\/cataleg\/todo-es-posible-con-mi-dragon\/#breadcrumb\"},\"inLanguage\":\"ca\",\"potentialAction\":[{\"@type\":\"ReadAction\",\"target\":[\"https:\/\/librosdelzorrorojo.com\/ca\/cataleg\/todo-es-posible-con-mi-dragon\/\"]}]},{\"@type\":\"ImageObject\",\"inLanguage\":\"ca\",\"@id\":\"https:\/\/librosdelzorrorojo.com\/ca\/cataleg\/todo-es-posible-con-mi-dragon\/#primaryimage\",\"url\":\"https:\/\/librosdelzorrorojo.com\/wp-content\/uploads\/2023\/02\/9788412570458tdoesposible.jpg\",\"contentUrl\":\"https:\/\/librosdelzorrorojo.com\/wp-content\/uploads\/2023\/02\/9788412570458tdoesposible.jpg\",\"width\":2527,\"height\":2175,\"caption\":\"9788412570458tdoesposible\"},{\"@type\":\"BreadcrumbList\",\"@id\":\"https:\/\/librosdelzorrorojo.com\/ca\/cataleg\/todo-es-posible-con-mi-dragon\/#breadcrumb\",\"itemListElement\":[{\"@type\":\"ListItem\",\"position\":1,\"name\":\"Portada\",\"item\":\"https:\/\/librosdelzorrorojo.com\/ca\/\"},{\"@type\":\"ListItem\",\"position\":2,\"name\":\"Cat\u00e0leg\",\"item\":\"https:\/\/librosdelzorrorojo.com\/ca\/cataleg\/\"},{\"@type\":\"ListItem\",\"position\":3,\"name\":\"Todo es posible con mi drag\u00f3n\"}]},{\"@type\":\"WebSite\",\"@id\":\"https:\/\/librosdelzorrorojo.com\/#website\",\"url\":\"https:\/\/librosdelzorrorojo.com\/\",\"name\":\"Libros del Zorro Rojo\",\"description\":\"Libros ilustrados\",\"potentialAction\":[{\"@type\":\"SearchAction\",\"target\":{\"@type\":\"EntryPoint\",\"urlTemplate\":\"https:\/\/librosdelzorrorojo.com\/?s={search_term_string}\"},\"query-input\":{\"@type\":\"PropertyValueSpecification\",\"valueRequired\":true,\"valueName\":\"search_term_string\"}}],\"inLanguage\":\"ca\"}]}<\/script>\n<!-- \/ Yoast SEO plugin. -->","yoast_head_json":{"title":"Todo es posible con mi drag\u00f3n - Libros del Zorro Rojo","robots":{"index":"index","follow":"follow","max-snippet":"max-snippet:-1","max-image-preview":"max-image-preview:large","max-video-preview":"max-video-preview:-1"},"canonical":"https:\/\/librosdelzorrorojo.com\/ca\/cataleg\/todo-es-posible-con-mi-dragon\/","og_locale":"ca_ES","og_type":"article","og_title":"Todo es posible con mi drag\u00f3n - Libros del Zorro Rojo","og_description":"Drag\u00f3n ya no est\u00e1 apagado, tampoco resfriado ni bajo de bater\u00edas, \u00a1est\u00e1 en plena forma! Y, entonces, \u00a1todo es posible! Piensa en cu\u00e1ntas cosas diferentes se pueden hacer con un amigo como \u00e9l: grandote, comil\u00f3n, con una paciencia infinita e infinitas ganas de divertirse. \u00bfQu\u00e9 har\u00edas t\u00fa para pasar un d\u00eda a lo grande con [&hellip;]","og_url":"https:\/\/librosdelzorrorojo.com\/ca\/cataleg\/todo-es-posible-con-mi-dragon\/","og_site_name":"Libros del Zorro Rojo","article_modified_time":"2025-01-16T09:01:37+00:00","og_image":[{"width":2527,"height":2175,"url":"https:\/\/librosdelzorrorojo.com\/wp-content\/uploads\/2023\/02\/9788412570458tdoesposible.jpg","type":"image\/jpeg"}],"twitter_card":"summary_large_image","twitter_misc":{"Temps estimat de lectura":"1 minut"},"schema":{"@context":"https:\/\/schema.org","@graph":[{"@type":"WebPage","@id":"https:\/\/librosdelzorrorojo.com\/ca\/cataleg\/todo-es-posible-con-mi-dragon\/","url":"https:\/\/librosdelzorrorojo.com\/ca\/cataleg\/todo-es-posible-con-mi-dragon\/","name":"Todo es posible con mi drag\u00f3n - Libros del Zorro Rojo","isPartOf":{"@id":"https:\/\/librosdelzorrorojo.com\/#website"},"primaryImageOfPage":{"@id":"https:\/\/librosdelzorrorojo.com\/ca\/cataleg\/todo-es-posible-con-mi-dragon\/#primaryimage"},"image":{"@id":"https:\/\/librosdelzorrorojo.com\/ca\/cataleg\/todo-es-posible-con-mi-dragon\/#primaryimage"},"thumbnailUrl":"https:\/\/librosdelzorrorojo.com\/wp-content\/uploads\/2023\/02\/9788412570458tdoesposible.jpg","datePublished":"2023-03-14T11:36:18+00:00","dateModified":"2025-01-16T09:01:37+00:00","breadcrumb":{"@id":"https:\/\/librosdelzorrorojo.com\/ca\/cataleg\/todo-es-posible-con-mi-dragon\/#breadcrumb"},"inLanguage":"ca","potentialAction":[{"@type":"ReadAction","target":["https:\/\/librosdelzorrorojo.com\/ca\/cataleg\/todo-es-posible-con-mi-dragon\/"]}]},{"@type":"ImageObject","inLanguage":"ca","@id":"https:\/\/librosdelzorrorojo.com\/ca\/cataleg\/todo-es-posible-con-mi-dragon\/#primaryimage","url":"https:\/\/librosdelzorrorojo.com\/wp-content\/uploads\/2023\/02\/9788412570458tdoesposible.jpg","contentUrl":"https:\/\/librosdelzorrorojo.com\/wp-content\/uploads\/2023\/02\/9788412570458tdoesposible.jpg","width":2527,"height":2175,"caption":"9788412570458tdoesposible"},{"@type":"BreadcrumbList","@id":"https:\/\/librosdelzorrorojo.com\/ca\/cataleg\/todo-es-posible-con-mi-dragon\/#breadcrumb","itemListElement":[{"@type":"ListItem","position":1,"name":"Portada","item":"https:\/\/librosdelzorrorojo.com\/ca\/"},{"@type":"ListItem","position":2,"name":"Cat\u00e0leg","item":"https:\/\/librosdelzorrorojo.com\/ca\/cataleg\/"},{"@type":"ListItem","position":3,"name":"Todo es posible con mi drag\u00f3n"}]},{"@type":"WebSite","@id":"https:\/\/librosdelzorrorojo.com\/#website","url":"https:\/\/librosdelzorrorojo.com\/","name":"Libros del Zorro Rojo","description":"Libros ilustrados","potentialAction":[{"@type":"SearchAction","target":{"@type":"EntryPoint","urlTemplate":"https:\/\/librosdelzorrorojo.com\/?s={search_term_string}"},"query-input":{"@type":"PropertyValueSpecification","valueRequired":true,"valueName":"search_term_string"}}],"inLanguage":"ca"}]}},"_links":{"self":[{"href":"https:\/\/librosdelzorrorojo.com\/ca\/wp-json\/wp\/v2\/product\/24276","targetHints":{"allow":["GET"]}}],"collection":[{"href":"https:\/\/librosdelzorrorojo.com\/ca\/wp-json\/wp\/v2\/product"}],"about":[{"href":"https:\/\/librosdelzorrorojo.com\/ca\/wp-json\/wp\/v2\/types\/product"}],"wp:featuredmedia":[{"embeddable":true,"href":"https:\/\/librosdelzorrorojo.com\/ca\/wp-json\/wp\/v2\/media\/24275"}],"wp:attachment":[{"href":"https:\/\/librosdelzorrorojo.com\/ca\/wp-json\/wp\/v2\/media?parent=24276"}],"wp:term":[{"taxonomy":"product_brand","embeddable":true,"href":"https:\/\/librosdelzorrorojo.com\/ca\/wp-json\/wp\/v2\/product_brand?post=24276"},{"taxonomy":"product_cat","embeddable":true,"href":"https:\/\/librosdelzorrorojo.com\/ca\/wp-json\/wp\/v2\/product_cat?post=24276"},{"taxonomy":"product_tag","embeddable":true,"href":"https:\/\/librosdelzorrorojo.com\/ca\/wp-json\/wp\/v2\/product_tag?post=24276"}],"curies":[{"name":"wp","href":"https:\/\/api.w.org\/{rel}","templated":true}]}}