{"id":24272,"date":"2023-03-21T12:26:27","date_gmt":"2023-03-21T11:26:27","guid":{"rendered":"https:\/\/librosdelzorrorojo.com\/catalogo\/el-libro-azul\/"},"modified":"2024-03-01T09:19:15","modified_gmt":"2024-03-01T08:19:15","slug":"el-libro-azul","status":"publish","type":"product","link":"https:\/\/librosdelzorrorojo.com\/ca\/cataleg\/el-libro-azul\/","title":{"rendered":"El libro azul"},"content":{"rendered":"<p>Llega la hora de dormir y tambi\u00e9n de leer. El preferido de Serafina es El libro azul, porque nada m\u00e1s abrir sus p\u00e1ginas se inicia un viaje lleno de sorpresas en el que no hay l\u00edmites ni se sigue una senda preestablecida. A trav\u00e9s del libro azul, Serafina y su padre se dejan guiar por las preguntas que plantea la aventura.<\/p>\n<p>Los deseos de la protagonista, pero tambi\u00e9n la superaci\u00f3n de sus propios temores y la confianza en su instinto, le ayudan a orientarse en un camino de infinitas posibilidades: \u00ab\u00bfMe pregunto qu\u00e9 vamos a descubrir ahora?\u00bb. Una epopeya en la que las palabras tambi\u00e9n juegan: \u00abTambi\u00e9n podr\u00edamos esperar el tren de antes, si lleva retraso\u2026 O el tren de ma\u00f1ana, si se ha adelantado\u00bb.<\/p>\n<p>Germano Zullo y Albertine unen de nuevo su talento en una oda a la lectura que va m\u00e1s all\u00e1 de la simple consigna, ofreciendo un manual excelente para disfrutar de ese tiempo compartido.<\/p>\n","protected":false},"excerpt":{"rendered":"Llega la hora de dormir y tambi\u00e9n de leer. El preferido de Serafina es El libro azul, porque nada m\u00e1s abrir sus p\u00e1ginas se inicia un viaje lleno de sorpresas en el que no hay l\u00edmites ni se sigue una senda preestablecida. A trav\u00e9s del libro azul, Serafina y su padre se dejan guiar por [&hellip;]","protected":false},"featured_media":24269,"template":"","meta":{"_acf_changed":false},"product_brand":[],"product_cat":[844,843,839],"product_tag":[],"class_list":{"0":"post-24272","1":"product","2":"type-product","3":"status-publish","4":"has-post-thumbnail","6":"product_cat-castella","7":"product_cat-infantiles-ca","8":"product_cat-zona-kids-ca","9":"vinculo-el-libro-azul","11":"first","12":"instock","13":"taxable","14":"shipping-taxable","15":"purchasable","16":"product-type-simple"},"acf":[],"yoast_head":"<!-- This site is optimized with the Yoast SEO plugin v25.1 - https:\/\/yoast.com\/wordpress\/plugins\/seo\/ -->\n<title>El libro azul - Libros del Zorro Rojo<\/title>\n<meta name=\"robots\" content=\"index, follow, max-snippet:-1, max-image-preview:large, max-video-preview:-1\" \/>\n<link rel=\"canonical\" href=\"https:\/\/librosdelzorrorojo.com\/ca\/cataleg\/el-libro-azul\/\" \/>\n<meta property=\"og:locale\" content=\"ca_ES\" \/>\n<meta property=\"og:type\" content=\"article\" \/>\n<meta property=\"og:title\" content=\"El libro azul - Libros del Zorro Rojo\" \/>\n<meta property=\"og:description\" content=\"Llega la hora de dormir y tambi\u00e9n de leer. El preferido de Serafina es El libro azul, porque nada m\u00e1s abrir sus p\u00e1ginas se inicia un viaje lleno de sorpresas en el que no hay l\u00edmites ni se sigue una senda preestablecida. A trav\u00e9s del libro azul, Serafina y su padre se dejan guiar por [&hellip;]\" \/>\n<meta property=\"og:url\" content=\"https:\/\/librosdelzorrorojo.com\/ca\/cataleg\/el-libro-azul\/\" \/>\n<meta property=\"og:site_name\" content=\"Libros del Zorro Rojo\" \/>\n<meta property=\"article:modified_time\" content=\"2024-03-01T08:19:15+00:00\" \/>\n<meta property=\"og:image\" content=\"https:\/\/librosdelzorrorojo.com\/wp-content\/uploads\/2023\/02\/9788412570465libroazul-scaled.jpg\" \/>\n\t<meta property=\"og:image:width\" content=\"2075\" \/>\n\t<meta property=\"og:image:height\" content=\"2560\" \/>\n\t<meta property=\"og:image:type\" content=\"image\/jpeg\" \/>\n<meta name=\"twitter:card\" content=\"summary_large_image\" \/>\n<meta name=\"twitter:label1\" content=\"Temps estimat de lectura\" \/>\n\t<meta name=\"twitter:data1\" content=\"1 minut\" \/>\n<script type=\"application\/ld+json\" class=\"yoast-schema-graph\">{\"@context\":\"https:\/\/schema.org\",\"@graph\":[{\"@type\":\"WebPage\",\"@id\":\"https:\/\/librosdelzorrorojo.com\/ca\/cataleg\/el-libro-azul\/\",\"url\":\"https:\/\/librosdelzorrorojo.com\/ca\/cataleg\/el-libro-azul\/\",\"name\":\"El libro azul - Libros del Zorro Rojo\",\"isPartOf\":{\"@id\":\"https:\/\/librosdelzorrorojo.com\/#website\"},\"primaryImageOfPage\":{\"@id\":\"https:\/\/librosdelzorrorojo.com\/ca\/cataleg\/el-libro-azul\/#primaryimage\"},\"image\":{\"@id\":\"https:\/\/librosdelzorrorojo.com\/ca\/cataleg\/el-libro-azul\/#primaryimage\"},\"thumbnailUrl\":\"https:\/\/librosdelzorrorojo.com\/wp-content\/uploads\/2023\/02\/9788412570465libroazul-scaled.jpg\",\"datePublished\":\"2023-03-21T11:26:27+00:00\",\"dateModified\":\"2024-03-01T08:19:15+00:00\",\"breadcrumb\":{\"@id\":\"https:\/\/librosdelzorrorojo.com\/ca\/cataleg\/el-libro-azul\/#breadcrumb\"},\"inLanguage\":\"ca\",\"potentialAction\":[{\"@type\":\"ReadAction\",\"target\":[\"https:\/\/librosdelzorrorojo.com\/ca\/cataleg\/el-libro-azul\/\"]}]},{\"@type\":\"ImageObject\",\"inLanguage\":\"ca\",\"@id\":\"https:\/\/librosdelzorrorojo.com\/ca\/cataleg\/el-libro-azul\/#primaryimage\",\"url\":\"https:\/\/librosdelzorrorojo.com\/wp-content\/uploads\/2023\/02\/9788412570465libroazul-scaled.jpg\",\"contentUrl\":\"https:\/\/librosdelzorrorojo.com\/wp-content\/uploads\/2023\/02\/9788412570465libroazul-scaled.jpg\",\"width\":2075,\"height\":2560,\"caption\":\"9788412570465libroazul scaled\"},{\"@type\":\"BreadcrumbList\",\"@id\":\"https:\/\/librosdelzorrorojo.com\/ca\/cataleg\/el-libro-azul\/#breadcrumb\",\"itemListElement\":[{\"@type\":\"ListItem\",\"position\":1,\"name\":\"Portada\",\"item\":\"https:\/\/librosdelzorrorojo.com\/ca\/\"},{\"@type\":\"ListItem\",\"position\":2,\"name\":\"Cat\u00e0leg\",\"item\":\"https:\/\/librosdelzorrorojo.com\/ca\/cataleg\/\"},{\"@type\":\"ListItem\",\"position\":3,\"name\":\"El libro azul\"}]},{\"@type\":\"WebSite\",\"@id\":\"https:\/\/librosdelzorrorojo.com\/#website\",\"url\":\"https:\/\/librosdelzorrorojo.com\/\",\"name\":\"Libros del Zorro Rojo\",\"description\":\"Libros ilustrados\",\"potentialAction\":[{\"@type\":\"SearchAction\",\"target\":{\"@type\":\"EntryPoint\",\"urlTemplate\":\"https:\/\/librosdelzorrorojo.com\/?s={search_term_string}\"},\"query-input\":{\"@type\":\"PropertyValueSpecification\",\"valueRequired\":true,\"valueName\":\"search_term_string\"}}],\"inLanguage\":\"ca\"}]}<\/script>\n<!-- \/ Yoast SEO plugin. -->","yoast_head_json":{"title":"El libro azul - Libros del Zorro Rojo","robots":{"index":"index","follow":"follow","max-snippet":"max-snippet:-1","max-image-preview":"max-image-preview:large","max-video-preview":"max-video-preview:-1"},"canonical":"https:\/\/librosdelzorrorojo.com\/ca\/cataleg\/el-libro-azul\/","og_locale":"ca_ES","og_type":"article","og_title":"El libro azul - Libros del Zorro Rojo","og_description":"Llega la hora de dormir y tambi\u00e9n de leer. El preferido de Serafina es El libro azul, porque nada m\u00e1s abrir sus p\u00e1ginas se inicia un viaje lleno de sorpresas en el que no hay l\u00edmites ni se sigue una senda preestablecida. A trav\u00e9s del libro azul, Serafina y su padre se dejan guiar por [&hellip;]","og_url":"https:\/\/librosdelzorrorojo.com\/ca\/cataleg\/el-libro-azul\/","og_site_name":"Libros del Zorro Rojo","article_modified_time":"2024-03-01T08:19:15+00:00","og_image":[{"width":2075,"height":2560,"url":"https:\/\/librosdelzorrorojo.com\/wp-content\/uploads\/2023\/02\/9788412570465libroazul-scaled.jpg","type":"image\/jpeg"}],"twitter_card":"summary_large_image","twitter_misc":{"Temps estimat de lectura":"1 minut"},"schema":{"@context":"https:\/\/schema.org","@graph":[{"@type":"WebPage","@id":"https:\/\/librosdelzorrorojo.com\/ca\/cataleg\/el-libro-azul\/","url":"https:\/\/librosdelzorrorojo.com\/ca\/cataleg\/el-libro-azul\/","name":"El libro azul - Libros del Zorro Rojo","isPartOf":{"@id":"https:\/\/librosdelzorrorojo.com\/#website"},"primaryImageOfPage":{"@id":"https:\/\/librosdelzorrorojo.com\/ca\/cataleg\/el-libro-azul\/#primaryimage"},"image":{"@id":"https:\/\/librosdelzorrorojo.com\/ca\/cataleg\/el-libro-azul\/#primaryimage"},"thumbnailUrl":"https:\/\/librosdelzorrorojo.com\/wp-content\/uploads\/2023\/02\/9788412570465libroazul-scaled.jpg","datePublished":"2023-03-21T11:26:27+00:00","dateModified":"2024-03-01T08:19:15+00:00","breadcrumb":{"@id":"https:\/\/librosdelzorrorojo.com\/ca\/cataleg\/el-libro-azul\/#breadcrumb"},"inLanguage":"ca","potentialAction":[{"@type":"ReadAction","target":["https:\/\/librosdelzorrorojo.com\/ca\/cataleg\/el-libro-azul\/"]}]},{"@type":"ImageObject","inLanguage":"ca","@id":"https:\/\/librosdelzorrorojo.com\/ca\/cataleg\/el-libro-azul\/#primaryimage","url":"https:\/\/librosdelzorrorojo.com\/wp-content\/uploads\/2023\/02\/9788412570465libroazul-scaled.jpg","contentUrl":"https:\/\/librosdelzorrorojo.com\/wp-content\/uploads\/2023\/02\/9788412570465libroazul-scaled.jpg","width":2075,"height":2560,"caption":"9788412570465libroazul scaled"},{"@type":"BreadcrumbList","@id":"https:\/\/librosdelzorrorojo.com\/ca\/cataleg\/el-libro-azul\/#breadcrumb","itemListElement":[{"@type":"ListItem","position":1,"name":"Portada","item":"https:\/\/librosdelzorrorojo.com\/ca\/"},{"@type":"ListItem","position":2,"name":"Cat\u00e0leg","item":"https:\/\/librosdelzorrorojo.com\/ca\/cataleg\/"},{"@type":"ListItem","position":3,"name":"El libro azul"}]},{"@type":"WebSite","@id":"https:\/\/librosdelzorrorojo.com\/#website","url":"https:\/\/librosdelzorrorojo.com\/","name":"Libros del Zorro Rojo","description":"Libros ilustrados","potentialAction":[{"@type":"SearchAction","target":{"@type":"EntryPoint","urlTemplate":"https:\/\/librosdelzorrorojo.com\/?s={search_term_string}"},"query-input":{"@type":"PropertyValueSpecification","valueRequired":true,"valueName":"search_term_string"}}],"inLanguage":"ca"}]}},"_links":{"self":[{"href":"https:\/\/librosdelzorrorojo.com\/ca\/wp-json\/wp\/v2\/product\/24272","targetHints":{"allow":["GET"]}}],"collection":[{"href":"https:\/\/librosdelzorrorojo.com\/ca\/wp-json\/wp\/v2\/product"}],"about":[{"href":"https:\/\/librosdelzorrorojo.com\/ca\/wp-json\/wp\/v2\/types\/product"}],"wp:featuredmedia":[{"embeddable":true,"href":"https:\/\/librosdelzorrorojo.com\/ca\/wp-json\/wp\/v2\/media\/24269"}],"wp:attachment":[{"href":"https:\/\/librosdelzorrorojo.com\/ca\/wp-json\/wp\/v2\/media?parent=24272"}],"wp:term":[{"taxonomy":"product_brand","embeddable":true,"href":"https:\/\/librosdelzorrorojo.com\/ca\/wp-json\/wp\/v2\/product_brand?post=24272"},{"taxonomy":"product_cat","embeddable":true,"href":"https:\/\/librosdelzorrorojo.com\/ca\/wp-json\/wp\/v2\/product_cat?post=24272"},{"taxonomy":"product_tag","embeddable":true,"href":"https:\/\/librosdelzorrorojo.com\/ca\/wp-json\/wp\/v2\/product_tag?post=24272"}],"curies":[{"name":"wp","href":"https:\/\/api.w.org\/{rel}","templated":true}]}}