{"id":24205,"date":"2023-02-21T10:53:11","date_gmt":"2023-02-21T09:53:11","guid":{"rendered":"https:\/\/librosdelzorrorojo.com\/?post_type=product&#038;p=24205"},"modified":"2024-05-17T02:07:24","modified_gmt":"2024-05-17T00:07:24","slug":"fem-veure-que","status":"publish","type":"product","link":"https:\/\/librosdelzorrorojo.com\/ca\/cataleg\/fem-veure-que\/","title":{"rendered":"Fem veure que&#8230;"},"content":{"rendered":"<p>Dos amics surten fora a jugar i, mentre recorren cada rac\u00f3 de la granja, converteixen el seu entorn en un m\u00f3n de fantasia: \u00abImagina&#8217;t que l&#8217;arbre \u00e9s un castell en un regne lluny\u00e0. Pujar\u00edem a la torre i des d&#8217;all\u00ed vigilar\u00edem l&#8217;horitz\u00f3. Per\u00f2 un monstre volador ens faria senyals perqu\u00e8 el segu\u00edssim\u2026\u00bb.<br \/>\nUna hist\u00f2ria, plena d&#8217;acci\u00f3 i aventura, per la qual desfilaran criatures terribles, monstres, gegants, zombis, alien\u00edgenes\u2026 Sort que els protagonistes tenen poders m\u00e0gics, el major de tots: la seva imaginaci\u00f3. Aquest llibre \u00e0lbum, amb una est\u00e8tica que recorda als manuals de bona conducta, ret homenatge a la diversi\u00f3 sense l\u00edmits que ens ofereix \u00abjugar a inventar\u00bb, als jocs a l&#8217;aire lliure, en els quals s&#8217;incorporen tots els elements de l&#8217;entorn.<\/p>\n","protected":false},"excerpt":{"rendered":"Dos amics surten fora a jugar i, mentre recorren cada rac\u00f3 de la granja, converteixen el seu entorn en un m\u00f3n de fantasia: \u00abImagina&#8217;t que l&#8217;arbre \u00e9s un castell en un regne lluny\u00e0. Pujar\u00edem a la torre i des d&#8217;all\u00ed vigilar\u00edem l&#8217;horitz\u00f3. Per\u00f2 un monstre volador ens faria senyals perqu\u00e8 el segu\u00edssim\u2026\u00bb. Una hist\u00f2ria, plena [&hellip;]","protected":false},"featured_media":24192,"template":"","meta":{"_acf_changed":false},"product_brand":[],"product_cat":[840,843,839],"product_tag":[],"class_list":{"0":"post-24205","1":"product","2":"type-product","3":"status-publish","4":"has-post-thumbnail","6":"product_cat-catala","7":"product_cat-infantiles-ca","8":"product_cat-zona-kids-ca","9":"vinculo-imagina-que","11":"first","12":"instock","13":"taxable","14":"shipping-taxable","15":"purchasable","16":"product-type-simple"},"acf":[],"yoast_head":"<!-- This site is optimized with the Yoast SEO plugin v25.1 - https:\/\/yoast.com\/wordpress\/plugins\/seo\/ -->\n<title>Fem veure que... - Libros del Zorro Rojo<\/title>\n<meta name=\"robots\" content=\"index, follow, max-snippet:-1, max-image-preview:large, max-video-preview:-1\" \/>\n<link rel=\"canonical\" href=\"https:\/\/librosdelzorrorojo.com\/ca\/cataleg\/fem-veure-que\/\" \/>\n<meta property=\"og:locale\" content=\"ca_ES\" \/>\n<meta property=\"og:type\" content=\"article\" \/>\n<meta property=\"og:title\" content=\"Fem veure que... - Libros del Zorro Rojo\" \/>\n<meta property=\"og:description\" content=\"Dos amics surten fora a jugar i, mentre recorren cada rac\u00f3 de la granja, converteixen el seu entorn en un m\u00f3n de fantasia: \u00abImagina&#8217;t que l&#8217;arbre \u00e9s un castell en un regne lluny\u00e0. Pujar\u00edem a la torre i des d&#8217;all\u00ed vigilar\u00edem l&#8217;horitz\u00f3. Per\u00f2 un monstre volador ens faria senyals perqu\u00e8 el segu\u00edssim\u2026\u00bb. Una hist\u00f2ria, plena [&hellip;]\" \/>\n<meta property=\"og:url\" content=\"https:\/\/librosdelzorrorojo.com\/ca\/cataleg\/fem-veure-que\/\" \/>\n<meta property=\"og:site_name\" content=\"Libros del Zorro Rojo\" \/>\n<meta property=\"article:modified_time\" content=\"2024-05-17T00:07:24+00:00\" \/>\n<meta property=\"og:image\" content=\"https:\/\/librosdelzorrorojo.com\/wp-content\/uploads\/2023\/02\/9788412570519Femveureque.jpg\" \/>\n\t<meta property=\"og:image:width\" content=\"611\" \/>\n\t<meta property=\"og:image:height\" content=\"814\" \/>\n\t<meta property=\"og:image:type\" content=\"image\/jpeg\" \/>\n<meta name=\"twitter:card\" content=\"summary_large_image\" \/>\n<meta name=\"twitter:label1\" content=\"Temps estimat de lectura\" \/>\n\t<meta name=\"twitter:data1\" content=\"1 minut\" \/>\n<script type=\"application\/ld+json\" class=\"yoast-schema-graph\">{\"@context\":\"https:\/\/schema.org\",\"@graph\":[{\"@type\":\"WebPage\",\"@id\":\"https:\/\/librosdelzorrorojo.com\/ca\/cataleg\/fem-veure-que\/\",\"url\":\"https:\/\/librosdelzorrorojo.com\/ca\/cataleg\/fem-veure-que\/\",\"name\":\"Fem veure que... - Libros del Zorro Rojo\",\"isPartOf\":{\"@id\":\"https:\/\/librosdelzorrorojo.com\/#website\"},\"primaryImageOfPage\":{\"@id\":\"https:\/\/librosdelzorrorojo.com\/ca\/cataleg\/fem-veure-que\/#primaryimage\"},\"image\":{\"@id\":\"https:\/\/librosdelzorrorojo.com\/ca\/cataleg\/fem-veure-que\/#primaryimage\"},\"thumbnailUrl\":\"https:\/\/librosdelzorrorojo.com\/wp-content\/uploads\/2023\/02\/9788412570519Femveureque.jpg\",\"datePublished\":\"2023-02-21T09:53:11+00:00\",\"dateModified\":\"2024-05-17T00:07:24+00:00\",\"breadcrumb\":{\"@id\":\"https:\/\/librosdelzorrorojo.com\/ca\/cataleg\/fem-veure-que\/#breadcrumb\"},\"inLanguage\":\"ca\",\"potentialAction\":[{\"@type\":\"ReadAction\",\"target\":[\"https:\/\/librosdelzorrorojo.com\/ca\/cataleg\/fem-veure-que\/\"]}]},{\"@type\":\"ImageObject\",\"inLanguage\":\"ca\",\"@id\":\"https:\/\/librosdelzorrorojo.com\/ca\/cataleg\/fem-veure-que\/#primaryimage\",\"url\":\"https:\/\/librosdelzorrorojo.com\/wp-content\/uploads\/2023\/02\/9788412570519Femveureque.jpg\",\"contentUrl\":\"https:\/\/librosdelzorrorojo.com\/wp-content\/uploads\/2023\/02\/9788412570519Femveureque.jpg\",\"width\":611,\"height\":814,\"caption\":\"9788412570519Femveureque\"},{\"@type\":\"BreadcrumbList\",\"@id\":\"https:\/\/librosdelzorrorojo.com\/ca\/cataleg\/fem-veure-que\/#breadcrumb\",\"itemListElement\":[{\"@type\":\"ListItem\",\"position\":1,\"name\":\"Portada\",\"item\":\"https:\/\/librosdelzorrorojo.com\/ca\/\"},{\"@type\":\"ListItem\",\"position\":2,\"name\":\"Cat\u00e0leg\",\"item\":\"https:\/\/librosdelzorrorojo.com\/ca\/cataleg\/\"},{\"@type\":\"ListItem\",\"position\":3,\"name\":\"Fem veure que&#8230;\"}]},{\"@type\":\"WebSite\",\"@id\":\"https:\/\/librosdelzorrorojo.com\/#website\",\"url\":\"https:\/\/librosdelzorrorojo.com\/\",\"name\":\"Libros del Zorro Rojo\",\"description\":\"Libros ilustrados\",\"potentialAction\":[{\"@type\":\"SearchAction\",\"target\":{\"@type\":\"EntryPoint\",\"urlTemplate\":\"https:\/\/librosdelzorrorojo.com\/?s={search_term_string}\"},\"query-input\":{\"@type\":\"PropertyValueSpecification\",\"valueRequired\":true,\"valueName\":\"search_term_string\"}}],\"inLanguage\":\"ca\"}]}<\/script>\n<!-- \/ Yoast SEO plugin. -->","yoast_head_json":{"title":"Fem veure que... - Libros del Zorro Rojo","robots":{"index":"index","follow":"follow","max-snippet":"max-snippet:-1","max-image-preview":"max-image-preview:large","max-video-preview":"max-video-preview:-1"},"canonical":"https:\/\/librosdelzorrorojo.com\/ca\/cataleg\/fem-veure-que\/","og_locale":"ca_ES","og_type":"article","og_title":"Fem veure que... - Libros del Zorro Rojo","og_description":"Dos amics surten fora a jugar i, mentre recorren cada rac\u00f3 de la granja, converteixen el seu entorn en un m\u00f3n de fantasia: \u00abImagina&#8217;t que l&#8217;arbre \u00e9s un castell en un regne lluny\u00e0. Pujar\u00edem a la torre i des d&#8217;all\u00ed vigilar\u00edem l&#8217;horitz\u00f3. Per\u00f2 un monstre volador ens faria senyals perqu\u00e8 el segu\u00edssim\u2026\u00bb. Una hist\u00f2ria, plena [&hellip;]","og_url":"https:\/\/librosdelzorrorojo.com\/ca\/cataleg\/fem-veure-que\/","og_site_name":"Libros del Zorro Rojo","article_modified_time":"2024-05-17T00:07:24+00:00","og_image":[{"width":611,"height":814,"url":"https:\/\/librosdelzorrorojo.com\/wp-content\/uploads\/2023\/02\/9788412570519Femveureque.jpg","type":"image\/jpeg"}],"twitter_card":"summary_large_image","twitter_misc":{"Temps estimat de lectura":"1 minut"},"schema":{"@context":"https:\/\/schema.org","@graph":[{"@type":"WebPage","@id":"https:\/\/librosdelzorrorojo.com\/ca\/cataleg\/fem-veure-que\/","url":"https:\/\/librosdelzorrorojo.com\/ca\/cataleg\/fem-veure-que\/","name":"Fem veure que... - Libros del Zorro Rojo","isPartOf":{"@id":"https:\/\/librosdelzorrorojo.com\/#website"},"primaryImageOfPage":{"@id":"https:\/\/librosdelzorrorojo.com\/ca\/cataleg\/fem-veure-que\/#primaryimage"},"image":{"@id":"https:\/\/librosdelzorrorojo.com\/ca\/cataleg\/fem-veure-que\/#primaryimage"},"thumbnailUrl":"https:\/\/librosdelzorrorojo.com\/wp-content\/uploads\/2023\/02\/9788412570519Femveureque.jpg","datePublished":"2023-02-21T09:53:11+00:00","dateModified":"2024-05-17T00:07:24+00:00","breadcrumb":{"@id":"https:\/\/librosdelzorrorojo.com\/ca\/cataleg\/fem-veure-que\/#breadcrumb"},"inLanguage":"ca","potentialAction":[{"@type":"ReadAction","target":["https:\/\/librosdelzorrorojo.com\/ca\/cataleg\/fem-veure-que\/"]}]},{"@type":"ImageObject","inLanguage":"ca","@id":"https:\/\/librosdelzorrorojo.com\/ca\/cataleg\/fem-veure-que\/#primaryimage","url":"https:\/\/librosdelzorrorojo.com\/wp-content\/uploads\/2023\/02\/9788412570519Femveureque.jpg","contentUrl":"https:\/\/librosdelzorrorojo.com\/wp-content\/uploads\/2023\/02\/9788412570519Femveureque.jpg","width":611,"height":814,"caption":"9788412570519Femveureque"},{"@type":"BreadcrumbList","@id":"https:\/\/librosdelzorrorojo.com\/ca\/cataleg\/fem-veure-que\/#breadcrumb","itemListElement":[{"@type":"ListItem","position":1,"name":"Portada","item":"https:\/\/librosdelzorrorojo.com\/ca\/"},{"@type":"ListItem","position":2,"name":"Cat\u00e0leg","item":"https:\/\/librosdelzorrorojo.com\/ca\/cataleg\/"},{"@type":"ListItem","position":3,"name":"Fem veure que&#8230;"}]},{"@type":"WebSite","@id":"https:\/\/librosdelzorrorojo.com\/#website","url":"https:\/\/librosdelzorrorojo.com\/","name":"Libros del Zorro Rojo","description":"Libros ilustrados","potentialAction":[{"@type":"SearchAction","target":{"@type":"EntryPoint","urlTemplate":"https:\/\/librosdelzorrorojo.com\/?s={search_term_string}"},"query-input":{"@type":"PropertyValueSpecification","valueRequired":true,"valueName":"search_term_string"}}],"inLanguage":"ca"}]}},"_links":{"self":[{"href":"https:\/\/librosdelzorrorojo.com\/ca\/wp-json\/wp\/v2\/product\/24205","targetHints":{"allow":["GET"]}}],"collection":[{"href":"https:\/\/librosdelzorrorojo.com\/ca\/wp-json\/wp\/v2\/product"}],"about":[{"href":"https:\/\/librosdelzorrorojo.com\/ca\/wp-json\/wp\/v2\/types\/product"}],"wp:featuredmedia":[{"embeddable":true,"href":"https:\/\/librosdelzorrorojo.com\/ca\/wp-json\/wp\/v2\/media\/24192"}],"wp:attachment":[{"href":"https:\/\/librosdelzorrorojo.com\/ca\/wp-json\/wp\/v2\/media?parent=24205"}],"wp:term":[{"taxonomy":"product_brand","embeddable":true,"href":"https:\/\/librosdelzorrorojo.com\/ca\/wp-json\/wp\/v2\/product_brand?post=24205"},{"taxonomy":"product_cat","embeddable":true,"href":"https:\/\/librosdelzorrorojo.com\/ca\/wp-json\/wp\/v2\/product_cat?post=24205"},{"taxonomy":"product_tag","embeddable":true,"href":"https:\/\/librosdelzorrorojo.com\/ca\/wp-json\/wp\/v2\/product_tag?post=24205"}],"curies":[{"name":"wp","href":"https:\/\/api.w.org\/{rel}","templated":true}]}}