{"id":24201,"date":"2023-02-21T14:49:23","date_gmt":"2023-02-21T13:49:23","guid":{"rendered":"https:\/\/librosdelzorrorojo.com\/catalogo\/imagina-que\/"},"modified":"2024-03-01T09:19:04","modified_gmt":"2024-03-01T08:19:04","slug":"imagina-que","status":"publish","type":"product","link":"https:\/\/librosdelzorrorojo.com\/ca\/cataleg\/imagina-que\/","title":{"rendered":"Imagina que&#8230;"},"content":{"rendered":"<p>Dos amigos salen fuera a jugar y mientras recorren cada rinc\u00f3n de la granja, convierten su entorno en un mundo de fantas\u00eda: \u00abImag\u00ednate que el \u00e1rbol es un castillo en un reino lejano. Subir\u00edamos a la torre y desde all\u00ed vigilar\u00edamos el horizonte. Pero un monstruo volador nos har\u00eda se\u00f1as para que lo sigui\u00e9ramos\u2026\u00bb.<\/p>\n<p>Una historia, llena de acci\u00f3n y aventura, por la que van a desfilar criaturas terribles, monstruos, gigantes, zombis, alien\u00edgenas\u2026 Suerte que los protagonistas tienen poderes m\u00e1gicos, el mayor de todos: su imaginaci\u00f3n.<\/p>\n<p>Este libro \u00e1lbum, con una est\u00e9tica que recuerda a los manuales de buena conducta, rinde homenaje a la diversi\u00f3n sin l\u00edmites que nos ofrece \u00abjugar a inventar\u00bb, a los juegos al aire libre, en los que se incorporan todos los elementos del entorno.<\/p>\n","protected":false},"excerpt":{"rendered":"Dos amigos salen fuera a jugar y mientras recorren cada rinc\u00f3n de la granja, convierten su entorno en un mundo de fantas\u00eda: \u00abImag\u00ednate que el \u00e1rbol es un castillo en un reino lejano. Subir\u00edamos a la torre y desde all\u00ed vigilar\u00edamos el horizonte. Pero un monstruo volador nos har\u00eda se\u00f1as para que lo sigui\u00e9ramos\u2026\u00bb. Una [&hellip;]","protected":false},"featured_media":24169,"template":"","meta":{"_acf_changed":false},"product_brand":[],"product_cat":[844,843,839,849],"product_tag":[],"class_list":{"0":"post-24201","1":"product","2":"type-product","3":"status-publish","4":"has-post-thumbnail","6":"product_cat-castella","7":"product_cat-infantiles-ca","8":"product_cat-zona-kids-ca","9":"product_cat-altres-productes","10":"vinculo-imagina-que","12":"first","13":"instock","14":"taxable","15":"shipping-taxable","16":"purchasable","17":"product-type-simple"},"acf":[],"yoast_head":"<!-- This site is optimized with the Yoast SEO plugin v25.1 - https:\/\/yoast.com\/wordpress\/plugins\/seo\/ -->\n<title>Imagina que... - Libros del Zorro Rojo<\/title>\n<meta name=\"description\" content=\"Un libro \u00e1lbum, con una est\u00e9tica que recuerda a los manuales de buena conducta, que rinde homenaje a la diversi\u00f3n sin l\u00edmites que nos ofrece \u00abjugar a inventar\u00bb.\" \/>\n<meta name=\"robots\" content=\"index, follow, max-snippet:-1, max-image-preview:large, max-video-preview:-1\" \/>\n<link rel=\"canonical\" href=\"https:\/\/librosdelzorrorojo.com\/ca\/cataleg\/imagina-que\/\" \/>\n<meta property=\"og:locale\" content=\"ca_ES\" \/>\n<meta property=\"og:type\" content=\"article\" \/>\n<meta property=\"og:title\" content=\"Imagina que... - Libros del Zorro Rojo\" \/>\n<meta property=\"og:description\" content=\"Un libro \u00e1lbum, con una est\u00e9tica que recuerda a los manuales de buena conducta, que rinde homenaje a la diversi\u00f3n sin l\u00edmites que nos ofrece \u00abjugar a inventar\u00bb.\" \/>\n<meta property=\"og:url\" content=\"https:\/\/librosdelzorrorojo.com\/ca\/cataleg\/imagina-que\/\" \/>\n<meta property=\"og:site_name\" content=\"Libros del Zorro Rojo\" \/>\n<meta property=\"article:modified_time\" content=\"2024-03-01T08:19:04+00:00\" \/>\n<meta property=\"og:image\" content=\"https:\/\/librosdelzorrorojo.com\/wp-content\/uploads\/2023\/02\/9788412570625Imaginaque.jpg\" \/>\n\t<meta property=\"og:image:width\" content=\"613\" \/>\n\t<meta property=\"og:image:height\" content=\"816\" \/>\n\t<meta property=\"og:image:type\" content=\"image\/jpeg\" \/>\n<meta name=\"twitter:card\" content=\"summary_large_image\" \/>\n<meta name=\"twitter:label1\" content=\"Temps estimat de lectura\" \/>\n\t<meta name=\"twitter:data1\" content=\"1 minut\" \/>\n<script type=\"application\/ld+json\" class=\"yoast-schema-graph\">{\"@context\":\"https:\/\/schema.org\",\"@graph\":[{\"@type\":\"WebPage\",\"@id\":\"https:\/\/librosdelzorrorojo.com\/ca\/cataleg\/imagina-que\/\",\"url\":\"https:\/\/librosdelzorrorojo.com\/ca\/cataleg\/imagina-que\/\",\"name\":\"Imagina que... - Libros del Zorro Rojo\",\"isPartOf\":{\"@id\":\"https:\/\/librosdelzorrorojo.com\/#website\"},\"primaryImageOfPage\":{\"@id\":\"https:\/\/librosdelzorrorojo.com\/ca\/cataleg\/imagina-que\/#primaryimage\"},\"image\":{\"@id\":\"https:\/\/librosdelzorrorojo.com\/ca\/cataleg\/imagina-que\/#primaryimage\"},\"thumbnailUrl\":\"https:\/\/librosdelzorrorojo.com\/wp-content\/uploads\/2023\/02\/9788412570625Imaginaque.jpg\",\"datePublished\":\"2023-02-21T13:49:23+00:00\",\"dateModified\":\"2024-03-01T08:19:04+00:00\",\"description\":\"Un libro \u00e1lbum, con una est\u00e9tica que recuerda a los manuales de buena conducta, que rinde homenaje a la diversi\u00f3n sin l\u00edmites que nos ofrece \u00abjugar a inventar\u00bb.\",\"breadcrumb\":{\"@id\":\"https:\/\/librosdelzorrorojo.com\/ca\/cataleg\/imagina-que\/#breadcrumb\"},\"inLanguage\":\"ca\",\"potentialAction\":[{\"@type\":\"ReadAction\",\"target\":[\"https:\/\/librosdelzorrorojo.com\/ca\/cataleg\/imagina-que\/\"]}]},{\"@type\":\"ImageObject\",\"inLanguage\":\"ca\",\"@id\":\"https:\/\/librosdelzorrorojo.com\/ca\/cataleg\/imagina-que\/#primaryimage\",\"url\":\"https:\/\/librosdelzorrorojo.com\/wp-content\/uploads\/2023\/02\/9788412570625Imaginaque.jpg\",\"contentUrl\":\"https:\/\/librosdelzorrorojo.com\/wp-content\/uploads\/2023\/02\/9788412570625Imaginaque.jpg\",\"width\":613,\"height\":816,\"caption\":\"9788412570625Imaginaque\"},{\"@type\":\"BreadcrumbList\",\"@id\":\"https:\/\/librosdelzorrorojo.com\/ca\/cataleg\/imagina-que\/#breadcrumb\",\"itemListElement\":[{\"@type\":\"ListItem\",\"position\":1,\"name\":\"Portada\",\"item\":\"https:\/\/librosdelzorrorojo.com\/ca\/\"},{\"@type\":\"ListItem\",\"position\":2,\"name\":\"Cat\u00e0leg\",\"item\":\"https:\/\/librosdelzorrorojo.com\/ca\/cataleg\/\"},{\"@type\":\"ListItem\",\"position\":3,\"name\":\"Imagina que&#8230;\"}]},{\"@type\":\"WebSite\",\"@id\":\"https:\/\/librosdelzorrorojo.com\/#website\",\"url\":\"https:\/\/librosdelzorrorojo.com\/\",\"name\":\"Libros del Zorro Rojo\",\"description\":\"Libros ilustrados\",\"potentialAction\":[{\"@type\":\"SearchAction\",\"target\":{\"@type\":\"EntryPoint\",\"urlTemplate\":\"https:\/\/librosdelzorrorojo.com\/?s={search_term_string}\"},\"query-input\":{\"@type\":\"PropertyValueSpecification\",\"valueRequired\":true,\"valueName\":\"search_term_string\"}}],\"inLanguage\":\"ca\"}]}<\/script>\n<!-- \/ Yoast SEO plugin. -->","yoast_head_json":{"title":"Imagina que... - Libros del Zorro Rojo","description":"Un libro \u00e1lbum, con una est\u00e9tica que recuerda a los manuales de buena conducta, que rinde homenaje a la diversi\u00f3n sin l\u00edmites que nos ofrece \u00abjugar a inventar\u00bb.","robots":{"index":"index","follow":"follow","max-snippet":"max-snippet:-1","max-image-preview":"max-image-preview:large","max-video-preview":"max-video-preview:-1"},"canonical":"https:\/\/librosdelzorrorojo.com\/ca\/cataleg\/imagina-que\/","og_locale":"ca_ES","og_type":"article","og_title":"Imagina que... - Libros del Zorro Rojo","og_description":"Un libro \u00e1lbum, con una est\u00e9tica que recuerda a los manuales de buena conducta, que rinde homenaje a la diversi\u00f3n sin l\u00edmites que nos ofrece \u00abjugar a inventar\u00bb.","og_url":"https:\/\/librosdelzorrorojo.com\/ca\/cataleg\/imagina-que\/","og_site_name":"Libros del Zorro Rojo","article_modified_time":"2024-03-01T08:19:04+00:00","og_image":[{"width":613,"height":816,"url":"https:\/\/librosdelzorrorojo.com\/wp-content\/uploads\/2023\/02\/9788412570625Imaginaque.jpg","type":"image\/jpeg"}],"twitter_card":"summary_large_image","twitter_misc":{"Temps estimat de lectura":"1 minut"},"schema":{"@context":"https:\/\/schema.org","@graph":[{"@type":"WebPage","@id":"https:\/\/librosdelzorrorojo.com\/ca\/cataleg\/imagina-que\/","url":"https:\/\/librosdelzorrorojo.com\/ca\/cataleg\/imagina-que\/","name":"Imagina que... - Libros del Zorro Rojo","isPartOf":{"@id":"https:\/\/librosdelzorrorojo.com\/#website"},"primaryImageOfPage":{"@id":"https:\/\/librosdelzorrorojo.com\/ca\/cataleg\/imagina-que\/#primaryimage"},"image":{"@id":"https:\/\/librosdelzorrorojo.com\/ca\/cataleg\/imagina-que\/#primaryimage"},"thumbnailUrl":"https:\/\/librosdelzorrorojo.com\/wp-content\/uploads\/2023\/02\/9788412570625Imaginaque.jpg","datePublished":"2023-02-21T13:49:23+00:00","dateModified":"2024-03-01T08:19:04+00:00","description":"Un libro \u00e1lbum, con una est\u00e9tica que recuerda a los manuales de buena conducta, que rinde homenaje a la diversi\u00f3n sin l\u00edmites que nos ofrece \u00abjugar a inventar\u00bb.","breadcrumb":{"@id":"https:\/\/librosdelzorrorojo.com\/ca\/cataleg\/imagina-que\/#breadcrumb"},"inLanguage":"ca","potentialAction":[{"@type":"ReadAction","target":["https:\/\/librosdelzorrorojo.com\/ca\/cataleg\/imagina-que\/"]}]},{"@type":"ImageObject","inLanguage":"ca","@id":"https:\/\/librosdelzorrorojo.com\/ca\/cataleg\/imagina-que\/#primaryimage","url":"https:\/\/librosdelzorrorojo.com\/wp-content\/uploads\/2023\/02\/9788412570625Imaginaque.jpg","contentUrl":"https:\/\/librosdelzorrorojo.com\/wp-content\/uploads\/2023\/02\/9788412570625Imaginaque.jpg","width":613,"height":816,"caption":"9788412570625Imaginaque"},{"@type":"BreadcrumbList","@id":"https:\/\/librosdelzorrorojo.com\/ca\/cataleg\/imagina-que\/#breadcrumb","itemListElement":[{"@type":"ListItem","position":1,"name":"Portada","item":"https:\/\/librosdelzorrorojo.com\/ca\/"},{"@type":"ListItem","position":2,"name":"Cat\u00e0leg","item":"https:\/\/librosdelzorrorojo.com\/ca\/cataleg\/"},{"@type":"ListItem","position":3,"name":"Imagina que&#8230;"}]},{"@type":"WebSite","@id":"https:\/\/librosdelzorrorojo.com\/#website","url":"https:\/\/librosdelzorrorojo.com\/","name":"Libros del Zorro Rojo","description":"Libros ilustrados","potentialAction":[{"@type":"SearchAction","target":{"@type":"EntryPoint","urlTemplate":"https:\/\/librosdelzorrorojo.com\/?s={search_term_string}"},"query-input":{"@type":"PropertyValueSpecification","valueRequired":true,"valueName":"search_term_string"}}],"inLanguage":"ca"}]}},"_links":{"self":[{"href":"https:\/\/librosdelzorrorojo.com\/ca\/wp-json\/wp\/v2\/product\/24201","targetHints":{"allow":["GET"]}}],"collection":[{"href":"https:\/\/librosdelzorrorojo.com\/ca\/wp-json\/wp\/v2\/product"}],"about":[{"href":"https:\/\/librosdelzorrorojo.com\/ca\/wp-json\/wp\/v2\/types\/product"}],"wp:featuredmedia":[{"embeddable":true,"href":"https:\/\/librosdelzorrorojo.com\/ca\/wp-json\/wp\/v2\/media\/24169"}],"wp:attachment":[{"href":"https:\/\/librosdelzorrorojo.com\/ca\/wp-json\/wp\/v2\/media?parent=24201"}],"wp:term":[{"taxonomy":"product_brand","embeddable":true,"href":"https:\/\/librosdelzorrorojo.com\/ca\/wp-json\/wp\/v2\/product_brand?post=24201"},{"taxonomy":"product_cat","embeddable":true,"href":"https:\/\/librosdelzorrorojo.com\/ca\/wp-json\/wp\/v2\/product_cat?post=24201"},{"taxonomy":"product_tag","embeddable":true,"href":"https:\/\/librosdelzorrorojo.com\/ca\/wp-json\/wp\/v2\/product_tag?post=24201"}],"curies":[{"name":"wp","href":"https:\/\/api.w.org\/{rel}","templated":true}]}}