{"id":2360,"date":"2000-01-01T12:00:31","date_gmt":"2000-01-01T11:00:31","guid":{"rendered":"https:\/\/produccion.librosdelzorrorojo.com\/libros\/el-discurs-de-los\/"},"modified":"2025-06-29T22:28:01","modified_gmt":"2025-06-29T20:28:01","slug":"discurs-de-los","status":"publish","type":"product","link":"https:\/\/librosdelzorrorojo.com\/ca\/cataleg\/discurs-de-los\/","title":{"rendered":"Discurs de l&#8217;\u00f3s"},"content":{"rendered":"<p>\u00abA l&#8217;estiu nedo de nit a la cisterna picotejada d&#8217;estrelles, em rento la cara primer amb una m\u00e0, despr\u00e9s amb l&#8217;altra, despr\u00e9s amb les dues juntes, i aix\u00f2 em produeix una grand\u00edssima alegria.\u00bb<\/p>\n<p>Un \u00f3s que habita les canonades d&#8217;un edifici va descobrint l&#8217;estranya i solit\u00e0ria vida dels \u00e9ssers humans. Una hist\u00f2ria encantadora del gran Julio Cort\u00e1zar.<\/p>\n<p>&nbsp;<\/p>\n<p>&nbsp;<\/p>\n","protected":false},"excerpt":{"rendered":"\u00abA l&#8217;estiu nedo de nit a la cisterna picotejada d&#8217;estrelles, em rento la cara primer amb una m\u00e0, despr\u00e9s amb l&#8217;altra, despr\u00e9s amb les dues juntes, i aix\u00f2 em produeix una grand\u00edssima alegria.\u00bb\r\n\r\nUn \u00f3s que habita les canonades d&#8217;un edifici va descobrint l&#8217;estranya i solit\u00e0ria vida dels \u00e9ssers humans. Una hist\u00f2ria encantadora del gran Julio Cort\u00e1zar.","protected":false},"featured_media":9449,"template":"","meta":{"_acf_changed":false},"product_brand":[],"product_cat":[840],"product_tag":[],"class_list":{"0":"post-2360","1":"product","2":"type-product","3":"status-publish","4":"has-post-thumbnail","6":"product_cat-catala","7":"vinculo-discurso-del-oso","9":"first","10":"instock","11":"taxable","12":"shipping-taxable","13":"purchasable","14":"product-type-simple"},"acf":[],"yoast_head":"<!-- This site is optimized with the Yoast SEO plugin v25.1 - https:\/\/yoast.com\/wordpress\/plugins\/seo\/ -->\n<title>El discurs de l&#039;\u00f3s Discurs de l&#039;\u00f3s Libros del Zorro Rojo -<\/title>\n<meta name=\"description\" content=\"\u00abA l&#039;estiu nedo de nit a la cisterna picotejada d&#039;estrelles, em rento la cara primer amb una m\u00e0, despr\u00e9s amb l&#039;altra, despr\u00e9s amb les dues juntes...\" \/>\n<meta name=\"robots\" content=\"index, follow, max-snippet:-1, max-image-preview:large, max-video-preview:-1\" \/>\n<link rel=\"canonical\" href=\"https:\/\/librosdelzorrorojo.com\/ca\/cataleg\/discurs-de-los\/\" \/>\n<meta property=\"og:locale\" content=\"ca_ES\" \/>\n<meta property=\"og:type\" content=\"article\" \/>\n<meta property=\"og:title\" content=\"El discurs de l&#039;\u00f3s Discurs de l&#039;\u00f3s Libros del Zorro Rojo -\" \/>\n<meta property=\"og:description\" content=\"\u00abA l&#039;estiu nedo de nit a la cisterna picotejada d&#039;estrelles, em rento la cara primer amb una m\u00e0, despr\u00e9s amb l&#039;altra, despr\u00e9s amb les dues juntes...\" \/>\n<meta property=\"og:url\" content=\"https:\/\/librosdelzorrorojo.com\/ca\/cataleg\/discurs-de-los\/\" \/>\n<meta property=\"og:site_name\" content=\"Libros del Zorro Rojo\" \/>\n<meta property=\"article:modified_time\" content=\"2025-06-29T20:28:01+00:00\" \/>\n<meta property=\"og:image\" content=\"https:\/\/librosdelzorrorojo.com\/wp-content\/uploads\/2000\/01\/Cover_Discurs-de-lo\u0301s.png\" \/>\n\t<meta property=\"og:image:width\" content=\"850\" \/>\n\t<meta property=\"og:image:height\" content=\"1124\" \/>\n\t<meta property=\"og:image:type\" content=\"image\/png\" \/>\n<meta name=\"twitter:card\" content=\"summary_large_image\" \/>\n<script type=\"application\/ld+json\" class=\"yoast-schema-graph\">{\"@context\":\"https:\/\/schema.org\",\"@graph\":[{\"@type\":\"WebPage\",\"@id\":\"https:\/\/librosdelzorrorojo.com\/ca\/cataleg\/discurs-de-los\/\",\"url\":\"https:\/\/librosdelzorrorojo.com\/ca\/cataleg\/discurs-de-los\/\",\"name\":\"El discurs de l'\u00f3s Discurs de l'\u00f3s Libros del Zorro Rojo -\",\"isPartOf\":{\"@id\":\"https:\/\/librosdelzorrorojo.com\/#website\"},\"primaryImageOfPage\":{\"@id\":\"https:\/\/librosdelzorrorojo.com\/ca\/cataleg\/discurs-de-los\/#primaryimage\"},\"image\":{\"@id\":\"https:\/\/librosdelzorrorojo.com\/ca\/cataleg\/discurs-de-los\/#primaryimage\"},\"thumbnailUrl\":\"https:\/\/librosdelzorrorojo.com\/wp-content\/uploads\/2000\/01\/Cover_Discurs-de-lo\u0301s.png\",\"datePublished\":\"2000-01-01T11:00:31+00:00\",\"dateModified\":\"2025-06-29T20:28:01+00:00\",\"description\":\"\u00abA l'estiu nedo de nit a la cisterna picotejada d'estrelles, em rento la cara primer amb una m\u00e0, despr\u00e9s amb l'altra, despr\u00e9s amb les dues juntes...\",\"breadcrumb\":{\"@id\":\"https:\/\/librosdelzorrorojo.com\/ca\/cataleg\/discurs-de-los\/#breadcrumb\"},\"inLanguage\":\"ca\",\"potentialAction\":[{\"@type\":\"ReadAction\",\"target\":[\"https:\/\/librosdelzorrorojo.com\/ca\/cataleg\/discurs-de-los\/\"]}]},{\"@type\":\"ImageObject\",\"inLanguage\":\"ca\",\"@id\":\"https:\/\/librosdelzorrorojo.com\/ca\/cataleg\/discurs-de-los\/#primaryimage\",\"url\":\"https:\/\/librosdelzorrorojo.com\/wp-content\/uploads\/2000\/01\/Cover_Discurs-de-lo\u0301s.png\",\"contentUrl\":\"https:\/\/librosdelzorrorojo.com\/wp-content\/uploads\/2000\/01\/Cover_Discurs-de-lo\u0301s.png\",\"width\":850,\"height\":1124,\"caption\":\"Cover Discurs de lo\u0301s\"},{\"@type\":\"BreadcrumbList\",\"@id\":\"https:\/\/librosdelzorrorojo.com\/ca\/cataleg\/discurs-de-los\/#breadcrumb\",\"itemListElement\":[{\"@type\":\"ListItem\",\"position\":1,\"name\":\"Portada\",\"item\":\"https:\/\/librosdelzorrorojo.com\/ca\/\"},{\"@type\":\"ListItem\",\"position\":2,\"name\":\"Cat\u00e0leg\",\"item\":\"https:\/\/librosdelzorrorojo.com\/ca\/cataleg\/\"},{\"@type\":\"ListItem\",\"position\":3,\"name\":\"Discurs de l&#8217;\u00f3s\"}]},{\"@type\":\"WebSite\",\"@id\":\"https:\/\/librosdelzorrorojo.com\/#website\",\"url\":\"https:\/\/librosdelzorrorojo.com\/\",\"name\":\"Libros del Zorro Rojo\",\"description\":\"Libros ilustrados\",\"potentialAction\":[{\"@type\":\"SearchAction\",\"target\":{\"@type\":\"EntryPoint\",\"urlTemplate\":\"https:\/\/librosdelzorrorojo.com\/?s={search_term_string}\"},\"query-input\":{\"@type\":\"PropertyValueSpecification\",\"valueRequired\":true,\"valueName\":\"search_term_string\"}}],\"inLanguage\":\"ca\"}]}<\/script>\n<!-- \/ Yoast SEO plugin. -->","yoast_head_json":{"title":"El discurs de l'\u00f3s Discurs de l'\u00f3s Libros del Zorro Rojo -","description":"\u00abA l'estiu nedo de nit a la cisterna picotejada d'estrelles, em rento la cara primer amb una m\u00e0, despr\u00e9s amb l'altra, despr\u00e9s amb les dues juntes...","robots":{"index":"index","follow":"follow","max-snippet":"max-snippet:-1","max-image-preview":"max-image-preview:large","max-video-preview":"max-video-preview:-1"},"canonical":"https:\/\/librosdelzorrorojo.com\/ca\/cataleg\/discurs-de-los\/","og_locale":"ca_ES","og_type":"article","og_title":"El discurs de l'\u00f3s Discurs de l'\u00f3s Libros del Zorro Rojo -","og_description":"\u00abA l'estiu nedo de nit a la cisterna picotejada d'estrelles, em rento la cara primer amb una m\u00e0, despr\u00e9s amb l'altra, despr\u00e9s amb les dues juntes...","og_url":"https:\/\/librosdelzorrorojo.com\/ca\/cataleg\/discurs-de-los\/","og_site_name":"Libros del Zorro Rojo","article_modified_time":"2025-06-29T20:28:01+00:00","og_image":[{"width":850,"height":1124,"url":"https:\/\/librosdelzorrorojo.com\/wp-content\/uploads\/2000\/01\/Cover_Discurs-de-lo\u0301s.png","type":"image\/png"}],"twitter_card":"summary_large_image","schema":{"@context":"https:\/\/schema.org","@graph":[{"@type":"WebPage","@id":"https:\/\/librosdelzorrorojo.com\/ca\/cataleg\/discurs-de-los\/","url":"https:\/\/librosdelzorrorojo.com\/ca\/cataleg\/discurs-de-los\/","name":"El discurs de l'\u00f3s Discurs de l'\u00f3s Libros del Zorro Rojo -","isPartOf":{"@id":"https:\/\/librosdelzorrorojo.com\/#website"},"primaryImageOfPage":{"@id":"https:\/\/librosdelzorrorojo.com\/ca\/cataleg\/discurs-de-los\/#primaryimage"},"image":{"@id":"https:\/\/librosdelzorrorojo.com\/ca\/cataleg\/discurs-de-los\/#primaryimage"},"thumbnailUrl":"https:\/\/librosdelzorrorojo.com\/wp-content\/uploads\/2000\/01\/Cover_Discurs-de-lo\u0301s.png","datePublished":"2000-01-01T11:00:31+00:00","dateModified":"2025-06-29T20:28:01+00:00","description":"\u00abA l'estiu nedo de nit a la cisterna picotejada d'estrelles, em rento la cara primer amb una m\u00e0, despr\u00e9s amb l'altra, despr\u00e9s amb les dues juntes...","breadcrumb":{"@id":"https:\/\/librosdelzorrorojo.com\/ca\/cataleg\/discurs-de-los\/#breadcrumb"},"inLanguage":"ca","potentialAction":[{"@type":"ReadAction","target":["https:\/\/librosdelzorrorojo.com\/ca\/cataleg\/discurs-de-los\/"]}]},{"@type":"ImageObject","inLanguage":"ca","@id":"https:\/\/librosdelzorrorojo.com\/ca\/cataleg\/discurs-de-los\/#primaryimage","url":"https:\/\/librosdelzorrorojo.com\/wp-content\/uploads\/2000\/01\/Cover_Discurs-de-lo\u0301s.png","contentUrl":"https:\/\/librosdelzorrorojo.com\/wp-content\/uploads\/2000\/01\/Cover_Discurs-de-lo\u0301s.png","width":850,"height":1124,"caption":"Cover Discurs de lo\u0301s"},{"@type":"BreadcrumbList","@id":"https:\/\/librosdelzorrorojo.com\/ca\/cataleg\/discurs-de-los\/#breadcrumb","itemListElement":[{"@type":"ListItem","position":1,"name":"Portada","item":"https:\/\/librosdelzorrorojo.com\/ca\/"},{"@type":"ListItem","position":2,"name":"Cat\u00e0leg","item":"https:\/\/librosdelzorrorojo.com\/ca\/cataleg\/"},{"@type":"ListItem","position":3,"name":"Discurs de l&#8217;\u00f3s"}]},{"@type":"WebSite","@id":"https:\/\/librosdelzorrorojo.com\/#website","url":"https:\/\/librosdelzorrorojo.com\/","name":"Libros del Zorro Rojo","description":"Libros ilustrados","potentialAction":[{"@type":"SearchAction","target":{"@type":"EntryPoint","urlTemplate":"https:\/\/librosdelzorrorojo.com\/?s={search_term_string}"},"query-input":{"@type":"PropertyValueSpecification","valueRequired":true,"valueName":"search_term_string"}}],"inLanguage":"ca"}]}},"_links":{"self":[{"href":"https:\/\/librosdelzorrorojo.com\/ca\/wp-json\/wp\/v2\/product\/2360","targetHints":{"allow":["GET"]}}],"collection":[{"href":"https:\/\/librosdelzorrorojo.com\/ca\/wp-json\/wp\/v2\/product"}],"about":[{"href":"https:\/\/librosdelzorrorojo.com\/ca\/wp-json\/wp\/v2\/types\/product"}],"wp:featuredmedia":[{"embeddable":true,"href":"https:\/\/librosdelzorrorojo.com\/ca\/wp-json\/wp\/v2\/media\/9449"}],"wp:attachment":[{"href":"https:\/\/librosdelzorrorojo.com\/ca\/wp-json\/wp\/v2\/media?parent=2360"}],"wp:term":[{"taxonomy":"product_brand","embeddable":true,"href":"https:\/\/librosdelzorrorojo.com\/ca\/wp-json\/wp\/v2\/product_brand?post=2360"},{"taxonomy":"product_cat","embeddable":true,"href":"https:\/\/librosdelzorrorojo.com\/ca\/wp-json\/wp\/v2\/product_cat?post=2360"},{"taxonomy":"product_tag","embeddable":true,"href":"https:\/\/librosdelzorrorojo.com\/ca\/wp-json\/wp\/v2\/product_tag?post=2360"}],"curies":[{"name":"wp","href":"https:\/\/api.w.org\/{rel}","templated":true}]}}