{"id":23558,"date":"2022-11-02T15:10:36","date_gmt":"2022-11-02T14:10:36","guid":{"rendered":"https:\/\/librosdelzorrorojo.com\/catalogo\/el-alma-moderna-y-otros-cuentos\/"},"modified":"2024-12-13T14:12:12","modified_gmt":"2024-12-13T13:12:12","slug":"el-alma-moderna-y-otros-cuentos","status":"publish","type":"product","link":"https:\/\/librosdelzorrorojo.com\/ca\/cataleg\/el-alma-moderna-y-otros-cuentos\/","title":{"rendered":"El alma moderna y otros cuentos"},"content":{"rendered":"<p>Katherine Mansfield ha logrado retratar como nadie lo que se esconde debajo de la superficie. El entendimiento profundo acerca de las motivaciones de las mujeres en su \u00e9poca la ayud\u00f3 a encontrar la absoluta tridimensionalidad de sus personajes femeninos. As\u00ed combin\u00f3 lo bello con el espanto y lo s\u00f3rdido con lo sublime, trabajando con sutileza las finas contradicciones que conforman las m\u00faltiples dimensiones de una vida.<\/p>\n<p><em>El alma moderna y otros cuentos<\/em> recoge algunos de los relatos que mejor reflejan los sentimientos volc\u00e1nicos que minan la vida de sus protagonistas; sentimientos que estremecen e irrumpen en sus vidas cotidianas, siempre al borde del abismo.<\/p>\n<p>Sara Morante, reconocida ilustradora de obras de autoras cl\u00e1sicas, como Jane Eyre, Emily Bront\u00eb o Sylvia Plath, es la int\u00e9rprete perfecta del imaginario literario de Mansfield.<\/p>\n<p><img decoding=\"async\" src=\"https:\/\/librosdelzorrorojo.com\/wp-content\/uploads\/2024\/10\/ICEC.jpg\" alt=\"\" width=\"380\" height=\"85\" class=\"alignnone size-full wp-image-29095\" \/><\/p>\n<p><img decoding=\"async\" src=\"https:\/\/librosdelzorrorojo.com\/wp-content\/uploads\/2023\/09\/direcci-n-general-600x171.png\" alt=\"\" width=\"228\" height=\"65\" class=\"alignnone  wp-image-29112\" srcset=\"https:\/\/librosdelzorrorojo.com\/wp-content\/uploads\/2023\/09\/direcci-n-general-600x171.png 600w, https:\/\/librosdelzorrorojo.com\/wp-content\/uploads\/2023\/09\/direcci-n-general-1024x291.png 1024w, https:\/\/librosdelzorrorojo.com\/wp-content\/uploads\/2023\/09\/direcci-n-general-768x218.png 768w, https:\/\/librosdelzorrorojo.com\/wp-content\/uploads\/2023\/09\/direcci-n-general-1536x437.png 1536w, https:\/\/librosdelzorrorojo.com\/wp-content\/uploads\/2023\/09\/direcci-n-general-2048x583.png 2048w, https:\/\/librosdelzorrorojo.com\/wp-content\/uploads\/2023\/09\/direcci-n-general-800x228.png 800w\" sizes=\"(max-width: 228px) 100vw, 228px\" \/>\u00a0 \u00a0<img decoding=\"async\" src=\"https:\/\/librosdelzorrorojo.com\/wp-content\/uploads\/2022\/09\/logopflprincipal-582x600.jpg\" alt=\"\" width=\"83\" height=\"85\" class=\"alignnone  wp-image-29129\" srcset=\"https:\/\/librosdelzorrorojo.com\/wp-content\/uploads\/2022\/09\/logopflprincipal-582x600.jpg 582w, https:\/\/librosdelzorrorojo.com\/wp-content\/uploads\/2022\/09\/logopflprincipal-993x1024.jpg 993w, https:\/\/librosdelzorrorojo.com\/wp-content\/uploads\/2022\/09\/logopflprincipal-768x792.jpg 768w, https:\/\/librosdelzorrorojo.com\/wp-content\/uploads\/2022\/09\/logopflprincipal-1489x1536.jpg 1489w, https:\/\/librosdelzorrorojo.com\/wp-content\/uploads\/2022\/09\/logopflprincipal-800x825.jpg 800w, https:\/\/librosdelzorrorojo.com\/wp-content\/uploads\/2022\/09\/logopflprincipal.jpg 1619w\" sizes=\"(max-width: 83px) 100vw, 83px\" \/><\/p>\n","protected":false},"excerpt":{"rendered":"Katherine Mansfield ha logrado retratar como nadie lo que se esconde debajo de la superficie. El entendimiento profundo acerca de las motivaciones de las mujeres en su \u00e9poca la ayud\u00f3 a encontrar la absoluta tridimensionalidad de sus personajes femeninos. As\u00ed combin\u00f3 lo bello con el espanto y lo s\u00f3rdido con lo sublime, trabajando con sutileza [&hellip;]","protected":false},"featured_media":23546,"template":"","meta":{"_acf_changed":false},"product_brand":[],"product_cat":[844,3156,846],"product_tag":[],"class_list":{"0":"post-23558","1":"product","2":"type-product","3":"status-publish","4":"has-post-thumbnail","6":"product_cat-castella","7":"product_cat-juvenil-adult","8":"product_cat-novedades-ca","10":"first","11":"instock","12":"taxable","13":"shipping-taxable","14":"purchasable","15":"product-type-simple"},"acf":[],"yoast_head":"<!-- This site is optimized with the Yoast SEO plugin v25.1 - https:\/\/yoast.com\/wordpress\/plugins\/seo\/ -->\n<title>El alma moderna y otros cuentos - Libros del Zorro Rojo<\/title>\n<meta name=\"robots\" content=\"index, follow, max-snippet:-1, max-image-preview:large, max-video-preview:-1\" \/>\n<link rel=\"canonical\" href=\"https:\/\/librosdelzorrorojo.com\/ca\/cataleg\/el-alma-moderna-y-otros-cuentos\/\" \/>\n<meta property=\"og:locale\" content=\"ca_ES\" \/>\n<meta property=\"og:type\" content=\"article\" \/>\n<meta property=\"og:title\" content=\"El alma moderna y otros cuentos - Libros del Zorro Rojo\" \/>\n<meta property=\"og:description\" content=\"Katherine Mansfield ha logrado retratar como nadie lo que se esconde debajo de la superficie. El entendimiento profundo acerca de las motivaciones de las mujeres en su \u00e9poca la ayud\u00f3 a encontrar la absoluta tridimensionalidad de sus personajes femeninos. As\u00ed combin\u00f3 lo bello con el espanto y lo s\u00f3rdido con lo sublime, trabajando con sutileza [&hellip;]\" \/>\n<meta property=\"og:url\" content=\"https:\/\/librosdelzorrorojo.com\/ca\/cataleg\/el-alma-moderna-y-otros-cuentos\/\" \/>\n<meta property=\"og:site_name\" content=\"Libros del Zorro Rojo\" \/>\n<meta property=\"article:modified_time\" content=\"2024-12-13T13:12:12+00:00\" \/>\n<meta property=\"og:image\" content=\"https:\/\/librosdelzorrorojo.com\/wp-content\/uploads\/2022\/11\/almamoderna-CoverBaja.jpg\" \/>\n\t<meta property=\"og:image:width\" content=\"485\" \/>\n\t<meta property=\"og:image:height\" content=\"697\" \/>\n\t<meta property=\"og:image:type\" content=\"image\/jpeg\" \/>\n<meta name=\"twitter:card\" content=\"summary_large_image\" \/>\n<meta name=\"twitter:label1\" content=\"Temps estimat de lectura\" \/>\n\t<meta name=\"twitter:data1\" content=\"1 minut\" \/>\n<script type=\"application\/ld+json\" class=\"yoast-schema-graph\">{\"@context\":\"https:\/\/schema.org\",\"@graph\":[{\"@type\":\"WebPage\",\"@id\":\"https:\/\/librosdelzorrorojo.com\/ca\/cataleg\/el-alma-moderna-y-otros-cuentos\/\",\"url\":\"https:\/\/librosdelzorrorojo.com\/ca\/cataleg\/el-alma-moderna-y-otros-cuentos\/\",\"name\":\"El alma moderna y otros cuentos - Libros del Zorro Rojo\",\"isPartOf\":{\"@id\":\"https:\/\/librosdelzorrorojo.com\/#website\"},\"primaryImageOfPage\":{\"@id\":\"https:\/\/librosdelzorrorojo.com\/ca\/cataleg\/el-alma-moderna-y-otros-cuentos\/#primaryimage\"},\"image\":{\"@id\":\"https:\/\/librosdelzorrorojo.com\/ca\/cataleg\/el-alma-moderna-y-otros-cuentos\/#primaryimage\"},\"thumbnailUrl\":\"https:\/\/librosdelzorrorojo.com\/wp-content\/uploads\/2022\/11\/almamoderna-CoverBaja.jpg\",\"datePublished\":\"2022-11-02T14:10:36+00:00\",\"dateModified\":\"2024-12-13T13:12:12+00:00\",\"breadcrumb\":{\"@id\":\"https:\/\/librosdelzorrorojo.com\/ca\/cataleg\/el-alma-moderna-y-otros-cuentos\/#breadcrumb\"},\"inLanguage\":\"ca\",\"potentialAction\":[{\"@type\":\"ReadAction\",\"target\":[\"https:\/\/librosdelzorrorojo.com\/ca\/cataleg\/el-alma-moderna-y-otros-cuentos\/\"]}]},{\"@type\":\"ImageObject\",\"inLanguage\":\"ca\",\"@id\":\"https:\/\/librosdelzorrorojo.com\/ca\/cataleg\/el-alma-moderna-y-otros-cuentos\/#primaryimage\",\"url\":\"https:\/\/librosdelzorrorojo.com\/wp-content\/uploads\/2022\/11\/almamoderna-CoverBaja.jpg\",\"contentUrl\":\"https:\/\/librosdelzorrorojo.com\/wp-content\/uploads\/2022\/11\/almamoderna-CoverBaja.jpg\",\"width\":485,\"height\":697,\"caption\":\"almamoderna CoverBaja\"},{\"@type\":\"BreadcrumbList\",\"@id\":\"https:\/\/librosdelzorrorojo.com\/ca\/cataleg\/el-alma-moderna-y-otros-cuentos\/#breadcrumb\",\"itemListElement\":[{\"@type\":\"ListItem\",\"position\":1,\"name\":\"Portada\",\"item\":\"https:\/\/librosdelzorrorojo.com\/ca\/\"},{\"@type\":\"ListItem\",\"position\":2,\"name\":\"Cat\u00e0leg\",\"item\":\"https:\/\/librosdelzorrorojo.com\/ca\/cataleg\/\"},{\"@type\":\"ListItem\",\"position\":3,\"name\":\"El alma moderna y otros cuentos\"}]},{\"@type\":\"WebSite\",\"@id\":\"https:\/\/librosdelzorrorojo.com\/#website\",\"url\":\"https:\/\/librosdelzorrorojo.com\/\",\"name\":\"Libros del Zorro Rojo\",\"description\":\"Libros ilustrados\",\"potentialAction\":[{\"@type\":\"SearchAction\",\"target\":{\"@type\":\"EntryPoint\",\"urlTemplate\":\"https:\/\/librosdelzorrorojo.com\/?s={search_term_string}\"},\"query-input\":{\"@type\":\"PropertyValueSpecification\",\"valueRequired\":true,\"valueName\":\"search_term_string\"}}],\"inLanguage\":\"ca\"}]}<\/script>\n<!-- \/ Yoast SEO plugin. -->","yoast_head_json":{"title":"El alma moderna y otros cuentos - Libros del Zorro Rojo","robots":{"index":"index","follow":"follow","max-snippet":"max-snippet:-1","max-image-preview":"max-image-preview:large","max-video-preview":"max-video-preview:-1"},"canonical":"https:\/\/librosdelzorrorojo.com\/ca\/cataleg\/el-alma-moderna-y-otros-cuentos\/","og_locale":"ca_ES","og_type":"article","og_title":"El alma moderna y otros cuentos - Libros del Zorro Rojo","og_description":"Katherine Mansfield ha logrado retratar como nadie lo que se esconde debajo de la superficie. El entendimiento profundo acerca de las motivaciones de las mujeres en su \u00e9poca la ayud\u00f3 a encontrar la absoluta tridimensionalidad de sus personajes femeninos. As\u00ed combin\u00f3 lo bello con el espanto y lo s\u00f3rdido con lo sublime, trabajando con sutileza [&hellip;]","og_url":"https:\/\/librosdelzorrorojo.com\/ca\/cataleg\/el-alma-moderna-y-otros-cuentos\/","og_site_name":"Libros del Zorro Rojo","article_modified_time":"2024-12-13T13:12:12+00:00","og_image":[{"width":485,"height":697,"url":"https:\/\/librosdelzorrorojo.com\/wp-content\/uploads\/2022\/11\/almamoderna-CoverBaja.jpg","type":"image\/jpeg"}],"twitter_card":"summary_large_image","twitter_misc":{"Temps estimat de lectura":"1 minut"},"schema":{"@context":"https:\/\/schema.org","@graph":[{"@type":"WebPage","@id":"https:\/\/librosdelzorrorojo.com\/ca\/cataleg\/el-alma-moderna-y-otros-cuentos\/","url":"https:\/\/librosdelzorrorojo.com\/ca\/cataleg\/el-alma-moderna-y-otros-cuentos\/","name":"El alma moderna y otros cuentos - Libros del Zorro Rojo","isPartOf":{"@id":"https:\/\/librosdelzorrorojo.com\/#website"},"primaryImageOfPage":{"@id":"https:\/\/librosdelzorrorojo.com\/ca\/cataleg\/el-alma-moderna-y-otros-cuentos\/#primaryimage"},"image":{"@id":"https:\/\/librosdelzorrorojo.com\/ca\/cataleg\/el-alma-moderna-y-otros-cuentos\/#primaryimage"},"thumbnailUrl":"https:\/\/librosdelzorrorojo.com\/wp-content\/uploads\/2022\/11\/almamoderna-CoverBaja.jpg","datePublished":"2022-11-02T14:10:36+00:00","dateModified":"2024-12-13T13:12:12+00:00","breadcrumb":{"@id":"https:\/\/librosdelzorrorojo.com\/ca\/cataleg\/el-alma-moderna-y-otros-cuentos\/#breadcrumb"},"inLanguage":"ca","potentialAction":[{"@type":"ReadAction","target":["https:\/\/librosdelzorrorojo.com\/ca\/cataleg\/el-alma-moderna-y-otros-cuentos\/"]}]},{"@type":"ImageObject","inLanguage":"ca","@id":"https:\/\/librosdelzorrorojo.com\/ca\/cataleg\/el-alma-moderna-y-otros-cuentos\/#primaryimage","url":"https:\/\/librosdelzorrorojo.com\/wp-content\/uploads\/2022\/11\/almamoderna-CoverBaja.jpg","contentUrl":"https:\/\/librosdelzorrorojo.com\/wp-content\/uploads\/2022\/11\/almamoderna-CoverBaja.jpg","width":485,"height":697,"caption":"almamoderna CoverBaja"},{"@type":"BreadcrumbList","@id":"https:\/\/librosdelzorrorojo.com\/ca\/cataleg\/el-alma-moderna-y-otros-cuentos\/#breadcrumb","itemListElement":[{"@type":"ListItem","position":1,"name":"Portada","item":"https:\/\/librosdelzorrorojo.com\/ca\/"},{"@type":"ListItem","position":2,"name":"Cat\u00e0leg","item":"https:\/\/librosdelzorrorojo.com\/ca\/cataleg\/"},{"@type":"ListItem","position":3,"name":"El alma moderna y otros cuentos"}]},{"@type":"WebSite","@id":"https:\/\/librosdelzorrorojo.com\/#website","url":"https:\/\/librosdelzorrorojo.com\/","name":"Libros del Zorro Rojo","description":"Libros ilustrados","potentialAction":[{"@type":"SearchAction","target":{"@type":"EntryPoint","urlTemplate":"https:\/\/librosdelzorrorojo.com\/?s={search_term_string}"},"query-input":{"@type":"PropertyValueSpecification","valueRequired":true,"valueName":"search_term_string"}}],"inLanguage":"ca"}]}},"_links":{"self":[{"href":"https:\/\/librosdelzorrorojo.com\/ca\/wp-json\/wp\/v2\/product\/23558","targetHints":{"allow":["GET"]}}],"collection":[{"href":"https:\/\/librosdelzorrorojo.com\/ca\/wp-json\/wp\/v2\/product"}],"about":[{"href":"https:\/\/librosdelzorrorojo.com\/ca\/wp-json\/wp\/v2\/types\/product"}],"wp:featuredmedia":[{"embeddable":true,"href":"https:\/\/librosdelzorrorojo.com\/ca\/wp-json\/wp\/v2\/media\/23546"}],"wp:attachment":[{"href":"https:\/\/librosdelzorrorojo.com\/ca\/wp-json\/wp\/v2\/media?parent=23558"}],"wp:term":[{"taxonomy":"product_brand","embeddable":true,"href":"https:\/\/librosdelzorrorojo.com\/ca\/wp-json\/wp\/v2\/product_brand?post=23558"},{"taxonomy":"product_cat","embeddable":true,"href":"https:\/\/librosdelzorrorojo.com\/ca\/wp-json\/wp\/v2\/product_cat?post=23558"},{"taxonomy":"product_tag","embeddable":true,"href":"https:\/\/librosdelzorrorojo.com\/ca\/wp-json\/wp\/v2\/product_tag?post=23558"}],"curies":[{"name":"wp","href":"https:\/\/api.w.org\/{rel}","templated":true}]}}