{"id":23497,"date":"2022-10-27T03:04:15","date_gmt":"2022-10-27T01:04:15","guid":{"rendered":"https:\/\/librosdelzorrorojo.com\/?post_type=product&#038;p=23497"},"modified":"2024-03-01T09:20:57","modified_gmt":"2024-03-01T08:20:57","slug":"que-esta-passant","status":"publish","type":"product","link":"https:\/\/librosdelzorrorojo.com\/ca\/cataleg\/que-esta-passant\/","title":{"rendered":"Qu\u00e8 est\u00e0 passant?"},"content":{"rendered":"<p>Quin enrenou! Tots els animals corren cap a algun indret. Qu\u00e8 est\u00e0 passant? Hi ha foc? Alg\u00fa necessita ajuda! Una petita tortuga ha caigut en un sot de sorra quan es dirigia cap al mar, despr\u00e9s de sortir de l\u2019ou. Els animals volen ajudar la pobra tortugueta: l\u2019elefant, l\u2019hipop\u00f2tam, el rinoceront, les girafes, els goril\u00b7les\u2026 I aix\u00ed, una llarga fila d\u2019animals, llargu\u00edssima, una trentena d\u2019esp\u00e8cies diferents! Per\u00f2 la tortugueta ho t\u00e9 clar: \u00abPuc fer-ho tota sola!\u00bb.<\/p>\n<p>En aquest primer llibre il\u00b7lustrat per a nens, la jove artista coreana ha trobat el llenguatge verbal i pict\u00f2ric idoni per representar una de les seves m\u00e0ximes filos\u00f2fiques: \u00abCada dia hem d\u2019esfor\u00e7ar-nos per aprendre alguna cosa nova i descobrir noves sorpreses al nostre voltant\u00bb.<\/p>\n","protected":false},"excerpt":{"rendered":"Quin enrenou! Tots els animals corren cap a algun indret. Qu\u00e8 est\u00e0 passant? Hi ha foc? Alg\u00fa necessita ajuda! Una petita tortuga ha caigut en un sot de sorra quan es dirigia cap al mar, despr\u00e9s de sortir de l\u2019ou. Els animals volen ajudar la pobra tortugueta: l\u2019elefant, l\u2019hipop\u00f2tam, el rinoceront, les girafes, els goril\u00b7les\u2026 [&hellip;]","protected":false},"featured_media":23508,"template":"","meta":{"_acf_changed":false},"product_brand":[],"product_cat":[840,843,839],"product_tag":[],"class_list":{"0":"post-23497","1":"product","2":"type-product","3":"status-publish","4":"has-post-thumbnail","6":"product_cat-catala","7":"product_cat-infantiles-ca","8":"product_cat-zona-kids-ca","9":"vinculo-que-esta-pasando","11":"first","12":"instock","13":"taxable","14":"shipping-taxable","15":"purchasable","16":"product-type-simple"},"acf":[],"yoast_head":"<!-- This site is optimized with the Yoast SEO plugin v25.1 - https:\/\/yoast.com\/wordpress\/plugins\/seo\/ -->\n<title>Qu\u00e8 est\u00e0 passant? - Libros del Zorro Rojo<\/title>\n<meta name=\"robots\" content=\"index, follow, max-snippet:-1, max-image-preview:large, max-video-preview:-1\" \/>\n<link rel=\"canonical\" href=\"https:\/\/librosdelzorrorojo.com\/ca\/cataleg\/que-esta-passant\/\" \/>\n<meta property=\"og:locale\" content=\"ca_ES\" \/>\n<meta property=\"og:type\" content=\"article\" \/>\n<meta property=\"og:title\" content=\"Qu\u00e8 est\u00e0 passant? - Libros del Zorro Rojo\" \/>\n<meta property=\"og:description\" content=\"Quin enrenou! Tots els animals corren cap a algun indret. Qu\u00e8 est\u00e0 passant? Hi ha foc? Alg\u00fa necessita ajuda! Una petita tortuga ha caigut en un sot de sorra quan es dirigia cap al mar, despr\u00e9s de sortir de l\u2019ou. Els animals volen ajudar la pobra tortugueta: l\u2019elefant, l\u2019hipop\u00f2tam, el rinoceront, les girafes, els goril\u00b7les\u2026 [&hellip;]\" \/>\n<meta property=\"og:url\" content=\"https:\/\/librosdelzorrorojo.com\/ca\/cataleg\/que-esta-passant\/\" \/>\n<meta property=\"og:site_name\" content=\"Libros del Zorro Rojo\" \/>\n<meta property=\"article:modified_time\" content=\"2024-03-01T08:20:57+00:00\" \/>\n<meta property=\"og:image\" content=\"https:\/\/librosdelzorrorojo.com\/wp-content\/uploads\/2022\/10\/Cover-queestapassant-CAT-Baja-1.jpg\" \/>\n\t<meta property=\"og:image:width\" content=\"817\" \/>\n\t<meta property=\"og:image:height\" content=\"502\" \/>\n\t<meta property=\"og:image:type\" content=\"image\/jpeg\" \/>\n<meta name=\"twitter:card\" content=\"summary_large_image\" \/>\n<meta name=\"twitter:label1\" content=\"Temps estimat de lectura\" \/>\n\t<meta name=\"twitter:data1\" content=\"1 minut\" \/>\n<script type=\"application\/ld+json\" class=\"yoast-schema-graph\">{\"@context\":\"https:\/\/schema.org\",\"@graph\":[{\"@type\":\"WebPage\",\"@id\":\"https:\/\/librosdelzorrorojo.com\/ca\/cataleg\/que-esta-passant\/\",\"url\":\"https:\/\/librosdelzorrorojo.com\/ca\/cataleg\/que-esta-passant\/\",\"name\":\"Qu\u00e8 est\u00e0 passant? - Libros del Zorro Rojo\",\"isPartOf\":{\"@id\":\"https:\/\/librosdelzorrorojo.com\/#website\"},\"primaryImageOfPage\":{\"@id\":\"https:\/\/librosdelzorrorojo.com\/ca\/cataleg\/que-esta-passant\/#primaryimage\"},\"image\":{\"@id\":\"https:\/\/librosdelzorrorojo.com\/ca\/cataleg\/que-esta-passant\/#primaryimage\"},\"thumbnailUrl\":\"https:\/\/librosdelzorrorojo.com\/wp-content\/uploads\/2022\/10\/Cover-queestapassant-CAT-Baja-1.jpg\",\"datePublished\":\"2022-10-27T01:04:15+00:00\",\"dateModified\":\"2024-03-01T08:20:57+00:00\",\"breadcrumb\":{\"@id\":\"https:\/\/librosdelzorrorojo.com\/ca\/cataleg\/que-esta-passant\/#breadcrumb\"},\"inLanguage\":\"ca\",\"potentialAction\":[{\"@type\":\"ReadAction\",\"target\":[\"https:\/\/librosdelzorrorojo.com\/ca\/cataleg\/que-esta-passant\/\"]}]},{\"@type\":\"ImageObject\",\"inLanguage\":\"ca\",\"@id\":\"https:\/\/librosdelzorrorojo.com\/ca\/cataleg\/que-esta-passant\/#primaryimage\",\"url\":\"https:\/\/librosdelzorrorojo.com\/wp-content\/uploads\/2022\/10\/Cover-queestapassant-CAT-Baja-1.jpg\",\"contentUrl\":\"https:\/\/librosdelzorrorojo.com\/wp-content\/uploads\/2022\/10\/Cover-queestapassant-CAT-Baja-1.jpg\",\"width\":817,\"height\":502,\"caption\":\"Cover queestapassant CAT Baja 1\"},{\"@type\":\"BreadcrumbList\",\"@id\":\"https:\/\/librosdelzorrorojo.com\/ca\/cataleg\/que-esta-passant\/#breadcrumb\",\"itemListElement\":[{\"@type\":\"ListItem\",\"position\":1,\"name\":\"Portada\",\"item\":\"https:\/\/librosdelzorrorojo.com\/ca\/\"},{\"@type\":\"ListItem\",\"position\":2,\"name\":\"Cat\u00e0leg\",\"item\":\"https:\/\/librosdelzorrorojo.com\/ca\/cataleg\/\"},{\"@type\":\"ListItem\",\"position\":3,\"name\":\"Qu\u00e8 est\u00e0 passant?\"}]},{\"@type\":\"WebSite\",\"@id\":\"https:\/\/librosdelzorrorojo.com\/#website\",\"url\":\"https:\/\/librosdelzorrorojo.com\/\",\"name\":\"Libros del Zorro Rojo\",\"description\":\"Libros ilustrados\",\"potentialAction\":[{\"@type\":\"SearchAction\",\"target\":{\"@type\":\"EntryPoint\",\"urlTemplate\":\"https:\/\/librosdelzorrorojo.com\/?s={search_term_string}\"},\"query-input\":{\"@type\":\"PropertyValueSpecification\",\"valueRequired\":true,\"valueName\":\"search_term_string\"}}],\"inLanguage\":\"ca\"}]}<\/script>\n<!-- \/ Yoast SEO plugin. -->","yoast_head_json":{"title":"Qu\u00e8 est\u00e0 passant? - Libros del Zorro Rojo","robots":{"index":"index","follow":"follow","max-snippet":"max-snippet:-1","max-image-preview":"max-image-preview:large","max-video-preview":"max-video-preview:-1"},"canonical":"https:\/\/librosdelzorrorojo.com\/ca\/cataleg\/que-esta-passant\/","og_locale":"ca_ES","og_type":"article","og_title":"Qu\u00e8 est\u00e0 passant? - Libros del Zorro Rojo","og_description":"Quin enrenou! Tots els animals corren cap a algun indret. Qu\u00e8 est\u00e0 passant? Hi ha foc? Alg\u00fa necessita ajuda! Una petita tortuga ha caigut en un sot de sorra quan es dirigia cap al mar, despr\u00e9s de sortir de l\u2019ou. Els animals volen ajudar la pobra tortugueta: l\u2019elefant, l\u2019hipop\u00f2tam, el rinoceront, les girafes, els goril\u00b7les\u2026 [&hellip;]","og_url":"https:\/\/librosdelzorrorojo.com\/ca\/cataleg\/que-esta-passant\/","og_site_name":"Libros del Zorro Rojo","article_modified_time":"2024-03-01T08:20:57+00:00","og_image":[{"width":817,"height":502,"url":"https:\/\/librosdelzorrorojo.com\/wp-content\/uploads\/2022\/10\/Cover-queestapassant-CAT-Baja-1.jpg","type":"image\/jpeg"}],"twitter_card":"summary_large_image","twitter_misc":{"Temps estimat de lectura":"1 minut"},"schema":{"@context":"https:\/\/schema.org","@graph":[{"@type":"WebPage","@id":"https:\/\/librosdelzorrorojo.com\/ca\/cataleg\/que-esta-passant\/","url":"https:\/\/librosdelzorrorojo.com\/ca\/cataleg\/que-esta-passant\/","name":"Qu\u00e8 est\u00e0 passant? - Libros del Zorro Rojo","isPartOf":{"@id":"https:\/\/librosdelzorrorojo.com\/#website"},"primaryImageOfPage":{"@id":"https:\/\/librosdelzorrorojo.com\/ca\/cataleg\/que-esta-passant\/#primaryimage"},"image":{"@id":"https:\/\/librosdelzorrorojo.com\/ca\/cataleg\/que-esta-passant\/#primaryimage"},"thumbnailUrl":"https:\/\/librosdelzorrorojo.com\/wp-content\/uploads\/2022\/10\/Cover-queestapassant-CAT-Baja-1.jpg","datePublished":"2022-10-27T01:04:15+00:00","dateModified":"2024-03-01T08:20:57+00:00","breadcrumb":{"@id":"https:\/\/librosdelzorrorojo.com\/ca\/cataleg\/que-esta-passant\/#breadcrumb"},"inLanguage":"ca","potentialAction":[{"@type":"ReadAction","target":["https:\/\/librosdelzorrorojo.com\/ca\/cataleg\/que-esta-passant\/"]}]},{"@type":"ImageObject","inLanguage":"ca","@id":"https:\/\/librosdelzorrorojo.com\/ca\/cataleg\/que-esta-passant\/#primaryimage","url":"https:\/\/librosdelzorrorojo.com\/wp-content\/uploads\/2022\/10\/Cover-queestapassant-CAT-Baja-1.jpg","contentUrl":"https:\/\/librosdelzorrorojo.com\/wp-content\/uploads\/2022\/10\/Cover-queestapassant-CAT-Baja-1.jpg","width":817,"height":502,"caption":"Cover queestapassant CAT Baja 1"},{"@type":"BreadcrumbList","@id":"https:\/\/librosdelzorrorojo.com\/ca\/cataleg\/que-esta-passant\/#breadcrumb","itemListElement":[{"@type":"ListItem","position":1,"name":"Portada","item":"https:\/\/librosdelzorrorojo.com\/ca\/"},{"@type":"ListItem","position":2,"name":"Cat\u00e0leg","item":"https:\/\/librosdelzorrorojo.com\/ca\/cataleg\/"},{"@type":"ListItem","position":3,"name":"Qu\u00e8 est\u00e0 passant?"}]},{"@type":"WebSite","@id":"https:\/\/librosdelzorrorojo.com\/#website","url":"https:\/\/librosdelzorrorojo.com\/","name":"Libros del Zorro Rojo","description":"Libros ilustrados","potentialAction":[{"@type":"SearchAction","target":{"@type":"EntryPoint","urlTemplate":"https:\/\/librosdelzorrorojo.com\/?s={search_term_string}"},"query-input":{"@type":"PropertyValueSpecification","valueRequired":true,"valueName":"search_term_string"}}],"inLanguage":"ca"}]}},"_links":{"self":[{"href":"https:\/\/librosdelzorrorojo.com\/ca\/wp-json\/wp\/v2\/product\/23497","targetHints":{"allow":["GET"]}}],"collection":[{"href":"https:\/\/librosdelzorrorojo.com\/ca\/wp-json\/wp\/v2\/product"}],"about":[{"href":"https:\/\/librosdelzorrorojo.com\/ca\/wp-json\/wp\/v2\/types\/product"}],"wp:featuredmedia":[{"embeddable":true,"href":"https:\/\/librosdelzorrorojo.com\/ca\/wp-json\/wp\/v2\/media\/23508"}],"wp:attachment":[{"href":"https:\/\/librosdelzorrorojo.com\/ca\/wp-json\/wp\/v2\/media?parent=23497"}],"wp:term":[{"taxonomy":"product_brand","embeddable":true,"href":"https:\/\/librosdelzorrorojo.com\/ca\/wp-json\/wp\/v2\/product_brand?post=23497"},{"taxonomy":"product_cat","embeddable":true,"href":"https:\/\/librosdelzorrorojo.com\/ca\/wp-json\/wp\/v2\/product_cat?post=23497"},{"taxonomy":"product_tag","embeddable":true,"href":"https:\/\/librosdelzorrorojo.com\/ca\/wp-json\/wp\/v2\/product_tag?post=23497"}],"curies":[{"name":"wp","href":"https:\/\/api.w.org\/{rel}","templated":true}]}}