{"id":23495,"date":"2022-10-27T02:43:26","date_gmt":"2022-10-27T00:43:26","guid":{"rendered":"https:\/\/librosdelzorrorojo.com\/catalogo\/que-esta-pasando\/"},"modified":"2024-03-01T09:20:56","modified_gmt":"2024-03-01T08:20:56","slug":"que-esta-pasando","status":"publish","type":"product","link":"https:\/\/librosdelzorrorojo.com\/ca\/cataleg\/que-esta-pasando\/","title":{"rendered":"\u00bfQu\u00e9 est\u00e1 pasando?"},"content":{"rendered":"<p>\u00a1Qu\u00e9 alboroto! Todos los animales corren hacia algo. \u00bfQu\u00e9 est\u00e1 pasando? \u00bfHay fuego? \u00a1Alguien necesita ayuda! Una peque\u00f1a tortuga ha ca\u00eddo en un hoyo de arena cuando se dirig\u00eda hacia el mar, despu\u00e9s de salir del huevo. Los animales quieren ayudar a la pobre tortuguita: el elefante, el hipop\u00f3tamo, el rinoceronte, las jirafas, los gorilas\u2026 Y as\u00ed, una larga fila de animales, largu\u00edsima, \u00a1unas treinta especies distintas! Pero la tortuguita lo tiene claro: \u00ab\u00a1Puedo hacerlo sola!\u00bb.<\/p>\n<p>En este primer libro ilustrado para ni\u00f1os, la joven artista coreana ha encontrado el lenguaje verbal y pict\u00f3rico id\u00f3neo para representar una de sus m\u00e1ximas filos\u00f3ficas: \u00abTodos los d\u00edas debemos esforzarnos por aprender algo nuevo y descubrir nuevas sorpresas a nuestro alrededor\u00bb.<\/p>\n","protected":false},"excerpt":{"rendered":"\u00a1Qu\u00e9 alboroto! Todos los animales corren hacia algo. \u00bfQu\u00e9 est\u00e1 pasando? \u00bfHay fuego? \u00a1Alguien necesita ayuda! Una peque\u00f1a tortuga ha ca\u00eddo en un hoyo de arena cuando se dirig\u00eda hacia el mar, despu\u00e9s de salir del huevo. Los animales quieren ayudar a la pobre tortuguita: el elefante, el hipop\u00f3tamo, el rinoceronte, las jirafas, los gorilas\u2026 [&hellip;]","protected":false},"featured_media":23482,"template":"","meta":{"_acf_changed":false},"product_brand":[],"product_cat":[844,843,839],"product_tag":[],"class_list":{"0":"post-23495","1":"product","2":"type-product","3":"status-publish","4":"has-post-thumbnail","6":"product_cat-castella","7":"product_cat-infantiles-ca","8":"product_cat-zona-kids-ca","9":"vinculo-que-esta-pasando","11":"first","12":"instock","13":"taxable","14":"shipping-taxable","15":"purchasable","16":"product-type-simple"},"acf":[],"yoast_head":"<!-- This site is optimized with the Yoast SEO plugin v25.1 - https:\/\/yoast.com\/wordpress\/plugins\/seo\/ -->\n<title>\u00bfQu\u00e9 est\u00e1 pasando? - Libros del Zorro Rojo<\/title>\n<meta name=\"robots\" content=\"index, follow, max-snippet:-1, max-image-preview:large, max-video-preview:-1\" \/>\n<link rel=\"canonical\" href=\"https:\/\/librosdelzorrorojo.com\/ca\/cataleg\/que-esta-pasando\/\" \/>\n<meta property=\"og:locale\" content=\"ca_ES\" \/>\n<meta property=\"og:type\" content=\"article\" \/>\n<meta property=\"og:title\" content=\"\u00bfQu\u00e9 est\u00e1 pasando? - Libros del Zorro Rojo\" \/>\n<meta property=\"og:description\" content=\"\u00a1Qu\u00e9 alboroto! Todos los animales corren hacia algo. \u00bfQu\u00e9 est\u00e1 pasando? \u00bfHay fuego? \u00a1Alguien necesita ayuda! Una peque\u00f1a tortuga ha ca\u00eddo en un hoyo de arena cuando se dirig\u00eda hacia el mar, despu\u00e9s de salir del huevo. Los animales quieren ayudar a la pobre tortuguita: el elefante, el hipop\u00f3tamo, el rinoceronte, las jirafas, los gorilas\u2026 [&hellip;]\" \/>\n<meta property=\"og:url\" content=\"https:\/\/librosdelzorrorojo.com\/ca\/cataleg\/que-esta-pasando\/\" \/>\n<meta property=\"og:site_name\" content=\"Libros del Zorro Rojo\" \/>\n<meta property=\"article:modified_time\" content=\"2024-03-01T08:20:56+00:00\" \/>\n<meta property=\"og:image\" content=\"https:\/\/librosdelzorrorojo.com\/wp-content\/uploads\/2022\/10\/Cover-queestapasando-Baja.jpg\" \/>\n\t<meta property=\"og:image:width\" content=\"817\" \/>\n\t<meta property=\"og:image:height\" content=\"502\" \/>\n\t<meta property=\"og:image:type\" content=\"image\/jpeg\" \/>\n<meta name=\"twitter:card\" content=\"summary_large_image\" \/>\n<meta name=\"twitter:label1\" content=\"Temps estimat de lectura\" \/>\n\t<meta name=\"twitter:data1\" content=\"1 minut\" \/>\n<script type=\"application\/ld+json\" class=\"yoast-schema-graph\">{\"@context\":\"https:\/\/schema.org\",\"@graph\":[{\"@type\":\"WebPage\",\"@id\":\"https:\/\/librosdelzorrorojo.com\/ca\/cataleg\/que-esta-pasando\/\",\"url\":\"https:\/\/librosdelzorrorojo.com\/ca\/cataleg\/que-esta-pasando\/\",\"name\":\"\u00bfQu\u00e9 est\u00e1 pasando? - Libros del Zorro Rojo\",\"isPartOf\":{\"@id\":\"https:\/\/librosdelzorrorojo.com\/#website\"},\"primaryImageOfPage\":{\"@id\":\"https:\/\/librosdelzorrorojo.com\/ca\/cataleg\/que-esta-pasando\/#primaryimage\"},\"image\":{\"@id\":\"https:\/\/librosdelzorrorojo.com\/ca\/cataleg\/que-esta-pasando\/#primaryimage\"},\"thumbnailUrl\":\"https:\/\/librosdelzorrorojo.com\/wp-content\/uploads\/2022\/10\/Cover-queestapasando-Baja.jpg\",\"datePublished\":\"2022-10-27T00:43:26+00:00\",\"dateModified\":\"2024-03-01T08:20:56+00:00\",\"breadcrumb\":{\"@id\":\"https:\/\/librosdelzorrorojo.com\/ca\/cataleg\/que-esta-pasando\/#breadcrumb\"},\"inLanguage\":\"ca\",\"potentialAction\":[{\"@type\":\"ReadAction\",\"target\":[\"https:\/\/librosdelzorrorojo.com\/ca\/cataleg\/que-esta-pasando\/\"]}]},{\"@type\":\"ImageObject\",\"inLanguage\":\"ca\",\"@id\":\"https:\/\/librosdelzorrorojo.com\/ca\/cataleg\/que-esta-pasando\/#primaryimage\",\"url\":\"https:\/\/librosdelzorrorojo.com\/wp-content\/uploads\/2022\/10\/Cover-queestapasando-Baja.jpg\",\"contentUrl\":\"https:\/\/librosdelzorrorojo.com\/wp-content\/uploads\/2022\/10\/Cover-queestapasando-Baja.jpg\",\"width\":817,\"height\":502,\"caption\":\"Cover queestapasando Baja\"},{\"@type\":\"BreadcrumbList\",\"@id\":\"https:\/\/librosdelzorrorojo.com\/ca\/cataleg\/que-esta-pasando\/#breadcrumb\",\"itemListElement\":[{\"@type\":\"ListItem\",\"position\":1,\"name\":\"Portada\",\"item\":\"https:\/\/librosdelzorrorojo.com\/ca\/\"},{\"@type\":\"ListItem\",\"position\":2,\"name\":\"Cat\u00e0leg\",\"item\":\"https:\/\/librosdelzorrorojo.com\/ca\/cataleg\/\"},{\"@type\":\"ListItem\",\"position\":3,\"name\":\"\u00bfQu\u00e9 est\u00e1 pasando?\"}]},{\"@type\":\"WebSite\",\"@id\":\"https:\/\/librosdelzorrorojo.com\/#website\",\"url\":\"https:\/\/librosdelzorrorojo.com\/\",\"name\":\"Libros del Zorro Rojo\",\"description\":\"Libros ilustrados\",\"potentialAction\":[{\"@type\":\"SearchAction\",\"target\":{\"@type\":\"EntryPoint\",\"urlTemplate\":\"https:\/\/librosdelzorrorojo.com\/?s={search_term_string}\"},\"query-input\":{\"@type\":\"PropertyValueSpecification\",\"valueRequired\":true,\"valueName\":\"search_term_string\"}}],\"inLanguage\":\"ca\"}]}<\/script>\n<!-- \/ Yoast SEO plugin. -->","yoast_head_json":{"title":"\u00bfQu\u00e9 est\u00e1 pasando? - Libros del Zorro Rojo","robots":{"index":"index","follow":"follow","max-snippet":"max-snippet:-1","max-image-preview":"max-image-preview:large","max-video-preview":"max-video-preview:-1"},"canonical":"https:\/\/librosdelzorrorojo.com\/ca\/cataleg\/que-esta-pasando\/","og_locale":"ca_ES","og_type":"article","og_title":"\u00bfQu\u00e9 est\u00e1 pasando? - Libros del Zorro Rojo","og_description":"\u00a1Qu\u00e9 alboroto! Todos los animales corren hacia algo. \u00bfQu\u00e9 est\u00e1 pasando? \u00bfHay fuego? \u00a1Alguien necesita ayuda! Una peque\u00f1a tortuga ha ca\u00eddo en un hoyo de arena cuando se dirig\u00eda hacia el mar, despu\u00e9s de salir del huevo. Los animales quieren ayudar a la pobre tortuguita: el elefante, el hipop\u00f3tamo, el rinoceronte, las jirafas, los gorilas\u2026 [&hellip;]","og_url":"https:\/\/librosdelzorrorojo.com\/ca\/cataleg\/que-esta-pasando\/","og_site_name":"Libros del Zorro Rojo","article_modified_time":"2024-03-01T08:20:56+00:00","og_image":[{"width":817,"height":502,"url":"https:\/\/librosdelzorrorojo.com\/wp-content\/uploads\/2022\/10\/Cover-queestapasando-Baja.jpg","type":"image\/jpeg"}],"twitter_card":"summary_large_image","twitter_misc":{"Temps estimat de lectura":"1 minut"},"schema":{"@context":"https:\/\/schema.org","@graph":[{"@type":"WebPage","@id":"https:\/\/librosdelzorrorojo.com\/ca\/cataleg\/que-esta-pasando\/","url":"https:\/\/librosdelzorrorojo.com\/ca\/cataleg\/que-esta-pasando\/","name":"\u00bfQu\u00e9 est\u00e1 pasando? - Libros del Zorro Rojo","isPartOf":{"@id":"https:\/\/librosdelzorrorojo.com\/#website"},"primaryImageOfPage":{"@id":"https:\/\/librosdelzorrorojo.com\/ca\/cataleg\/que-esta-pasando\/#primaryimage"},"image":{"@id":"https:\/\/librosdelzorrorojo.com\/ca\/cataleg\/que-esta-pasando\/#primaryimage"},"thumbnailUrl":"https:\/\/librosdelzorrorojo.com\/wp-content\/uploads\/2022\/10\/Cover-queestapasando-Baja.jpg","datePublished":"2022-10-27T00:43:26+00:00","dateModified":"2024-03-01T08:20:56+00:00","breadcrumb":{"@id":"https:\/\/librosdelzorrorojo.com\/ca\/cataleg\/que-esta-pasando\/#breadcrumb"},"inLanguage":"ca","potentialAction":[{"@type":"ReadAction","target":["https:\/\/librosdelzorrorojo.com\/ca\/cataleg\/que-esta-pasando\/"]}]},{"@type":"ImageObject","inLanguage":"ca","@id":"https:\/\/librosdelzorrorojo.com\/ca\/cataleg\/que-esta-pasando\/#primaryimage","url":"https:\/\/librosdelzorrorojo.com\/wp-content\/uploads\/2022\/10\/Cover-queestapasando-Baja.jpg","contentUrl":"https:\/\/librosdelzorrorojo.com\/wp-content\/uploads\/2022\/10\/Cover-queestapasando-Baja.jpg","width":817,"height":502,"caption":"Cover queestapasando Baja"},{"@type":"BreadcrumbList","@id":"https:\/\/librosdelzorrorojo.com\/ca\/cataleg\/que-esta-pasando\/#breadcrumb","itemListElement":[{"@type":"ListItem","position":1,"name":"Portada","item":"https:\/\/librosdelzorrorojo.com\/ca\/"},{"@type":"ListItem","position":2,"name":"Cat\u00e0leg","item":"https:\/\/librosdelzorrorojo.com\/ca\/cataleg\/"},{"@type":"ListItem","position":3,"name":"\u00bfQu\u00e9 est\u00e1 pasando?"}]},{"@type":"WebSite","@id":"https:\/\/librosdelzorrorojo.com\/#website","url":"https:\/\/librosdelzorrorojo.com\/","name":"Libros del Zorro Rojo","description":"Libros ilustrados","potentialAction":[{"@type":"SearchAction","target":{"@type":"EntryPoint","urlTemplate":"https:\/\/librosdelzorrorojo.com\/?s={search_term_string}"},"query-input":{"@type":"PropertyValueSpecification","valueRequired":true,"valueName":"search_term_string"}}],"inLanguage":"ca"}]}},"_links":{"self":[{"href":"https:\/\/librosdelzorrorojo.com\/ca\/wp-json\/wp\/v2\/product\/23495","targetHints":{"allow":["GET"]}}],"collection":[{"href":"https:\/\/librosdelzorrorojo.com\/ca\/wp-json\/wp\/v2\/product"}],"about":[{"href":"https:\/\/librosdelzorrorojo.com\/ca\/wp-json\/wp\/v2\/types\/product"}],"wp:featuredmedia":[{"embeddable":true,"href":"https:\/\/librosdelzorrorojo.com\/ca\/wp-json\/wp\/v2\/media\/23482"}],"wp:attachment":[{"href":"https:\/\/librosdelzorrorojo.com\/ca\/wp-json\/wp\/v2\/media?parent=23495"}],"wp:term":[{"taxonomy":"product_brand","embeddable":true,"href":"https:\/\/librosdelzorrorojo.com\/ca\/wp-json\/wp\/v2\/product_brand?post=23495"},{"taxonomy":"product_cat","embeddable":true,"href":"https:\/\/librosdelzorrorojo.com\/ca\/wp-json\/wp\/v2\/product_cat?post=23495"},{"taxonomy":"product_tag","embeddable":true,"href":"https:\/\/librosdelzorrorojo.com\/ca\/wp-json\/wp\/v2\/product_tag?post=23495"}],"curies":[{"name":"wp","href":"https:\/\/api.w.org\/{rel}","templated":true}]}}