{"id":23477,"date":"2022-10-27T02:06:46","date_gmt":"2022-10-27T00:06:46","guid":{"rendered":"https:\/\/librosdelzorrorojo.com\/catalogo\/la-biblioteca-macabra\/"},"modified":"2025-10-23T15:52:18","modified_gmt":"2025-10-23T13:52:18","slug":"la-biblioteca-macabra","status":"publish","type":"product","link":"https:\/\/librosdelzorrorojo.com\/ca\/cataleg\/la-biblioteca-macabra\/","title":{"rendered":"La biblioteca macabra"},"content":{"rendered":"<p>Escritor e ilustrador de m\u00e1s de un centenar de libros, Edward Gorey es un personaje de culto entre numerosos y fieles admiradores de todo el mundo, como el propio Tim Burton. Su personalidad estrafalaria contribuy\u00f3 a construir una obra extra\u00f1a e inclasificable con obras capitales como el tr\u00edptico memorable <em>La f\u00e1brica de vinagre<\/em> (Libros del Zorro Rojo, 2010).<\/p>\n<p>La biblioteca macabra re\u00fane, por primera vez en un \u00fanico estuche, cinco libros de su autor\u00eda:<em> La ni\u00f1a desdichada,<\/em> que narra la funesta vida de Charlotte Sophia;<em> La procaz intimaci\u00f3n,<\/em> la historia de una se\u00f1orita endemoniada; <em>El zoo absoluto,<\/em> una colecci\u00f3n de animales m\u00e1s que ex\u00f3tica; <em>El jard\u00edn mal\u00e9fico,<\/em> en el que quedar\u00e1 atrapada toda la familia y <em>Los peque\u00f1os macabros,<\/em> un muestrario alfab\u00e9tico de muertes tr\u00e1gicas infantiles, su obra maestra.<\/p>\n<p>Su estilo gr\u00e1fico, inspirado en el arte victoriano y cargado de elementos g\u00f3ticos, as\u00ed como el manejo de las texturas y los grises le aportan una impronta \u00fanica a su obra.<\/p>\n<p><img decoding=\"async\" src=\"https:\/\/librosdelzorrorojo.com\/wp-content\/uploads\/2024\/10\/ICEC.jpg\" \/><\/p>\n","protected":false},"excerpt":{"rendered":"Escritor e ilustrador de m\u00e1s de un centenar de libros, Edward Gorey es un personaje de culto entre numerosos y fieles admiradores de todo el mundo, como el propio Tim Burton. Su personalidad estrafalaria contribuy\u00f3 a construir una obra extra\u00f1a e inclasificable con obras capitales como el tr\u00edptico memorable La f\u00e1brica de vinagre (Libros del [&hellip;]","protected":false},"featured_media":30841,"template":"","meta":{"_acf_changed":false},"product_brand":[],"product_cat":[844,3156,846],"product_tag":[],"class_list":{"0":"post-23477","1":"product","2":"type-product","3":"status-publish","4":"has-post-thumbnail","6":"product_cat-castella","7":"product_cat-juvenil-adult","8":"product_cat-novedades-ca","10":"first","11":"instock","12":"taxable","13":"shipping-taxable","14":"purchasable","15":"product-type-simple"},"acf":[],"yoast_head":"<!-- This site is optimized with the Yoast SEO plugin v25.1 - https:\/\/yoast.com\/wordpress\/plugins\/seo\/ -->\n<title>La biblioteca macabra - Libros del Zorro Rojo<\/title>\n<meta name=\"robots\" content=\"index, follow, max-snippet:-1, max-image-preview:large, max-video-preview:-1\" \/>\n<link rel=\"canonical\" href=\"https:\/\/librosdelzorrorojo.com\/ca\/cataleg\/la-biblioteca-macabra\/\" \/>\n<meta property=\"og:locale\" content=\"ca_ES\" \/>\n<meta property=\"og:type\" content=\"article\" \/>\n<meta property=\"og:title\" content=\"La biblioteca macabra - Libros del Zorro Rojo\" \/>\n<meta property=\"og:description\" content=\"Escritor e ilustrador de m\u00e1s de un centenar de libros, Edward Gorey es un personaje de culto entre numerosos y fieles admiradores de todo el mundo, como el propio Tim Burton. Su personalidad estrafalaria contribuy\u00f3 a construir una obra extra\u00f1a e inclasificable con obras capitales como el tr\u00edptico memorable La f\u00e1brica de vinagre (Libros del [&hellip;]\" \/>\n<meta property=\"og:url\" content=\"https:\/\/librosdelzorrorojo.com\/ca\/cataleg\/la-biblioteca-macabra\/\" \/>\n<meta property=\"og:site_name\" content=\"Libros del Zorro Rojo\" \/>\n<meta property=\"article:modified_time\" content=\"2025-10-23T13:52:18+00:00\" \/>\n<meta property=\"og:image\" content=\"https:\/\/librosdelzorrorojo.com\/wp-content\/uploads\/2022\/10\/cover_biblioteca_reed-1024x1024.jpg\" \/>\n\t<meta property=\"og:image:width\" content=\"1024\" \/>\n\t<meta property=\"og:image:height\" content=\"1024\" \/>\n\t<meta property=\"og:image:type\" content=\"image\/jpeg\" \/>\n<meta name=\"twitter:card\" content=\"summary_large_image\" \/>\n<meta name=\"twitter:label1\" content=\"Temps estimat de lectura\" \/>\n\t<meta name=\"twitter:data1\" content=\"1 minut\" \/>\n<script type=\"application\/ld+json\" class=\"yoast-schema-graph\">{\"@context\":\"https:\/\/schema.org\",\"@graph\":[{\"@type\":\"WebPage\",\"@id\":\"https:\/\/librosdelzorrorojo.com\/ca\/cataleg\/la-biblioteca-macabra\/\",\"url\":\"https:\/\/librosdelzorrorojo.com\/ca\/cataleg\/la-biblioteca-macabra\/\",\"name\":\"La biblioteca macabra - Libros del Zorro Rojo\",\"isPartOf\":{\"@id\":\"https:\/\/librosdelzorrorojo.com\/#website\"},\"primaryImageOfPage\":{\"@id\":\"https:\/\/librosdelzorrorojo.com\/ca\/cataleg\/la-biblioteca-macabra\/#primaryimage\"},\"image\":{\"@id\":\"https:\/\/librosdelzorrorojo.com\/ca\/cataleg\/la-biblioteca-macabra\/#primaryimage\"},\"thumbnailUrl\":\"https:\/\/librosdelzorrorojo.com\/wp-content\/uploads\/2022\/10\/cover_biblioteca_reed.jpg\",\"datePublished\":\"2022-10-27T00:06:46+00:00\",\"dateModified\":\"2025-10-23T13:52:18+00:00\",\"breadcrumb\":{\"@id\":\"https:\/\/librosdelzorrorojo.com\/ca\/cataleg\/la-biblioteca-macabra\/#breadcrumb\"},\"inLanguage\":\"ca\",\"potentialAction\":[{\"@type\":\"ReadAction\",\"target\":[\"https:\/\/librosdelzorrorojo.com\/ca\/cataleg\/la-biblioteca-macabra\/\"]}]},{\"@type\":\"ImageObject\",\"inLanguage\":\"ca\",\"@id\":\"https:\/\/librosdelzorrorojo.com\/ca\/cataleg\/la-biblioteca-macabra\/#primaryimage\",\"url\":\"https:\/\/librosdelzorrorojo.com\/wp-content\/uploads\/2022\/10\/cover_biblioteca_reed.jpg\",\"contentUrl\":\"https:\/\/librosdelzorrorojo.com\/wp-content\/uploads\/2022\/10\/cover_biblioteca_reed.jpg\",\"width\":1792,\"height\":1792,\"caption\":\"cover biblioteca reed\"},{\"@type\":\"BreadcrumbList\",\"@id\":\"https:\/\/librosdelzorrorojo.com\/ca\/cataleg\/la-biblioteca-macabra\/#breadcrumb\",\"itemListElement\":[{\"@type\":\"ListItem\",\"position\":1,\"name\":\"Portada\",\"item\":\"https:\/\/librosdelzorrorojo.com\/ca\/\"},{\"@type\":\"ListItem\",\"position\":2,\"name\":\"Cat\u00e0leg\",\"item\":\"https:\/\/librosdelzorrorojo.com\/ca\/cataleg\/\"},{\"@type\":\"ListItem\",\"position\":3,\"name\":\"La biblioteca macabra\"}]},{\"@type\":\"WebSite\",\"@id\":\"https:\/\/librosdelzorrorojo.com\/#website\",\"url\":\"https:\/\/librosdelzorrorojo.com\/\",\"name\":\"Libros del Zorro Rojo\",\"description\":\"Libros ilustrados\",\"potentialAction\":[{\"@type\":\"SearchAction\",\"target\":{\"@type\":\"EntryPoint\",\"urlTemplate\":\"https:\/\/librosdelzorrorojo.com\/?s={search_term_string}\"},\"query-input\":{\"@type\":\"PropertyValueSpecification\",\"valueRequired\":true,\"valueName\":\"search_term_string\"}}],\"inLanguage\":\"ca\"}]}<\/script>\n<!-- \/ Yoast SEO plugin. -->","yoast_head_json":{"title":"La biblioteca macabra - Libros del Zorro Rojo","robots":{"index":"index","follow":"follow","max-snippet":"max-snippet:-1","max-image-preview":"max-image-preview:large","max-video-preview":"max-video-preview:-1"},"canonical":"https:\/\/librosdelzorrorojo.com\/ca\/cataleg\/la-biblioteca-macabra\/","og_locale":"ca_ES","og_type":"article","og_title":"La biblioteca macabra - Libros del Zorro Rojo","og_description":"Escritor e ilustrador de m\u00e1s de un centenar de libros, Edward Gorey es un personaje de culto entre numerosos y fieles admiradores de todo el mundo, como el propio Tim Burton. Su personalidad estrafalaria contribuy\u00f3 a construir una obra extra\u00f1a e inclasificable con obras capitales como el tr\u00edptico memorable La f\u00e1brica de vinagre (Libros del [&hellip;]","og_url":"https:\/\/librosdelzorrorojo.com\/ca\/cataleg\/la-biblioteca-macabra\/","og_site_name":"Libros del Zorro Rojo","article_modified_time":"2025-10-23T13:52:18+00:00","og_image":[{"width":1024,"height":1024,"url":"https:\/\/librosdelzorrorojo.com\/wp-content\/uploads\/2022\/10\/cover_biblioteca_reed-1024x1024.jpg","type":"image\/jpeg"}],"twitter_card":"summary_large_image","twitter_misc":{"Temps estimat de lectura":"1 minut"},"schema":{"@context":"https:\/\/schema.org","@graph":[{"@type":"WebPage","@id":"https:\/\/librosdelzorrorojo.com\/ca\/cataleg\/la-biblioteca-macabra\/","url":"https:\/\/librosdelzorrorojo.com\/ca\/cataleg\/la-biblioteca-macabra\/","name":"La biblioteca macabra - Libros del Zorro Rojo","isPartOf":{"@id":"https:\/\/librosdelzorrorojo.com\/#website"},"primaryImageOfPage":{"@id":"https:\/\/librosdelzorrorojo.com\/ca\/cataleg\/la-biblioteca-macabra\/#primaryimage"},"image":{"@id":"https:\/\/librosdelzorrorojo.com\/ca\/cataleg\/la-biblioteca-macabra\/#primaryimage"},"thumbnailUrl":"https:\/\/librosdelzorrorojo.com\/wp-content\/uploads\/2022\/10\/cover_biblioteca_reed.jpg","datePublished":"2022-10-27T00:06:46+00:00","dateModified":"2025-10-23T13:52:18+00:00","breadcrumb":{"@id":"https:\/\/librosdelzorrorojo.com\/ca\/cataleg\/la-biblioteca-macabra\/#breadcrumb"},"inLanguage":"ca","potentialAction":[{"@type":"ReadAction","target":["https:\/\/librosdelzorrorojo.com\/ca\/cataleg\/la-biblioteca-macabra\/"]}]},{"@type":"ImageObject","inLanguage":"ca","@id":"https:\/\/librosdelzorrorojo.com\/ca\/cataleg\/la-biblioteca-macabra\/#primaryimage","url":"https:\/\/librosdelzorrorojo.com\/wp-content\/uploads\/2022\/10\/cover_biblioteca_reed.jpg","contentUrl":"https:\/\/librosdelzorrorojo.com\/wp-content\/uploads\/2022\/10\/cover_biblioteca_reed.jpg","width":1792,"height":1792,"caption":"cover biblioteca reed"},{"@type":"BreadcrumbList","@id":"https:\/\/librosdelzorrorojo.com\/ca\/cataleg\/la-biblioteca-macabra\/#breadcrumb","itemListElement":[{"@type":"ListItem","position":1,"name":"Portada","item":"https:\/\/librosdelzorrorojo.com\/ca\/"},{"@type":"ListItem","position":2,"name":"Cat\u00e0leg","item":"https:\/\/librosdelzorrorojo.com\/ca\/cataleg\/"},{"@type":"ListItem","position":3,"name":"La biblioteca macabra"}]},{"@type":"WebSite","@id":"https:\/\/librosdelzorrorojo.com\/#website","url":"https:\/\/librosdelzorrorojo.com\/","name":"Libros del Zorro Rojo","description":"Libros ilustrados","potentialAction":[{"@type":"SearchAction","target":{"@type":"EntryPoint","urlTemplate":"https:\/\/librosdelzorrorojo.com\/?s={search_term_string}"},"query-input":{"@type":"PropertyValueSpecification","valueRequired":true,"valueName":"search_term_string"}}],"inLanguage":"ca"}]}},"_links":{"self":[{"href":"https:\/\/librosdelzorrorojo.com\/ca\/wp-json\/wp\/v2\/product\/23477","targetHints":{"allow":["GET"]}}],"collection":[{"href":"https:\/\/librosdelzorrorojo.com\/ca\/wp-json\/wp\/v2\/product"}],"about":[{"href":"https:\/\/librosdelzorrorojo.com\/ca\/wp-json\/wp\/v2\/types\/product"}],"wp:featuredmedia":[{"embeddable":true,"href":"https:\/\/librosdelzorrorojo.com\/ca\/wp-json\/wp\/v2\/media\/30841"}],"wp:attachment":[{"href":"https:\/\/librosdelzorrorojo.com\/ca\/wp-json\/wp\/v2\/media?parent=23477"}],"wp:term":[{"taxonomy":"product_brand","embeddable":true,"href":"https:\/\/librosdelzorrorojo.com\/ca\/wp-json\/wp\/v2\/product_brand?post=23477"},{"taxonomy":"product_cat","embeddable":true,"href":"https:\/\/librosdelzorrorojo.com\/ca\/wp-json\/wp\/v2\/product_cat?post=23477"},{"taxonomy":"product_tag","embeddable":true,"href":"https:\/\/librosdelzorrorojo.com\/ca\/wp-json\/wp\/v2\/product_tag?post=23477"}],"curies":[{"name":"wp","href":"https:\/\/api.w.org\/{rel}","templated":true}]}}