{"id":23433,"date":"2022-10-19T10:14:17","date_gmt":"2022-10-19T08:14:17","guid":{"rendered":"https:\/\/librosdelzorrorojo.com\/catalogo\/como-sera-el-mas-alla\/"},"modified":"2026-05-08T17:08:49","modified_gmt":"2026-05-08T15:08:49","slug":"como-sera-el-mas-alla","status":"publish","type":"product","link":"https:\/\/librosdelzorrorojo.com\/ca\/cataleg\/como-sera-el-mas-alla\/","title":{"rendered":"\u00bfC\u00f3mo ser\u00e1 el m\u00e1s all\u00e1?"},"content":{"rendered":"<p>Kenta (a quien conocimos en Ese robot soy yo) descubre un cuaderno lleno de dibujos y apuntes de su abuelo sobre \u00abel otro mundo\u00bb,o sea, sus planes para despu\u00e9s de morir. En \u00e9l incluye un plan de viaje, el equipo imprescindible para disfrutar del para\u00edso, las cosas en las que le gustar\u00eda reencarnarse, c\u00f3mo imagina a los dioses y diosas, e incluso sus modelos preferidos de tumbas.<\/p>\n<p>Un libro sin tab\u00faes, respetuoso con todas las ideas, sorprendente y, sin duda, muy divertido, sobre la muerte, o sobre lo que viene despu\u00e9s, ya sea el otro mundo, la otra vida, o el m\u00e1s all\u00e1, el para\u00edso o el otro barrio, cada uno puede llamarlo o concebirlo libremente y con alegr\u00eda: \u00abMe pongo a pensar en todo lo que har\u00eda despu\u00e9s de morir, y me viene a la cabeza todo lo que quiero hacer ahora que estoy vivo\u00bb.<\/p>\n","protected":false},"excerpt":{"rendered":"Kenta (a quien conocimos en Ese robot soy yo) descubre un cuaderno lleno de dibujos y apuntes de su abuelo sobre \u00abel otro mundo\u00bb,o sea, sus planes para despu\u00e9s de morir. En \u00e9l incluye un plan de viaje, el equipo imprescindible para disfrutar del para\u00edso, las cosas en las que le gustar\u00eda reencarnarse, c\u00f3mo imagina [&hellip;]","protected":false},"featured_media":23428,"template":"","meta":{"_acf_changed":false},"product_brand":[],"product_cat":[844,843,839],"product_tag":[],"class_list":{"0":"post-23433","1":"product","2":"type-product","3":"status-publish","4":"has-post-thumbnail","6":"product_cat-castella","7":"product_cat-infantiles-ca","8":"product_cat-zona-kids-ca","9":"vinculo-como-sera-el-mas-alla","11":"first","12":"instock","13":"taxable","14":"shipping-taxable","15":"purchasable","16":"product-type-simple"},"acf":[],"yoast_head":"<!-- This site is optimized with the Yoast SEO plugin v25.1 - https:\/\/yoast.com\/wordpress\/plugins\/seo\/ -->\n<title>\u00bfC\u00f3mo ser\u00e1 el m\u00e1s all\u00e1? - Libros del Zorro Rojo<\/title>\n<meta name=\"robots\" content=\"index, follow, max-snippet:-1, max-image-preview:large, max-video-preview:-1\" \/>\n<link rel=\"canonical\" href=\"https:\/\/librosdelzorrorojo.com\/ca\/cataleg\/como-sera-el-mas-alla\/\" \/>\n<meta property=\"og:locale\" content=\"ca_ES\" \/>\n<meta property=\"og:type\" content=\"article\" \/>\n<meta property=\"og:title\" content=\"\u00bfC\u00f3mo ser\u00e1 el m\u00e1s all\u00e1? - Libros del Zorro Rojo\" \/>\n<meta property=\"og:description\" content=\"Kenta (a quien conocimos en Ese robot soy yo) descubre un cuaderno lleno de dibujos y apuntes de su abuelo sobre \u00abel otro mundo\u00bb,o sea, sus planes para despu\u00e9s de morir. En \u00e9l incluye un plan de viaje, el equipo imprescindible para disfrutar del para\u00edso, las cosas en las que le gustar\u00eda reencarnarse, c\u00f3mo imagina [&hellip;]\" \/>\n<meta property=\"og:url\" content=\"https:\/\/librosdelzorrorojo.com\/ca\/cataleg\/como-sera-el-mas-alla\/\" \/>\n<meta property=\"og:site_name\" content=\"Libros del Zorro Rojo\" \/>\n<meta property=\"article:modified_time\" content=\"2026-05-08T15:08:49+00:00\" \/>\n<meta property=\"og:image\" content=\"https:\/\/librosdelzorrorojo.com\/wp-content\/uploads\/2022\/10\/Cover-Como-sera-el-mas-alla-SPA-NEW_Frontal-low-scaled.jpg\" \/>\n\t<meta property=\"og:image:width\" content=\"2044\" \/>\n\t<meta property=\"og:image:height\" content=\"2560\" \/>\n\t<meta property=\"og:image:type\" content=\"image\/jpeg\" \/>\n<meta name=\"twitter:card\" content=\"summary_large_image\" \/>\n<meta name=\"twitter:label1\" content=\"Temps estimat de lectura\" \/>\n\t<meta name=\"twitter:data1\" content=\"1 minut\" \/>\n<script type=\"application\/ld+json\" class=\"yoast-schema-graph\">{\"@context\":\"https:\/\/schema.org\",\"@graph\":[{\"@type\":\"WebPage\",\"@id\":\"https:\/\/librosdelzorrorojo.com\/ca\/cataleg\/como-sera-el-mas-alla\/\",\"url\":\"https:\/\/librosdelzorrorojo.com\/ca\/cataleg\/como-sera-el-mas-alla\/\",\"name\":\"\u00bfC\u00f3mo ser\u00e1 el m\u00e1s all\u00e1? - Libros del Zorro Rojo\",\"isPartOf\":{\"@id\":\"https:\/\/librosdelzorrorojo.com\/#website\"},\"primaryImageOfPage\":{\"@id\":\"https:\/\/librosdelzorrorojo.com\/ca\/cataleg\/como-sera-el-mas-alla\/#primaryimage\"},\"image\":{\"@id\":\"https:\/\/librosdelzorrorojo.com\/ca\/cataleg\/como-sera-el-mas-alla\/#primaryimage\"},\"thumbnailUrl\":\"https:\/\/librosdelzorrorojo.com\/wp-content\/uploads\/2022\/10\/Cover-Como-sera-el-mas-alla-SPA-NEW_Frontal-low-scaled.jpg\",\"datePublished\":\"2022-10-19T08:14:17+00:00\",\"dateModified\":\"2026-05-08T15:08:49+00:00\",\"breadcrumb\":{\"@id\":\"https:\/\/librosdelzorrorojo.com\/ca\/cataleg\/como-sera-el-mas-alla\/#breadcrumb\"},\"inLanguage\":\"ca\",\"potentialAction\":[{\"@type\":\"ReadAction\",\"target\":[\"https:\/\/librosdelzorrorojo.com\/ca\/cataleg\/como-sera-el-mas-alla\/\"]}]},{\"@type\":\"ImageObject\",\"inLanguage\":\"ca\",\"@id\":\"https:\/\/librosdelzorrorojo.com\/ca\/cataleg\/como-sera-el-mas-alla\/#primaryimage\",\"url\":\"https:\/\/librosdelzorrorojo.com\/wp-content\/uploads\/2022\/10\/Cover-Como-sera-el-mas-alla-SPA-NEW_Frontal-low-scaled.jpg\",\"contentUrl\":\"https:\/\/librosdelzorrorojo.com\/wp-content\/uploads\/2022\/10\/Cover-Como-sera-el-mas-alla-SPA-NEW_Frontal-low-scaled.jpg\",\"width\":2044,\"height\":2560,\"caption\":\"Cover Como sera el mas alla SPA NEW Frontal low scaled\"},{\"@type\":\"BreadcrumbList\",\"@id\":\"https:\/\/librosdelzorrorojo.com\/ca\/cataleg\/como-sera-el-mas-alla\/#breadcrumb\",\"itemListElement\":[{\"@type\":\"ListItem\",\"position\":1,\"name\":\"Portada\",\"item\":\"https:\/\/librosdelzorrorojo.com\/ca\/\"},{\"@type\":\"ListItem\",\"position\":2,\"name\":\"Cat\u00e0leg\",\"item\":\"https:\/\/librosdelzorrorojo.com\/ca\/cataleg\/\"},{\"@type\":\"ListItem\",\"position\":3,\"name\":\"\u00bfC\u00f3mo ser\u00e1 el m\u00e1s all\u00e1?\"}]},{\"@type\":\"WebSite\",\"@id\":\"https:\/\/librosdelzorrorojo.com\/#website\",\"url\":\"https:\/\/librosdelzorrorojo.com\/\",\"name\":\"Libros del Zorro Rojo\",\"description\":\"Libros ilustrados\",\"potentialAction\":[{\"@type\":\"SearchAction\",\"target\":{\"@type\":\"EntryPoint\",\"urlTemplate\":\"https:\/\/librosdelzorrorojo.com\/?s={search_term_string}\"},\"query-input\":{\"@type\":\"PropertyValueSpecification\",\"valueRequired\":true,\"valueName\":\"search_term_string\"}}],\"inLanguage\":\"ca\"}]}<\/script>\n<!-- \/ Yoast SEO plugin. -->","yoast_head_json":{"title":"\u00bfC\u00f3mo ser\u00e1 el m\u00e1s all\u00e1? - Libros del Zorro Rojo","robots":{"index":"index","follow":"follow","max-snippet":"max-snippet:-1","max-image-preview":"max-image-preview:large","max-video-preview":"max-video-preview:-1"},"canonical":"https:\/\/librosdelzorrorojo.com\/ca\/cataleg\/como-sera-el-mas-alla\/","og_locale":"ca_ES","og_type":"article","og_title":"\u00bfC\u00f3mo ser\u00e1 el m\u00e1s all\u00e1? - Libros del Zorro Rojo","og_description":"Kenta (a quien conocimos en Ese robot soy yo) descubre un cuaderno lleno de dibujos y apuntes de su abuelo sobre \u00abel otro mundo\u00bb,o sea, sus planes para despu\u00e9s de morir. En \u00e9l incluye un plan de viaje, el equipo imprescindible para disfrutar del para\u00edso, las cosas en las que le gustar\u00eda reencarnarse, c\u00f3mo imagina [&hellip;]","og_url":"https:\/\/librosdelzorrorojo.com\/ca\/cataleg\/como-sera-el-mas-alla\/","og_site_name":"Libros del Zorro Rojo","article_modified_time":"2026-05-08T15:08:49+00:00","og_image":[{"width":2044,"height":2560,"url":"https:\/\/librosdelzorrorojo.com\/wp-content\/uploads\/2022\/10\/Cover-Como-sera-el-mas-alla-SPA-NEW_Frontal-low-scaled.jpg","type":"image\/jpeg"}],"twitter_card":"summary_large_image","twitter_misc":{"Temps estimat de lectura":"1 minut"},"schema":{"@context":"https:\/\/schema.org","@graph":[{"@type":"WebPage","@id":"https:\/\/librosdelzorrorojo.com\/ca\/cataleg\/como-sera-el-mas-alla\/","url":"https:\/\/librosdelzorrorojo.com\/ca\/cataleg\/como-sera-el-mas-alla\/","name":"\u00bfC\u00f3mo ser\u00e1 el m\u00e1s all\u00e1? - Libros del Zorro Rojo","isPartOf":{"@id":"https:\/\/librosdelzorrorojo.com\/#website"},"primaryImageOfPage":{"@id":"https:\/\/librosdelzorrorojo.com\/ca\/cataleg\/como-sera-el-mas-alla\/#primaryimage"},"image":{"@id":"https:\/\/librosdelzorrorojo.com\/ca\/cataleg\/como-sera-el-mas-alla\/#primaryimage"},"thumbnailUrl":"https:\/\/librosdelzorrorojo.com\/wp-content\/uploads\/2022\/10\/Cover-Como-sera-el-mas-alla-SPA-NEW_Frontal-low-scaled.jpg","datePublished":"2022-10-19T08:14:17+00:00","dateModified":"2026-05-08T15:08:49+00:00","breadcrumb":{"@id":"https:\/\/librosdelzorrorojo.com\/ca\/cataleg\/como-sera-el-mas-alla\/#breadcrumb"},"inLanguage":"ca","potentialAction":[{"@type":"ReadAction","target":["https:\/\/librosdelzorrorojo.com\/ca\/cataleg\/como-sera-el-mas-alla\/"]}]},{"@type":"ImageObject","inLanguage":"ca","@id":"https:\/\/librosdelzorrorojo.com\/ca\/cataleg\/como-sera-el-mas-alla\/#primaryimage","url":"https:\/\/librosdelzorrorojo.com\/wp-content\/uploads\/2022\/10\/Cover-Como-sera-el-mas-alla-SPA-NEW_Frontal-low-scaled.jpg","contentUrl":"https:\/\/librosdelzorrorojo.com\/wp-content\/uploads\/2022\/10\/Cover-Como-sera-el-mas-alla-SPA-NEW_Frontal-low-scaled.jpg","width":2044,"height":2560,"caption":"Cover Como sera el mas alla SPA NEW Frontal low scaled"},{"@type":"BreadcrumbList","@id":"https:\/\/librosdelzorrorojo.com\/ca\/cataleg\/como-sera-el-mas-alla\/#breadcrumb","itemListElement":[{"@type":"ListItem","position":1,"name":"Portada","item":"https:\/\/librosdelzorrorojo.com\/ca\/"},{"@type":"ListItem","position":2,"name":"Cat\u00e0leg","item":"https:\/\/librosdelzorrorojo.com\/ca\/cataleg\/"},{"@type":"ListItem","position":3,"name":"\u00bfC\u00f3mo ser\u00e1 el m\u00e1s all\u00e1?"}]},{"@type":"WebSite","@id":"https:\/\/librosdelzorrorojo.com\/#website","url":"https:\/\/librosdelzorrorojo.com\/","name":"Libros del Zorro Rojo","description":"Libros ilustrados","potentialAction":[{"@type":"SearchAction","target":{"@type":"EntryPoint","urlTemplate":"https:\/\/librosdelzorrorojo.com\/?s={search_term_string}"},"query-input":{"@type":"PropertyValueSpecification","valueRequired":true,"valueName":"search_term_string"}}],"inLanguage":"ca"}]}},"_links":{"self":[{"href":"https:\/\/librosdelzorrorojo.com\/ca\/wp-json\/wp\/v2\/product\/23433","targetHints":{"allow":["GET"]}}],"collection":[{"href":"https:\/\/librosdelzorrorojo.com\/ca\/wp-json\/wp\/v2\/product"}],"about":[{"href":"https:\/\/librosdelzorrorojo.com\/ca\/wp-json\/wp\/v2\/types\/product"}],"wp:featuredmedia":[{"embeddable":true,"href":"https:\/\/librosdelzorrorojo.com\/ca\/wp-json\/wp\/v2\/media\/23428"}],"wp:attachment":[{"href":"https:\/\/librosdelzorrorojo.com\/ca\/wp-json\/wp\/v2\/media?parent=23433"}],"wp:term":[{"taxonomy":"product_brand","embeddable":true,"href":"https:\/\/librosdelzorrorojo.com\/ca\/wp-json\/wp\/v2\/product_brand?post=23433"},{"taxonomy":"product_cat","embeddable":true,"href":"https:\/\/librosdelzorrorojo.com\/ca\/wp-json\/wp\/v2\/product_cat?post=23433"},{"taxonomy":"product_tag","embeddable":true,"href":"https:\/\/librosdelzorrorojo.com\/ca\/wp-json\/wp\/v2\/product_tag?post=23433"}],"curies":[{"name":"wp","href":"https:\/\/api.w.org\/{rel}","templated":true}]}}