{"id":23430,"date":"2022-10-19T10:51:07","date_gmt":"2022-10-19T08:51:07","guid":{"rendered":"https:\/\/librosdelzorrorojo.com\/?post_type=product&#038;p=23430"},"modified":"2026-04-29T08:39:08","modified_gmt":"2026-04-29T06:39:08","slug":"com-sera-el-mes-enlla","status":"publish","type":"product","link":"https:\/\/librosdelzorrorojo.com\/ca\/cataleg\/com-sera-el-mes-enlla\/","title":{"rendered":"Com ser\u00e0 el m\u00e9s enll\u00e0?"},"content":{"rendered":"<p>En Kenta (a qui vam con\u00e8ixer a <em>Aquest robot soc jo<\/em>) descobreix un quadern ple de dibuixos i apunts del seu avi sobre \u00abl\u2019altre m\u00f3n\u00bb, concretament, els seus plans per a despr\u00e9s de morir. Aquesta llibreta reuneix un pla de viatge, l\u2019equip imprescindible per gaudir del parad\u00eds, les coses en qu\u00e8 li agradaria reencarnar-se, com imagina els d\u00e9us i deesses, i fins i tot els seus models de tombes preferits.<\/p>\n<p>Un llibre sense tab\u00fas, respectu\u00f3s amb totes les idees, sorprenent i, sens dubte, molt divertit, sobre la mort, o sobre all\u00f2 que ve despr\u00e9s, ja sigui l\u2019altre m\u00f3n, l\u2019altra vida, o el m\u00e9s enll\u00e0, el parad\u00eds o l\u2019altre barri. Cadasc\u00fa pot anomenar-lo o concebre\u2019l lliurement i amb alegria: \u00abQuan intento pensar qu\u00e8 far\u00e9 despr\u00e9s de morir, em ve al cap tot el que vull fer ara que soc viu\u00bb.<\/p>\n","protected":false},"excerpt":{"rendered":"En Kenta (a qui vam con\u00e8ixer a Aquest robot soc jo) descobreix un quadern ple de dibuixos i apunts del seu avi sobre \u00abl\u2019altre m\u00f3n\u00bb, concretament, els seus plans per a despr\u00e9s de morir. Aquesta llibreta reuneix un pla de viatge, l\u2019equip imprescindible per gaudir del parad\u00eds, les coses en qu\u00e8 li agradaria reencarnar-se, com [&hellip;]","protected":false},"featured_media":23431,"template":"","meta":{"_acf_changed":false},"product_brand":[],"product_cat":[840,843,839],"product_tag":[],"class_list":{"0":"post-23430","1":"product","2":"type-product","3":"status-publish","4":"has-post-thumbnail","6":"product_cat-catala","7":"product_cat-infantiles-ca","8":"product_cat-zona-kids-ca","9":"vinculo-como-sera-el-mas-alla","11":"first","12":"instock","13":"taxable","14":"shipping-taxable","15":"purchasable","16":"product-type-simple"},"acf":[],"yoast_head":"<!-- This site is optimized with the Yoast SEO plugin v25.1 - https:\/\/yoast.com\/wordpress\/plugins\/seo\/ -->\n<title>Com ser\u00e0 el m\u00e9s enll\u00e0? - Libros del Zorro Rojo<\/title>\n<meta name=\"robots\" content=\"index, follow, max-snippet:-1, max-image-preview:large, max-video-preview:-1\" \/>\n<link rel=\"canonical\" href=\"https:\/\/librosdelzorrorojo.com\/ca\/cataleg\/com-sera-el-mes-enlla\/\" \/>\n<meta property=\"og:locale\" content=\"ca_ES\" \/>\n<meta property=\"og:type\" content=\"article\" \/>\n<meta property=\"og:title\" content=\"Com ser\u00e0 el m\u00e9s enll\u00e0? - Libros del Zorro Rojo\" \/>\n<meta property=\"og:description\" content=\"En Kenta (a qui vam con\u00e8ixer a Aquest robot soc jo) descobreix un quadern ple de dibuixos i apunts del seu avi sobre \u00abl\u2019altre m\u00f3n\u00bb, concretament, els seus plans per a despr\u00e9s de morir. Aquesta llibreta reuneix un pla de viatge, l\u2019equip imprescindible per gaudir del parad\u00eds, les coses en qu\u00e8 li agradaria reencarnar-se, com [&hellip;]\" \/>\n<meta property=\"og:url\" content=\"https:\/\/librosdelzorrorojo.com\/ca\/cataleg\/com-sera-el-mes-enlla\/\" \/>\n<meta property=\"og:site_name\" content=\"Libros del Zorro Rojo\" \/>\n<meta property=\"article:modified_time\" content=\"2026-04-29T06:39:08+00:00\" \/>\n<meta property=\"og:image\" content=\"https:\/\/librosdelzorrorojo.com\/wp-content\/uploads\/2022\/10\/Cover-Como-sera-CAT-Frontal-low-scaled.jpg\" \/>\n\t<meta property=\"og:image:width\" content=\"2041\" \/>\n\t<meta property=\"og:image:height\" content=\"2560\" \/>\n\t<meta property=\"og:image:type\" content=\"image\/jpeg\" \/>\n<meta name=\"twitter:card\" content=\"summary_large_image\" \/>\n<meta name=\"twitter:label1\" content=\"Temps estimat de lectura\" \/>\n\t<meta name=\"twitter:data1\" content=\"1 minut\" \/>\n<script type=\"application\/ld+json\" class=\"yoast-schema-graph\">{\"@context\":\"https:\/\/schema.org\",\"@graph\":[{\"@type\":\"WebPage\",\"@id\":\"https:\/\/librosdelzorrorojo.com\/ca\/cataleg\/com-sera-el-mes-enlla\/\",\"url\":\"https:\/\/librosdelzorrorojo.com\/ca\/cataleg\/com-sera-el-mes-enlla\/\",\"name\":\"Com ser\u00e0 el m\u00e9s enll\u00e0? - Libros del Zorro Rojo\",\"isPartOf\":{\"@id\":\"https:\/\/librosdelzorrorojo.com\/#website\"},\"primaryImageOfPage\":{\"@id\":\"https:\/\/librosdelzorrorojo.com\/ca\/cataleg\/com-sera-el-mes-enlla\/#primaryimage\"},\"image\":{\"@id\":\"https:\/\/librosdelzorrorojo.com\/ca\/cataleg\/com-sera-el-mes-enlla\/#primaryimage\"},\"thumbnailUrl\":\"https:\/\/librosdelzorrorojo.com\/wp-content\/uploads\/2022\/10\/Cover-Como-sera-CAT-Frontal-low-scaled.jpg\",\"datePublished\":\"2022-10-19T08:51:07+00:00\",\"dateModified\":\"2026-04-29T06:39:08+00:00\",\"breadcrumb\":{\"@id\":\"https:\/\/librosdelzorrorojo.com\/ca\/cataleg\/com-sera-el-mes-enlla\/#breadcrumb\"},\"inLanguage\":\"ca\",\"potentialAction\":[{\"@type\":\"ReadAction\",\"target\":[\"https:\/\/librosdelzorrorojo.com\/ca\/cataleg\/com-sera-el-mes-enlla\/\"]}]},{\"@type\":\"ImageObject\",\"inLanguage\":\"ca\",\"@id\":\"https:\/\/librosdelzorrorojo.com\/ca\/cataleg\/com-sera-el-mes-enlla\/#primaryimage\",\"url\":\"https:\/\/librosdelzorrorojo.com\/wp-content\/uploads\/2022\/10\/Cover-Como-sera-CAT-Frontal-low-scaled.jpg\",\"contentUrl\":\"https:\/\/librosdelzorrorojo.com\/wp-content\/uploads\/2022\/10\/Cover-Como-sera-CAT-Frontal-low-scaled.jpg\",\"width\":2041,\"height\":2560,\"caption\":\"Cover Como sera CAT Frontal low scaled\"},{\"@type\":\"BreadcrumbList\",\"@id\":\"https:\/\/librosdelzorrorojo.com\/ca\/cataleg\/com-sera-el-mes-enlla\/#breadcrumb\",\"itemListElement\":[{\"@type\":\"ListItem\",\"position\":1,\"name\":\"Portada\",\"item\":\"https:\/\/librosdelzorrorojo.com\/ca\/\"},{\"@type\":\"ListItem\",\"position\":2,\"name\":\"Cat\u00e0leg\",\"item\":\"https:\/\/librosdelzorrorojo.com\/ca\/cataleg\/\"},{\"@type\":\"ListItem\",\"position\":3,\"name\":\"Com ser\u00e0 el m\u00e9s enll\u00e0?\"}]},{\"@type\":\"WebSite\",\"@id\":\"https:\/\/librosdelzorrorojo.com\/#website\",\"url\":\"https:\/\/librosdelzorrorojo.com\/\",\"name\":\"Libros del Zorro Rojo\",\"description\":\"Libros ilustrados\",\"potentialAction\":[{\"@type\":\"SearchAction\",\"target\":{\"@type\":\"EntryPoint\",\"urlTemplate\":\"https:\/\/librosdelzorrorojo.com\/?s={search_term_string}\"},\"query-input\":{\"@type\":\"PropertyValueSpecification\",\"valueRequired\":true,\"valueName\":\"search_term_string\"}}],\"inLanguage\":\"ca\"}]}<\/script>\n<!-- \/ Yoast SEO plugin. -->","yoast_head_json":{"title":"Com ser\u00e0 el m\u00e9s enll\u00e0? - Libros del Zorro Rojo","robots":{"index":"index","follow":"follow","max-snippet":"max-snippet:-1","max-image-preview":"max-image-preview:large","max-video-preview":"max-video-preview:-1"},"canonical":"https:\/\/librosdelzorrorojo.com\/ca\/cataleg\/com-sera-el-mes-enlla\/","og_locale":"ca_ES","og_type":"article","og_title":"Com ser\u00e0 el m\u00e9s enll\u00e0? - Libros del Zorro Rojo","og_description":"En Kenta (a qui vam con\u00e8ixer a Aquest robot soc jo) descobreix un quadern ple de dibuixos i apunts del seu avi sobre \u00abl\u2019altre m\u00f3n\u00bb, concretament, els seus plans per a despr\u00e9s de morir. Aquesta llibreta reuneix un pla de viatge, l\u2019equip imprescindible per gaudir del parad\u00eds, les coses en qu\u00e8 li agradaria reencarnar-se, com [&hellip;]","og_url":"https:\/\/librosdelzorrorojo.com\/ca\/cataleg\/com-sera-el-mes-enlla\/","og_site_name":"Libros del Zorro Rojo","article_modified_time":"2026-04-29T06:39:08+00:00","og_image":[{"width":2041,"height":2560,"url":"https:\/\/librosdelzorrorojo.com\/wp-content\/uploads\/2022\/10\/Cover-Como-sera-CAT-Frontal-low-scaled.jpg","type":"image\/jpeg"}],"twitter_card":"summary_large_image","twitter_misc":{"Temps estimat de lectura":"1 minut"},"schema":{"@context":"https:\/\/schema.org","@graph":[{"@type":"WebPage","@id":"https:\/\/librosdelzorrorojo.com\/ca\/cataleg\/com-sera-el-mes-enlla\/","url":"https:\/\/librosdelzorrorojo.com\/ca\/cataleg\/com-sera-el-mes-enlla\/","name":"Com ser\u00e0 el m\u00e9s enll\u00e0? - Libros del Zorro Rojo","isPartOf":{"@id":"https:\/\/librosdelzorrorojo.com\/#website"},"primaryImageOfPage":{"@id":"https:\/\/librosdelzorrorojo.com\/ca\/cataleg\/com-sera-el-mes-enlla\/#primaryimage"},"image":{"@id":"https:\/\/librosdelzorrorojo.com\/ca\/cataleg\/com-sera-el-mes-enlla\/#primaryimage"},"thumbnailUrl":"https:\/\/librosdelzorrorojo.com\/wp-content\/uploads\/2022\/10\/Cover-Como-sera-CAT-Frontal-low-scaled.jpg","datePublished":"2022-10-19T08:51:07+00:00","dateModified":"2026-04-29T06:39:08+00:00","breadcrumb":{"@id":"https:\/\/librosdelzorrorojo.com\/ca\/cataleg\/com-sera-el-mes-enlla\/#breadcrumb"},"inLanguage":"ca","potentialAction":[{"@type":"ReadAction","target":["https:\/\/librosdelzorrorojo.com\/ca\/cataleg\/com-sera-el-mes-enlla\/"]}]},{"@type":"ImageObject","inLanguage":"ca","@id":"https:\/\/librosdelzorrorojo.com\/ca\/cataleg\/com-sera-el-mes-enlla\/#primaryimage","url":"https:\/\/librosdelzorrorojo.com\/wp-content\/uploads\/2022\/10\/Cover-Como-sera-CAT-Frontal-low-scaled.jpg","contentUrl":"https:\/\/librosdelzorrorojo.com\/wp-content\/uploads\/2022\/10\/Cover-Como-sera-CAT-Frontal-low-scaled.jpg","width":2041,"height":2560,"caption":"Cover Como sera CAT Frontal low scaled"},{"@type":"BreadcrumbList","@id":"https:\/\/librosdelzorrorojo.com\/ca\/cataleg\/com-sera-el-mes-enlla\/#breadcrumb","itemListElement":[{"@type":"ListItem","position":1,"name":"Portada","item":"https:\/\/librosdelzorrorojo.com\/ca\/"},{"@type":"ListItem","position":2,"name":"Cat\u00e0leg","item":"https:\/\/librosdelzorrorojo.com\/ca\/cataleg\/"},{"@type":"ListItem","position":3,"name":"Com ser\u00e0 el m\u00e9s enll\u00e0?"}]},{"@type":"WebSite","@id":"https:\/\/librosdelzorrorojo.com\/#website","url":"https:\/\/librosdelzorrorojo.com\/","name":"Libros del Zorro Rojo","description":"Libros ilustrados","potentialAction":[{"@type":"SearchAction","target":{"@type":"EntryPoint","urlTemplate":"https:\/\/librosdelzorrorojo.com\/?s={search_term_string}"},"query-input":{"@type":"PropertyValueSpecification","valueRequired":true,"valueName":"search_term_string"}}],"inLanguage":"ca"}]}},"_links":{"self":[{"href":"https:\/\/librosdelzorrorojo.com\/ca\/wp-json\/wp\/v2\/product\/23430","targetHints":{"allow":["GET"]}}],"collection":[{"href":"https:\/\/librosdelzorrorojo.com\/ca\/wp-json\/wp\/v2\/product"}],"about":[{"href":"https:\/\/librosdelzorrorojo.com\/ca\/wp-json\/wp\/v2\/types\/product"}],"wp:featuredmedia":[{"embeddable":true,"href":"https:\/\/librosdelzorrorojo.com\/ca\/wp-json\/wp\/v2\/media\/23431"}],"wp:attachment":[{"href":"https:\/\/librosdelzorrorojo.com\/ca\/wp-json\/wp\/v2\/media?parent=23430"}],"wp:term":[{"taxonomy":"product_brand","embeddable":true,"href":"https:\/\/librosdelzorrorojo.com\/ca\/wp-json\/wp\/v2\/product_brand?post=23430"},{"taxonomy":"product_cat","embeddable":true,"href":"https:\/\/librosdelzorrorojo.com\/ca\/wp-json\/wp\/v2\/product_cat?post=23430"},{"taxonomy":"product_tag","embeddable":true,"href":"https:\/\/librosdelzorrorojo.com\/ca\/wp-json\/wp\/v2\/product_tag?post=23430"}],"curies":[{"name":"wp","href":"https:\/\/api.w.org\/{rel}","templated":true}]}}