{"id":23383,"date":"2022-10-14T22:26:03","date_gmt":"2022-10-14T20:26:03","guid":{"rendered":"https:\/\/librosdelzorrorojo.com\/catalogo\/miss-cat-el-caso-del-canario\/"},"modified":"2026-04-14T11:41:18","modified_gmt":"2026-04-14T09:41:18","slug":"miss-cat-el-caso-del-canario","status":"publish","type":"product","link":"https:\/\/librosdelzorrorojo.com\/ca\/cataleg\/miss-cat-el-caso-del-canario\/","title":{"rendered":"Miss Cat. El caso del canario"},"content":{"rendered":"<p>\u00bfQui\u00e9n no ha so\u00f1ado en alguna ocasi\u00f3n con resolver grandes misterios? La joven Miss Cat no necesita fantasear, \u00a1ella tiene su propia agencia de detectives! Sigilosa y \u00e1gil, ning\u00fan enigma escapa de su intuici\u00f3n felina.<\/p>\n<p>En el primer tomo de esta singular saga de novelas gr\u00e1ficas para los m\u00e1s j\u00f3venes, el anciano Sr. Titula acude al despacho de Miss Cat en busca de ayuda. El caso parece sencillo: Harry, el canario que le regal\u00f3 su nuera Doris, ha desaparecido. Siguiendo su olfato, la joven detective llega hasta la casa de Doris y Jean-P\u00f8l, un <em>bulldog<\/em> muy humano. \u00a1Este es un ovillo bien enredado! Las cosas podr\u00edan acabar mal, pero Miss Cat siempre cae de pie.<\/p>\n<p>El prestigioso d\u00fao franc\u00e9s Fromental-Jolivet ha creado un c\u00f3mic de primera l\u00ednea, con una narrativa secuencial sorprendente y protagonizada por un personaje inteligente, c\u00e1lido, y sin infantilismo.<\/p>\n","protected":false},"excerpt":{"rendered":"\u00bfQui\u00e9n no ha so\u00f1ado en alguna ocasi\u00f3n con resolver grandes misterios? La joven Miss Cat no necesita fantasear, \u00a1ella tiene su propia agencia de detectives! Sigilosa y \u00e1gil, ning\u00fan enigma escapa de su intuici\u00f3n felina. En el primer tomo de esta singular saga de novelas gr\u00e1ficas para los m\u00e1s j\u00f3venes, el anciano Sr. Titula acude [&hellip;]","protected":false},"featured_media":23364,"template":"","meta":{"_acf_changed":false},"product_brand":[],"product_cat":[844,843,839],"product_tag":[],"class_list":{"0":"post-23383","1":"product","2":"type-product","3":"status-publish","4":"has-post-thumbnail","6":"product_cat-castella","7":"product_cat-infantiles-ca","8":"product_cat-zona-kids-ca","9":"vinculo-miss-cat-el-caso-del-canario","11":"first","12":"instock","13":"taxable","14":"shipping-taxable","15":"purchasable","16":"product-type-simple"},"acf":[],"yoast_head":"<!-- This site is optimized with the Yoast SEO plugin v25.1 - https:\/\/yoast.com\/wordpress\/plugins\/seo\/ -->\n<title>Miss Cat. El caso del canario - Libros del Zorro Rojo<\/title>\n<meta name=\"robots\" content=\"index, follow, max-snippet:-1, max-image-preview:large, max-video-preview:-1\" \/>\n<link rel=\"canonical\" href=\"https:\/\/librosdelzorrorojo.com\/ca\/cataleg\/miss-cat-el-caso-del-canario\/\" \/>\n<meta property=\"og:locale\" content=\"ca_ES\" \/>\n<meta property=\"og:type\" content=\"article\" \/>\n<meta property=\"og:title\" content=\"Miss Cat. El caso del canario - Libros del Zorro Rojo\" \/>\n<meta property=\"og:description\" content=\"\u00bfQui\u00e9n no ha so\u00f1ado en alguna ocasi\u00f3n con resolver grandes misterios? La joven Miss Cat no necesita fantasear, \u00a1ella tiene su propia agencia de detectives! Sigilosa y \u00e1gil, ning\u00fan enigma escapa de su intuici\u00f3n felina. En el primer tomo de esta singular saga de novelas gr\u00e1ficas para los m\u00e1s j\u00f3venes, el anciano Sr. Titula acude [&hellip;]\" \/>\n<meta property=\"og:url\" content=\"https:\/\/librosdelzorrorojo.com\/ca\/cataleg\/miss-cat-el-caso-del-canario\/\" \/>\n<meta property=\"og:site_name\" content=\"Libros del Zorro Rojo\" \/>\n<meta property=\"article:modified_time\" content=\"2026-04-14T09:41:18+00:00\" \/>\n<meta property=\"og:image\" content=\"https:\/\/librosdelzorrorojo.com\/wp-content\/uploads\/2022\/10\/Cover_Miss-Cat-SPA_WEB.jpg\" \/>\n\t<meta property=\"og:image:width\" content=\"850\" \/>\n\t<meta property=\"og:image:height\" content=\"1304\" \/>\n\t<meta property=\"og:image:type\" content=\"image\/jpeg\" \/>\n<meta name=\"twitter:card\" content=\"summary_large_image\" \/>\n<meta name=\"twitter:label1\" content=\"Temps estimat de lectura\" \/>\n\t<meta name=\"twitter:data1\" content=\"1 minut\" \/>\n<script type=\"application\/ld+json\" class=\"yoast-schema-graph\">{\"@context\":\"https:\/\/schema.org\",\"@graph\":[{\"@type\":\"WebPage\",\"@id\":\"https:\/\/librosdelzorrorojo.com\/ca\/cataleg\/miss-cat-el-caso-del-canario\/\",\"url\":\"https:\/\/librosdelzorrorojo.com\/ca\/cataleg\/miss-cat-el-caso-del-canario\/\",\"name\":\"Miss Cat. El caso del canario - Libros del Zorro Rojo\",\"isPartOf\":{\"@id\":\"https:\/\/librosdelzorrorojo.com\/#website\"},\"primaryImageOfPage\":{\"@id\":\"https:\/\/librosdelzorrorojo.com\/ca\/cataleg\/miss-cat-el-caso-del-canario\/#primaryimage\"},\"image\":{\"@id\":\"https:\/\/librosdelzorrorojo.com\/ca\/cataleg\/miss-cat-el-caso-del-canario\/#primaryimage\"},\"thumbnailUrl\":\"https:\/\/librosdelzorrorojo.com\/wp-content\/uploads\/2022\/10\/Cover_Miss-Cat-SPA_WEB.jpg\",\"datePublished\":\"2022-10-14T20:26:03+00:00\",\"dateModified\":\"2026-04-14T09:41:18+00:00\",\"breadcrumb\":{\"@id\":\"https:\/\/librosdelzorrorojo.com\/ca\/cataleg\/miss-cat-el-caso-del-canario\/#breadcrumb\"},\"inLanguage\":\"ca\",\"potentialAction\":[{\"@type\":\"ReadAction\",\"target\":[\"https:\/\/librosdelzorrorojo.com\/ca\/cataleg\/miss-cat-el-caso-del-canario\/\"]}]},{\"@type\":\"ImageObject\",\"inLanguage\":\"ca\",\"@id\":\"https:\/\/librosdelzorrorojo.com\/ca\/cataleg\/miss-cat-el-caso-del-canario\/#primaryimage\",\"url\":\"https:\/\/librosdelzorrorojo.com\/wp-content\/uploads\/2022\/10\/Cover_Miss-Cat-SPA_WEB.jpg\",\"contentUrl\":\"https:\/\/librosdelzorrorojo.com\/wp-content\/uploads\/2022\/10\/Cover_Miss-Cat-SPA_WEB.jpg\",\"width\":850,\"height\":1304,\"caption\":\"Cover Miss Cat SPA WEB\"},{\"@type\":\"BreadcrumbList\",\"@id\":\"https:\/\/librosdelzorrorojo.com\/ca\/cataleg\/miss-cat-el-caso-del-canario\/#breadcrumb\",\"itemListElement\":[{\"@type\":\"ListItem\",\"position\":1,\"name\":\"Portada\",\"item\":\"https:\/\/librosdelzorrorojo.com\/ca\/\"},{\"@type\":\"ListItem\",\"position\":2,\"name\":\"Cat\u00e0leg\",\"item\":\"https:\/\/librosdelzorrorojo.com\/ca\/cataleg\/\"},{\"@type\":\"ListItem\",\"position\":3,\"name\":\"Miss Cat. El caso del canario\"}]},{\"@type\":\"WebSite\",\"@id\":\"https:\/\/librosdelzorrorojo.com\/#website\",\"url\":\"https:\/\/librosdelzorrorojo.com\/\",\"name\":\"Libros del Zorro Rojo\",\"description\":\"Libros ilustrados\",\"potentialAction\":[{\"@type\":\"SearchAction\",\"target\":{\"@type\":\"EntryPoint\",\"urlTemplate\":\"https:\/\/librosdelzorrorojo.com\/?s={search_term_string}\"},\"query-input\":{\"@type\":\"PropertyValueSpecification\",\"valueRequired\":true,\"valueName\":\"search_term_string\"}}],\"inLanguage\":\"ca\"}]}<\/script>\n<!-- \/ Yoast SEO plugin. -->","yoast_head_json":{"title":"Miss Cat. El caso del canario - Libros del Zorro Rojo","robots":{"index":"index","follow":"follow","max-snippet":"max-snippet:-1","max-image-preview":"max-image-preview:large","max-video-preview":"max-video-preview:-1"},"canonical":"https:\/\/librosdelzorrorojo.com\/ca\/cataleg\/miss-cat-el-caso-del-canario\/","og_locale":"ca_ES","og_type":"article","og_title":"Miss Cat. El caso del canario - Libros del Zorro Rojo","og_description":"\u00bfQui\u00e9n no ha so\u00f1ado en alguna ocasi\u00f3n con resolver grandes misterios? La joven Miss Cat no necesita fantasear, \u00a1ella tiene su propia agencia de detectives! Sigilosa y \u00e1gil, ning\u00fan enigma escapa de su intuici\u00f3n felina. En el primer tomo de esta singular saga de novelas gr\u00e1ficas para los m\u00e1s j\u00f3venes, el anciano Sr. Titula acude [&hellip;]","og_url":"https:\/\/librosdelzorrorojo.com\/ca\/cataleg\/miss-cat-el-caso-del-canario\/","og_site_name":"Libros del Zorro Rojo","article_modified_time":"2026-04-14T09:41:18+00:00","og_image":[{"width":850,"height":1304,"url":"https:\/\/librosdelzorrorojo.com\/wp-content\/uploads\/2022\/10\/Cover_Miss-Cat-SPA_WEB.jpg","type":"image\/jpeg"}],"twitter_card":"summary_large_image","twitter_misc":{"Temps estimat de lectura":"1 minut"},"schema":{"@context":"https:\/\/schema.org","@graph":[{"@type":"WebPage","@id":"https:\/\/librosdelzorrorojo.com\/ca\/cataleg\/miss-cat-el-caso-del-canario\/","url":"https:\/\/librosdelzorrorojo.com\/ca\/cataleg\/miss-cat-el-caso-del-canario\/","name":"Miss Cat. El caso del canario - Libros del Zorro Rojo","isPartOf":{"@id":"https:\/\/librosdelzorrorojo.com\/#website"},"primaryImageOfPage":{"@id":"https:\/\/librosdelzorrorojo.com\/ca\/cataleg\/miss-cat-el-caso-del-canario\/#primaryimage"},"image":{"@id":"https:\/\/librosdelzorrorojo.com\/ca\/cataleg\/miss-cat-el-caso-del-canario\/#primaryimage"},"thumbnailUrl":"https:\/\/librosdelzorrorojo.com\/wp-content\/uploads\/2022\/10\/Cover_Miss-Cat-SPA_WEB.jpg","datePublished":"2022-10-14T20:26:03+00:00","dateModified":"2026-04-14T09:41:18+00:00","breadcrumb":{"@id":"https:\/\/librosdelzorrorojo.com\/ca\/cataleg\/miss-cat-el-caso-del-canario\/#breadcrumb"},"inLanguage":"ca","potentialAction":[{"@type":"ReadAction","target":["https:\/\/librosdelzorrorojo.com\/ca\/cataleg\/miss-cat-el-caso-del-canario\/"]}]},{"@type":"ImageObject","inLanguage":"ca","@id":"https:\/\/librosdelzorrorojo.com\/ca\/cataleg\/miss-cat-el-caso-del-canario\/#primaryimage","url":"https:\/\/librosdelzorrorojo.com\/wp-content\/uploads\/2022\/10\/Cover_Miss-Cat-SPA_WEB.jpg","contentUrl":"https:\/\/librosdelzorrorojo.com\/wp-content\/uploads\/2022\/10\/Cover_Miss-Cat-SPA_WEB.jpg","width":850,"height":1304,"caption":"Cover Miss Cat SPA WEB"},{"@type":"BreadcrumbList","@id":"https:\/\/librosdelzorrorojo.com\/ca\/cataleg\/miss-cat-el-caso-del-canario\/#breadcrumb","itemListElement":[{"@type":"ListItem","position":1,"name":"Portada","item":"https:\/\/librosdelzorrorojo.com\/ca\/"},{"@type":"ListItem","position":2,"name":"Cat\u00e0leg","item":"https:\/\/librosdelzorrorojo.com\/ca\/cataleg\/"},{"@type":"ListItem","position":3,"name":"Miss Cat. El caso del canario"}]},{"@type":"WebSite","@id":"https:\/\/librosdelzorrorojo.com\/#website","url":"https:\/\/librosdelzorrorojo.com\/","name":"Libros del Zorro Rojo","description":"Libros ilustrados","potentialAction":[{"@type":"SearchAction","target":{"@type":"EntryPoint","urlTemplate":"https:\/\/librosdelzorrorojo.com\/?s={search_term_string}"},"query-input":{"@type":"PropertyValueSpecification","valueRequired":true,"valueName":"search_term_string"}}],"inLanguage":"ca"}]}},"_links":{"self":[{"href":"https:\/\/librosdelzorrorojo.com\/ca\/wp-json\/wp\/v2\/product\/23383","targetHints":{"allow":["GET"]}}],"collection":[{"href":"https:\/\/librosdelzorrorojo.com\/ca\/wp-json\/wp\/v2\/product"}],"about":[{"href":"https:\/\/librosdelzorrorojo.com\/ca\/wp-json\/wp\/v2\/types\/product"}],"wp:featuredmedia":[{"embeddable":true,"href":"https:\/\/librosdelzorrorojo.com\/ca\/wp-json\/wp\/v2\/media\/23364"}],"wp:attachment":[{"href":"https:\/\/librosdelzorrorojo.com\/ca\/wp-json\/wp\/v2\/media?parent=23383"}],"wp:term":[{"taxonomy":"product_brand","embeddable":true,"href":"https:\/\/librosdelzorrorojo.com\/ca\/wp-json\/wp\/v2\/product_brand?post=23383"},{"taxonomy":"product_cat","embeddable":true,"href":"https:\/\/librosdelzorrorojo.com\/ca\/wp-json\/wp\/v2\/product_cat?post=23383"},{"taxonomy":"product_tag","embeddable":true,"href":"https:\/\/librosdelzorrorojo.com\/ca\/wp-json\/wp\/v2\/product_tag?post=23383"}],"curies":[{"name":"wp","href":"https:\/\/api.w.org\/{rel}","templated":true}]}}