{"id":23361,"date":"2022-10-14T22:03:34","date_gmt":"2022-10-14T20:03:34","guid":{"rendered":"https:\/\/librosdelzorrorojo.com\/catalogo\/frankenstein-o-el-moderno-prometeo\/"},"modified":"2026-04-21T17:34:27","modified_gmt":"2026-04-21T15:34:27","slug":"frankenstein-o-el-moderno-prometeo","status":"publish","type":"product","link":"https:\/\/librosdelzorrorojo.com\/ca\/cataleg\/frankenstein-o-el-moderno-prometeo\/","title":{"rendered":"Frankenstein o el moderno Prometeo"},"content":{"rendered":"<p>\u00bfQu\u00e9 sucede cuando un hombre juega a ser Dios? V\u00edctor Frankenstein, como una especie de moderno Prometeo, crea un monstruoso ser en su af\u00e1n por dar vida. Pero la bestia resultante no encontrar\u00e1 refugio alguno en una sociedad que no est\u00e1 preparada para dar cabida a lo diferente.<\/p>\n<p>Frankenstein, obra fundamental del mentado g\u00e9nero g\u00f3tico, es una honda indagaci\u00f3n sobre las caracter\u00edsticas m\u00e1s bajas del ser humano, una reflexi\u00f3n acerca de las consecuencias de la ambici\u00f3n desmedida del hombre, adem\u00e1s de un punzante comentario sobre la p\u00e9rdida de la pureza y la inocencia. Hoy es considerada, tambi\u00e9n, por muchos como la primera obra de ciencia ficci\u00f3n jam\u00e1s escrita.<\/p>\n<p>Siguiendo la estela de los m\u00faltiples artistas que han imaginado y reproducido visualmente la m\u00edtica obra de Shelley, David Plunkert, quien ha trabajado tambi\u00e9n en <em>Edgar Allan Poe. Cuentos <\/em><em>y poemas<\/em> (Libros del Zorro Rojo, 2019), ilustra la presente edici\u00f3n con sus potentes <em>collages.<\/em><\/p>\n<p><img decoding=\"async\" src=\"https:\/\/librosdelzorrorojo.com\/wp-content\/uploads\/2021\/09\/DC-ICEC-horitzontal-cos12-bn-1-600x80.png\" alt=\"\" width=\"428\" height=\"57\" class=\"alignnone wp-image-23703\" srcset=\"https:\/\/librosdelzorrorojo.com\/wp-content\/uploads\/2021\/09\/DC-ICEC-horitzontal-cos12-bn-1-600x80.png 600w, https:\/\/librosdelzorrorojo.com\/wp-content\/uploads\/2021\/09\/DC-ICEC-horitzontal-cos12-bn-1-1024x137.png 1024w, https:\/\/librosdelzorrorojo.com\/wp-content\/uploads\/2021\/09\/DC-ICEC-horitzontal-cos12-bn-1-768x103.png 768w, https:\/\/librosdelzorrorojo.com\/wp-content\/uploads\/2021\/09\/DC-ICEC-horitzontal-cos12-bn-1-800x107.png 800w, https:\/\/librosdelzorrorojo.com\/wp-content\/uploads\/2021\/09\/DC-ICEC-horitzontal-cos12-bn-1.png 1482w\" sizes=\"(max-width: 428px) 100vw, 428px\" \/><\/p>\n","protected":false},"excerpt":{"rendered":"\u00bfQu\u00e9 sucede cuando un hombre juega a ser Dios? V\u00edctor Frankenstein, como una especie de moderno Prometeo, crea un monstruoso ser en su af\u00e1n por dar vida. Pero la bestia resultante no encontrar\u00e1 refugio alguno en una sociedad que no est\u00e1 preparada para dar cabida a lo diferente. Frankenstein, obra fundamental del mentado g\u00e9nero g\u00f3tico, [&hellip;]","protected":false},"featured_media":23723,"template":"","meta":{"_acf_changed":false},"product_brand":[],"product_cat":[844,3156,846],"product_tag":[],"class_list":{"0":"post-23361","1":"product","2":"type-product","3":"status-publish","4":"has-post-thumbnail","6":"product_cat-castella","7":"product_cat-juvenil-adult","8":"product_cat-novedades-ca","10":"first","11":"instock","12":"taxable","13":"shipping-taxable","14":"purchasable","15":"product-type-simple"},"acf":[],"yoast_head":"<!-- This site is optimized with the Yoast SEO plugin v25.1 - https:\/\/yoast.com\/wordpress\/plugins\/seo\/ -->\n<title>Frankenstein o el moderno Prometeo - Libros del Zorro Rojo<\/title>\n<meta name=\"robots\" content=\"index, follow, max-snippet:-1, max-image-preview:large, max-video-preview:-1\" \/>\n<link rel=\"canonical\" href=\"https:\/\/librosdelzorrorojo.com\/ca\/cataleg\/frankenstein-o-el-moderno-prometeo\/\" \/>\n<meta property=\"og:locale\" content=\"ca_ES\" \/>\n<meta property=\"og:type\" content=\"article\" \/>\n<meta property=\"og:title\" content=\"Frankenstein o el moderno Prometeo - Libros del Zorro Rojo\" \/>\n<meta property=\"og:description\" content=\"\u00bfQu\u00e9 sucede cuando un hombre juega a ser Dios? V\u00edctor Frankenstein, como una especie de moderno Prometeo, crea un monstruoso ser en su af\u00e1n por dar vida. Pero la bestia resultante no encontrar\u00e1 refugio alguno en una sociedad que no est\u00e1 preparada para dar cabida a lo diferente. Frankenstein, obra fundamental del mentado g\u00e9nero g\u00f3tico, [&hellip;]\" \/>\n<meta property=\"og:url\" content=\"https:\/\/librosdelzorrorojo.com\/ca\/cataleg\/frankenstein-o-el-moderno-prometeo\/\" \/>\n<meta property=\"og:site_name\" content=\"Libros del Zorro Rojo\" \/>\n<meta property=\"article:modified_time\" content=\"2026-04-21T15:34:27+00:00\" \/>\n<meta property=\"og:image\" content=\"https:\/\/librosdelzorrorojo.com\/wp-content\/uploads\/2022\/10\/Cover-Frankestein-Baja-FINAL.jpg\" \/>\n\t<meta property=\"og:image:width\" content=\"563\" \/>\n\t<meta property=\"og:image:height\" content=\"692\" \/>\n\t<meta property=\"og:image:type\" content=\"image\/jpeg\" \/>\n<meta name=\"twitter:card\" content=\"summary_large_image\" \/>\n<meta name=\"twitter:label1\" content=\"Temps estimat de lectura\" \/>\n\t<meta name=\"twitter:data1\" content=\"1 minut\" \/>\n<script type=\"application\/ld+json\" class=\"yoast-schema-graph\">{\"@context\":\"https:\/\/schema.org\",\"@graph\":[{\"@type\":\"WebPage\",\"@id\":\"https:\/\/librosdelzorrorojo.com\/ca\/cataleg\/frankenstein-o-el-moderno-prometeo\/\",\"url\":\"https:\/\/librosdelzorrorojo.com\/ca\/cataleg\/frankenstein-o-el-moderno-prometeo\/\",\"name\":\"Frankenstein o el moderno Prometeo - Libros del Zorro Rojo\",\"isPartOf\":{\"@id\":\"https:\/\/librosdelzorrorojo.com\/#website\"},\"primaryImageOfPage\":{\"@id\":\"https:\/\/librosdelzorrorojo.com\/ca\/cataleg\/frankenstein-o-el-moderno-prometeo\/#primaryimage\"},\"image\":{\"@id\":\"https:\/\/librosdelzorrorojo.com\/ca\/cataleg\/frankenstein-o-el-moderno-prometeo\/#primaryimage\"},\"thumbnailUrl\":\"https:\/\/librosdelzorrorojo.com\/wp-content\/uploads\/2022\/10\/Cover-Frankestein-Baja-FINAL.jpg\",\"datePublished\":\"2022-10-14T20:03:34+00:00\",\"dateModified\":\"2026-04-21T15:34:27+00:00\",\"breadcrumb\":{\"@id\":\"https:\/\/librosdelzorrorojo.com\/ca\/cataleg\/frankenstein-o-el-moderno-prometeo\/#breadcrumb\"},\"inLanguage\":\"ca\",\"potentialAction\":[{\"@type\":\"ReadAction\",\"target\":[\"https:\/\/librosdelzorrorojo.com\/ca\/cataleg\/frankenstein-o-el-moderno-prometeo\/\"]}]},{\"@type\":\"ImageObject\",\"inLanguage\":\"ca\",\"@id\":\"https:\/\/librosdelzorrorojo.com\/ca\/cataleg\/frankenstein-o-el-moderno-prometeo\/#primaryimage\",\"url\":\"https:\/\/librosdelzorrorojo.com\/wp-content\/uploads\/2022\/10\/Cover-Frankestein-Baja-FINAL.jpg\",\"contentUrl\":\"https:\/\/librosdelzorrorojo.com\/wp-content\/uploads\/2022\/10\/Cover-Frankestein-Baja-FINAL.jpg\",\"width\":563,\"height\":692,\"caption\":\"Cover Frankestein Baja FINAL\"},{\"@type\":\"BreadcrumbList\",\"@id\":\"https:\/\/librosdelzorrorojo.com\/ca\/cataleg\/frankenstein-o-el-moderno-prometeo\/#breadcrumb\",\"itemListElement\":[{\"@type\":\"ListItem\",\"position\":1,\"name\":\"Portada\",\"item\":\"https:\/\/librosdelzorrorojo.com\/ca\/\"},{\"@type\":\"ListItem\",\"position\":2,\"name\":\"Cat\u00e0leg\",\"item\":\"https:\/\/librosdelzorrorojo.com\/ca\/cataleg\/\"},{\"@type\":\"ListItem\",\"position\":3,\"name\":\"Frankenstein o el moderno Prometeo\"}]},{\"@type\":\"WebSite\",\"@id\":\"https:\/\/librosdelzorrorojo.com\/#website\",\"url\":\"https:\/\/librosdelzorrorojo.com\/\",\"name\":\"Libros del Zorro Rojo\",\"description\":\"Libros ilustrados\",\"potentialAction\":[{\"@type\":\"SearchAction\",\"target\":{\"@type\":\"EntryPoint\",\"urlTemplate\":\"https:\/\/librosdelzorrorojo.com\/?s={search_term_string}\"},\"query-input\":{\"@type\":\"PropertyValueSpecification\",\"valueRequired\":true,\"valueName\":\"search_term_string\"}}],\"inLanguage\":\"ca\"}]}<\/script>\n<!-- \/ Yoast SEO plugin. -->","yoast_head_json":{"title":"Frankenstein o el moderno Prometeo - Libros del Zorro Rojo","robots":{"index":"index","follow":"follow","max-snippet":"max-snippet:-1","max-image-preview":"max-image-preview:large","max-video-preview":"max-video-preview:-1"},"canonical":"https:\/\/librosdelzorrorojo.com\/ca\/cataleg\/frankenstein-o-el-moderno-prometeo\/","og_locale":"ca_ES","og_type":"article","og_title":"Frankenstein o el moderno Prometeo - Libros del Zorro Rojo","og_description":"\u00bfQu\u00e9 sucede cuando un hombre juega a ser Dios? V\u00edctor Frankenstein, como una especie de moderno Prometeo, crea un monstruoso ser en su af\u00e1n por dar vida. Pero la bestia resultante no encontrar\u00e1 refugio alguno en una sociedad que no est\u00e1 preparada para dar cabida a lo diferente. Frankenstein, obra fundamental del mentado g\u00e9nero g\u00f3tico, [&hellip;]","og_url":"https:\/\/librosdelzorrorojo.com\/ca\/cataleg\/frankenstein-o-el-moderno-prometeo\/","og_site_name":"Libros del Zorro Rojo","article_modified_time":"2026-04-21T15:34:27+00:00","og_image":[{"width":563,"height":692,"url":"https:\/\/librosdelzorrorojo.com\/wp-content\/uploads\/2022\/10\/Cover-Frankestein-Baja-FINAL.jpg","type":"image\/jpeg"}],"twitter_card":"summary_large_image","twitter_misc":{"Temps estimat de lectura":"1 minut"},"schema":{"@context":"https:\/\/schema.org","@graph":[{"@type":"WebPage","@id":"https:\/\/librosdelzorrorojo.com\/ca\/cataleg\/frankenstein-o-el-moderno-prometeo\/","url":"https:\/\/librosdelzorrorojo.com\/ca\/cataleg\/frankenstein-o-el-moderno-prometeo\/","name":"Frankenstein o el moderno Prometeo - Libros del Zorro Rojo","isPartOf":{"@id":"https:\/\/librosdelzorrorojo.com\/#website"},"primaryImageOfPage":{"@id":"https:\/\/librosdelzorrorojo.com\/ca\/cataleg\/frankenstein-o-el-moderno-prometeo\/#primaryimage"},"image":{"@id":"https:\/\/librosdelzorrorojo.com\/ca\/cataleg\/frankenstein-o-el-moderno-prometeo\/#primaryimage"},"thumbnailUrl":"https:\/\/librosdelzorrorojo.com\/wp-content\/uploads\/2022\/10\/Cover-Frankestein-Baja-FINAL.jpg","datePublished":"2022-10-14T20:03:34+00:00","dateModified":"2026-04-21T15:34:27+00:00","breadcrumb":{"@id":"https:\/\/librosdelzorrorojo.com\/ca\/cataleg\/frankenstein-o-el-moderno-prometeo\/#breadcrumb"},"inLanguage":"ca","potentialAction":[{"@type":"ReadAction","target":["https:\/\/librosdelzorrorojo.com\/ca\/cataleg\/frankenstein-o-el-moderno-prometeo\/"]}]},{"@type":"ImageObject","inLanguage":"ca","@id":"https:\/\/librosdelzorrorojo.com\/ca\/cataleg\/frankenstein-o-el-moderno-prometeo\/#primaryimage","url":"https:\/\/librosdelzorrorojo.com\/wp-content\/uploads\/2022\/10\/Cover-Frankestein-Baja-FINAL.jpg","contentUrl":"https:\/\/librosdelzorrorojo.com\/wp-content\/uploads\/2022\/10\/Cover-Frankestein-Baja-FINAL.jpg","width":563,"height":692,"caption":"Cover Frankestein Baja FINAL"},{"@type":"BreadcrumbList","@id":"https:\/\/librosdelzorrorojo.com\/ca\/cataleg\/frankenstein-o-el-moderno-prometeo\/#breadcrumb","itemListElement":[{"@type":"ListItem","position":1,"name":"Portada","item":"https:\/\/librosdelzorrorojo.com\/ca\/"},{"@type":"ListItem","position":2,"name":"Cat\u00e0leg","item":"https:\/\/librosdelzorrorojo.com\/ca\/cataleg\/"},{"@type":"ListItem","position":3,"name":"Frankenstein o el moderno Prometeo"}]},{"@type":"WebSite","@id":"https:\/\/librosdelzorrorojo.com\/#website","url":"https:\/\/librosdelzorrorojo.com\/","name":"Libros del Zorro Rojo","description":"Libros ilustrados","potentialAction":[{"@type":"SearchAction","target":{"@type":"EntryPoint","urlTemplate":"https:\/\/librosdelzorrorojo.com\/?s={search_term_string}"},"query-input":{"@type":"PropertyValueSpecification","valueRequired":true,"valueName":"search_term_string"}}],"inLanguage":"ca"}]}},"_links":{"self":[{"href":"https:\/\/librosdelzorrorojo.com\/ca\/wp-json\/wp\/v2\/product\/23361","targetHints":{"allow":["GET"]}}],"collection":[{"href":"https:\/\/librosdelzorrorojo.com\/ca\/wp-json\/wp\/v2\/product"}],"about":[{"href":"https:\/\/librosdelzorrorojo.com\/ca\/wp-json\/wp\/v2\/types\/product"}],"wp:featuredmedia":[{"embeddable":true,"href":"https:\/\/librosdelzorrorojo.com\/ca\/wp-json\/wp\/v2\/media\/23723"}],"wp:attachment":[{"href":"https:\/\/librosdelzorrorojo.com\/ca\/wp-json\/wp\/v2\/media?parent=23361"}],"wp:term":[{"taxonomy":"product_brand","embeddable":true,"href":"https:\/\/librosdelzorrorojo.com\/ca\/wp-json\/wp\/v2\/product_brand?post=23361"},{"taxonomy":"product_cat","embeddable":true,"href":"https:\/\/librosdelzorrorojo.com\/ca\/wp-json\/wp\/v2\/product_cat?post=23361"},{"taxonomy":"product_tag","embeddable":true,"href":"https:\/\/librosdelzorrorojo.com\/ca\/wp-json\/wp\/v2\/product_tag?post=23361"}],"curies":[{"name":"wp","href":"https:\/\/api.w.org\/{rel}","templated":true}]}}