{"id":23303,"date":"2022-10-05T13:07:27","date_gmt":"2022-10-05T11:07:27","guid":{"rendered":"https:\/\/librosdelzorrorojo.com\/?post_type=product&#038;p=23303"},"modified":"2024-03-01T09:19:32","modified_gmt":"2024-03-01T08:19:32","slug":"la-malaurada-vida-dels-cucs","status":"publish","type":"product","link":"https:\/\/librosdelzorrorojo.com\/ca\/cataleg\/la-malaurada-vida-dels-cucs\/","title":{"rendered":"La malaurada vida dels cucs"},"content":{"rendered":"<p>\u00abAix\u00f2 dels cucs no acaba d\u2019interessar gaire a ning\u00fa. Heu de saber que els llibres sobre ells s\u00f3n d\u2019all\u00f2 m\u00e9s avorrits per a la majoria de lectors.\u00bb Aix\u00ed comen\u00e7a aquest breu tractat d\u2019hist\u00f2ria natural que, p\u00e0gina a p\u00e0gina, ens introdueix al fascinant, i gens avorrit!, m\u00f3n dels cucs, uns \u00e9ssers en aparen\u00e7a insignificants, ignorats per la ci\u00e8ncia, la cultura, i fins i tot per la societat.<\/p>\n<p>Potser et sorpr\u00e8n saber que el cuc de terra t\u00e9 una forma canviant, que el confonen sovint amb una eruga, que l\u2019apassiona fer galeries subterr\u00e0nies, menja escombraries i est\u00e0 indefens davant dels seus molts depredadors, per\u00f2, fins i tot aix\u00ed, aquest invertebrat va sobreviure als dinosaures.<\/p>\n<p>No obstant aix\u00f2, la dada m\u00e9s sorprenent sobre els cucs (i per aix\u00f2 se\u2019ls considera \u00abmalaurats\u00bb) \u00e9s que, en qualsevol moment, es poden dividir en dos, i llavors la seva vida es converteix en una cont\u00ednua recerca de la seva veritable identitat, un proc\u00e9s ple d\u2019infortunis que provocar\u00e0 la simpatia, la complicitat i el riure dels lectors grans i petits.<\/p>\n<p>Noemi Vola fa una relectura en clau ir\u00f2nica i fant\u00e0stica de la vida d\u2019aquest cuc rosa, convertint aquest animal tan vulnerable en un veritable heroi.<\/p>\n","protected":false},"excerpt":{"rendered":"\u00abAix\u00f2 dels cucs no acaba d\u2019interessar gaire a ning\u00fa. Heu de saber que els llibres sobre ells s\u00f3n d\u2019all\u00f2 m\u00e9s avorrits per a la majoria de lectors.\u00bb Aix\u00ed comen\u00e7a aquest breu tractat d\u2019hist\u00f2ria natural que, p\u00e0gina a p\u00e0gina, ens introdueix al fascinant, i gens avorrit!, m\u00f3n dels cucs, uns \u00e9ssers en aparen\u00e7a insignificants, ignorats per [&hellip;]","protected":false},"featured_media":23304,"template":"","meta":{"_acf_changed":false},"product_brand":[],"product_cat":[840,843,839],"product_tag":[],"class_list":{"0":"post-23303","1":"product","2":"type-product","3":"status-publish","4":"has-post-thumbnail","6":"product_cat-catala","7":"product_cat-infantiles-ca","8":"product_cat-zona-kids-ca","9":"vinculo-la-desafortunada-vida-de-las-lombrices","11":"first","12":"instock","13":"taxable","14":"shipping-taxable","15":"purchasable","16":"product-type-simple"},"acf":[],"yoast_head":"<!-- This site is optimized with the Yoast SEO plugin v25.1 - https:\/\/yoast.com\/wordpress\/plugins\/seo\/ -->\n<title>La malaurada vida dels cucs - Libros del Zorro Rojo<\/title>\n<meta name=\"robots\" content=\"index, follow, max-snippet:-1, max-image-preview:large, max-video-preview:-1\" \/>\n<link rel=\"canonical\" href=\"https:\/\/librosdelzorrorojo.com\/ca\/cataleg\/la-malaurada-vida-dels-cucs\/\" \/>\n<meta property=\"og:locale\" content=\"ca_ES\" \/>\n<meta property=\"og:type\" content=\"article\" \/>\n<meta property=\"og:title\" content=\"La malaurada vida dels cucs - Libros del Zorro Rojo\" \/>\n<meta property=\"og:description\" content=\"\u00abAix\u00f2 dels cucs no acaba d\u2019interessar gaire a ning\u00fa. Heu de saber que els llibres sobre ells s\u00f3n d\u2019all\u00f2 m\u00e9s avorrits per a la majoria de lectors.\u00bb Aix\u00ed comen\u00e7a aquest breu tractat d\u2019hist\u00f2ria natural que, p\u00e0gina a p\u00e0gina, ens introdueix al fascinant, i gens avorrit!, m\u00f3n dels cucs, uns \u00e9ssers en aparen\u00e7a insignificants, ignorats per [&hellip;]\" \/>\n<meta property=\"og:url\" content=\"https:\/\/librosdelzorrorojo.com\/ca\/cataleg\/la-malaurada-vida-dels-cucs\/\" \/>\n<meta property=\"og:site_name\" content=\"Libros del Zorro Rojo\" \/>\n<meta property=\"article:modified_time\" content=\"2024-03-01T08:19:32+00:00\" \/>\n<meta property=\"og:image\" content=\"https:\/\/librosdelzorrorojo.com\/wp-content\/uploads\/2022\/10\/Cover_Lombrices-CAT_WEB.jpg\" \/>\n\t<meta property=\"og:image:width\" content=\"850\" \/>\n\t<meta property=\"og:image:height\" content=\"1180\" \/>\n\t<meta property=\"og:image:type\" content=\"image\/jpeg\" \/>\n<meta name=\"twitter:card\" content=\"summary_large_image\" \/>\n<meta name=\"twitter:label1\" content=\"Temps estimat de lectura\" \/>\n\t<meta name=\"twitter:data1\" content=\"1 minut\" \/>\n<script type=\"application\/ld+json\" class=\"yoast-schema-graph\">{\"@context\":\"https:\/\/schema.org\",\"@graph\":[{\"@type\":\"WebPage\",\"@id\":\"https:\/\/librosdelzorrorojo.com\/ca\/cataleg\/la-malaurada-vida-dels-cucs\/\",\"url\":\"https:\/\/librosdelzorrorojo.com\/ca\/cataleg\/la-malaurada-vida-dels-cucs\/\",\"name\":\"La malaurada vida dels cucs - Libros del Zorro Rojo\",\"isPartOf\":{\"@id\":\"https:\/\/librosdelzorrorojo.com\/#website\"},\"primaryImageOfPage\":{\"@id\":\"https:\/\/librosdelzorrorojo.com\/ca\/cataleg\/la-malaurada-vida-dels-cucs\/#primaryimage\"},\"image\":{\"@id\":\"https:\/\/librosdelzorrorojo.com\/ca\/cataleg\/la-malaurada-vida-dels-cucs\/#primaryimage\"},\"thumbnailUrl\":\"https:\/\/librosdelzorrorojo.com\/wp-content\/uploads\/2022\/10\/Cover_Lombrices-CAT_WEB.jpg\",\"datePublished\":\"2022-10-05T11:07:27+00:00\",\"dateModified\":\"2024-03-01T08:19:32+00:00\",\"breadcrumb\":{\"@id\":\"https:\/\/librosdelzorrorojo.com\/ca\/cataleg\/la-malaurada-vida-dels-cucs\/#breadcrumb\"},\"inLanguage\":\"ca\",\"potentialAction\":[{\"@type\":\"ReadAction\",\"target\":[\"https:\/\/librosdelzorrorojo.com\/ca\/cataleg\/la-malaurada-vida-dels-cucs\/\"]}]},{\"@type\":\"ImageObject\",\"inLanguage\":\"ca\",\"@id\":\"https:\/\/librosdelzorrorojo.com\/ca\/cataleg\/la-malaurada-vida-dels-cucs\/#primaryimage\",\"url\":\"https:\/\/librosdelzorrorojo.com\/wp-content\/uploads\/2022\/10\/Cover_Lombrices-CAT_WEB.jpg\",\"contentUrl\":\"https:\/\/librosdelzorrorojo.com\/wp-content\/uploads\/2022\/10\/Cover_Lombrices-CAT_WEB.jpg\",\"width\":850,\"height\":1180,\"caption\":\"Cover Lombrices CAT WEB\"},{\"@type\":\"BreadcrumbList\",\"@id\":\"https:\/\/librosdelzorrorojo.com\/ca\/cataleg\/la-malaurada-vida-dels-cucs\/#breadcrumb\",\"itemListElement\":[{\"@type\":\"ListItem\",\"position\":1,\"name\":\"Portada\",\"item\":\"https:\/\/librosdelzorrorojo.com\/ca\/\"},{\"@type\":\"ListItem\",\"position\":2,\"name\":\"Cat\u00e0leg\",\"item\":\"https:\/\/librosdelzorrorojo.com\/ca\/cataleg\/\"},{\"@type\":\"ListItem\",\"position\":3,\"name\":\"La malaurada vida dels cucs\"}]},{\"@type\":\"WebSite\",\"@id\":\"https:\/\/librosdelzorrorojo.com\/#website\",\"url\":\"https:\/\/librosdelzorrorojo.com\/\",\"name\":\"Libros del Zorro Rojo\",\"description\":\"Libros ilustrados\",\"potentialAction\":[{\"@type\":\"SearchAction\",\"target\":{\"@type\":\"EntryPoint\",\"urlTemplate\":\"https:\/\/librosdelzorrorojo.com\/?s={search_term_string}\"},\"query-input\":{\"@type\":\"PropertyValueSpecification\",\"valueRequired\":true,\"valueName\":\"search_term_string\"}}],\"inLanguage\":\"ca\"}]}<\/script>\n<!-- \/ Yoast SEO plugin. -->","yoast_head_json":{"title":"La malaurada vida dels cucs - Libros del Zorro Rojo","robots":{"index":"index","follow":"follow","max-snippet":"max-snippet:-1","max-image-preview":"max-image-preview:large","max-video-preview":"max-video-preview:-1"},"canonical":"https:\/\/librosdelzorrorojo.com\/ca\/cataleg\/la-malaurada-vida-dels-cucs\/","og_locale":"ca_ES","og_type":"article","og_title":"La malaurada vida dels cucs - Libros del Zorro Rojo","og_description":"\u00abAix\u00f2 dels cucs no acaba d\u2019interessar gaire a ning\u00fa. Heu de saber que els llibres sobre ells s\u00f3n d\u2019all\u00f2 m\u00e9s avorrits per a la majoria de lectors.\u00bb Aix\u00ed comen\u00e7a aquest breu tractat d\u2019hist\u00f2ria natural que, p\u00e0gina a p\u00e0gina, ens introdueix al fascinant, i gens avorrit!, m\u00f3n dels cucs, uns \u00e9ssers en aparen\u00e7a insignificants, ignorats per [&hellip;]","og_url":"https:\/\/librosdelzorrorojo.com\/ca\/cataleg\/la-malaurada-vida-dels-cucs\/","og_site_name":"Libros del Zorro Rojo","article_modified_time":"2024-03-01T08:19:32+00:00","og_image":[{"width":850,"height":1180,"url":"https:\/\/librosdelzorrorojo.com\/wp-content\/uploads\/2022\/10\/Cover_Lombrices-CAT_WEB.jpg","type":"image\/jpeg"}],"twitter_card":"summary_large_image","twitter_misc":{"Temps estimat de lectura":"1 minut"},"schema":{"@context":"https:\/\/schema.org","@graph":[{"@type":"WebPage","@id":"https:\/\/librosdelzorrorojo.com\/ca\/cataleg\/la-malaurada-vida-dels-cucs\/","url":"https:\/\/librosdelzorrorojo.com\/ca\/cataleg\/la-malaurada-vida-dels-cucs\/","name":"La malaurada vida dels cucs - Libros del Zorro Rojo","isPartOf":{"@id":"https:\/\/librosdelzorrorojo.com\/#website"},"primaryImageOfPage":{"@id":"https:\/\/librosdelzorrorojo.com\/ca\/cataleg\/la-malaurada-vida-dels-cucs\/#primaryimage"},"image":{"@id":"https:\/\/librosdelzorrorojo.com\/ca\/cataleg\/la-malaurada-vida-dels-cucs\/#primaryimage"},"thumbnailUrl":"https:\/\/librosdelzorrorojo.com\/wp-content\/uploads\/2022\/10\/Cover_Lombrices-CAT_WEB.jpg","datePublished":"2022-10-05T11:07:27+00:00","dateModified":"2024-03-01T08:19:32+00:00","breadcrumb":{"@id":"https:\/\/librosdelzorrorojo.com\/ca\/cataleg\/la-malaurada-vida-dels-cucs\/#breadcrumb"},"inLanguage":"ca","potentialAction":[{"@type":"ReadAction","target":["https:\/\/librosdelzorrorojo.com\/ca\/cataleg\/la-malaurada-vida-dels-cucs\/"]}]},{"@type":"ImageObject","inLanguage":"ca","@id":"https:\/\/librosdelzorrorojo.com\/ca\/cataleg\/la-malaurada-vida-dels-cucs\/#primaryimage","url":"https:\/\/librosdelzorrorojo.com\/wp-content\/uploads\/2022\/10\/Cover_Lombrices-CAT_WEB.jpg","contentUrl":"https:\/\/librosdelzorrorojo.com\/wp-content\/uploads\/2022\/10\/Cover_Lombrices-CAT_WEB.jpg","width":850,"height":1180,"caption":"Cover Lombrices CAT WEB"},{"@type":"BreadcrumbList","@id":"https:\/\/librosdelzorrorojo.com\/ca\/cataleg\/la-malaurada-vida-dels-cucs\/#breadcrumb","itemListElement":[{"@type":"ListItem","position":1,"name":"Portada","item":"https:\/\/librosdelzorrorojo.com\/ca\/"},{"@type":"ListItem","position":2,"name":"Cat\u00e0leg","item":"https:\/\/librosdelzorrorojo.com\/ca\/cataleg\/"},{"@type":"ListItem","position":3,"name":"La malaurada vida dels cucs"}]},{"@type":"WebSite","@id":"https:\/\/librosdelzorrorojo.com\/#website","url":"https:\/\/librosdelzorrorojo.com\/","name":"Libros del Zorro Rojo","description":"Libros ilustrados","potentialAction":[{"@type":"SearchAction","target":{"@type":"EntryPoint","urlTemplate":"https:\/\/librosdelzorrorojo.com\/?s={search_term_string}"},"query-input":{"@type":"PropertyValueSpecification","valueRequired":true,"valueName":"search_term_string"}}],"inLanguage":"ca"}]}},"_links":{"self":[{"href":"https:\/\/librosdelzorrorojo.com\/ca\/wp-json\/wp\/v2\/product\/23303","targetHints":{"allow":["GET"]}}],"collection":[{"href":"https:\/\/librosdelzorrorojo.com\/ca\/wp-json\/wp\/v2\/product"}],"about":[{"href":"https:\/\/librosdelzorrorojo.com\/ca\/wp-json\/wp\/v2\/types\/product"}],"wp:featuredmedia":[{"embeddable":true,"href":"https:\/\/librosdelzorrorojo.com\/ca\/wp-json\/wp\/v2\/media\/23304"}],"wp:attachment":[{"href":"https:\/\/librosdelzorrorojo.com\/ca\/wp-json\/wp\/v2\/media?parent=23303"}],"wp:term":[{"taxonomy":"product_brand","embeddable":true,"href":"https:\/\/librosdelzorrorojo.com\/ca\/wp-json\/wp\/v2\/product_brand?post=23303"},{"taxonomy":"product_cat","embeddable":true,"href":"https:\/\/librosdelzorrorojo.com\/ca\/wp-json\/wp\/v2\/product_cat?post=23303"},{"taxonomy":"product_tag","embeddable":true,"href":"https:\/\/librosdelzorrorojo.com\/ca\/wp-json\/wp\/v2\/product_tag?post=23303"}],"curies":[{"name":"wp","href":"https:\/\/api.w.org\/{rel}","templated":true}]}}