{"id":23302,"date":"2022-10-05T12:55:17","date_gmt":"2022-10-05T10:55:17","guid":{"rendered":"https:\/\/librosdelzorrorojo.com\/catalogo\/la-desafortunada-vida-de-las-lombrices\/"},"modified":"2026-04-21T17:35:26","modified_gmt":"2026-04-21T15:35:26","slug":"la-desafortunada-vida-de-las-lombrices","status":"publish","type":"product","link":"https:\/\/librosdelzorrorojo.com\/ca\/cataleg\/la-desafortunada-vida-de-las-lombrices\/","title":{"rendered":"La desafortunada vida de las lombrices"},"content":{"rendered":"<p>\u00abTe sorprender\u00eda saber cu\u00e1nto aburren los libros sobre gusanos a la mayor\u00eda de lectores.\u00bb As\u00ed comienza este breve tratado natural que, p\u00e1gina a p\u00e1gina, nos introduce en el fascinante, \u00a1y en absoluto aburrido!, mundo de las lombrices, unos seres en apariencia insignificantes, ignorados por la ciencia, la cultura, e incluso por la sociedad.<\/p>\n<p>Quiz\u00e1 te sorprenda saber que la lombriz de tierra tiene una forma cambiante, que la confunden a menudo con una oruga, que le apasiona hacer galer\u00edas subterr\u00e1neas, come basura y est\u00e1 indefensa frente a sus muchos depredadores, pero, incluso as\u00ed, este invertebrado sobrevivi\u00f3 a los dinosaurios.<\/p>\n<p>Sin embargo, el dato m\u00e1s asombroso acerca de las lombrices (y de ah\u00ed que sean \u00abdesafortunadas\u00bb) es que, en cualquier momento, pueden dividirse en dos, y entonces su vida se convierte en una continua b\u00fasqueda de su verdadera identidad, un proceso lleno de infortunios que provocar\u00e1 la simpat\u00eda, la complicidad y la risa a lectores grandes y peque\u00f1os.<\/p>\n<p>Noemi Vola hace una relectura en clave ir\u00f3nica y fant\u00e1stica de la vida de este gusano rosa, convirtiendo a este animal tan vulnerable en un verdadero h\u00e9roe.<\/p>\n<p>Este libro forma parte del proyecto <a href=\"https:\/\/www.rutasdelectura.com\/descarga_pdf\/Ruta1EV.pdf#page=14\"><span style=\"color: #ff0000;\"><strong>RUTAS DE LECTURA<\/strong> &#8211; Ellas Viajan<\/span>\u00a0<\/a><\/p>\n<p><img decoding=\"async\" src=\"https:\/\/librosdelzorrorojo.com\/wp-content\/uploads\/2018\/04\/ICEC_BN-WEB-02.png\" alt=\"\" width=\"200\" height=\"48\" class=\"alignnone size-full wp-image-15980\" \/><\/p>\n","protected":false},"excerpt":{"rendered":"\u00abTe sorprender\u00eda saber cu\u00e1nto aburren los libros sobre gusanos a la mayor\u00eda de lectores.\u00bb As\u00ed comienza este breve tratado natural que, p\u00e1gina a p\u00e1gina, nos introduce en el fascinante, \u00a1y en absoluto aburrido!, mundo de las lombrices, unos seres en apariencia insignificantes, ignorados por la ciencia, la cultura, e incluso por la sociedad. Quiz\u00e1 te [&hellip;]","protected":false},"featured_media":23281,"template":"","meta":{"_acf_changed":false},"product_brand":[],"product_cat":[844,843,839],"product_tag":[],"class_list":{"0":"post-23302","1":"product","2":"type-product","3":"status-publish","4":"has-post-thumbnail","6":"product_cat-castella","7":"product_cat-infantiles-ca","8":"product_cat-zona-kids-ca","9":"vinculo-la-desafortunada-vida-de-las-lombrices","11":"first","12":"instock","13":"taxable","14":"shipping-taxable","15":"purchasable","16":"product-type-simple"},"acf":[],"yoast_head":"<!-- This site is optimized with the Yoast SEO plugin v25.1 - https:\/\/yoast.com\/wordpress\/plugins\/seo\/ -->\n<title>La desafortunada vida de las lombrices - Libros del Zorro Rojo<\/title>\n<meta name=\"robots\" content=\"index, follow, max-snippet:-1, max-image-preview:large, max-video-preview:-1\" \/>\n<link rel=\"canonical\" href=\"https:\/\/librosdelzorrorojo.com\/ca\/cataleg\/la-desafortunada-vida-de-las-lombrices\/\" \/>\n<meta property=\"og:locale\" content=\"ca_ES\" \/>\n<meta property=\"og:type\" content=\"article\" \/>\n<meta property=\"og:title\" content=\"La desafortunada vida de las lombrices - Libros del Zorro Rojo\" \/>\n<meta property=\"og:description\" content=\"\u00abTe sorprender\u00eda saber cu\u00e1nto aburren los libros sobre gusanos a la mayor\u00eda de lectores.\u00bb As\u00ed comienza este breve tratado natural que, p\u00e1gina a p\u00e1gina, nos introduce en el fascinante, \u00a1y en absoluto aburrido!, mundo de las lombrices, unos seres en apariencia insignificantes, ignorados por la ciencia, la cultura, e incluso por la sociedad. Quiz\u00e1 te [&hellip;]\" \/>\n<meta property=\"og:url\" content=\"https:\/\/librosdelzorrorojo.com\/ca\/cataleg\/la-desafortunada-vida-de-las-lombrices\/\" \/>\n<meta property=\"og:site_name\" content=\"Libros del Zorro Rojo\" \/>\n<meta property=\"article:modified_time\" content=\"2026-04-21T15:35:26+00:00\" \/>\n<meta property=\"og:image\" content=\"https:\/\/librosdelzorrorojo.com\/wp-content\/uploads\/2022\/10\/Cover_Lombrices-SPA_WEB.jpg\" \/>\n\t<meta property=\"og:image:width\" content=\"850\" \/>\n\t<meta property=\"og:image:height\" content=\"1180\" \/>\n\t<meta property=\"og:image:type\" content=\"image\/jpeg\" \/>\n<meta name=\"twitter:card\" content=\"summary_large_image\" \/>\n<meta name=\"twitter:label1\" content=\"Temps estimat de lectura\" \/>\n\t<meta name=\"twitter:data1\" content=\"1 minut\" \/>\n<script type=\"application\/ld+json\" class=\"yoast-schema-graph\">{\"@context\":\"https:\/\/schema.org\",\"@graph\":[{\"@type\":\"WebPage\",\"@id\":\"https:\/\/librosdelzorrorojo.com\/ca\/cataleg\/la-desafortunada-vida-de-las-lombrices\/\",\"url\":\"https:\/\/librosdelzorrorojo.com\/ca\/cataleg\/la-desafortunada-vida-de-las-lombrices\/\",\"name\":\"La desafortunada vida de las lombrices - Libros del Zorro Rojo\",\"isPartOf\":{\"@id\":\"https:\/\/librosdelzorrorojo.com\/#website\"},\"primaryImageOfPage\":{\"@id\":\"https:\/\/librosdelzorrorojo.com\/ca\/cataleg\/la-desafortunada-vida-de-las-lombrices\/#primaryimage\"},\"image\":{\"@id\":\"https:\/\/librosdelzorrorojo.com\/ca\/cataleg\/la-desafortunada-vida-de-las-lombrices\/#primaryimage\"},\"thumbnailUrl\":\"https:\/\/librosdelzorrorojo.com\/wp-content\/uploads\/2022\/10\/Cover_Lombrices-SPA_WEB.jpg\",\"datePublished\":\"2022-10-05T10:55:17+00:00\",\"dateModified\":\"2026-04-21T15:35:26+00:00\",\"breadcrumb\":{\"@id\":\"https:\/\/librosdelzorrorojo.com\/ca\/cataleg\/la-desafortunada-vida-de-las-lombrices\/#breadcrumb\"},\"inLanguage\":\"ca\",\"potentialAction\":[{\"@type\":\"ReadAction\",\"target\":[\"https:\/\/librosdelzorrorojo.com\/ca\/cataleg\/la-desafortunada-vida-de-las-lombrices\/\"]}]},{\"@type\":\"ImageObject\",\"inLanguage\":\"ca\",\"@id\":\"https:\/\/librosdelzorrorojo.com\/ca\/cataleg\/la-desafortunada-vida-de-las-lombrices\/#primaryimage\",\"url\":\"https:\/\/librosdelzorrorojo.com\/wp-content\/uploads\/2022\/10\/Cover_Lombrices-SPA_WEB.jpg\",\"contentUrl\":\"https:\/\/librosdelzorrorojo.com\/wp-content\/uploads\/2022\/10\/Cover_Lombrices-SPA_WEB.jpg\",\"width\":850,\"height\":1180,\"caption\":\"Cover Lombrices SPA WEB\"},{\"@type\":\"BreadcrumbList\",\"@id\":\"https:\/\/librosdelzorrorojo.com\/ca\/cataleg\/la-desafortunada-vida-de-las-lombrices\/#breadcrumb\",\"itemListElement\":[{\"@type\":\"ListItem\",\"position\":1,\"name\":\"Portada\",\"item\":\"https:\/\/librosdelzorrorojo.com\/ca\/\"},{\"@type\":\"ListItem\",\"position\":2,\"name\":\"Cat\u00e0leg\",\"item\":\"https:\/\/librosdelzorrorojo.com\/ca\/cataleg\/\"},{\"@type\":\"ListItem\",\"position\":3,\"name\":\"La desafortunada vida de las lombrices\"}]},{\"@type\":\"WebSite\",\"@id\":\"https:\/\/librosdelzorrorojo.com\/#website\",\"url\":\"https:\/\/librosdelzorrorojo.com\/\",\"name\":\"Libros del Zorro Rojo\",\"description\":\"Libros ilustrados\",\"potentialAction\":[{\"@type\":\"SearchAction\",\"target\":{\"@type\":\"EntryPoint\",\"urlTemplate\":\"https:\/\/librosdelzorrorojo.com\/?s={search_term_string}\"},\"query-input\":{\"@type\":\"PropertyValueSpecification\",\"valueRequired\":true,\"valueName\":\"search_term_string\"}}],\"inLanguage\":\"ca\"}]}<\/script>\n<!-- \/ Yoast SEO plugin. -->","yoast_head_json":{"title":"La desafortunada vida de las lombrices - Libros del Zorro Rojo","robots":{"index":"index","follow":"follow","max-snippet":"max-snippet:-1","max-image-preview":"max-image-preview:large","max-video-preview":"max-video-preview:-1"},"canonical":"https:\/\/librosdelzorrorojo.com\/ca\/cataleg\/la-desafortunada-vida-de-las-lombrices\/","og_locale":"ca_ES","og_type":"article","og_title":"La desafortunada vida de las lombrices - Libros del Zorro Rojo","og_description":"\u00abTe sorprender\u00eda saber cu\u00e1nto aburren los libros sobre gusanos a la mayor\u00eda de lectores.\u00bb As\u00ed comienza este breve tratado natural que, p\u00e1gina a p\u00e1gina, nos introduce en el fascinante, \u00a1y en absoluto aburrido!, mundo de las lombrices, unos seres en apariencia insignificantes, ignorados por la ciencia, la cultura, e incluso por la sociedad. Quiz\u00e1 te [&hellip;]","og_url":"https:\/\/librosdelzorrorojo.com\/ca\/cataleg\/la-desafortunada-vida-de-las-lombrices\/","og_site_name":"Libros del Zorro Rojo","article_modified_time":"2026-04-21T15:35:26+00:00","og_image":[{"width":850,"height":1180,"url":"https:\/\/librosdelzorrorojo.com\/wp-content\/uploads\/2022\/10\/Cover_Lombrices-SPA_WEB.jpg","type":"image\/jpeg"}],"twitter_card":"summary_large_image","twitter_misc":{"Temps estimat de lectura":"1 minut"},"schema":{"@context":"https:\/\/schema.org","@graph":[{"@type":"WebPage","@id":"https:\/\/librosdelzorrorojo.com\/ca\/cataleg\/la-desafortunada-vida-de-las-lombrices\/","url":"https:\/\/librosdelzorrorojo.com\/ca\/cataleg\/la-desafortunada-vida-de-las-lombrices\/","name":"La desafortunada vida de las lombrices - Libros del Zorro Rojo","isPartOf":{"@id":"https:\/\/librosdelzorrorojo.com\/#website"},"primaryImageOfPage":{"@id":"https:\/\/librosdelzorrorojo.com\/ca\/cataleg\/la-desafortunada-vida-de-las-lombrices\/#primaryimage"},"image":{"@id":"https:\/\/librosdelzorrorojo.com\/ca\/cataleg\/la-desafortunada-vida-de-las-lombrices\/#primaryimage"},"thumbnailUrl":"https:\/\/librosdelzorrorojo.com\/wp-content\/uploads\/2022\/10\/Cover_Lombrices-SPA_WEB.jpg","datePublished":"2022-10-05T10:55:17+00:00","dateModified":"2026-04-21T15:35:26+00:00","breadcrumb":{"@id":"https:\/\/librosdelzorrorojo.com\/ca\/cataleg\/la-desafortunada-vida-de-las-lombrices\/#breadcrumb"},"inLanguage":"ca","potentialAction":[{"@type":"ReadAction","target":["https:\/\/librosdelzorrorojo.com\/ca\/cataleg\/la-desafortunada-vida-de-las-lombrices\/"]}]},{"@type":"ImageObject","inLanguage":"ca","@id":"https:\/\/librosdelzorrorojo.com\/ca\/cataleg\/la-desafortunada-vida-de-las-lombrices\/#primaryimage","url":"https:\/\/librosdelzorrorojo.com\/wp-content\/uploads\/2022\/10\/Cover_Lombrices-SPA_WEB.jpg","contentUrl":"https:\/\/librosdelzorrorojo.com\/wp-content\/uploads\/2022\/10\/Cover_Lombrices-SPA_WEB.jpg","width":850,"height":1180,"caption":"Cover Lombrices SPA WEB"},{"@type":"BreadcrumbList","@id":"https:\/\/librosdelzorrorojo.com\/ca\/cataleg\/la-desafortunada-vida-de-las-lombrices\/#breadcrumb","itemListElement":[{"@type":"ListItem","position":1,"name":"Portada","item":"https:\/\/librosdelzorrorojo.com\/ca\/"},{"@type":"ListItem","position":2,"name":"Cat\u00e0leg","item":"https:\/\/librosdelzorrorojo.com\/ca\/cataleg\/"},{"@type":"ListItem","position":3,"name":"La desafortunada vida de las lombrices"}]},{"@type":"WebSite","@id":"https:\/\/librosdelzorrorojo.com\/#website","url":"https:\/\/librosdelzorrorojo.com\/","name":"Libros del Zorro Rojo","description":"Libros ilustrados","potentialAction":[{"@type":"SearchAction","target":{"@type":"EntryPoint","urlTemplate":"https:\/\/librosdelzorrorojo.com\/?s={search_term_string}"},"query-input":{"@type":"PropertyValueSpecification","valueRequired":true,"valueName":"search_term_string"}}],"inLanguage":"ca"}]}},"_links":{"self":[{"href":"https:\/\/librosdelzorrorojo.com\/ca\/wp-json\/wp\/v2\/product\/23302","targetHints":{"allow":["GET"]}}],"collection":[{"href":"https:\/\/librosdelzorrorojo.com\/ca\/wp-json\/wp\/v2\/product"}],"about":[{"href":"https:\/\/librosdelzorrorojo.com\/ca\/wp-json\/wp\/v2\/types\/product"}],"wp:featuredmedia":[{"embeddable":true,"href":"https:\/\/librosdelzorrorojo.com\/ca\/wp-json\/wp\/v2\/media\/23281"}],"wp:attachment":[{"href":"https:\/\/librosdelzorrorojo.com\/ca\/wp-json\/wp\/v2\/media?parent=23302"}],"wp:term":[{"taxonomy":"product_brand","embeddable":true,"href":"https:\/\/librosdelzorrorojo.com\/ca\/wp-json\/wp\/v2\/product_brand?post=23302"},{"taxonomy":"product_cat","embeddable":true,"href":"https:\/\/librosdelzorrorojo.com\/ca\/wp-json\/wp\/v2\/product_cat?post=23302"},{"taxonomy":"product_tag","embeddable":true,"href":"https:\/\/librosdelzorrorojo.com\/ca\/wp-json\/wp\/v2\/product_tag?post=23302"}],"curies":[{"name":"wp","href":"https:\/\/api.w.org\/{rel}","templated":true}]}}