{"id":2326,"date":"2000-03-08T12:00:29","date_gmt":"2000-03-08T11:00:29","guid":{"rendered":"https:\/\/produccion.librosdelzorrorojo.com\/libros\/com-encendre-un-drac-apagat\/"},"modified":"2024-03-01T09:17:22","modified_gmt":"2024-03-01T08:17:22","slug":"com-encendre-un-drac-apagat","status":"publish","type":"product","link":"https:\/\/librosdelzorrorojo.com\/ca\/cataleg\/com-encendre-un-drac-apagat\/","title":{"rendered":"Com encendre un drac apagat"},"content":{"rendered":"<p class=\"p1\">Qualsevol, fins i tot un drac, pot tenir un mal dia. En aquest \u00e0lbum, un petit heroi dispost a tot posar\u00e0 en marxa una s\u00e8rie de plans, aparentment infal\u00b7libles, perqu\u00e8 el seu enorme drac recuperi la flama. Idees no n\u2019hi manquen: agitar-lo per la cua, saltar sobre la seva panxa, fer-li pessigolles, posar-lo gel\u00f3s, preparar-li un past\u00eds\u2026 seran algunes d\u2019elles, per\u00f2 el cas sembla greu, grav\u00edssim.<\/p>\n<p class=\"p1\">Des de la primera p\u00e0gina, aquests dos entranyables personatges conqueriran el cor dels lectors amb la seva peculiar manera de trobar solucions a un problema de vital import\u00e0ncia per als m\u00e9s petits: qu\u00e8 necessita una mascota (i qui diu \u00abmascota\u00bb diu \u00abun gran amic\u00bb) per ser feli\u00e7? La soluci\u00f3 \u00e9s molt m\u00e9s senzilla del que sembla: estigui apagat, fred o gelat com un glacial!, digues-li quant l\u2019estimes.<\/p>\n<p class=\"p1\">Aquest enginy\u00f3s i estimulant \u00e0lbum de gran format, que parla amb tendresa de la generositat i el respecte, destaca per la seva espectacular proposta gr\u00e0fica: unes acolorides i vibrants il\u00b7lustracions i un text escrit a m\u00e0 que real\u00e7a la vitalitat i el dinamisme d\u2019aquesta singular hist\u00f2ria, a manera d\u2019un entranyable i divertit manual per encendre dracs.<\/p>\n<div><\/div>\n<p>&nbsp;<\/p>\n","protected":false},"excerpt":{"rendered":"Qualsevol, fins i tot un drac, pot tenir un mal dia. En aquest \u00e0lbum, un petit heroi dispost a tot posar\u00e0 en marxa una s\u00e8rie de plans, aparentment infal\u00b7libles, perqu\u00e8 el seu enorme drac recuperi la flama. Idees no n\u2019hi manquen: agitar-lo per la cua, saltar sobre la seva panxa, fer-li pessigolles, posar-lo gel\u00f3s, preparar-li un past\u00eds\u2026 seran algunes d\u2019elles, per\u00f2 el cas sembla greu, grav\u00edssim.","protected":false},"featured_media":3430,"template":"","meta":{"_acf_changed":false},"product_brand":[],"product_cat":[840,839],"product_tag":[],"class_list":{"0":"post-2326","1":"product","2":"type-product","3":"status-publish","4":"has-post-thumbnail","6":"product_cat-catala","7":"product_cat-zona-kids-ca","8":"vinculo-como-encender-un-dragon","10":"first","11":"instock","12":"taxable","13":"shipping-taxable","14":"purchasable","15":"product-type-simple"},"acf":[],"yoast_head":"<!-- This site is optimized with the Yoast SEO plugin v25.1 - https:\/\/yoast.com\/wordpress\/plugins\/seo\/ -->\n<title>Com encendre un drac apagat<\/title>\n<meta name=\"description\" content=\"Qualsevol, fins i tot un drac, pot tenir un mal dia. En aquest \u00e0lbum, un petit heroi dispost a tot posar\u00e0 en marxa una s\u00e8rie de plans, aparentment...\" \/>\n<meta name=\"robots\" content=\"index, follow, max-snippet:-1, max-image-preview:large, max-video-preview:-1\" \/>\n<link rel=\"canonical\" href=\"https:\/\/librosdelzorrorojo.com\/ca\/cataleg\/com-encendre-un-drac-apagat\/\" \/>\n<meta property=\"og:locale\" content=\"ca_ES\" \/>\n<meta property=\"og:type\" content=\"article\" \/>\n<meta property=\"og:title\" content=\"Com encendre un drac apagat\" \/>\n<meta property=\"og:description\" content=\"Qualsevol, fins i tot un drac, pot tenir un mal dia. En aquest \u00e0lbum, un petit heroi dispost a tot posar\u00e0 en marxa una s\u00e8rie de plans, aparentment...\" \/>\n<meta property=\"og:url\" content=\"https:\/\/librosdelzorrorojo.com\/ca\/cataleg\/com-encendre-un-drac-apagat\/\" \/>\n<meta property=\"og:site_name\" content=\"Libros del Zorro Rojo\" \/>\n<meta property=\"article:modified_time\" content=\"2024-03-01T08:17:22+00:00\" \/>\n<meta property=\"og:image\" content=\"https:\/\/librosdelzorrorojo.com\/wp-content\/uploads\/2017\/11\/libros-del-zorro-rojo-com-encendre-un-drac-apagat-didier-levy-9788494650765-1-e1525355158614.jpg\" \/>\n\t<meta property=\"og:image:width\" content=\"850\" \/>\n\t<meta property=\"og:image:height\" content=\"664\" \/>\n\t<meta property=\"og:image:type\" content=\"image\/jpeg\" \/>\n<meta name=\"twitter:card\" content=\"summary_large_image\" \/>\n<meta name=\"twitter:label1\" content=\"Temps estimat de lectura\" \/>\n\t<meta name=\"twitter:data1\" content=\"1 minut\" \/>\n<script type=\"application\/ld+json\" class=\"yoast-schema-graph\">{\"@context\":\"https:\/\/schema.org\",\"@graph\":[{\"@type\":\"WebPage\",\"@id\":\"https:\/\/librosdelzorrorojo.com\/ca\/cataleg\/com-encendre-un-drac-apagat\/\",\"url\":\"https:\/\/librosdelzorrorojo.com\/ca\/cataleg\/com-encendre-un-drac-apagat\/\",\"name\":\"Com encendre un drac apagat\",\"isPartOf\":{\"@id\":\"https:\/\/librosdelzorrorojo.com\/#website\"},\"primaryImageOfPage\":{\"@id\":\"https:\/\/librosdelzorrorojo.com\/ca\/cataleg\/com-encendre-un-drac-apagat\/#primaryimage\"},\"image\":{\"@id\":\"https:\/\/librosdelzorrorojo.com\/ca\/cataleg\/com-encendre-un-drac-apagat\/#primaryimage\"},\"thumbnailUrl\":\"https:\/\/librosdelzorrorojo.com\/wp-content\/uploads\/2017\/11\/libros-del-zorro-rojo-com-encendre-un-drac-apagat-didier-levy-9788494650765-1-e1525355158614.jpg\",\"datePublished\":\"2000-03-08T11:00:29+00:00\",\"dateModified\":\"2024-03-01T08:17:22+00:00\",\"description\":\"Qualsevol, fins i tot un drac, pot tenir un mal dia. En aquest \u00e0lbum, un petit heroi dispost a tot posar\u00e0 en marxa una s\u00e8rie de plans, aparentment...\",\"breadcrumb\":{\"@id\":\"https:\/\/librosdelzorrorojo.com\/ca\/cataleg\/com-encendre-un-drac-apagat\/#breadcrumb\"},\"inLanguage\":\"ca\",\"potentialAction\":[{\"@type\":\"ReadAction\",\"target\":[\"https:\/\/librosdelzorrorojo.com\/ca\/cataleg\/com-encendre-un-drac-apagat\/\"]}]},{\"@type\":\"ImageObject\",\"inLanguage\":\"ca\",\"@id\":\"https:\/\/librosdelzorrorojo.com\/ca\/cataleg\/com-encendre-un-drac-apagat\/#primaryimage\",\"url\":\"https:\/\/librosdelzorrorojo.com\/wp-content\/uploads\/2017\/11\/libros-del-zorro-rojo-com-encendre-un-drac-apagat-didier-levy-9788494650765-1-e1525355158614.jpg\",\"contentUrl\":\"https:\/\/librosdelzorrorojo.com\/wp-content\/uploads\/2017\/11\/libros-del-zorro-rojo-com-encendre-un-drac-apagat-didier-levy-9788494650765-1-e1525355158614.jpg\",\"width\":850,\"height\":664,\"caption\":\"libros del zorro rojo com encendre un drac apagat didier levy 9788494650765 1 e1525355158614\"},{\"@type\":\"BreadcrumbList\",\"@id\":\"https:\/\/librosdelzorrorojo.com\/ca\/cataleg\/com-encendre-un-drac-apagat\/#breadcrumb\",\"itemListElement\":[{\"@type\":\"ListItem\",\"position\":1,\"name\":\"Portada\",\"item\":\"https:\/\/librosdelzorrorojo.com\/ca\/\"},{\"@type\":\"ListItem\",\"position\":2,\"name\":\"Cat\u00e0leg\",\"item\":\"https:\/\/librosdelzorrorojo.com\/ca\/cataleg\/\"},{\"@type\":\"ListItem\",\"position\":3,\"name\":\"Com encendre un drac apagat\"}]},{\"@type\":\"WebSite\",\"@id\":\"https:\/\/librosdelzorrorojo.com\/#website\",\"url\":\"https:\/\/librosdelzorrorojo.com\/\",\"name\":\"Libros del Zorro Rojo\",\"description\":\"Libros ilustrados\",\"potentialAction\":[{\"@type\":\"SearchAction\",\"target\":{\"@type\":\"EntryPoint\",\"urlTemplate\":\"https:\/\/librosdelzorrorojo.com\/?s={search_term_string}\"},\"query-input\":{\"@type\":\"PropertyValueSpecification\",\"valueRequired\":true,\"valueName\":\"search_term_string\"}}],\"inLanguage\":\"ca\"}]}<\/script>\n<!-- \/ Yoast SEO plugin. -->","yoast_head_json":{"title":"Com encendre un drac apagat","description":"Qualsevol, fins i tot un drac, pot tenir un mal dia. En aquest \u00e0lbum, un petit heroi dispost a tot posar\u00e0 en marxa una s\u00e8rie de plans, aparentment...","robots":{"index":"index","follow":"follow","max-snippet":"max-snippet:-1","max-image-preview":"max-image-preview:large","max-video-preview":"max-video-preview:-1"},"canonical":"https:\/\/librosdelzorrorojo.com\/ca\/cataleg\/com-encendre-un-drac-apagat\/","og_locale":"ca_ES","og_type":"article","og_title":"Com encendre un drac apagat","og_description":"Qualsevol, fins i tot un drac, pot tenir un mal dia. En aquest \u00e0lbum, un petit heroi dispost a tot posar\u00e0 en marxa una s\u00e8rie de plans, aparentment...","og_url":"https:\/\/librosdelzorrorojo.com\/ca\/cataleg\/com-encendre-un-drac-apagat\/","og_site_name":"Libros del Zorro Rojo","article_modified_time":"2024-03-01T08:17:22+00:00","og_image":[{"width":850,"height":664,"url":"https:\/\/librosdelzorrorojo.com\/wp-content\/uploads\/2017\/11\/libros-del-zorro-rojo-com-encendre-un-drac-apagat-didier-levy-9788494650765-1-e1525355158614.jpg","type":"image\/jpeg"}],"twitter_card":"summary_large_image","twitter_misc":{"Temps estimat de lectura":"1 minut"},"schema":{"@context":"https:\/\/schema.org","@graph":[{"@type":"WebPage","@id":"https:\/\/librosdelzorrorojo.com\/ca\/cataleg\/com-encendre-un-drac-apagat\/","url":"https:\/\/librosdelzorrorojo.com\/ca\/cataleg\/com-encendre-un-drac-apagat\/","name":"Com encendre un drac apagat","isPartOf":{"@id":"https:\/\/librosdelzorrorojo.com\/#website"},"primaryImageOfPage":{"@id":"https:\/\/librosdelzorrorojo.com\/ca\/cataleg\/com-encendre-un-drac-apagat\/#primaryimage"},"image":{"@id":"https:\/\/librosdelzorrorojo.com\/ca\/cataleg\/com-encendre-un-drac-apagat\/#primaryimage"},"thumbnailUrl":"https:\/\/librosdelzorrorojo.com\/wp-content\/uploads\/2017\/11\/libros-del-zorro-rojo-com-encendre-un-drac-apagat-didier-levy-9788494650765-1-e1525355158614.jpg","datePublished":"2000-03-08T11:00:29+00:00","dateModified":"2024-03-01T08:17:22+00:00","description":"Qualsevol, fins i tot un drac, pot tenir un mal dia. En aquest \u00e0lbum, un petit heroi dispost a tot posar\u00e0 en marxa una s\u00e8rie de plans, aparentment...","breadcrumb":{"@id":"https:\/\/librosdelzorrorojo.com\/ca\/cataleg\/com-encendre-un-drac-apagat\/#breadcrumb"},"inLanguage":"ca","potentialAction":[{"@type":"ReadAction","target":["https:\/\/librosdelzorrorojo.com\/ca\/cataleg\/com-encendre-un-drac-apagat\/"]}]},{"@type":"ImageObject","inLanguage":"ca","@id":"https:\/\/librosdelzorrorojo.com\/ca\/cataleg\/com-encendre-un-drac-apagat\/#primaryimage","url":"https:\/\/librosdelzorrorojo.com\/wp-content\/uploads\/2017\/11\/libros-del-zorro-rojo-com-encendre-un-drac-apagat-didier-levy-9788494650765-1-e1525355158614.jpg","contentUrl":"https:\/\/librosdelzorrorojo.com\/wp-content\/uploads\/2017\/11\/libros-del-zorro-rojo-com-encendre-un-drac-apagat-didier-levy-9788494650765-1-e1525355158614.jpg","width":850,"height":664,"caption":"libros del zorro rojo com encendre un drac apagat didier levy 9788494650765 1 e1525355158614"},{"@type":"BreadcrumbList","@id":"https:\/\/librosdelzorrorojo.com\/ca\/cataleg\/com-encendre-un-drac-apagat\/#breadcrumb","itemListElement":[{"@type":"ListItem","position":1,"name":"Portada","item":"https:\/\/librosdelzorrorojo.com\/ca\/"},{"@type":"ListItem","position":2,"name":"Cat\u00e0leg","item":"https:\/\/librosdelzorrorojo.com\/ca\/cataleg\/"},{"@type":"ListItem","position":3,"name":"Com encendre un drac apagat"}]},{"@type":"WebSite","@id":"https:\/\/librosdelzorrorojo.com\/#website","url":"https:\/\/librosdelzorrorojo.com\/","name":"Libros del Zorro Rojo","description":"Libros ilustrados","potentialAction":[{"@type":"SearchAction","target":{"@type":"EntryPoint","urlTemplate":"https:\/\/librosdelzorrorojo.com\/?s={search_term_string}"},"query-input":{"@type":"PropertyValueSpecification","valueRequired":true,"valueName":"search_term_string"}}],"inLanguage":"ca"}]}},"_links":{"self":[{"href":"https:\/\/librosdelzorrorojo.com\/ca\/wp-json\/wp\/v2\/product\/2326","targetHints":{"allow":["GET"]}}],"collection":[{"href":"https:\/\/librosdelzorrorojo.com\/ca\/wp-json\/wp\/v2\/product"}],"about":[{"href":"https:\/\/librosdelzorrorojo.com\/ca\/wp-json\/wp\/v2\/types\/product"}],"wp:featuredmedia":[{"embeddable":true,"href":"https:\/\/librosdelzorrorojo.com\/ca\/wp-json\/wp\/v2\/media\/3430"}],"wp:attachment":[{"href":"https:\/\/librosdelzorrorojo.com\/ca\/wp-json\/wp\/v2\/media?parent=2326"}],"wp:term":[{"taxonomy":"product_brand","embeddable":true,"href":"https:\/\/librosdelzorrorojo.com\/ca\/wp-json\/wp\/v2\/product_brand?post=2326"},{"taxonomy":"product_cat","embeddable":true,"href":"https:\/\/librosdelzorrorojo.com\/ca\/wp-json\/wp\/v2\/product_cat?post=2326"},{"taxonomy":"product_tag","embeddable":true,"href":"https:\/\/librosdelzorrorojo.com\/ca\/wp-json\/wp\/v2\/product_tag?post=2326"}],"curies":[{"name":"wp","href":"https:\/\/api.w.org\/{rel}","templated":true}]}}