{"id":23194,"date":"2022-09-22T10:43:52","date_gmt":"2022-09-22T08:43:52","guid":{"rendered":"https:\/\/librosdelzorrorojo.com\/?post_type=product&#038;p=23194"},"modified":"2024-11-28T13:35:41","modified_gmt":"2024-11-28T12:35:41","slug":"bestiari-dels-colors","status":"publish","type":"product","link":"https:\/\/librosdelzorrorojo.com\/ca\/cataleg\/bestiari-dels-colors\/","title":{"rendered":"Bestiari dels colors"},"content":{"rendered":"<p>Adrienne Barman presenta Bestiari dels colors, el nou t\u00edtol d\u2019aquesta simp\u00e0tica col\u00b7lecci\u00f3, en el qual els m\u00e9s petits descobriran quines tonalitats vesteixen alguns dels seus animals preferits. De quin color \u00e9s l\u2019\u00f2liba albina? En qu\u00e8 s\u2019assemblen un camell i un caramel? Quants animals coneixes de color rosa?<\/p>\n<p>Al llarg de catorze il\u00b7lustracions, aquest petit llibre de cartr\u00f3 presenta als primers lectors escenes f\u00e0cils d\u2019identificar, en les quals gaudiran del ventall de colors de la naturalesa. P\u00e0gina a p\u00e0gina, el nen i l\u2019adult podran admirar i recitar en veu alta aquest cant a la biodiversitat del nostre planeta.<\/p>\n","protected":false},"excerpt":{"rendered":"Adrienne Barman presenta Bestiari dels colors, el nou t\u00edtol d\u2019aquesta simp\u00e0tica col\u00b7lecci\u00f3, en el qual els m\u00e9s petits descobriran quines tonalitats vesteixen alguns dels seus animals preferits. De quin color \u00e9s l\u2019\u00f2liba albina? En qu\u00e8 s\u2019assemblen un camell i un caramel? Quants animals coneixes de color rosa? Al llarg de catorze il\u00b7lustracions, aquest petit llibre [&hellip;]","protected":false},"featured_media":23180,"template":"","meta":{"_acf_changed":false},"product_brand":[],"product_cat":[840,843,839],"product_tag":[],"class_list":{"0":"post-23194","1":"product","2":"type-product","3":"status-publish","4":"has-post-thumbnail","6":"product_cat-catala","7":"product_cat-infantiles-ca","8":"product_cat-zona-kids-ca","9":"vinculo-bestiario-de-los-colores","11":"first","12":"instock","13":"taxable","14":"shipping-taxable","15":"purchasable","16":"product-type-simple"},"acf":[],"yoast_head":"<!-- This site is optimized with the Yoast SEO plugin v25.1 - https:\/\/yoast.com\/wordpress\/plugins\/seo\/ -->\n<title>Bestiari dels colors - Libros del Zorro Rojo<\/title>\n<meta name=\"robots\" content=\"index, follow, max-snippet:-1, max-image-preview:large, max-video-preview:-1\" \/>\n<link rel=\"canonical\" href=\"https:\/\/librosdelzorrorojo.com\/ca\/cataleg\/bestiari-dels-colors\/\" \/>\n<meta property=\"og:locale\" content=\"ca_ES\" \/>\n<meta property=\"og:type\" content=\"article\" \/>\n<meta property=\"og:title\" content=\"Bestiari dels colors - Libros del Zorro Rojo\" \/>\n<meta property=\"og:description\" content=\"Adrienne Barman presenta Bestiari dels colors, el nou t\u00edtol d\u2019aquesta simp\u00e0tica col\u00b7lecci\u00f3, en el qual els m\u00e9s petits descobriran quines tonalitats vesteixen alguns dels seus animals preferits. De quin color \u00e9s l\u2019\u00f2liba albina? En qu\u00e8 s\u2019assemblen un camell i un caramel? Quants animals coneixes de color rosa? Al llarg de catorze il\u00b7lustracions, aquest petit llibre [&hellip;]\" \/>\n<meta property=\"og:url\" content=\"https:\/\/librosdelzorrorojo.com\/ca\/cataleg\/bestiari-dels-colors\/\" \/>\n<meta property=\"og:site_name\" content=\"Libros del Zorro Rojo\" \/>\n<meta property=\"article:modified_time\" content=\"2024-11-28T12:35:41+00:00\" \/>\n<meta property=\"og:image\" content=\"https:\/\/librosdelzorrorojo.com\/wp-content\/uploads\/2022\/09\/Cover_Bestiario-de-los-colores-CAT_WEB.jpg\" \/>\n\t<meta property=\"og:image:width\" content=\"850\" \/>\n\t<meta property=\"og:image:height\" content=\"850\" \/>\n\t<meta property=\"og:image:type\" content=\"image\/jpeg\" \/>\n<meta name=\"twitter:card\" content=\"summary_large_image\" \/>\n<meta name=\"twitter:label1\" content=\"Temps estimat de lectura\" \/>\n\t<meta name=\"twitter:data1\" content=\"1 minut\" \/>\n<script type=\"application\/ld+json\" class=\"yoast-schema-graph\">{\"@context\":\"https:\/\/schema.org\",\"@graph\":[{\"@type\":\"WebPage\",\"@id\":\"https:\/\/librosdelzorrorojo.com\/ca\/cataleg\/bestiari-dels-colors\/\",\"url\":\"https:\/\/librosdelzorrorojo.com\/ca\/cataleg\/bestiari-dels-colors\/\",\"name\":\"Bestiari dels colors - Libros del Zorro Rojo\",\"isPartOf\":{\"@id\":\"https:\/\/librosdelzorrorojo.com\/#website\"},\"primaryImageOfPage\":{\"@id\":\"https:\/\/librosdelzorrorojo.com\/ca\/cataleg\/bestiari-dels-colors\/#primaryimage\"},\"image\":{\"@id\":\"https:\/\/librosdelzorrorojo.com\/ca\/cataleg\/bestiari-dels-colors\/#primaryimage\"},\"thumbnailUrl\":\"https:\/\/librosdelzorrorojo.com\/wp-content\/uploads\/2022\/09\/Cover_Bestiario-de-los-colores-CAT_WEB.jpg\",\"datePublished\":\"2022-09-22T08:43:52+00:00\",\"dateModified\":\"2024-11-28T12:35:41+00:00\",\"breadcrumb\":{\"@id\":\"https:\/\/librosdelzorrorojo.com\/ca\/cataleg\/bestiari-dels-colors\/#breadcrumb\"},\"inLanguage\":\"ca\",\"potentialAction\":[{\"@type\":\"ReadAction\",\"target\":[\"https:\/\/librosdelzorrorojo.com\/ca\/cataleg\/bestiari-dels-colors\/\"]}]},{\"@type\":\"ImageObject\",\"inLanguage\":\"ca\",\"@id\":\"https:\/\/librosdelzorrorojo.com\/ca\/cataleg\/bestiari-dels-colors\/#primaryimage\",\"url\":\"https:\/\/librosdelzorrorojo.com\/wp-content\/uploads\/2022\/09\/Cover_Bestiario-de-los-colores-CAT_WEB.jpg\",\"contentUrl\":\"https:\/\/librosdelzorrorojo.com\/wp-content\/uploads\/2022\/09\/Cover_Bestiario-de-los-colores-CAT_WEB.jpg\",\"width\":850,\"height\":850,\"caption\":\"Cover Bestiario de los colores CAT WEB\"},{\"@type\":\"BreadcrumbList\",\"@id\":\"https:\/\/librosdelzorrorojo.com\/ca\/cataleg\/bestiari-dels-colors\/#breadcrumb\",\"itemListElement\":[{\"@type\":\"ListItem\",\"position\":1,\"name\":\"Portada\",\"item\":\"https:\/\/librosdelzorrorojo.com\/ca\/\"},{\"@type\":\"ListItem\",\"position\":2,\"name\":\"Cat\u00e0leg\",\"item\":\"https:\/\/librosdelzorrorojo.com\/ca\/cataleg\/\"},{\"@type\":\"ListItem\",\"position\":3,\"name\":\"Bestiari dels colors\"}]},{\"@type\":\"WebSite\",\"@id\":\"https:\/\/librosdelzorrorojo.com\/#website\",\"url\":\"https:\/\/librosdelzorrorojo.com\/\",\"name\":\"Libros del Zorro Rojo\",\"description\":\"Libros ilustrados\",\"potentialAction\":[{\"@type\":\"SearchAction\",\"target\":{\"@type\":\"EntryPoint\",\"urlTemplate\":\"https:\/\/librosdelzorrorojo.com\/?s={search_term_string}\"},\"query-input\":{\"@type\":\"PropertyValueSpecification\",\"valueRequired\":true,\"valueName\":\"search_term_string\"}}],\"inLanguage\":\"ca\"}]}<\/script>\n<!-- \/ Yoast SEO plugin. -->","yoast_head_json":{"title":"Bestiari dels colors - Libros del Zorro Rojo","robots":{"index":"index","follow":"follow","max-snippet":"max-snippet:-1","max-image-preview":"max-image-preview:large","max-video-preview":"max-video-preview:-1"},"canonical":"https:\/\/librosdelzorrorojo.com\/ca\/cataleg\/bestiari-dels-colors\/","og_locale":"ca_ES","og_type":"article","og_title":"Bestiari dels colors - Libros del Zorro Rojo","og_description":"Adrienne Barman presenta Bestiari dels colors, el nou t\u00edtol d\u2019aquesta simp\u00e0tica col\u00b7lecci\u00f3, en el qual els m\u00e9s petits descobriran quines tonalitats vesteixen alguns dels seus animals preferits. De quin color \u00e9s l\u2019\u00f2liba albina? En qu\u00e8 s\u2019assemblen un camell i un caramel? Quants animals coneixes de color rosa? Al llarg de catorze il\u00b7lustracions, aquest petit llibre [&hellip;]","og_url":"https:\/\/librosdelzorrorojo.com\/ca\/cataleg\/bestiari-dels-colors\/","og_site_name":"Libros del Zorro Rojo","article_modified_time":"2024-11-28T12:35:41+00:00","og_image":[{"width":850,"height":850,"url":"https:\/\/librosdelzorrorojo.com\/wp-content\/uploads\/2022\/09\/Cover_Bestiario-de-los-colores-CAT_WEB.jpg","type":"image\/jpeg"}],"twitter_card":"summary_large_image","twitter_misc":{"Temps estimat de lectura":"1 minut"},"schema":{"@context":"https:\/\/schema.org","@graph":[{"@type":"WebPage","@id":"https:\/\/librosdelzorrorojo.com\/ca\/cataleg\/bestiari-dels-colors\/","url":"https:\/\/librosdelzorrorojo.com\/ca\/cataleg\/bestiari-dels-colors\/","name":"Bestiari dels colors - Libros del Zorro Rojo","isPartOf":{"@id":"https:\/\/librosdelzorrorojo.com\/#website"},"primaryImageOfPage":{"@id":"https:\/\/librosdelzorrorojo.com\/ca\/cataleg\/bestiari-dels-colors\/#primaryimage"},"image":{"@id":"https:\/\/librosdelzorrorojo.com\/ca\/cataleg\/bestiari-dels-colors\/#primaryimage"},"thumbnailUrl":"https:\/\/librosdelzorrorojo.com\/wp-content\/uploads\/2022\/09\/Cover_Bestiario-de-los-colores-CAT_WEB.jpg","datePublished":"2022-09-22T08:43:52+00:00","dateModified":"2024-11-28T12:35:41+00:00","breadcrumb":{"@id":"https:\/\/librosdelzorrorojo.com\/ca\/cataleg\/bestiari-dels-colors\/#breadcrumb"},"inLanguage":"ca","potentialAction":[{"@type":"ReadAction","target":["https:\/\/librosdelzorrorojo.com\/ca\/cataleg\/bestiari-dels-colors\/"]}]},{"@type":"ImageObject","inLanguage":"ca","@id":"https:\/\/librosdelzorrorojo.com\/ca\/cataleg\/bestiari-dels-colors\/#primaryimage","url":"https:\/\/librosdelzorrorojo.com\/wp-content\/uploads\/2022\/09\/Cover_Bestiario-de-los-colores-CAT_WEB.jpg","contentUrl":"https:\/\/librosdelzorrorojo.com\/wp-content\/uploads\/2022\/09\/Cover_Bestiario-de-los-colores-CAT_WEB.jpg","width":850,"height":850,"caption":"Cover Bestiario de los colores CAT WEB"},{"@type":"BreadcrumbList","@id":"https:\/\/librosdelzorrorojo.com\/ca\/cataleg\/bestiari-dels-colors\/#breadcrumb","itemListElement":[{"@type":"ListItem","position":1,"name":"Portada","item":"https:\/\/librosdelzorrorojo.com\/ca\/"},{"@type":"ListItem","position":2,"name":"Cat\u00e0leg","item":"https:\/\/librosdelzorrorojo.com\/ca\/cataleg\/"},{"@type":"ListItem","position":3,"name":"Bestiari dels colors"}]},{"@type":"WebSite","@id":"https:\/\/librosdelzorrorojo.com\/#website","url":"https:\/\/librosdelzorrorojo.com\/","name":"Libros del Zorro Rojo","description":"Libros ilustrados","potentialAction":[{"@type":"SearchAction","target":{"@type":"EntryPoint","urlTemplate":"https:\/\/librosdelzorrorojo.com\/?s={search_term_string}"},"query-input":{"@type":"PropertyValueSpecification","valueRequired":true,"valueName":"search_term_string"}}],"inLanguage":"ca"}]}},"_links":{"self":[{"href":"https:\/\/librosdelzorrorojo.com\/ca\/wp-json\/wp\/v2\/product\/23194","targetHints":{"allow":["GET"]}}],"collection":[{"href":"https:\/\/librosdelzorrorojo.com\/ca\/wp-json\/wp\/v2\/product"}],"about":[{"href":"https:\/\/librosdelzorrorojo.com\/ca\/wp-json\/wp\/v2\/types\/product"}],"wp:featuredmedia":[{"embeddable":true,"href":"https:\/\/librosdelzorrorojo.com\/ca\/wp-json\/wp\/v2\/media\/23180"}],"wp:attachment":[{"href":"https:\/\/librosdelzorrorojo.com\/ca\/wp-json\/wp\/v2\/media?parent=23194"}],"wp:term":[{"taxonomy":"product_brand","embeddable":true,"href":"https:\/\/librosdelzorrorojo.com\/ca\/wp-json\/wp\/v2\/product_brand?post=23194"},{"taxonomy":"product_cat","embeddable":true,"href":"https:\/\/librosdelzorrorojo.com\/ca\/wp-json\/wp\/v2\/product_cat?post=23194"},{"taxonomy":"product_tag","embeddable":true,"href":"https:\/\/librosdelzorrorojo.com\/ca\/wp-json\/wp\/v2\/product_tag?post=23194"}],"curies":[{"name":"wp","href":"https:\/\/api.w.org\/{rel}","templated":true}]}}