{"id":23193,"date":"2022-09-22T13:31:33","date_gmt":"2022-09-22T11:31:33","guid":{"rendered":"https:\/\/librosdelzorrorojo.com\/?post_type=product&#038;p=23193"},"modified":"2024-03-01T09:18:12","modified_gmt":"2024-03-01T08:18:12","slug":"lelefant-a-lombra","status":"publish","type":"product","link":"https:\/\/librosdelzorrorojo.com\/ca\/cataleg\/lelefant-a-lombra\/","title":{"rendered":"L\u2019elefant a l\u2019ombra"},"content":{"rendered":"<p>L\u2019elefant est\u00e0 trist. S\u2019ha quedat a l\u2019ombra, i no parla ni es relaciona amb ning\u00fa. Els altres animals intenten animar-lo: el mico, que sap explicar acudits; les germanes estru\u00e7, que s\u00f3n excel\u00b7lents ballarines, i fins i tot el cocodril. Per\u00f2 l\u2019elefant no somriu, ni es mou, nom\u00e9s sospira i roman a l\u2019ombra. Llavors, un petit ratol\u00ed s\u2019acosta gaireb\u00e9 sense al\u00e8 i s\u2019asseu al costat de l\u2019elefant. Nom\u00e9s vol descansar. Aix\u00ed que els dos es queden en silenci. M\u00e9s tard, el ratol\u00ed li explica la seva hist\u00f2ria, ploren i, finalment, m\u00e9s alleujats, marxen a la recerca de la casa del ratol\u00ed.<\/p>\n<p>Les incre\u00efbles imatges en tons saturatsi brillants, creades per Valerio Vidale, intensifiquen el contrast entre l\u2019alegria i la tristesa, alhora que el degradat de blaus dona profunditat a una hist\u00f2ria narrada amb subtilesa i encant.<\/p>\n","protected":false},"excerpt":{"rendered":"L\u2019elefant est\u00e0 trist. S\u2019ha quedat a l\u2019ombra, i no parla ni es relaciona amb ning\u00fa. Els altres animals intenten animar-lo: el mico, que sap explicar acudits; les germanes estru\u00e7, que s\u00f3n excel\u00b7lents ballarines, i fins i tot el cocodril. Per\u00f2 l\u2019elefant no somriu, ni es mou, nom\u00e9s sospira i roman a l\u2019ombra. Llavors, un petit [&hellip;]","protected":false},"featured_media":23149,"template":"","meta":{"_acf_changed":false},"product_brand":[],"product_cat":[840,843,839],"product_tag":[],"class_list":{"0":"post-23193","1":"product","2":"type-product","3":"status-publish","4":"has-post-thumbnail","6":"product_cat-catala","7":"product_cat-infantiles-ca","8":"product_cat-zona-kids-ca","9":"vinculo-el-elefante-en-la-sombra","11":"first","12":"instock","13":"taxable","14":"shipping-taxable","15":"purchasable","16":"product-type-simple"},"acf":[],"yoast_head":"<!-- This site is optimized with the Yoast SEO plugin v25.1 - https:\/\/yoast.com\/wordpress\/plugins\/seo\/ -->\n<title>L\u2019elefant a l\u2019ombra - Libros del Zorro Rojo<\/title>\n<meta name=\"robots\" content=\"index, follow, max-snippet:-1, max-image-preview:large, max-video-preview:-1\" \/>\n<link rel=\"canonical\" href=\"https:\/\/librosdelzorrorojo.com\/ca\/cataleg\/lelefant-a-lombra\/\" \/>\n<meta property=\"og:locale\" content=\"ca_ES\" \/>\n<meta property=\"og:type\" content=\"article\" \/>\n<meta property=\"og:title\" content=\"L\u2019elefant a l\u2019ombra - Libros del Zorro Rojo\" \/>\n<meta property=\"og:description\" content=\"L\u2019elefant est\u00e0 trist. S\u2019ha quedat a l\u2019ombra, i no parla ni es relaciona amb ning\u00fa. Els altres animals intenten animar-lo: el mico, que sap explicar acudits; les germanes estru\u00e7, que s\u00f3n excel\u00b7lents ballarines, i fins i tot el cocodril. Per\u00f2 l\u2019elefant no somriu, ni es mou, nom\u00e9s sospira i roman a l\u2019ombra. Llavors, un petit [&hellip;]\" \/>\n<meta property=\"og:url\" content=\"https:\/\/librosdelzorrorojo.com\/ca\/cataleg\/lelefant-a-lombra\/\" \/>\n<meta property=\"og:site_name\" content=\"Libros del Zorro Rojo\" \/>\n<meta property=\"article:modified_time\" content=\"2024-03-01T08:18:12+00:00\" \/>\n<meta property=\"og:image\" content=\"https:\/\/librosdelzorrorojo.com\/wp-content\/uploads\/2022\/09\/Baja-Cover-Elefante-CAT.jpg\" \/>\n\t<meta property=\"og:image:width\" content=\"856\" \/>\n\t<meta property=\"og:image:height\" content=\"712\" \/>\n\t<meta property=\"og:image:type\" content=\"image\/jpeg\" \/>\n<meta name=\"twitter:card\" content=\"summary_large_image\" \/>\n<meta name=\"twitter:label1\" content=\"Temps estimat de lectura\" \/>\n\t<meta name=\"twitter:data1\" content=\"1 minut\" \/>\n<script type=\"application\/ld+json\" class=\"yoast-schema-graph\">{\"@context\":\"https:\/\/schema.org\",\"@graph\":[{\"@type\":\"WebPage\",\"@id\":\"https:\/\/librosdelzorrorojo.com\/ca\/cataleg\/lelefant-a-lombra\/\",\"url\":\"https:\/\/librosdelzorrorojo.com\/ca\/cataleg\/lelefant-a-lombra\/\",\"name\":\"L\u2019elefant a l\u2019ombra - Libros del Zorro Rojo\",\"isPartOf\":{\"@id\":\"https:\/\/librosdelzorrorojo.com\/#website\"},\"primaryImageOfPage\":{\"@id\":\"https:\/\/librosdelzorrorojo.com\/ca\/cataleg\/lelefant-a-lombra\/#primaryimage\"},\"image\":{\"@id\":\"https:\/\/librosdelzorrorojo.com\/ca\/cataleg\/lelefant-a-lombra\/#primaryimage\"},\"thumbnailUrl\":\"https:\/\/librosdelzorrorojo.com\/wp-content\/uploads\/2022\/09\/Baja-Cover-Elefante-CAT.jpg\",\"datePublished\":\"2022-09-22T11:31:33+00:00\",\"dateModified\":\"2024-03-01T08:18:12+00:00\",\"breadcrumb\":{\"@id\":\"https:\/\/librosdelzorrorojo.com\/ca\/cataleg\/lelefant-a-lombra\/#breadcrumb\"},\"inLanguage\":\"ca\",\"potentialAction\":[{\"@type\":\"ReadAction\",\"target\":[\"https:\/\/librosdelzorrorojo.com\/ca\/cataleg\/lelefant-a-lombra\/\"]}]},{\"@type\":\"ImageObject\",\"inLanguage\":\"ca\",\"@id\":\"https:\/\/librosdelzorrorojo.com\/ca\/cataleg\/lelefant-a-lombra\/#primaryimage\",\"url\":\"https:\/\/librosdelzorrorojo.com\/wp-content\/uploads\/2022\/09\/Baja-Cover-Elefante-CAT.jpg\",\"contentUrl\":\"https:\/\/librosdelzorrorojo.com\/wp-content\/uploads\/2022\/09\/Baja-Cover-Elefante-CAT.jpg\",\"width\":856,\"height\":712,\"caption\":\"Baja Cover Elefante CAT\"},{\"@type\":\"BreadcrumbList\",\"@id\":\"https:\/\/librosdelzorrorojo.com\/ca\/cataleg\/lelefant-a-lombra\/#breadcrumb\",\"itemListElement\":[{\"@type\":\"ListItem\",\"position\":1,\"name\":\"Portada\",\"item\":\"https:\/\/librosdelzorrorojo.com\/ca\/\"},{\"@type\":\"ListItem\",\"position\":2,\"name\":\"Cat\u00e0leg\",\"item\":\"https:\/\/librosdelzorrorojo.com\/ca\/cataleg\/\"},{\"@type\":\"ListItem\",\"position\":3,\"name\":\"L\u2019elefant a l\u2019ombra\"}]},{\"@type\":\"WebSite\",\"@id\":\"https:\/\/librosdelzorrorojo.com\/#website\",\"url\":\"https:\/\/librosdelzorrorojo.com\/\",\"name\":\"Libros del Zorro Rojo\",\"description\":\"Libros ilustrados\",\"potentialAction\":[{\"@type\":\"SearchAction\",\"target\":{\"@type\":\"EntryPoint\",\"urlTemplate\":\"https:\/\/librosdelzorrorojo.com\/?s={search_term_string}\"},\"query-input\":{\"@type\":\"PropertyValueSpecification\",\"valueRequired\":true,\"valueName\":\"search_term_string\"}}],\"inLanguage\":\"ca\"}]}<\/script>\n<!-- \/ Yoast SEO plugin. -->","yoast_head_json":{"title":"L\u2019elefant a l\u2019ombra - Libros del Zorro Rojo","robots":{"index":"index","follow":"follow","max-snippet":"max-snippet:-1","max-image-preview":"max-image-preview:large","max-video-preview":"max-video-preview:-1"},"canonical":"https:\/\/librosdelzorrorojo.com\/ca\/cataleg\/lelefant-a-lombra\/","og_locale":"ca_ES","og_type":"article","og_title":"L\u2019elefant a l\u2019ombra - Libros del Zorro Rojo","og_description":"L\u2019elefant est\u00e0 trist. S\u2019ha quedat a l\u2019ombra, i no parla ni es relaciona amb ning\u00fa. Els altres animals intenten animar-lo: el mico, que sap explicar acudits; les germanes estru\u00e7, que s\u00f3n excel\u00b7lents ballarines, i fins i tot el cocodril. Per\u00f2 l\u2019elefant no somriu, ni es mou, nom\u00e9s sospira i roman a l\u2019ombra. Llavors, un petit [&hellip;]","og_url":"https:\/\/librosdelzorrorojo.com\/ca\/cataleg\/lelefant-a-lombra\/","og_site_name":"Libros del Zorro Rojo","article_modified_time":"2024-03-01T08:18:12+00:00","og_image":[{"width":856,"height":712,"url":"https:\/\/librosdelzorrorojo.com\/wp-content\/uploads\/2022\/09\/Baja-Cover-Elefante-CAT.jpg","type":"image\/jpeg"}],"twitter_card":"summary_large_image","twitter_misc":{"Temps estimat de lectura":"1 minut"},"schema":{"@context":"https:\/\/schema.org","@graph":[{"@type":"WebPage","@id":"https:\/\/librosdelzorrorojo.com\/ca\/cataleg\/lelefant-a-lombra\/","url":"https:\/\/librosdelzorrorojo.com\/ca\/cataleg\/lelefant-a-lombra\/","name":"L\u2019elefant a l\u2019ombra - Libros del Zorro Rojo","isPartOf":{"@id":"https:\/\/librosdelzorrorojo.com\/#website"},"primaryImageOfPage":{"@id":"https:\/\/librosdelzorrorojo.com\/ca\/cataleg\/lelefant-a-lombra\/#primaryimage"},"image":{"@id":"https:\/\/librosdelzorrorojo.com\/ca\/cataleg\/lelefant-a-lombra\/#primaryimage"},"thumbnailUrl":"https:\/\/librosdelzorrorojo.com\/wp-content\/uploads\/2022\/09\/Baja-Cover-Elefante-CAT.jpg","datePublished":"2022-09-22T11:31:33+00:00","dateModified":"2024-03-01T08:18:12+00:00","breadcrumb":{"@id":"https:\/\/librosdelzorrorojo.com\/ca\/cataleg\/lelefant-a-lombra\/#breadcrumb"},"inLanguage":"ca","potentialAction":[{"@type":"ReadAction","target":["https:\/\/librosdelzorrorojo.com\/ca\/cataleg\/lelefant-a-lombra\/"]}]},{"@type":"ImageObject","inLanguage":"ca","@id":"https:\/\/librosdelzorrorojo.com\/ca\/cataleg\/lelefant-a-lombra\/#primaryimage","url":"https:\/\/librosdelzorrorojo.com\/wp-content\/uploads\/2022\/09\/Baja-Cover-Elefante-CAT.jpg","contentUrl":"https:\/\/librosdelzorrorojo.com\/wp-content\/uploads\/2022\/09\/Baja-Cover-Elefante-CAT.jpg","width":856,"height":712,"caption":"Baja Cover Elefante CAT"},{"@type":"BreadcrumbList","@id":"https:\/\/librosdelzorrorojo.com\/ca\/cataleg\/lelefant-a-lombra\/#breadcrumb","itemListElement":[{"@type":"ListItem","position":1,"name":"Portada","item":"https:\/\/librosdelzorrorojo.com\/ca\/"},{"@type":"ListItem","position":2,"name":"Cat\u00e0leg","item":"https:\/\/librosdelzorrorojo.com\/ca\/cataleg\/"},{"@type":"ListItem","position":3,"name":"L\u2019elefant a l\u2019ombra"}]},{"@type":"WebSite","@id":"https:\/\/librosdelzorrorojo.com\/#website","url":"https:\/\/librosdelzorrorojo.com\/","name":"Libros del Zorro Rojo","description":"Libros ilustrados","potentialAction":[{"@type":"SearchAction","target":{"@type":"EntryPoint","urlTemplate":"https:\/\/librosdelzorrorojo.com\/?s={search_term_string}"},"query-input":{"@type":"PropertyValueSpecification","valueRequired":true,"valueName":"search_term_string"}}],"inLanguage":"ca"}]}},"_links":{"self":[{"href":"https:\/\/librosdelzorrorojo.com\/ca\/wp-json\/wp\/v2\/product\/23193","targetHints":{"allow":["GET"]}}],"collection":[{"href":"https:\/\/librosdelzorrorojo.com\/ca\/wp-json\/wp\/v2\/product"}],"about":[{"href":"https:\/\/librosdelzorrorojo.com\/ca\/wp-json\/wp\/v2\/types\/product"}],"wp:featuredmedia":[{"embeddable":true,"href":"https:\/\/librosdelzorrorojo.com\/ca\/wp-json\/wp\/v2\/media\/23149"}],"wp:attachment":[{"href":"https:\/\/librosdelzorrorojo.com\/ca\/wp-json\/wp\/v2\/media?parent=23193"}],"wp:term":[{"taxonomy":"product_brand","embeddable":true,"href":"https:\/\/librosdelzorrorojo.com\/ca\/wp-json\/wp\/v2\/product_brand?post=23193"},{"taxonomy":"product_cat","embeddable":true,"href":"https:\/\/librosdelzorrorojo.com\/ca\/wp-json\/wp\/v2\/product_cat?post=23193"},{"taxonomy":"product_tag","embeddable":true,"href":"https:\/\/librosdelzorrorojo.com\/ca\/wp-json\/wp\/v2\/product_tag?post=23193"}],"curies":[{"name":"wp","href":"https:\/\/api.w.org\/{rel}","templated":true}]}}