{"id":23192,"date":"2022-09-22T13:09:13","date_gmt":"2022-09-22T11:09:13","guid":{"rendered":"https:\/\/librosdelzorrorojo.com\/catalogo\/bestiario-de-los-colores\/"},"modified":"2026-04-14T13:08:44","modified_gmt":"2026-04-14T11:08:44","slug":"bestiario-de-los-colores","status":"publish","type":"product","link":"https:\/\/librosdelzorrorojo.com\/ca\/cataleg\/bestiario-de-los-colores\/","title":{"rendered":"Bestiario de los colores"},"content":{"rendered":"<p>Adrienne Barman presenta <em>Bestiario de los colores,<\/em> el nuevo t\u00edtulo de esta simp\u00e1tica colecci\u00f3n, en el que los m\u00e1s peque\u00f1os descubrir\u00e1n qu\u00e9 tonalidades visten algunos de sus animales preferidos. \u00bfDe qu\u00e9 color es la lechuza albina? \u00bfEn qu\u00e9 se parecen un camello y un caramelo? \u00bfCu\u00e1ntos animales conoces de color rosa?<\/p>\n<p>A lo largo de catorce ilustraciones, este peque\u00f1o libro de cart\u00f3n presenta a los primeros lectores escenas f\u00e1ciles de identificar, en las que disfrutar\u00e1n del abanico de colores de la naturaleza. P\u00e1gina a p\u00e1gina, el ni\u00f1o y el adulto podr\u00e1n admirar y recitar en voz alta este canto a la biodiversidad de nuestro planeta.<\/p>\n","protected":false},"excerpt":{"rendered":"Adrienne Barman presenta Bestiario de los colores, el nuevo t\u00edtulo de esta simp\u00e1tica colecci\u00f3n, en el que los m\u00e1s peque\u00f1os descubrir\u00e1n qu\u00e9 tonalidades visten algunos de sus animales preferidos. \u00bfDe qu\u00e9 color es la lechuza albina? \u00bfEn qu\u00e9 se parecen un camello y un caramelo? \u00bfCu\u00e1ntos animales conoces de color rosa? A lo largo de [&hellip;]","protected":false},"featured_media":23168,"template":"","meta":{"_acf_changed":false},"product_brand":[],"product_cat":[844,843,839],"product_tag":[],"class_list":{"0":"post-23192","1":"product","2":"type-product","3":"status-publish","4":"has-post-thumbnail","6":"product_cat-castella","7":"product_cat-infantiles-ca","8":"product_cat-zona-kids-ca","9":"vinculo-bestiario-de-los-colores","11":"first","12":"outofstock","13":"taxable","14":"shipping-taxable","15":"purchasable","16":"product-type-simple"},"acf":[],"yoast_head":"<!-- This site is optimized with the Yoast SEO plugin v25.1 - https:\/\/yoast.com\/wordpress\/plugins\/seo\/ -->\n<title>Bestiario de los colores - Libros del Zorro Rojo<\/title>\n<meta name=\"robots\" content=\"index, follow, max-snippet:-1, max-image-preview:large, max-video-preview:-1\" \/>\n<link rel=\"canonical\" href=\"https:\/\/librosdelzorrorojo.com\/ca\/cataleg\/bestiario-de-los-colores\/\" \/>\n<meta property=\"og:locale\" content=\"ca_ES\" \/>\n<meta property=\"og:type\" content=\"article\" \/>\n<meta property=\"og:title\" content=\"Bestiario de los colores - Libros del Zorro Rojo\" \/>\n<meta property=\"og:description\" content=\"Adrienne Barman presenta Bestiario de los colores, el nuevo t\u00edtulo de esta simp\u00e1tica colecci\u00f3n, en el que los m\u00e1s peque\u00f1os descubrir\u00e1n qu\u00e9 tonalidades visten algunos de sus animales preferidos. \u00bfDe qu\u00e9 color es la lechuza albina? \u00bfEn qu\u00e9 se parecen un camello y un caramelo? \u00bfCu\u00e1ntos animales conoces de color rosa? A lo largo de [&hellip;]\" \/>\n<meta property=\"og:url\" content=\"https:\/\/librosdelzorrorojo.com\/ca\/cataleg\/bestiario-de-los-colores\/\" \/>\n<meta property=\"og:site_name\" content=\"Libros del Zorro Rojo\" \/>\n<meta property=\"article:modified_time\" content=\"2026-04-14T11:08:44+00:00\" \/>\n<meta property=\"og:image\" content=\"https:\/\/librosdelzorrorojo.com\/wp-content\/uploads\/2022\/09\/Cover_Bestiario-de-los-colores-SPA_WEB.jpg\" \/>\n\t<meta property=\"og:image:width\" content=\"850\" \/>\n\t<meta property=\"og:image:height\" content=\"850\" \/>\n\t<meta property=\"og:image:type\" content=\"image\/jpeg\" \/>\n<meta name=\"twitter:card\" content=\"summary_large_image\" \/>\n<meta name=\"twitter:label1\" content=\"Temps estimat de lectura\" \/>\n\t<meta name=\"twitter:data1\" content=\"1 minut\" \/>\n<script type=\"application\/ld+json\" class=\"yoast-schema-graph\">{\"@context\":\"https:\/\/schema.org\",\"@graph\":[{\"@type\":\"WebPage\",\"@id\":\"https:\/\/librosdelzorrorojo.com\/ca\/cataleg\/bestiario-de-los-colores\/\",\"url\":\"https:\/\/librosdelzorrorojo.com\/ca\/cataleg\/bestiario-de-los-colores\/\",\"name\":\"Bestiario de los colores - Libros del Zorro Rojo\",\"isPartOf\":{\"@id\":\"https:\/\/librosdelzorrorojo.com\/#website\"},\"primaryImageOfPage\":{\"@id\":\"https:\/\/librosdelzorrorojo.com\/ca\/cataleg\/bestiario-de-los-colores\/#primaryimage\"},\"image\":{\"@id\":\"https:\/\/librosdelzorrorojo.com\/ca\/cataleg\/bestiario-de-los-colores\/#primaryimage\"},\"thumbnailUrl\":\"https:\/\/librosdelzorrorojo.com\/wp-content\/uploads\/2022\/09\/Cover_Bestiario-de-los-colores-SPA_WEB.jpg\",\"datePublished\":\"2022-09-22T11:09:13+00:00\",\"dateModified\":\"2026-04-14T11:08:44+00:00\",\"breadcrumb\":{\"@id\":\"https:\/\/librosdelzorrorojo.com\/ca\/cataleg\/bestiario-de-los-colores\/#breadcrumb\"},\"inLanguage\":\"ca\",\"potentialAction\":[{\"@type\":\"ReadAction\",\"target\":[\"https:\/\/librosdelzorrorojo.com\/ca\/cataleg\/bestiario-de-los-colores\/\"]}]},{\"@type\":\"ImageObject\",\"inLanguage\":\"ca\",\"@id\":\"https:\/\/librosdelzorrorojo.com\/ca\/cataleg\/bestiario-de-los-colores\/#primaryimage\",\"url\":\"https:\/\/librosdelzorrorojo.com\/wp-content\/uploads\/2022\/09\/Cover_Bestiario-de-los-colores-SPA_WEB.jpg\",\"contentUrl\":\"https:\/\/librosdelzorrorojo.com\/wp-content\/uploads\/2022\/09\/Cover_Bestiario-de-los-colores-SPA_WEB.jpg\",\"width\":850,\"height\":850,\"caption\":\"Cover Bestiario de los colores SPA WEB\"},{\"@type\":\"BreadcrumbList\",\"@id\":\"https:\/\/librosdelzorrorojo.com\/ca\/cataleg\/bestiario-de-los-colores\/#breadcrumb\",\"itemListElement\":[{\"@type\":\"ListItem\",\"position\":1,\"name\":\"Portada\",\"item\":\"https:\/\/librosdelzorrorojo.com\/ca\/\"},{\"@type\":\"ListItem\",\"position\":2,\"name\":\"Cat\u00e0leg\",\"item\":\"https:\/\/librosdelzorrorojo.com\/ca\/cataleg\/\"},{\"@type\":\"ListItem\",\"position\":3,\"name\":\"Bestiario de los colores\"}]},{\"@type\":\"WebSite\",\"@id\":\"https:\/\/librosdelzorrorojo.com\/#website\",\"url\":\"https:\/\/librosdelzorrorojo.com\/\",\"name\":\"Libros del Zorro Rojo\",\"description\":\"Libros ilustrados\",\"potentialAction\":[{\"@type\":\"SearchAction\",\"target\":{\"@type\":\"EntryPoint\",\"urlTemplate\":\"https:\/\/librosdelzorrorojo.com\/?s={search_term_string}\"},\"query-input\":{\"@type\":\"PropertyValueSpecification\",\"valueRequired\":true,\"valueName\":\"search_term_string\"}}],\"inLanguage\":\"ca\"}]}<\/script>\n<!-- \/ Yoast SEO plugin. -->","yoast_head_json":{"title":"Bestiario de los colores - Libros del Zorro Rojo","robots":{"index":"index","follow":"follow","max-snippet":"max-snippet:-1","max-image-preview":"max-image-preview:large","max-video-preview":"max-video-preview:-1"},"canonical":"https:\/\/librosdelzorrorojo.com\/ca\/cataleg\/bestiario-de-los-colores\/","og_locale":"ca_ES","og_type":"article","og_title":"Bestiario de los colores - Libros del Zorro Rojo","og_description":"Adrienne Barman presenta Bestiario de los colores, el nuevo t\u00edtulo de esta simp\u00e1tica colecci\u00f3n, en el que los m\u00e1s peque\u00f1os descubrir\u00e1n qu\u00e9 tonalidades visten algunos de sus animales preferidos. \u00bfDe qu\u00e9 color es la lechuza albina? \u00bfEn qu\u00e9 se parecen un camello y un caramelo? \u00bfCu\u00e1ntos animales conoces de color rosa? A lo largo de [&hellip;]","og_url":"https:\/\/librosdelzorrorojo.com\/ca\/cataleg\/bestiario-de-los-colores\/","og_site_name":"Libros del Zorro Rojo","article_modified_time":"2026-04-14T11:08:44+00:00","og_image":[{"width":850,"height":850,"url":"https:\/\/librosdelzorrorojo.com\/wp-content\/uploads\/2022\/09\/Cover_Bestiario-de-los-colores-SPA_WEB.jpg","type":"image\/jpeg"}],"twitter_card":"summary_large_image","twitter_misc":{"Temps estimat de lectura":"1 minut"},"schema":{"@context":"https:\/\/schema.org","@graph":[{"@type":"WebPage","@id":"https:\/\/librosdelzorrorojo.com\/ca\/cataleg\/bestiario-de-los-colores\/","url":"https:\/\/librosdelzorrorojo.com\/ca\/cataleg\/bestiario-de-los-colores\/","name":"Bestiario de los colores - Libros del Zorro Rojo","isPartOf":{"@id":"https:\/\/librosdelzorrorojo.com\/#website"},"primaryImageOfPage":{"@id":"https:\/\/librosdelzorrorojo.com\/ca\/cataleg\/bestiario-de-los-colores\/#primaryimage"},"image":{"@id":"https:\/\/librosdelzorrorojo.com\/ca\/cataleg\/bestiario-de-los-colores\/#primaryimage"},"thumbnailUrl":"https:\/\/librosdelzorrorojo.com\/wp-content\/uploads\/2022\/09\/Cover_Bestiario-de-los-colores-SPA_WEB.jpg","datePublished":"2022-09-22T11:09:13+00:00","dateModified":"2026-04-14T11:08:44+00:00","breadcrumb":{"@id":"https:\/\/librosdelzorrorojo.com\/ca\/cataleg\/bestiario-de-los-colores\/#breadcrumb"},"inLanguage":"ca","potentialAction":[{"@type":"ReadAction","target":["https:\/\/librosdelzorrorojo.com\/ca\/cataleg\/bestiario-de-los-colores\/"]}]},{"@type":"ImageObject","inLanguage":"ca","@id":"https:\/\/librosdelzorrorojo.com\/ca\/cataleg\/bestiario-de-los-colores\/#primaryimage","url":"https:\/\/librosdelzorrorojo.com\/wp-content\/uploads\/2022\/09\/Cover_Bestiario-de-los-colores-SPA_WEB.jpg","contentUrl":"https:\/\/librosdelzorrorojo.com\/wp-content\/uploads\/2022\/09\/Cover_Bestiario-de-los-colores-SPA_WEB.jpg","width":850,"height":850,"caption":"Cover Bestiario de los colores SPA WEB"},{"@type":"BreadcrumbList","@id":"https:\/\/librosdelzorrorojo.com\/ca\/cataleg\/bestiario-de-los-colores\/#breadcrumb","itemListElement":[{"@type":"ListItem","position":1,"name":"Portada","item":"https:\/\/librosdelzorrorojo.com\/ca\/"},{"@type":"ListItem","position":2,"name":"Cat\u00e0leg","item":"https:\/\/librosdelzorrorojo.com\/ca\/cataleg\/"},{"@type":"ListItem","position":3,"name":"Bestiario de los colores"}]},{"@type":"WebSite","@id":"https:\/\/librosdelzorrorojo.com\/#website","url":"https:\/\/librosdelzorrorojo.com\/","name":"Libros del Zorro Rojo","description":"Libros ilustrados","potentialAction":[{"@type":"SearchAction","target":{"@type":"EntryPoint","urlTemplate":"https:\/\/librosdelzorrorojo.com\/?s={search_term_string}"},"query-input":{"@type":"PropertyValueSpecification","valueRequired":true,"valueName":"search_term_string"}}],"inLanguage":"ca"}]}},"_links":{"self":[{"href":"https:\/\/librosdelzorrorojo.com\/ca\/wp-json\/wp\/v2\/product\/23192","targetHints":{"allow":["GET"]}}],"collection":[{"href":"https:\/\/librosdelzorrorojo.com\/ca\/wp-json\/wp\/v2\/product"}],"about":[{"href":"https:\/\/librosdelzorrorojo.com\/ca\/wp-json\/wp\/v2\/types\/product"}],"wp:featuredmedia":[{"embeddable":true,"href":"https:\/\/librosdelzorrorojo.com\/ca\/wp-json\/wp\/v2\/media\/23168"}],"wp:attachment":[{"href":"https:\/\/librosdelzorrorojo.com\/ca\/wp-json\/wp\/v2\/media?parent=23192"}],"wp:term":[{"taxonomy":"product_brand","embeddable":true,"href":"https:\/\/librosdelzorrorojo.com\/ca\/wp-json\/wp\/v2\/product_brand?post=23192"},{"taxonomy":"product_cat","embeddable":true,"href":"https:\/\/librosdelzorrorojo.com\/ca\/wp-json\/wp\/v2\/product_cat?post=23192"},{"taxonomy":"product_tag","embeddable":true,"href":"https:\/\/librosdelzorrorojo.com\/ca\/wp-json\/wp\/v2\/product_tag?post=23192"}],"curies":[{"name":"wp","href":"https:\/\/api.w.org\/{rel}","templated":true}]}}