{"id":23165,"date":"2022-09-22T12:56:42","date_gmt":"2022-09-22T10:56:42","guid":{"rendered":"https:\/\/librosdelzorrorojo.com\/catalogo\/discurso-de-la-servidumbre-voluntaria\/"},"modified":"2024-03-01T09:17:59","modified_gmt":"2024-03-01T08:17:59","slug":"discurso-de-la-servidumbre-voluntaria","status":"publish","type":"product","link":"https:\/\/librosdelzorrorojo.com\/ca\/cataleg\/discurso-de-la-servidumbre-voluntaria\/","title":{"rendered":"Discurso de la servidumbre voluntaria"},"content":{"rendered":"<p><em>El Discurso de la servidumbre voluntaria<\/em> (1572), de \u00c9tienne de La Bo\u00e9tie, es un texto cl\u00e1sico de la filosof\u00eda pol\u00edtica, uno de los primeros grandes alegatos contra la dominaci\u00f3n y el autoritarismo. Tambi\u00e9n conocido como El Contra Uno, su poder subversivo a\u00fan sigue vigente.<\/p>\n<p>La Bo\u00e9tie, muy admirado por su amigo Michel de Montaigne, sostiene en su acusaci\u00f3n que, contra lo que se suele creer, la servidumbre al poder de un solo hombre es en buena medida voluntaria. En su ensayo nos recuerda, sin paliativos ret\u00f3ricos, que la sumisi\u00f3n m\u00e1s salvaje no es la que irrumpe por medio de la fuerza, sino un producto de la costumbre y la pasividad.<\/p>\n<p>Esta edici\u00f3n incluye un pr\u00f3logo del joven fil\u00f3sofo Eudald Espluga, quien resalta la vigencia de las tesis de La Bo\u00e9tie, y un trabajo artesanal de carteler\u00eda, a cargo de Superabundans Haut, que percutir\u00e1 de lleno en el lector al poner el foco en el mensaje principal de esta obra: los pueblos pueden ser libres si realmente se lo proponen.<\/p>\n<p><img decoding=\"async\" src=\"https:\/\/librosdelzorrorojo.com\/wp-content\/uploads\/2021\/09\/DC-ICEC-horitzontal-cos12-bn-1-600x80.png\" alt=\"\" width=\"389\" height=\"53\" class=\"alignnone  wp-image-23703\" srcset=\"https:\/\/librosdelzorrorojo.com\/wp-content\/uploads\/2021\/09\/DC-ICEC-horitzontal-cos12-bn-1-600x80.png 600w, https:\/\/librosdelzorrorojo.com\/wp-content\/uploads\/2021\/09\/DC-ICEC-horitzontal-cos12-bn-1-1024x137.png 1024w, https:\/\/librosdelzorrorojo.com\/wp-content\/uploads\/2021\/09\/DC-ICEC-horitzontal-cos12-bn-1-768x103.png 768w, https:\/\/librosdelzorrorojo.com\/wp-content\/uploads\/2021\/09\/DC-ICEC-horitzontal-cos12-bn-1-800x107.png 800w, https:\/\/librosdelzorrorojo.com\/wp-content\/uploads\/2021\/09\/DC-ICEC-horitzontal-cos12-bn-1.png 1482w\" sizes=\"(max-width: 389px) 100vw, 389px\" \/><\/p>\n","protected":false},"excerpt":{"rendered":"El Discurso de la servidumbre voluntaria (1572), de \u00c9tienne de La Bo\u00e9tie, es un texto cl\u00e1sico de la filosof\u00eda pol\u00edtica, uno de los primeros grandes alegatos contra la dominaci\u00f3n y el autoritarismo. Tambi\u00e9n conocido como El Contra Uno, su poder subversivo a\u00fan sigue vigente. La Bo\u00e9tie, muy admirado por su amigo Michel de Montaigne, sostiene [&hellip;]","protected":false},"featured_media":23159,"template":"","meta":{"_acf_changed":false},"product_brand":[],"product_cat":[844,3156,846],"product_tag":[],"class_list":{"0":"post-23165","1":"product","2":"type-product","3":"status-publish","4":"has-post-thumbnail","6":"product_cat-castella","7":"product_cat-juvenil-adult","8":"product_cat-novedades-ca","10":"first","11":"instock","12":"taxable","13":"shipping-taxable","14":"purchasable","15":"product-type-simple"},"acf":[],"yoast_head":"<!-- This site is optimized with the Yoast SEO plugin v25.1 - https:\/\/yoast.com\/wordpress\/plugins\/seo\/ -->\n<title>Discurso de la servidumbre voluntaria - Libros del Zorro Rojo<\/title>\n<meta name=\"robots\" content=\"index, follow, max-snippet:-1, max-image-preview:large, max-video-preview:-1\" \/>\n<link rel=\"canonical\" href=\"https:\/\/librosdelzorrorojo.com\/ca\/cataleg\/discurso-de-la-servidumbre-voluntaria\/\" \/>\n<meta property=\"og:locale\" content=\"ca_ES\" \/>\n<meta property=\"og:type\" content=\"article\" \/>\n<meta property=\"og:title\" content=\"Discurso de la servidumbre voluntaria - Libros del Zorro Rojo\" \/>\n<meta property=\"og:description\" content=\"El Discurso de la servidumbre voluntaria (1572), de \u00c9tienne de La Bo\u00e9tie, es un texto cl\u00e1sico de la filosof\u00eda pol\u00edtica, uno de los primeros grandes alegatos contra la dominaci\u00f3n y el autoritarismo. Tambi\u00e9n conocido como El Contra Uno, su poder subversivo a\u00fan sigue vigente. La Bo\u00e9tie, muy admirado por su amigo Michel de Montaigne, sostiene [&hellip;]\" \/>\n<meta property=\"og:url\" content=\"https:\/\/librosdelzorrorojo.com\/ca\/cataleg\/discurso-de-la-servidumbre-voluntaria\/\" \/>\n<meta property=\"og:site_name\" content=\"Libros del Zorro Rojo\" \/>\n<meta property=\"article:modified_time\" content=\"2024-03-01T08:17:59+00:00\" \/>\n<meta property=\"og:image\" content=\"https:\/\/librosdelzorrorojo.com\/wp-content\/uploads\/2022\/09\/Cover_Discurso-servidumbre-WEB.jpg\" \/>\n\t<meta property=\"og:image:width\" content=\"850\" \/>\n\t<meta property=\"og:image:height\" content=\"1142\" \/>\n\t<meta property=\"og:image:type\" content=\"image\/jpeg\" \/>\n<meta name=\"twitter:card\" content=\"summary_large_image\" \/>\n<meta name=\"twitter:label1\" content=\"Temps estimat de lectura\" \/>\n\t<meta name=\"twitter:data1\" content=\"1 minut\" \/>\n<script type=\"application\/ld+json\" class=\"yoast-schema-graph\">{\"@context\":\"https:\/\/schema.org\",\"@graph\":[{\"@type\":\"WebPage\",\"@id\":\"https:\/\/librosdelzorrorojo.com\/ca\/cataleg\/discurso-de-la-servidumbre-voluntaria\/\",\"url\":\"https:\/\/librosdelzorrorojo.com\/ca\/cataleg\/discurso-de-la-servidumbre-voluntaria\/\",\"name\":\"Discurso de la servidumbre voluntaria - Libros del Zorro Rojo\",\"isPartOf\":{\"@id\":\"https:\/\/librosdelzorrorojo.com\/#website\"},\"primaryImageOfPage\":{\"@id\":\"https:\/\/librosdelzorrorojo.com\/ca\/cataleg\/discurso-de-la-servidumbre-voluntaria\/#primaryimage\"},\"image\":{\"@id\":\"https:\/\/librosdelzorrorojo.com\/ca\/cataleg\/discurso-de-la-servidumbre-voluntaria\/#primaryimage\"},\"thumbnailUrl\":\"https:\/\/librosdelzorrorojo.com\/wp-content\/uploads\/2022\/09\/Cover_Discurso-servidumbre-WEB.jpg\",\"datePublished\":\"2022-09-22T10:56:42+00:00\",\"dateModified\":\"2024-03-01T08:17:59+00:00\",\"breadcrumb\":{\"@id\":\"https:\/\/librosdelzorrorojo.com\/ca\/cataleg\/discurso-de-la-servidumbre-voluntaria\/#breadcrumb\"},\"inLanguage\":\"ca\",\"potentialAction\":[{\"@type\":\"ReadAction\",\"target\":[\"https:\/\/librosdelzorrorojo.com\/ca\/cataleg\/discurso-de-la-servidumbre-voluntaria\/\"]}]},{\"@type\":\"ImageObject\",\"inLanguage\":\"ca\",\"@id\":\"https:\/\/librosdelzorrorojo.com\/ca\/cataleg\/discurso-de-la-servidumbre-voluntaria\/#primaryimage\",\"url\":\"https:\/\/librosdelzorrorojo.com\/wp-content\/uploads\/2022\/09\/Cover_Discurso-servidumbre-WEB.jpg\",\"contentUrl\":\"https:\/\/librosdelzorrorojo.com\/wp-content\/uploads\/2022\/09\/Cover_Discurso-servidumbre-WEB.jpg\",\"width\":850,\"height\":1142,\"caption\":\"Cover Discurso servidumbre WEB\"},{\"@type\":\"BreadcrumbList\",\"@id\":\"https:\/\/librosdelzorrorojo.com\/ca\/cataleg\/discurso-de-la-servidumbre-voluntaria\/#breadcrumb\",\"itemListElement\":[{\"@type\":\"ListItem\",\"position\":1,\"name\":\"Portada\",\"item\":\"https:\/\/librosdelzorrorojo.com\/ca\/\"},{\"@type\":\"ListItem\",\"position\":2,\"name\":\"Cat\u00e0leg\",\"item\":\"https:\/\/librosdelzorrorojo.com\/ca\/cataleg\/\"},{\"@type\":\"ListItem\",\"position\":3,\"name\":\"Discurso de la servidumbre voluntaria\"}]},{\"@type\":\"WebSite\",\"@id\":\"https:\/\/librosdelzorrorojo.com\/#website\",\"url\":\"https:\/\/librosdelzorrorojo.com\/\",\"name\":\"Libros del Zorro Rojo\",\"description\":\"Libros ilustrados\",\"potentialAction\":[{\"@type\":\"SearchAction\",\"target\":{\"@type\":\"EntryPoint\",\"urlTemplate\":\"https:\/\/librosdelzorrorojo.com\/?s={search_term_string}\"},\"query-input\":{\"@type\":\"PropertyValueSpecification\",\"valueRequired\":true,\"valueName\":\"search_term_string\"}}],\"inLanguage\":\"ca\"}]}<\/script>\n<!-- \/ Yoast SEO plugin. -->","yoast_head_json":{"title":"Discurso de la servidumbre voluntaria - Libros del Zorro Rojo","robots":{"index":"index","follow":"follow","max-snippet":"max-snippet:-1","max-image-preview":"max-image-preview:large","max-video-preview":"max-video-preview:-1"},"canonical":"https:\/\/librosdelzorrorojo.com\/ca\/cataleg\/discurso-de-la-servidumbre-voluntaria\/","og_locale":"ca_ES","og_type":"article","og_title":"Discurso de la servidumbre voluntaria - Libros del Zorro Rojo","og_description":"El Discurso de la servidumbre voluntaria (1572), de \u00c9tienne de La Bo\u00e9tie, es un texto cl\u00e1sico de la filosof\u00eda pol\u00edtica, uno de los primeros grandes alegatos contra la dominaci\u00f3n y el autoritarismo. Tambi\u00e9n conocido como El Contra Uno, su poder subversivo a\u00fan sigue vigente. La Bo\u00e9tie, muy admirado por su amigo Michel de Montaigne, sostiene [&hellip;]","og_url":"https:\/\/librosdelzorrorojo.com\/ca\/cataleg\/discurso-de-la-servidumbre-voluntaria\/","og_site_name":"Libros del Zorro Rojo","article_modified_time":"2024-03-01T08:17:59+00:00","og_image":[{"width":850,"height":1142,"url":"https:\/\/librosdelzorrorojo.com\/wp-content\/uploads\/2022\/09\/Cover_Discurso-servidumbre-WEB.jpg","type":"image\/jpeg"}],"twitter_card":"summary_large_image","twitter_misc":{"Temps estimat de lectura":"1 minut"},"schema":{"@context":"https:\/\/schema.org","@graph":[{"@type":"WebPage","@id":"https:\/\/librosdelzorrorojo.com\/ca\/cataleg\/discurso-de-la-servidumbre-voluntaria\/","url":"https:\/\/librosdelzorrorojo.com\/ca\/cataleg\/discurso-de-la-servidumbre-voluntaria\/","name":"Discurso de la servidumbre voluntaria - Libros del Zorro Rojo","isPartOf":{"@id":"https:\/\/librosdelzorrorojo.com\/#website"},"primaryImageOfPage":{"@id":"https:\/\/librosdelzorrorojo.com\/ca\/cataleg\/discurso-de-la-servidumbre-voluntaria\/#primaryimage"},"image":{"@id":"https:\/\/librosdelzorrorojo.com\/ca\/cataleg\/discurso-de-la-servidumbre-voluntaria\/#primaryimage"},"thumbnailUrl":"https:\/\/librosdelzorrorojo.com\/wp-content\/uploads\/2022\/09\/Cover_Discurso-servidumbre-WEB.jpg","datePublished":"2022-09-22T10:56:42+00:00","dateModified":"2024-03-01T08:17:59+00:00","breadcrumb":{"@id":"https:\/\/librosdelzorrorojo.com\/ca\/cataleg\/discurso-de-la-servidumbre-voluntaria\/#breadcrumb"},"inLanguage":"ca","potentialAction":[{"@type":"ReadAction","target":["https:\/\/librosdelzorrorojo.com\/ca\/cataleg\/discurso-de-la-servidumbre-voluntaria\/"]}]},{"@type":"ImageObject","inLanguage":"ca","@id":"https:\/\/librosdelzorrorojo.com\/ca\/cataleg\/discurso-de-la-servidumbre-voluntaria\/#primaryimage","url":"https:\/\/librosdelzorrorojo.com\/wp-content\/uploads\/2022\/09\/Cover_Discurso-servidumbre-WEB.jpg","contentUrl":"https:\/\/librosdelzorrorojo.com\/wp-content\/uploads\/2022\/09\/Cover_Discurso-servidumbre-WEB.jpg","width":850,"height":1142,"caption":"Cover Discurso servidumbre WEB"},{"@type":"BreadcrumbList","@id":"https:\/\/librosdelzorrorojo.com\/ca\/cataleg\/discurso-de-la-servidumbre-voluntaria\/#breadcrumb","itemListElement":[{"@type":"ListItem","position":1,"name":"Portada","item":"https:\/\/librosdelzorrorojo.com\/ca\/"},{"@type":"ListItem","position":2,"name":"Cat\u00e0leg","item":"https:\/\/librosdelzorrorojo.com\/ca\/cataleg\/"},{"@type":"ListItem","position":3,"name":"Discurso de la servidumbre voluntaria"}]},{"@type":"WebSite","@id":"https:\/\/librosdelzorrorojo.com\/#website","url":"https:\/\/librosdelzorrorojo.com\/","name":"Libros del Zorro Rojo","description":"Libros ilustrados","potentialAction":[{"@type":"SearchAction","target":{"@type":"EntryPoint","urlTemplate":"https:\/\/librosdelzorrorojo.com\/?s={search_term_string}"},"query-input":{"@type":"PropertyValueSpecification","valueRequired":true,"valueName":"search_term_string"}}],"inLanguage":"ca"}]}},"_links":{"self":[{"href":"https:\/\/librosdelzorrorojo.com\/ca\/wp-json\/wp\/v2\/product\/23165","targetHints":{"allow":["GET"]}}],"collection":[{"href":"https:\/\/librosdelzorrorojo.com\/ca\/wp-json\/wp\/v2\/product"}],"about":[{"href":"https:\/\/librosdelzorrorojo.com\/ca\/wp-json\/wp\/v2\/types\/product"}],"wp:featuredmedia":[{"embeddable":true,"href":"https:\/\/librosdelzorrorojo.com\/ca\/wp-json\/wp\/v2\/media\/23159"}],"wp:attachment":[{"href":"https:\/\/librosdelzorrorojo.com\/ca\/wp-json\/wp\/v2\/media?parent=23165"}],"wp:term":[{"taxonomy":"product_brand","embeddable":true,"href":"https:\/\/librosdelzorrorojo.com\/ca\/wp-json\/wp\/v2\/product_brand?post=23165"},{"taxonomy":"product_cat","embeddable":true,"href":"https:\/\/librosdelzorrorojo.com\/ca\/wp-json\/wp\/v2\/product_cat?post=23165"},{"taxonomy":"product_tag","embeddable":true,"href":"https:\/\/librosdelzorrorojo.com\/ca\/wp-json\/wp\/v2\/product_tag?post=23165"}],"curies":[{"name":"wp","href":"https:\/\/api.w.org\/{rel}","templated":true}]}}