{"id":23098,"date":"2022-09-15T09:43:31","date_gmt":"2022-09-15T07:43:31","guid":{"rendered":"https:\/\/librosdelzorrorojo.com\/catalogo\/el-eco-de-mis-muertes\/"},"modified":"2026-04-24T15:17:58","modified_gmt":"2026-04-24T13:17:58","slug":"el-eco-de-mis-muertes","status":"publish","type":"product","link":"https:\/\/librosdelzorrorojo.com\/ca\/cataleg\/el-eco-de-mis-muertes\/","title":{"rendered":"El eco de mis muertes"},"content":{"rendered":"<p>El eco de mis muertes es una pieza \u00fanica que nos permite, una vez m\u00e1s, adentrarnos en la obra po\u00e9tica de la gran escritora argentina Alejandra Pizarnik a trav\u00e9s de la mirada del artista Santiago Caruso.<\/p>\n<p>Siguiendo la estela de <em>La condesa sangrienta<\/em> (Libros del Zorro Rojo, 2022), las pinturas de Caruso en El eco de mis muertes \u2014que incluye una selecci\u00f3n de fragmentos del poema \u00abAproximaciones\u00bb, escrito entre 1956 y 1958\u2014 nos llevan a emprender un recorrido por el imaginario de Pizarnik; m\u00e1s precisamente<br \/>\nsu traspaso \u00abhacia el otro lado\u00bb, hacia el universo de la palabra hecha cuerpo y, en \u00faltima instancia, hacia la muerte. La mirada minuciosa y a la vez penetrante de Caruso realza el ya m\u00edtico universo de la poeta. Un libro desplegable que deviene en un objeto imperdible, en un verdadero talism\u00e1n.<\/p>\n<p>&nbsp;<\/p>\n<p><img decoding=\"async\" src=\"https:\/\/librosdelzorrorojo.com\/wp-content\/uploads\/2023\/09\/direcci-n-general-600x171.png\" alt=\"\" width=\"233\" height=\"66\" class=\"alignnone wp-image-29112\" srcset=\"https:\/\/librosdelzorrorojo.com\/wp-content\/uploads\/2023\/09\/direcci-n-general-600x171.png 600w, https:\/\/librosdelzorrorojo.com\/wp-content\/uploads\/2023\/09\/direcci-n-general-1024x291.png 1024w, https:\/\/librosdelzorrorojo.com\/wp-content\/uploads\/2023\/09\/direcci-n-general-768x218.png 768w, https:\/\/librosdelzorrorojo.com\/wp-content\/uploads\/2023\/09\/direcci-n-general-1536x437.png 1536w, https:\/\/librosdelzorrorojo.com\/wp-content\/uploads\/2023\/09\/direcci-n-general-2048x583.png 2048w, https:\/\/librosdelzorrorojo.com\/wp-content\/uploads\/2023\/09\/direcci-n-general-800x228.png 800w\" sizes=\"(max-width: 233px) 100vw, 233px\" \/>\u00a0 \u00a0 \u00a0 <img decoding=\"async\" src=\"https:\/\/librosdelzorrorojo.com\/wp-content\/uploads\/2022\/09\/logopflprincipal-582x600.jpg\" alt=\"\" width=\"76\" height=\"78\" class=\"alignnone wp-image-29129\" srcset=\"https:\/\/librosdelzorrorojo.com\/wp-content\/uploads\/2022\/09\/logopflprincipal-582x600.jpg 582w, https:\/\/librosdelzorrorojo.com\/wp-content\/uploads\/2022\/09\/logopflprincipal-993x1024.jpg 993w, https:\/\/librosdelzorrorojo.com\/wp-content\/uploads\/2022\/09\/logopflprincipal-768x792.jpg 768w, https:\/\/librosdelzorrorojo.com\/wp-content\/uploads\/2022\/09\/logopflprincipal-1489x1536.jpg 1489w, https:\/\/librosdelzorrorojo.com\/wp-content\/uploads\/2022\/09\/logopflprincipal-800x825.jpg 800w, https:\/\/librosdelzorrorojo.com\/wp-content\/uploads\/2022\/09\/logopflprincipal.jpg 1619w\" sizes=\"(max-width: 76px) 100vw, 76px\" \/><\/p>\n","protected":false},"excerpt":{"rendered":"El eco de mis muertes es una pieza \u00fanica que nos permite, una vez m\u00e1s, adentrarnos en la obra po\u00e9tica de la gran escritora argentina Alejandra Pizarnik a trav\u00e9s de la mirada del artista Santiago Caruso. Siguiendo la estela de La condesa sangrienta (Libros del Zorro Rojo, 2022), las pinturas de Caruso en El eco [&hellip;]","protected":false},"featured_media":23080,"template":"","meta":{"_acf_changed":false},"product_brand":[],"product_cat":[844,3156,846],"product_tag":[],"class_list":{"0":"post-23098","1":"product","2":"type-product","3":"status-publish","4":"has-post-thumbnail","6":"product_cat-castella","7":"product_cat-juvenil-adult","8":"product_cat-novedades-ca","10":"first","11":"instock","12":"taxable","13":"shipping-taxable","14":"purchasable","15":"product-type-simple"},"acf":[],"yoast_head":"<!-- This site is optimized with the Yoast SEO plugin v25.1 - https:\/\/yoast.com\/wordpress\/plugins\/seo\/ -->\n<title>El eco de mis muertes - Libros del Zorro Rojo<\/title>\n<meta name=\"robots\" content=\"index, follow, max-snippet:-1, max-image-preview:large, max-video-preview:-1\" \/>\n<link rel=\"canonical\" href=\"https:\/\/librosdelzorrorojo.com\/ca\/cataleg\/el-eco-de-mis-muertes\/\" \/>\n<meta property=\"og:locale\" content=\"ca_ES\" \/>\n<meta property=\"og:type\" content=\"article\" \/>\n<meta property=\"og:title\" content=\"El eco de mis muertes - Libros del Zorro Rojo\" \/>\n<meta property=\"og:description\" content=\"El eco de mis muertes es una pieza \u00fanica que nos permite, una vez m\u00e1s, adentrarnos en la obra po\u00e9tica de la gran escritora argentina Alejandra Pizarnik a trav\u00e9s de la mirada del artista Santiago Caruso. Siguiendo la estela de La condesa sangrienta (Libros del Zorro Rojo, 2022), las pinturas de Caruso en El eco [&hellip;]\" \/>\n<meta property=\"og:url\" content=\"https:\/\/librosdelzorrorojo.com\/ca\/cataleg\/el-eco-de-mis-muertes\/\" \/>\n<meta property=\"og:site_name\" content=\"Libros del Zorro Rojo\" \/>\n<meta property=\"article:modified_time\" content=\"2026-04-24T13:17:58+00:00\" \/>\n<meta property=\"og:image\" content=\"https:\/\/librosdelzorrorojo.com\/wp-content\/uploads\/2022\/09\/Cover_Eco-de-mis-muertes_WEB.jpg\" \/>\n\t<meta property=\"og:image:width\" content=\"850\" \/>\n\t<meta property=\"og:image:height\" content=\"1330\" \/>\n\t<meta property=\"og:image:type\" content=\"image\/jpeg\" \/>\n<meta name=\"twitter:card\" content=\"summary_large_image\" \/>\n<meta name=\"twitter:label1\" content=\"Temps estimat de lectura\" \/>\n\t<meta name=\"twitter:data1\" content=\"1 minut\" \/>\n<script type=\"application\/ld+json\" class=\"yoast-schema-graph\">{\"@context\":\"https:\/\/schema.org\",\"@graph\":[{\"@type\":\"WebPage\",\"@id\":\"https:\/\/librosdelzorrorojo.com\/ca\/cataleg\/el-eco-de-mis-muertes\/\",\"url\":\"https:\/\/librosdelzorrorojo.com\/ca\/cataleg\/el-eco-de-mis-muertes\/\",\"name\":\"El eco de mis muertes - Libros del Zorro Rojo\",\"isPartOf\":{\"@id\":\"https:\/\/librosdelzorrorojo.com\/#website\"},\"primaryImageOfPage\":{\"@id\":\"https:\/\/librosdelzorrorojo.com\/ca\/cataleg\/el-eco-de-mis-muertes\/#primaryimage\"},\"image\":{\"@id\":\"https:\/\/librosdelzorrorojo.com\/ca\/cataleg\/el-eco-de-mis-muertes\/#primaryimage\"},\"thumbnailUrl\":\"https:\/\/librosdelzorrorojo.com\/wp-content\/uploads\/2022\/09\/Cover_Eco-de-mis-muertes_WEB.jpg\",\"datePublished\":\"2022-09-15T07:43:31+00:00\",\"dateModified\":\"2026-04-24T13:17:58+00:00\",\"breadcrumb\":{\"@id\":\"https:\/\/librosdelzorrorojo.com\/ca\/cataleg\/el-eco-de-mis-muertes\/#breadcrumb\"},\"inLanguage\":\"ca\",\"potentialAction\":[{\"@type\":\"ReadAction\",\"target\":[\"https:\/\/librosdelzorrorojo.com\/ca\/cataleg\/el-eco-de-mis-muertes\/\"]}]},{\"@type\":\"ImageObject\",\"inLanguage\":\"ca\",\"@id\":\"https:\/\/librosdelzorrorojo.com\/ca\/cataleg\/el-eco-de-mis-muertes\/#primaryimage\",\"url\":\"https:\/\/librosdelzorrorojo.com\/wp-content\/uploads\/2022\/09\/Cover_Eco-de-mis-muertes_WEB.jpg\",\"contentUrl\":\"https:\/\/librosdelzorrorojo.com\/wp-content\/uploads\/2022\/09\/Cover_Eco-de-mis-muertes_WEB.jpg\",\"width\":850,\"height\":1330,\"caption\":\"Cover Eco de mis muertes WEB\"},{\"@type\":\"BreadcrumbList\",\"@id\":\"https:\/\/librosdelzorrorojo.com\/ca\/cataleg\/el-eco-de-mis-muertes\/#breadcrumb\",\"itemListElement\":[{\"@type\":\"ListItem\",\"position\":1,\"name\":\"Portada\",\"item\":\"https:\/\/librosdelzorrorojo.com\/ca\/\"},{\"@type\":\"ListItem\",\"position\":2,\"name\":\"Cat\u00e0leg\",\"item\":\"https:\/\/librosdelzorrorojo.com\/ca\/cataleg\/\"},{\"@type\":\"ListItem\",\"position\":3,\"name\":\"El eco de mis muertes\"}]},{\"@type\":\"WebSite\",\"@id\":\"https:\/\/librosdelzorrorojo.com\/#website\",\"url\":\"https:\/\/librosdelzorrorojo.com\/\",\"name\":\"Libros del Zorro Rojo\",\"description\":\"Libros ilustrados\",\"potentialAction\":[{\"@type\":\"SearchAction\",\"target\":{\"@type\":\"EntryPoint\",\"urlTemplate\":\"https:\/\/librosdelzorrorojo.com\/?s={search_term_string}\"},\"query-input\":{\"@type\":\"PropertyValueSpecification\",\"valueRequired\":true,\"valueName\":\"search_term_string\"}}],\"inLanguage\":\"ca\"}]}<\/script>\n<!-- \/ Yoast SEO plugin. -->","yoast_head_json":{"title":"El eco de mis muertes - Libros del Zorro Rojo","robots":{"index":"index","follow":"follow","max-snippet":"max-snippet:-1","max-image-preview":"max-image-preview:large","max-video-preview":"max-video-preview:-1"},"canonical":"https:\/\/librosdelzorrorojo.com\/ca\/cataleg\/el-eco-de-mis-muertes\/","og_locale":"ca_ES","og_type":"article","og_title":"El eco de mis muertes - Libros del Zorro Rojo","og_description":"El eco de mis muertes es una pieza \u00fanica que nos permite, una vez m\u00e1s, adentrarnos en la obra po\u00e9tica de la gran escritora argentina Alejandra Pizarnik a trav\u00e9s de la mirada del artista Santiago Caruso. Siguiendo la estela de La condesa sangrienta (Libros del Zorro Rojo, 2022), las pinturas de Caruso en El eco [&hellip;]","og_url":"https:\/\/librosdelzorrorojo.com\/ca\/cataleg\/el-eco-de-mis-muertes\/","og_site_name":"Libros del Zorro Rojo","article_modified_time":"2026-04-24T13:17:58+00:00","og_image":[{"width":850,"height":1330,"url":"https:\/\/librosdelzorrorojo.com\/wp-content\/uploads\/2022\/09\/Cover_Eco-de-mis-muertes_WEB.jpg","type":"image\/jpeg"}],"twitter_card":"summary_large_image","twitter_misc":{"Temps estimat de lectura":"1 minut"},"schema":{"@context":"https:\/\/schema.org","@graph":[{"@type":"WebPage","@id":"https:\/\/librosdelzorrorojo.com\/ca\/cataleg\/el-eco-de-mis-muertes\/","url":"https:\/\/librosdelzorrorojo.com\/ca\/cataleg\/el-eco-de-mis-muertes\/","name":"El eco de mis muertes - Libros del Zorro Rojo","isPartOf":{"@id":"https:\/\/librosdelzorrorojo.com\/#website"},"primaryImageOfPage":{"@id":"https:\/\/librosdelzorrorojo.com\/ca\/cataleg\/el-eco-de-mis-muertes\/#primaryimage"},"image":{"@id":"https:\/\/librosdelzorrorojo.com\/ca\/cataleg\/el-eco-de-mis-muertes\/#primaryimage"},"thumbnailUrl":"https:\/\/librosdelzorrorojo.com\/wp-content\/uploads\/2022\/09\/Cover_Eco-de-mis-muertes_WEB.jpg","datePublished":"2022-09-15T07:43:31+00:00","dateModified":"2026-04-24T13:17:58+00:00","breadcrumb":{"@id":"https:\/\/librosdelzorrorojo.com\/ca\/cataleg\/el-eco-de-mis-muertes\/#breadcrumb"},"inLanguage":"ca","potentialAction":[{"@type":"ReadAction","target":["https:\/\/librosdelzorrorojo.com\/ca\/cataleg\/el-eco-de-mis-muertes\/"]}]},{"@type":"ImageObject","inLanguage":"ca","@id":"https:\/\/librosdelzorrorojo.com\/ca\/cataleg\/el-eco-de-mis-muertes\/#primaryimage","url":"https:\/\/librosdelzorrorojo.com\/wp-content\/uploads\/2022\/09\/Cover_Eco-de-mis-muertes_WEB.jpg","contentUrl":"https:\/\/librosdelzorrorojo.com\/wp-content\/uploads\/2022\/09\/Cover_Eco-de-mis-muertes_WEB.jpg","width":850,"height":1330,"caption":"Cover Eco de mis muertes WEB"},{"@type":"BreadcrumbList","@id":"https:\/\/librosdelzorrorojo.com\/ca\/cataleg\/el-eco-de-mis-muertes\/#breadcrumb","itemListElement":[{"@type":"ListItem","position":1,"name":"Portada","item":"https:\/\/librosdelzorrorojo.com\/ca\/"},{"@type":"ListItem","position":2,"name":"Cat\u00e0leg","item":"https:\/\/librosdelzorrorojo.com\/ca\/cataleg\/"},{"@type":"ListItem","position":3,"name":"El eco de mis muertes"}]},{"@type":"WebSite","@id":"https:\/\/librosdelzorrorojo.com\/#website","url":"https:\/\/librosdelzorrorojo.com\/","name":"Libros del Zorro Rojo","description":"Libros ilustrados","potentialAction":[{"@type":"SearchAction","target":{"@type":"EntryPoint","urlTemplate":"https:\/\/librosdelzorrorojo.com\/?s={search_term_string}"},"query-input":{"@type":"PropertyValueSpecification","valueRequired":true,"valueName":"search_term_string"}}],"inLanguage":"ca"}]}},"_links":{"self":[{"href":"https:\/\/librosdelzorrorojo.com\/ca\/wp-json\/wp\/v2\/product\/23098","targetHints":{"allow":["GET"]}}],"collection":[{"href":"https:\/\/librosdelzorrorojo.com\/ca\/wp-json\/wp\/v2\/product"}],"about":[{"href":"https:\/\/librosdelzorrorojo.com\/ca\/wp-json\/wp\/v2\/types\/product"}],"wp:featuredmedia":[{"embeddable":true,"href":"https:\/\/librosdelzorrorojo.com\/ca\/wp-json\/wp\/v2\/media\/23080"}],"wp:attachment":[{"href":"https:\/\/librosdelzorrorojo.com\/ca\/wp-json\/wp\/v2\/media?parent=23098"}],"wp:term":[{"taxonomy":"product_brand","embeddable":true,"href":"https:\/\/librosdelzorrorojo.com\/ca\/wp-json\/wp\/v2\/product_brand?post=23098"},{"taxonomy":"product_cat","embeddable":true,"href":"https:\/\/librosdelzorrorojo.com\/ca\/wp-json\/wp\/v2\/product_cat?post=23098"},{"taxonomy":"product_tag","embeddable":true,"href":"https:\/\/librosdelzorrorojo.com\/ca\/wp-json\/wp\/v2\/product_tag?post=23098"}],"curies":[{"name":"wp","href":"https:\/\/api.w.org\/{rel}","templated":true}]}}