{"id":23072,"date":"2022-10-18T10:53:55","date_gmt":"2022-10-18T08:53:55","guid":{"rendered":"https:\/\/librosdelzorrorojo.com\/catalogo\/donde-esta-l-merito\/"},"modified":"2025-12-10T11:33:27","modified_gmt":"2025-12-10T10:33:27","slug":"donde-esta-l-merito","status":"publish","type":"product","link":"https:\/\/librosdelzorrorojo.com\/ca\/cataleg\/donde-esta-l-merito\/","title":{"rendered":"\u00bfD\u00f3nde est\u00e1 L-M\u00e9rito?"},"content":{"rendered":"<p><span><strong>\u00bfD\u00f3nde est\u00e1 L-M\u00e9rito?<\/strong><br \/>\n<strong>Una historia de ficci\u00f3n basada en hechos reales<\/strong><br \/>\n<\/span><\/p>\n<p><span>Acomp\u00e1\u00f1anos en un viaje en busca de alguien a quien todos conocemos. Encontrarlo no ser\u00e1 tarea f\u00e1cil; L-M\u00e9rito es un hombre dif\u00edcil de atrapar. Nos ba\u00f1aremos en las aguas de Sanxenxo. Practicaremos nuestra punter\u00eda en las selvas de Botsuana. Bailaremos en discotecas de la Costa del Sol. Asistiremos a lujosos banquetes en palacio. Regatearemos en los zocos de Dub\u00e1i. Salvaremos el pa\u00eds en el Congreso de los Diputados. Nos deslizaremos por las pistas de Baqueira y todav\u00eda tendremos tiempo para disfrutar de unos cuantos juegos de mesa y cerrarle el pico al populismo bolivariano. Recorreremos el planeta de punta a punta, reviviremos los momentos clave de la historia de nuestro pa\u00eds, nos encontraremos con algunos de los famosos m\u00e1s importantes de Espa\u00f1a, pero\u2026 \u00bfD\u00f3nde est\u00e1 L-M\u00e9rito?<\/span><\/p>\n","protected":false},"excerpt":{"rendered":"\u00bfD\u00f3nde est\u00e1 L-M\u00e9rito? Una historia de ficci\u00f3n basada en hechos reales Acomp\u00e1\u00f1anos en un viaje en busca de alguien a quien todos conocemos. Encontrarlo no ser\u00e1 tarea f\u00e1cil; L-M\u00e9rito es un hombre dif\u00edcil de atrapar. Nos ba\u00f1aremos en las aguas de Sanxenxo. Practicaremos nuestra punter\u00eda en las selvas de Botsuana. Bailaremos en discotecas de la [&hellip;]","protected":false},"featured_media":23413,"template":"","meta":{"_acf_changed":false},"product_brand":[],"product_cat":[844,3156,846],"product_tag":[],"class_list":{"0":"post-23072","1":"product","2":"type-product","3":"status-publish","4":"has-post-thumbnail","6":"product_cat-castella","7":"product_cat-juvenil-adult","8":"product_cat-novedades-ca","10":"first","11":"instock","12":"taxable","13":"shipping-taxable","14":"purchasable","15":"product-type-simple"},"acf":[],"yoast_head":"<!-- This site is optimized with the Yoast SEO plugin v25.1 - https:\/\/yoast.com\/wordpress\/plugins\/seo\/ -->\n<title>\u00bfD\u00f3nde est\u00e1 L-M\u00e9rito? - Libros del Zorro Rojo<\/title>\n<meta name=\"robots\" content=\"index, follow, max-snippet:-1, max-image-preview:large, max-video-preview:-1\" \/>\n<link rel=\"canonical\" href=\"https:\/\/librosdelzorrorojo.com\/ca\/cataleg\/donde-esta-l-merito\/\" \/>\n<meta property=\"og:locale\" content=\"ca_ES\" \/>\n<meta property=\"og:type\" content=\"article\" \/>\n<meta property=\"og:title\" content=\"\u00bfD\u00f3nde est\u00e1 L-M\u00e9rito? - Libros del Zorro Rojo\" \/>\n<meta property=\"og:description\" content=\"\u00bfD\u00f3nde est\u00e1 L-M\u00e9rito? Una historia de ficci\u00f3n basada en hechos reales Acomp\u00e1\u00f1anos en un viaje en busca de alguien a quien todos conocemos. Encontrarlo no ser\u00e1 tarea f\u00e1cil; L-M\u00e9rito es un hombre dif\u00edcil de atrapar. Nos ba\u00f1aremos en las aguas de Sanxenxo. Practicaremos nuestra punter\u00eda en las selvas de Botsuana. Bailaremos en discotecas de la [&hellip;]\" \/>\n<meta property=\"og:url\" content=\"https:\/\/librosdelzorrorojo.com\/ca\/cataleg\/donde-esta-l-merito\/\" \/>\n<meta property=\"og:site_name\" content=\"Libros del Zorro Rojo\" \/>\n<meta property=\"article:modified_time\" content=\"2025-12-10T10:33:27+00:00\" \/>\n<meta property=\"og:image\" content=\"https:\/\/librosdelzorrorojo.com\/wp-content\/uploads\/2022\/09\/Cover-L-Merito-Baja.jpg\" \/>\n\t<meta property=\"og:image:width\" content=\"700\" \/>\n\t<meta property=\"og:image:height\" content=\"854\" \/>\n\t<meta property=\"og:image:type\" content=\"image\/jpeg\" \/>\n<meta name=\"twitter:card\" content=\"summary_large_image\" \/>\n<meta name=\"twitter:label1\" content=\"Temps estimat de lectura\" \/>\n\t<meta name=\"twitter:data1\" content=\"1 minut\" \/>\n<script type=\"application\/ld+json\" class=\"yoast-schema-graph\">{\"@context\":\"https:\/\/schema.org\",\"@graph\":[{\"@type\":\"WebPage\",\"@id\":\"https:\/\/librosdelzorrorojo.com\/ca\/cataleg\/donde-esta-l-merito\/\",\"url\":\"https:\/\/librosdelzorrorojo.com\/ca\/cataleg\/donde-esta-l-merito\/\",\"name\":\"\u00bfD\u00f3nde est\u00e1 L-M\u00e9rito? - Libros del Zorro Rojo\",\"isPartOf\":{\"@id\":\"https:\/\/librosdelzorrorojo.com\/#website\"},\"primaryImageOfPage\":{\"@id\":\"https:\/\/librosdelzorrorojo.com\/ca\/cataleg\/donde-esta-l-merito\/#primaryimage\"},\"image\":{\"@id\":\"https:\/\/librosdelzorrorojo.com\/ca\/cataleg\/donde-esta-l-merito\/#primaryimage\"},\"thumbnailUrl\":\"https:\/\/librosdelzorrorojo.com\/wp-content\/uploads\/2022\/09\/Cover-L-Merito-Baja.jpg\",\"datePublished\":\"2022-10-18T08:53:55+00:00\",\"dateModified\":\"2025-12-10T10:33:27+00:00\",\"breadcrumb\":{\"@id\":\"https:\/\/librosdelzorrorojo.com\/ca\/cataleg\/donde-esta-l-merito\/#breadcrumb\"},\"inLanguage\":\"ca\",\"potentialAction\":[{\"@type\":\"ReadAction\",\"target\":[\"https:\/\/librosdelzorrorojo.com\/ca\/cataleg\/donde-esta-l-merito\/\"]}]},{\"@type\":\"ImageObject\",\"inLanguage\":\"ca\",\"@id\":\"https:\/\/librosdelzorrorojo.com\/ca\/cataleg\/donde-esta-l-merito\/#primaryimage\",\"url\":\"https:\/\/librosdelzorrorojo.com\/wp-content\/uploads\/2022\/09\/Cover-L-Merito-Baja.jpg\",\"contentUrl\":\"https:\/\/librosdelzorrorojo.com\/wp-content\/uploads\/2022\/09\/Cover-L-Merito-Baja.jpg\",\"width\":700,\"height\":854,\"caption\":\"Cover L Merito Baja\"},{\"@type\":\"BreadcrumbList\",\"@id\":\"https:\/\/librosdelzorrorojo.com\/ca\/cataleg\/donde-esta-l-merito\/#breadcrumb\",\"itemListElement\":[{\"@type\":\"ListItem\",\"position\":1,\"name\":\"Portada\",\"item\":\"https:\/\/librosdelzorrorojo.com\/ca\/\"},{\"@type\":\"ListItem\",\"position\":2,\"name\":\"Cat\u00e0leg\",\"item\":\"https:\/\/librosdelzorrorojo.com\/ca\/cataleg\/\"},{\"@type\":\"ListItem\",\"position\":3,\"name\":\"\u00bfD\u00f3nde est\u00e1 L-M\u00e9rito?\"}]},{\"@type\":\"WebSite\",\"@id\":\"https:\/\/librosdelzorrorojo.com\/#website\",\"url\":\"https:\/\/librosdelzorrorojo.com\/\",\"name\":\"Libros del Zorro Rojo\",\"description\":\"Libros ilustrados\",\"potentialAction\":[{\"@type\":\"SearchAction\",\"target\":{\"@type\":\"EntryPoint\",\"urlTemplate\":\"https:\/\/librosdelzorrorojo.com\/?s={search_term_string}\"},\"query-input\":{\"@type\":\"PropertyValueSpecification\",\"valueRequired\":true,\"valueName\":\"search_term_string\"}}],\"inLanguage\":\"ca\"}]}<\/script>\n<!-- \/ Yoast SEO plugin. -->","yoast_head_json":{"title":"\u00bfD\u00f3nde est\u00e1 L-M\u00e9rito? - Libros del Zorro Rojo","robots":{"index":"index","follow":"follow","max-snippet":"max-snippet:-1","max-image-preview":"max-image-preview:large","max-video-preview":"max-video-preview:-1"},"canonical":"https:\/\/librosdelzorrorojo.com\/ca\/cataleg\/donde-esta-l-merito\/","og_locale":"ca_ES","og_type":"article","og_title":"\u00bfD\u00f3nde est\u00e1 L-M\u00e9rito? - Libros del Zorro Rojo","og_description":"\u00bfD\u00f3nde est\u00e1 L-M\u00e9rito? Una historia de ficci\u00f3n basada en hechos reales Acomp\u00e1\u00f1anos en un viaje en busca de alguien a quien todos conocemos. Encontrarlo no ser\u00e1 tarea f\u00e1cil; L-M\u00e9rito es un hombre dif\u00edcil de atrapar. Nos ba\u00f1aremos en las aguas de Sanxenxo. Practicaremos nuestra punter\u00eda en las selvas de Botsuana. Bailaremos en discotecas de la [&hellip;]","og_url":"https:\/\/librosdelzorrorojo.com\/ca\/cataleg\/donde-esta-l-merito\/","og_site_name":"Libros del Zorro Rojo","article_modified_time":"2025-12-10T10:33:27+00:00","og_image":[{"width":700,"height":854,"url":"https:\/\/librosdelzorrorojo.com\/wp-content\/uploads\/2022\/09\/Cover-L-Merito-Baja.jpg","type":"image\/jpeg"}],"twitter_card":"summary_large_image","twitter_misc":{"Temps estimat de lectura":"1 minut"},"schema":{"@context":"https:\/\/schema.org","@graph":[{"@type":"WebPage","@id":"https:\/\/librosdelzorrorojo.com\/ca\/cataleg\/donde-esta-l-merito\/","url":"https:\/\/librosdelzorrorojo.com\/ca\/cataleg\/donde-esta-l-merito\/","name":"\u00bfD\u00f3nde est\u00e1 L-M\u00e9rito? - Libros del Zorro Rojo","isPartOf":{"@id":"https:\/\/librosdelzorrorojo.com\/#website"},"primaryImageOfPage":{"@id":"https:\/\/librosdelzorrorojo.com\/ca\/cataleg\/donde-esta-l-merito\/#primaryimage"},"image":{"@id":"https:\/\/librosdelzorrorojo.com\/ca\/cataleg\/donde-esta-l-merito\/#primaryimage"},"thumbnailUrl":"https:\/\/librosdelzorrorojo.com\/wp-content\/uploads\/2022\/09\/Cover-L-Merito-Baja.jpg","datePublished":"2022-10-18T08:53:55+00:00","dateModified":"2025-12-10T10:33:27+00:00","breadcrumb":{"@id":"https:\/\/librosdelzorrorojo.com\/ca\/cataleg\/donde-esta-l-merito\/#breadcrumb"},"inLanguage":"ca","potentialAction":[{"@type":"ReadAction","target":["https:\/\/librosdelzorrorojo.com\/ca\/cataleg\/donde-esta-l-merito\/"]}]},{"@type":"ImageObject","inLanguage":"ca","@id":"https:\/\/librosdelzorrorojo.com\/ca\/cataleg\/donde-esta-l-merito\/#primaryimage","url":"https:\/\/librosdelzorrorojo.com\/wp-content\/uploads\/2022\/09\/Cover-L-Merito-Baja.jpg","contentUrl":"https:\/\/librosdelzorrorojo.com\/wp-content\/uploads\/2022\/09\/Cover-L-Merito-Baja.jpg","width":700,"height":854,"caption":"Cover L Merito Baja"},{"@type":"BreadcrumbList","@id":"https:\/\/librosdelzorrorojo.com\/ca\/cataleg\/donde-esta-l-merito\/#breadcrumb","itemListElement":[{"@type":"ListItem","position":1,"name":"Portada","item":"https:\/\/librosdelzorrorojo.com\/ca\/"},{"@type":"ListItem","position":2,"name":"Cat\u00e0leg","item":"https:\/\/librosdelzorrorojo.com\/ca\/cataleg\/"},{"@type":"ListItem","position":3,"name":"\u00bfD\u00f3nde est\u00e1 L-M\u00e9rito?"}]},{"@type":"WebSite","@id":"https:\/\/librosdelzorrorojo.com\/#website","url":"https:\/\/librosdelzorrorojo.com\/","name":"Libros del Zorro Rojo","description":"Libros ilustrados","potentialAction":[{"@type":"SearchAction","target":{"@type":"EntryPoint","urlTemplate":"https:\/\/librosdelzorrorojo.com\/?s={search_term_string}"},"query-input":{"@type":"PropertyValueSpecification","valueRequired":true,"valueName":"search_term_string"}}],"inLanguage":"ca"}]}},"_links":{"self":[{"href":"https:\/\/librosdelzorrorojo.com\/ca\/wp-json\/wp\/v2\/product\/23072","targetHints":{"allow":["GET"]}}],"collection":[{"href":"https:\/\/librosdelzorrorojo.com\/ca\/wp-json\/wp\/v2\/product"}],"about":[{"href":"https:\/\/librosdelzorrorojo.com\/ca\/wp-json\/wp\/v2\/types\/product"}],"wp:featuredmedia":[{"embeddable":true,"href":"https:\/\/librosdelzorrorojo.com\/ca\/wp-json\/wp\/v2\/media\/23413"}],"wp:attachment":[{"href":"https:\/\/librosdelzorrorojo.com\/ca\/wp-json\/wp\/v2\/media?parent=23072"}],"wp:term":[{"taxonomy":"product_brand","embeddable":true,"href":"https:\/\/librosdelzorrorojo.com\/ca\/wp-json\/wp\/v2\/product_brand?post=23072"},{"taxonomy":"product_cat","embeddable":true,"href":"https:\/\/librosdelzorrorojo.com\/ca\/wp-json\/wp\/v2\/product_cat?post=23072"},{"taxonomy":"product_tag","embeddable":true,"href":"https:\/\/librosdelzorrorojo.com\/ca\/wp-json\/wp\/v2\/product_tag?post=23072"}],"curies":[{"name":"wp","href":"https:\/\/api.w.org\/{rel}","templated":true}]}}