{"id":2305,"date":"2000-09-27T12:00:27","date_gmt":"2000-09-27T10:00:27","guid":{"rendered":"https:\/\/produccion.librosdelzorrorojo.com\/libros\/bestiari-de-les-emocions\/"},"modified":"2025-07-16T09:12:40","modified_gmt":"2025-07-16T07:12:40","slug":"bestiari-de-les-emocions","status":"publish","type":"product","link":"https:\/\/librosdelzorrorojo.com\/ca\/cataleg\/bestiari-de-les-emocions\/","title":{"rendered":"Bestiari de les emocions"},"content":{"rendered":"<p class=\"p1\">Des d\u2019una perspectiva que combina l\u2019humor, l\u2019art, la fantasia i la simpatia m\u00e9s esbojarrada, Adrienne Barman recupera en aquest divertit repertori d\u2019emocions alguns dels animals que van desfilar pel seu popular<span>\u00a0<\/span><em>Bestiario.<\/em><span>\u00a0<\/span>El guacamai, la cabra blanca, el panda gegant o una parella de gibons s\u00f3n, entre d\u2019altres, els sorprenents personatges d\u2019un mostrari salvatge d\u2019animals enamorats, ansiosos, despreocupats o contents, representats en el seu entorn natural i f\u00e0cilment identificables pels m\u00e9s petits.<\/p>\n<p>Un llibre de cartr\u00f3, pensat per seduir els primers lectors gr\u00e0cies al seu petit format, manejable i a les seves il\u00b7lustracions acolorides, originals i irresistibles. Com se sent un hipop\u00f2tam dins l\u2019aigua? Per qu\u00e8 fa aquesta cara el lle\u00f3? Qu\u00e8 estar\u00e0 pensant el porc senglar? P\u00e0gina rere p\u00e0gina, la lectura s\u2019enriqueix amb la interacci\u00f3 del nen i l\u2019adult, convertint aquesta publicaci\u00f3 en una eina excel\u00b7lent per a entrendre les emocions, recon\u00e8ixer-les a trav\u00e9s de la interpretaci\u00f3 de les actituds i els gestos, aprendre vocabulari i desenvolupar empatia. El \u00abbestial\u00bb univers d\u2019Adrienne Barman es desplega novament davant dels nostres ulls en aquest llibre pedag\u00f2gic conformat per catorze il\u00b7lustracions vibrants, elaborades amb el seu peculiar enginy i sentit de l\u2019humor.<\/p>\n<p>&nbsp;<\/p>\n<p>&nbsp;<\/p>\n","protected":false},"excerpt":{"rendered":"Des d\u2019una perspectiva que combina l\u2019humor, l\u2019art, la fantasia i la simpatia m\u00e9s esbojarrada, Adrienne Barman recupera en aquest divertit repertori d\u2019emocions alguns dels animals que van desfilar pel seu popular<span>\u00a0<\/span><em>Bestiario.<\/em><span>\u00a0<\/span>El guacamai, la cabra blanca, el panda gegant o una parella de gibons s\u00f3n, entre d\u2019altres, els sorprenents personatges d\u2019un mostrari salvatge d\u2019animals enamorats, ansiosos, despreocupats o contents, representats en el seu entorn natural i f\u00e0cilment identificables pels m\u00e9s petits","protected":false},"featured_media":3307,"template":"","meta":{"_acf_changed":false},"product_brand":[],"product_cat":[840,839],"product_tag":[],"class_list":{"0":"post-2305","1":"product","2":"type-product","3":"status-publish","4":"has-post-thumbnail","6":"product_cat-catala","7":"product_cat-zona-kids-ca","8":"vinculo-bestiario-de-las-emociones","10":"first","11":"instock","12":"taxable","13":"shipping-taxable","14":"purchasable","15":"product-type-simple"},"acf":[],"yoast_head":"<!-- This site is optimized with the Yoast SEO plugin v25.1 - https:\/\/yoast.com\/wordpress\/plugins\/seo\/ -->\n<title>Bestiari de les emocions<\/title>\n<meta name=\"description\" content=\"Des d\u2019una perspectiva que combina l\u2019humor, l\u2019art, la fantasia i la simpatia m\u00e9s esbojarrada, Adrienne Barman recupera en aquest divertit repertori\" \/>\n<meta name=\"robots\" content=\"index, follow, max-snippet:-1, max-image-preview:large, max-video-preview:-1\" \/>\n<link rel=\"canonical\" href=\"https:\/\/librosdelzorrorojo.com\/ca\/cataleg\/bestiari-de-les-emocions\/\" \/>\n<meta property=\"og:locale\" content=\"ca_ES\" \/>\n<meta property=\"og:type\" content=\"article\" \/>\n<meta property=\"og:title\" content=\"Bestiari de les emocions\" \/>\n<meta property=\"og:description\" content=\"Des d\u2019una perspectiva que combina l\u2019humor, l\u2019art, la fantasia i la simpatia m\u00e9s esbojarrada, Adrienne Barman recupera en aquest divertit repertori\" \/>\n<meta property=\"og:url\" content=\"https:\/\/librosdelzorrorojo.com\/ca\/cataleg\/bestiari-de-les-emocions\/\" \/>\n<meta property=\"og:site_name\" content=\"Libros del Zorro Rojo\" \/>\n<meta property=\"article:modified_time\" content=\"2025-07-16T07:12:40+00:00\" \/>\n<meta property=\"og:image\" content=\"https:\/\/librosdelzorrorojo.com\/wp-content\/uploads\/2017\/11\/libros-del-zorro-rojo-bestiari-de-les-emocions-adrienne-barman-9788494674471-2.jpg\" \/>\n\t<meta property=\"og:image:width\" content=\"1200\" \/>\n\t<meta property=\"og:image:height\" content=\"601\" \/>\n\t<meta property=\"og:image:type\" content=\"image\/jpeg\" \/>\n<meta name=\"twitter:card\" content=\"summary_large_image\" \/>\n<meta name=\"twitter:label1\" content=\"Temps estimat de lectura\" \/>\n\t<meta name=\"twitter:data1\" content=\"1 minut\" \/>\n<script type=\"application\/ld+json\" class=\"yoast-schema-graph\">{\"@context\":\"https:\/\/schema.org\",\"@graph\":[{\"@type\":\"WebPage\",\"@id\":\"https:\/\/librosdelzorrorojo.com\/ca\/cataleg\/bestiari-de-les-emocions\/\",\"url\":\"https:\/\/librosdelzorrorojo.com\/ca\/cataleg\/bestiari-de-les-emocions\/\",\"name\":\"Bestiari de les emocions\",\"isPartOf\":{\"@id\":\"https:\/\/librosdelzorrorojo.com\/#website\"},\"primaryImageOfPage\":{\"@id\":\"https:\/\/librosdelzorrorojo.com\/ca\/cataleg\/bestiari-de-les-emocions\/#primaryimage\"},\"image\":{\"@id\":\"https:\/\/librosdelzorrorojo.com\/ca\/cataleg\/bestiari-de-les-emocions\/#primaryimage\"},\"thumbnailUrl\":\"https:\/\/librosdelzorrorojo.com\/wp-content\/uploads\/2017\/11\/libros-del-zorro-rojo-bestiari-de-les-emocions-adrienne-barman-9788494674471-1-e1525357491556.jpg\",\"datePublished\":\"2000-09-27T10:00:27+00:00\",\"dateModified\":\"2025-07-16T07:12:40+00:00\",\"description\":\"Des d\u2019una perspectiva que combina l\u2019humor, l\u2019art, la fantasia i la simpatia m\u00e9s esbojarrada, Adrienne Barman recupera en aquest divertit repertori\",\"breadcrumb\":{\"@id\":\"https:\/\/librosdelzorrorojo.com\/ca\/cataleg\/bestiari-de-les-emocions\/#breadcrumb\"},\"inLanguage\":\"ca\",\"potentialAction\":[{\"@type\":\"ReadAction\",\"target\":[\"https:\/\/librosdelzorrorojo.com\/ca\/cataleg\/bestiari-de-les-emocions\/\"]}]},{\"@type\":\"ImageObject\",\"inLanguage\":\"ca\",\"@id\":\"https:\/\/librosdelzorrorojo.com\/ca\/cataleg\/bestiari-de-les-emocions\/#primaryimage\",\"url\":\"https:\/\/librosdelzorrorojo.com\/wp-content\/uploads\/2017\/11\/libros-del-zorro-rojo-bestiari-de-les-emocions-adrienne-barman-9788494674471-1-e1525357491556.jpg\",\"contentUrl\":\"https:\/\/librosdelzorrorojo.com\/wp-content\/uploads\/2017\/11\/libros-del-zorro-rojo-bestiari-de-les-emocions-adrienne-barman-9788494674471-1-e1525357491556.jpg\",\"width\":850,\"height\":849,\"caption\":\"libros del zorro rojo bestiari de les emocions adrienne barman 9788494674471 1 e1525357491556\"},{\"@type\":\"BreadcrumbList\",\"@id\":\"https:\/\/librosdelzorrorojo.com\/ca\/cataleg\/bestiari-de-les-emocions\/#breadcrumb\",\"itemListElement\":[{\"@type\":\"ListItem\",\"position\":1,\"name\":\"Portada\",\"item\":\"https:\/\/librosdelzorrorojo.com\/ca\/\"},{\"@type\":\"ListItem\",\"position\":2,\"name\":\"Cat\u00e0leg\",\"item\":\"https:\/\/librosdelzorrorojo.com\/ca\/cataleg\/\"},{\"@type\":\"ListItem\",\"position\":3,\"name\":\"Bestiari de les emocions\"}]},{\"@type\":\"WebSite\",\"@id\":\"https:\/\/librosdelzorrorojo.com\/#website\",\"url\":\"https:\/\/librosdelzorrorojo.com\/\",\"name\":\"Libros del Zorro Rojo\",\"description\":\"Libros ilustrados\",\"potentialAction\":[{\"@type\":\"SearchAction\",\"target\":{\"@type\":\"EntryPoint\",\"urlTemplate\":\"https:\/\/librosdelzorrorojo.com\/?s={search_term_string}\"},\"query-input\":{\"@type\":\"PropertyValueSpecification\",\"valueRequired\":true,\"valueName\":\"search_term_string\"}}],\"inLanguage\":\"ca\"}]}<\/script>\n<!-- \/ Yoast SEO plugin. -->","yoast_head_json":{"title":"Bestiari de les emocions","description":"Des d\u2019una perspectiva que combina l\u2019humor, l\u2019art, la fantasia i la simpatia m\u00e9s esbojarrada, Adrienne Barman recupera en aquest divertit repertori","robots":{"index":"index","follow":"follow","max-snippet":"max-snippet:-1","max-image-preview":"max-image-preview:large","max-video-preview":"max-video-preview:-1"},"canonical":"https:\/\/librosdelzorrorojo.com\/ca\/cataleg\/bestiari-de-les-emocions\/","og_locale":"ca_ES","og_type":"article","og_title":"Bestiari de les emocions","og_description":"Des d\u2019una perspectiva que combina l\u2019humor, l\u2019art, la fantasia i la simpatia m\u00e9s esbojarrada, Adrienne Barman recupera en aquest divertit repertori","og_url":"https:\/\/librosdelzorrorojo.com\/ca\/cataleg\/bestiari-de-les-emocions\/","og_site_name":"Libros del Zorro Rojo","article_modified_time":"2025-07-16T07:12:40+00:00","og_image":[{"width":1200,"height":601,"url":"https:\/\/librosdelzorrorojo.com\/wp-content\/uploads\/2017\/11\/libros-del-zorro-rojo-bestiari-de-les-emocions-adrienne-barman-9788494674471-2.jpg","type":"image\/jpeg"}],"twitter_card":"summary_large_image","twitter_misc":{"Temps estimat de lectura":"1 minut"},"schema":{"@context":"https:\/\/schema.org","@graph":[{"@type":"WebPage","@id":"https:\/\/librosdelzorrorojo.com\/ca\/cataleg\/bestiari-de-les-emocions\/","url":"https:\/\/librosdelzorrorojo.com\/ca\/cataleg\/bestiari-de-les-emocions\/","name":"Bestiari de les emocions","isPartOf":{"@id":"https:\/\/librosdelzorrorojo.com\/#website"},"primaryImageOfPage":{"@id":"https:\/\/librosdelzorrorojo.com\/ca\/cataleg\/bestiari-de-les-emocions\/#primaryimage"},"image":{"@id":"https:\/\/librosdelzorrorojo.com\/ca\/cataleg\/bestiari-de-les-emocions\/#primaryimage"},"thumbnailUrl":"https:\/\/librosdelzorrorojo.com\/wp-content\/uploads\/2017\/11\/libros-del-zorro-rojo-bestiari-de-les-emocions-adrienne-barman-9788494674471-1-e1525357491556.jpg","datePublished":"2000-09-27T10:00:27+00:00","dateModified":"2025-07-16T07:12:40+00:00","description":"Des d\u2019una perspectiva que combina l\u2019humor, l\u2019art, la fantasia i la simpatia m\u00e9s esbojarrada, Adrienne Barman recupera en aquest divertit repertori","breadcrumb":{"@id":"https:\/\/librosdelzorrorojo.com\/ca\/cataleg\/bestiari-de-les-emocions\/#breadcrumb"},"inLanguage":"ca","potentialAction":[{"@type":"ReadAction","target":["https:\/\/librosdelzorrorojo.com\/ca\/cataleg\/bestiari-de-les-emocions\/"]}]},{"@type":"ImageObject","inLanguage":"ca","@id":"https:\/\/librosdelzorrorojo.com\/ca\/cataleg\/bestiari-de-les-emocions\/#primaryimage","url":"https:\/\/librosdelzorrorojo.com\/wp-content\/uploads\/2017\/11\/libros-del-zorro-rojo-bestiari-de-les-emocions-adrienne-barman-9788494674471-1-e1525357491556.jpg","contentUrl":"https:\/\/librosdelzorrorojo.com\/wp-content\/uploads\/2017\/11\/libros-del-zorro-rojo-bestiari-de-les-emocions-adrienne-barman-9788494674471-1-e1525357491556.jpg","width":850,"height":849,"caption":"libros del zorro rojo bestiari de les emocions adrienne barman 9788494674471 1 e1525357491556"},{"@type":"BreadcrumbList","@id":"https:\/\/librosdelzorrorojo.com\/ca\/cataleg\/bestiari-de-les-emocions\/#breadcrumb","itemListElement":[{"@type":"ListItem","position":1,"name":"Portada","item":"https:\/\/librosdelzorrorojo.com\/ca\/"},{"@type":"ListItem","position":2,"name":"Cat\u00e0leg","item":"https:\/\/librosdelzorrorojo.com\/ca\/cataleg\/"},{"@type":"ListItem","position":3,"name":"Bestiari de les emocions"}]},{"@type":"WebSite","@id":"https:\/\/librosdelzorrorojo.com\/#website","url":"https:\/\/librosdelzorrorojo.com\/","name":"Libros del Zorro Rojo","description":"Libros ilustrados","potentialAction":[{"@type":"SearchAction","target":{"@type":"EntryPoint","urlTemplate":"https:\/\/librosdelzorrorojo.com\/?s={search_term_string}"},"query-input":{"@type":"PropertyValueSpecification","valueRequired":true,"valueName":"search_term_string"}}],"inLanguage":"ca"}]}},"_links":{"self":[{"href":"https:\/\/librosdelzorrorojo.com\/ca\/wp-json\/wp\/v2\/product\/2305","targetHints":{"allow":["GET"]}}],"collection":[{"href":"https:\/\/librosdelzorrorojo.com\/ca\/wp-json\/wp\/v2\/product"}],"about":[{"href":"https:\/\/librosdelzorrorojo.com\/ca\/wp-json\/wp\/v2\/types\/product"}],"wp:featuredmedia":[{"embeddable":true,"href":"https:\/\/librosdelzorrorojo.com\/ca\/wp-json\/wp\/v2\/media\/3307"}],"wp:attachment":[{"href":"https:\/\/librosdelzorrorojo.com\/ca\/wp-json\/wp\/v2\/media?parent=2305"}],"wp:term":[{"taxonomy":"product_brand","embeddable":true,"href":"https:\/\/librosdelzorrorojo.com\/ca\/wp-json\/wp\/v2\/product_brand?post=2305"},{"taxonomy":"product_cat","embeddable":true,"href":"https:\/\/librosdelzorrorojo.com\/ca\/wp-json\/wp\/v2\/product_cat?post=2305"},{"taxonomy":"product_tag","embeddable":true,"href":"https:\/\/librosdelzorrorojo.com\/ca\/wp-json\/wp\/v2\/product_tag?post=2305"}],"curies":[{"name":"wp","href":"https:\/\/api.w.org\/{rel}","templated":true}]}}