{"id":23006,"date":"2022-09-03T12:14:06","date_gmt":"2022-09-03T10:14:06","guid":{"rendered":"https:\/\/librosdelzorrorojo.com\/catalogo\/obscenica\/"},"modified":"2024-06-05T13:03:45","modified_gmt":"2024-06-05T11:03:45","slug":"obscenica","status":"publish","type":"product","link":"https:\/\/librosdelzorrorojo.com\/ca\/cataleg\/obscenica\/","title":{"rendered":"Obsc\u00e9nica"},"content":{"rendered":"<p>Hilda Hilst es una de las m\u00e1s grandes escritoras brasileras del siglo XX. P<span>oeta, dramaturga y novelista de personalidad irreverente, Hilst <\/span>dedic\u00f3 gran parte de su obra a la \u00abnarrativa obscena\u00bb con el fin de ganar lectores y dinero, seg\u00fan afirm\u00f3. Sin embargo, en el trayecto logr\u00f3 algo m\u00e1s importante: denunciar problem\u00e1ticas sociales como la violencia de g\u00e9nero en un momento en el que era tab\u00fa.<\/p>\n<p><em>Obsc\u00e9nica<\/em> es un libro dual que re\u00fane buena parte de lo mejor de sus <em>Cuentos de escarnio<\/em> y su poemario <em>Buf\u00f3licas. <\/em>Esta edici\u00f3n muestra toda la potencia literaria de una autora que elev\u00f3 la narrativa obscena a las Alturas y la acerc\u00f3 a Dios, al tematizar la corporalidad en su intento m\u00edstico de hallar respuestas a preguntas trascendentales: \u00abHans era sabio, Cl\u00f3dia. Sab\u00eda que no hab\u00eda que hacerse demasiadas preguntas, que la vida solo es viable si se permanece en la superficie, en los matices, en las acuarelas\u00bb.<\/p>\n<p>Este libro es tan provocador como las im\u00e1genes \u2014un estallido de colores y figuras <em>pop-porno-soft<\/em>\u2014 del renombrado artista portugu\u00e9s Andr\u00e9 da Loba. Seguramente Hilst, fiel a su estilo desenfadado, hubiera estado encantada con la publicaci\u00f3n de esta obra y nos habr\u00eda invitado a una fiesta exuberante e interminable para celebrarlo.<\/p>\n<p><img decoding=\"async\" src=\"https:\/\/librosdelzorrorojo.com\/wp-content\/uploads\/2021\/09\/DC-ICEC-horitzontal-cos12-bn-1-600x80.png\" alt=\"\" width=\"450\" height=\"60\" class=\"alignnone  wp-image-23703\" srcset=\"https:\/\/librosdelzorrorojo.com\/wp-content\/uploads\/2021\/09\/DC-ICEC-horitzontal-cos12-bn-1-600x80.png 600w, https:\/\/librosdelzorrorojo.com\/wp-content\/uploads\/2021\/09\/DC-ICEC-horitzontal-cos12-bn-1-1024x137.png 1024w, https:\/\/librosdelzorrorojo.com\/wp-content\/uploads\/2021\/09\/DC-ICEC-horitzontal-cos12-bn-1-768x103.png 768w, https:\/\/librosdelzorrorojo.com\/wp-content\/uploads\/2021\/09\/DC-ICEC-horitzontal-cos12-bn-1-800x107.png 800w, https:\/\/librosdelzorrorojo.com\/wp-content\/uploads\/2021\/09\/DC-ICEC-horitzontal-cos12-bn-1.png 1482w\" sizes=\"(max-width: 450px) 100vw, 450px\" \/><\/p>\n","protected":false},"excerpt":{"rendered":"Hilda Hilst es una de las m\u00e1s grandes escritoras brasileras del siglo XX. Poeta, dramaturga y novelista de personalidad irreverente, Hilst dedic\u00f3 gran parte de su obra a la \u00abnarrativa obscena\u00bb con el fin de ganar lectores y dinero, seg\u00fan afirm\u00f3. Sin embargo, en el trayecto logr\u00f3 algo m\u00e1s importante: denunciar problem\u00e1ticas sociales como la [&hellip;]","protected":false},"featured_media":22994,"template":"","meta":{"_acf_changed":false},"product_brand":[],"product_cat":[844,3156,846],"product_tag":[],"class_list":{"0":"post-23006","1":"product","2":"type-product","3":"status-publish","4":"has-post-thumbnail","6":"product_cat-castella","7":"product_cat-juvenil-adult","8":"product_cat-novedades-ca","10":"first","11":"instock","12":"taxable","13":"shipping-taxable","14":"purchasable","15":"product-type-simple"},"acf":[],"yoast_head":"<!-- This site is optimized with the Yoast SEO plugin v25.1 - https:\/\/yoast.com\/wordpress\/plugins\/seo\/ -->\n<title>Obsc\u00e9nica - Libros del Zorro Rojo<\/title>\n<meta name=\"robots\" content=\"index, follow, max-snippet:-1, max-image-preview:large, max-video-preview:-1\" \/>\n<link rel=\"canonical\" href=\"https:\/\/librosdelzorrorojo.com\/ca\/cataleg\/obscenica\/\" \/>\n<meta property=\"og:locale\" content=\"ca_ES\" \/>\n<meta property=\"og:type\" content=\"article\" \/>\n<meta property=\"og:title\" content=\"Obsc\u00e9nica - Libros del Zorro Rojo\" \/>\n<meta property=\"og:description\" content=\"Hilda Hilst es una de las m\u00e1s grandes escritoras brasileras del siglo XX. Poeta, dramaturga y novelista de personalidad irreverente, Hilst dedic\u00f3 gran parte de su obra a la \u00abnarrativa obscena\u00bb con el fin de ganar lectores y dinero, seg\u00fan afirm\u00f3. Sin embargo, en el trayecto logr\u00f3 algo m\u00e1s importante: denunciar problem\u00e1ticas sociales como la [&hellip;]\" \/>\n<meta property=\"og:url\" content=\"https:\/\/librosdelzorrorojo.com\/ca\/cataleg\/obscenica\/\" \/>\n<meta property=\"og:site_name\" content=\"Libros del Zorro Rojo\" \/>\n<meta property=\"article:modified_time\" content=\"2024-06-05T11:03:45+00:00\" \/>\n<meta property=\"og:image\" content=\"https:\/\/librosdelzorrorojo.com\/wp-content\/uploads\/2022\/09\/Cover_Obsenica-WEB.jpg\" \/>\n\t<meta property=\"og:image:width\" content=\"850\" \/>\n\t<meta property=\"og:image:height\" content=\"1220\" \/>\n\t<meta property=\"og:image:type\" content=\"image\/jpeg\" \/>\n<meta name=\"twitter:card\" content=\"summary_large_image\" \/>\n<meta name=\"twitter:label1\" content=\"Temps estimat de lectura\" \/>\n\t<meta name=\"twitter:data1\" content=\"1 minut\" \/>\n<script type=\"application\/ld+json\" class=\"yoast-schema-graph\">{\"@context\":\"https:\/\/schema.org\",\"@graph\":[{\"@type\":\"WebPage\",\"@id\":\"https:\/\/librosdelzorrorojo.com\/ca\/cataleg\/obscenica\/\",\"url\":\"https:\/\/librosdelzorrorojo.com\/ca\/cataleg\/obscenica\/\",\"name\":\"Obsc\u00e9nica - Libros del Zorro Rojo\",\"isPartOf\":{\"@id\":\"https:\/\/librosdelzorrorojo.com\/#website\"},\"primaryImageOfPage\":{\"@id\":\"https:\/\/librosdelzorrorojo.com\/ca\/cataleg\/obscenica\/#primaryimage\"},\"image\":{\"@id\":\"https:\/\/librosdelzorrorojo.com\/ca\/cataleg\/obscenica\/#primaryimage\"},\"thumbnailUrl\":\"https:\/\/librosdelzorrorojo.com\/wp-content\/uploads\/2022\/09\/Cover_Obsenica-WEB.jpg\",\"datePublished\":\"2022-09-03T10:14:06+00:00\",\"dateModified\":\"2024-06-05T11:03:45+00:00\",\"breadcrumb\":{\"@id\":\"https:\/\/librosdelzorrorojo.com\/ca\/cataleg\/obscenica\/#breadcrumb\"},\"inLanguage\":\"ca\",\"potentialAction\":[{\"@type\":\"ReadAction\",\"target\":[\"https:\/\/librosdelzorrorojo.com\/ca\/cataleg\/obscenica\/\"]}]},{\"@type\":\"ImageObject\",\"inLanguage\":\"ca\",\"@id\":\"https:\/\/librosdelzorrorojo.com\/ca\/cataleg\/obscenica\/#primaryimage\",\"url\":\"https:\/\/librosdelzorrorojo.com\/wp-content\/uploads\/2022\/09\/Cover_Obsenica-WEB.jpg\",\"contentUrl\":\"https:\/\/librosdelzorrorojo.com\/wp-content\/uploads\/2022\/09\/Cover_Obsenica-WEB.jpg\",\"width\":850,\"height\":1220,\"caption\":\"Cover Obsenica WEB\"},{\"@type\":\"BreadcrumbList\",\"@id\":\"https:\/\/librosdelzorrorojo.com\/ca\/cataleg\/obscenica\/#breadcrumb\",\"itemListElement\":[{\"@type\":\"ListItem\",\"position\":1,\"name\":\"Portada\",\"item\":\"https:\/\/librosdelzorrorojo.com\/ca\/\"},{\"@type\":\"ListItem\",\"position\":2,\"name\":\"Cat\u00e0leg\",\"item\":\"https:\/\/librosdelzorrorojo.com\/ca\/cataleg\/\"},{\"@type\":\"ListItem\",\"position\":3,\"name\":\"Obsc\u00e9nica\"}]},{\"@type\":\"WebSite\",\"@id\":\"https:\/\/librosdelzorrorojo.com\/#website\",\"url\":\"https:\/\/librosdelzorrorojo.com\/\",\"name\":\"Libros del Zorro Rojo\",\"description\":\"Libros ilustrados\",\"potentialAction\":[{\"@type\":\"SearchAction\",\"target\":{\"@type\":\"EntryPoint\",\"urlTemplate\":\"https:\/\/librosdelzorrorojo.com\/?s={search_term_string}\"},\"query-input\":{\"@type\":\"PropertyValueSpecification\",\"valueRequired\":true,\"valueName\":\"search_term_string\"}}],\"inLanguage\":\"ca\"}]}<\/script>\n<!-- \/ Yoast SEO plugin. -->","yoast_head_json":{"title":"Obsc\u00e9nica - Libros del Zorro Rojo","robots":{"index":"index","follow":"follow","max-snippet":"max-snippet:-1","max-image-preview":"max-image-preview:large","max-video-preview":"max-video-preview:-1"},"canonical":"https:\/\/librosdelzorrorojo.com\/ca\/cataleg\/obscenica\/","og_locale":"ca_ES","og_type":"article","og_title":"Obsc\u00e9nica - Libros del Zorro Rojo","og_description":"Hilda Hilst es una de las m\u00e1s grandes escritoras brasileras del siglo XX. Poeta, dramaturga y novelista de personalidad irreverente, Hilst dedic\u00f3 gran parte de su obra a la \u00abnarrativa obscena\u00bb con el fin de ganar lectores y dinero, seg\u00fan afirm\u00f3. Sin embargo, en el trayecto logr\u00f3 algo m\u00e1s importante: denunciar problem\u00e1ticas sociales como la [&hellip;]","og_url":"https:\/\/librosdelzorrorojo.com\/ca\/cataleg\/obscenica\/","og_site_name":"Libros del Zorro Rojo","article_modified_time":"2024-06-05T11:03:45+00:00","og_image":[{"width":850,"height":1220,"url":"https:\/\/librosdelzorrorojo.com\/wp-content\/uploads\/2022\/09\/Cover_Obsenica-WEB.jpg","type":"image\/jpeg"}],"twitter_card":"summary_large_image","twitter_misc":{"Temps estimat de lectura":"1 minut"},"schema":{"@context":"https:\/\/schema.org","@graph":[{"@type":"WebPage","@id":"https:\/\/librosdelzorrorojo.com\/ca\/cataleg\/obscenica\/","url":"https:\/\/librosdelzorrorojo.com\/ca\/cataleg\/obscenica\/","name":"Obsc\u00e9nica - Libros del Zorro Rojo","isPartOf":{"@id":"https:\/\/librosdelzorrorojo.com\/#website"},"primaryImageOfPage":{"@id":"https:\/\/librosdelzorrorojo.com\/ca\/cataleg\/obscenica\/#primaryimage"},"image":{"@id":"https:\/\/librosdelzorrorojo.com\/ca\/cataleg\/obscenica\/#primaryimage"},"thumbnailUrl":"https:\/\/librosdelzorrorojo.com\/wp-content\/uploads\/2022\/09\/Cover_Obsenica-WEB.jpg","datePublished":"2022-09-03T10:14:06+00:00","dateModified":"2024-06-05T11:03:45+00:00","breadcrumb":{"@id":"https:\/\/librosdelzorrorojo.com\/ca\/cataleg\/obscenica\/#breadcrumb"},"inLanguage":"ca","potentialAction":[{"@type":"ReadAction","target":["https:\/\/librosdelzorrorojo.com\/ca\/cataleg\/obscenica\/"]}]},{"@type":"ImageObject","inLanguage":"ca","@id":"https:\/\/librosdelzorrorojo.com\/ca\/cataleg\/obscenica\/#primaryimage","url":"https:\/\/librosdelzorrorojo.com\/wp-content\/uploads\/2022\/09\/Cover_Obsenica-WEB.jpg","contentUrl":"https:\/\/librosdelzorrorojo.com\/wp-content\/uploads\/2022\/09\/Cover_Obsenica-WEB.jpg","width":850,"height":1220,"caption":"Cover Obsenica WEB"},{"@type":"BreadcrumbList","@id":"https:\/\/librosdelzorrorojo.com\/ca\/cataleg\/obscenica\/#breadcrumb","itemListElement":[{"@type":"ListItem","position":1,"name":"Portada","item":"https:\/\/librosdelzorrorojo.com\/ca\/"},{"@type":"ListItem","position":2,"name":"Cat\u00e0leg","item":"https:\/\/librosdelzorrorojo.com\/ca\/cataleg\/"},{"@type":"ListItem","position":3,"name":"Obsc\u00e9nica"}]},{"@type":"WebSite","@id":"https:\/\/librosdelzorrorojo.com\/#website","url":"https:\/\/librosdelzorrorojo.com\/","name":"Libros del Zorro Rojo","description":"Libros ilustrados","potentialAction":[{"@type":"SearchAction","target":{"@type":"EntryPoint","urlTemplate":"https:\/\/librosdelzorrorojo.com\/?s={search_term_string}"},"query-input":{"@type":"PropertyValueSpecification","valueRequired":true,"valueName":"search_term_string"}}],"inLanguage":"ca"}]}},"_links":{"self":[{"href":"https:\/\/librosdelzorrorojo.com\/ca\/wp-json\/wp\/v2\/product\/23006","targetHints":{"allow":["GET"]}}],"collection":[{"href":"https:\/\/librosdelzorrorojo.com\/ca\/wp-json\/wp\/v2\/product"}],"about":[{"href":"https:\/\/librosdelzorrorojo.com\/ca\/wp-json\/wp\/v2\/types\/product"}],"wp:featuredmedia":[{"embeddable":true,"href":"https:\/\/librosdelzorrorojo.com\/ca\/wp-json\/wp\/v2\/media\/22994"}],"wp:attachment":[{"href":"https:\/\/librosdelzorrorojo.com\/ca\/wp-json\/wp\/v2\/media?parent=23006"}],"wp:term":[{"taxonomy":"product_brand","embeddable":true,"href":"https:\/\/librosdelzorrorojo.com\/ca\/wp-json\/wp\/v2\/product_brand?post=23006"},{"taxonomy":"product_cat","embeddable":true,"href":"https:\/\/librosdelzorrorojo.com\/ca\/wp-json\/wp\/v2\/product_cat?post=23006"},{"taxonomy":"product_tag","embeddable":true,"href":"https:\/\/librosdelzorrorojo.com\/ca\/wp-json\/wp\/v2\/product_tag?post=23006"}],"curies":[{"name":"wp","href":"https:\/\/api.w.org\/{rel}","templated":true}]}}