{"id":22654,"date":"2022-05-11T13:23:56","date_gmt":"2022-05-11T11:23:56","guid":{"rendered":"https:\/\/librosdelzorrorojo.com\/catalogo\/gato-en-el-camino\/"},"modified":"2024-03-01T09:18:40","modified_gmt":"2024-03-01T08:18:40","slug":"gato-en-el-camino","status":"publish","type":"product","link":"https:\/\/librosdelzorrorojo.com\/ca\/cataleg\/gato-en-el-camino\/","title":{"rendered":"Gato en el camino"},"content":{"rendered":"<p>\u00abGato en el camino\u00bb es\u00a0el primer autoantecedente de la antipoes\u00eda y genialidad literaria del poeta y premio Cervantes Nicanor Parra.\u00a0En este relato, el absurdo, la inconexi\u00f3n y el humor envuelven la vida de un minino abandonado a su suerte.<\/p>\n<p>La\u00a0original propuesta gr\u00e1fica de Joan Casaramona\u00a0expande las posibilidades de lectura y convierte este cuento en\u00a0un artefacto literario que abre las puertas a todas las generaciones\u00a0y a los amantes de la obra del autor.<\/p>\n<p>Nicanor Parra ten\u00eda solo veinte a\u00f1os cuando escribi\u00f3 \u00abGato en el camino\u00bb, el primer relato que public\u00f3 en su carrera, al que m\u00e1s tarde definir\u00eda como\u00a0\u00abun anticuento, un protocuento, un minicuento\u00bb, que \u00abno ten\u00eda nada de cuento tradicional\u00bb.<\/p>\n<p>Sobre\u00a0las reacciones que suscit\u00f3 este ejercicio literario, el mismo Parra explic\u00f3: \u00abCuando apareci\u00f3 en la revista, todo el mundo lo comentaba; algunos estaban sorprendidos y hasta escandalizados. Despu\u00e9s de la lectura, pensaban que el autor era un tipo desquiciado, mucho peor que un alma en pena\u00bb.<\/p>\n<p>\u00abGato en el camino\u00bb\u00a0ha convivido durante a\u00f1os en medio de su antipoes\u00eda\u00a0sin obtener la atenci\u00f3n y el reconocimiento que una pieza literaria de tal singularidad merece.\u00a0Con esta edici\u00f3n, el mundo ins\u00f3lito y gozosamente insospechado de uno de los escritores latinoamericanos m\u00e1s importantes del siglo xx toma vida en un proyecto ilustrado in\u00e9dito.<\/p>\n<p><img decoding=\"async\" src=\"https:\/\/librosdelzorrorojo.com\/wp-content\/uploads\/2021\/09\/DC-ICEC-horitzontal-cos12-bn-1-600x80.png\" alt=\"\" width=\"435\" height=\"58\" class=\"alignnone wp-image-23703\" srcset=\"https:\/\/librosdelzorrorojo.com\/wp-content\/uploads\/2021\/09\/DC-ICEC-horitzontal-cos12-bn-1-600x80.png 600w, https:\/\/librosdelzorrorojo.com\/wp-content\/uploads\/2021\/09\/DC-ICEC-horitzontal-cos12-bn-1-1024x137.png 1024w, https:\/\/librosdelzorrorojo.com\/wp-content\/uploads\/2021\/09\/DC-ICEC-horitzontal-cos12-bn-1-768x103.png 768w, https:\/\/librosdelzorrorojo.com\/wp-content\/uploads\/2021\/09\/DC-ICEC-horitzontal-cos12-bn-1-800x107.png 800w, https:\/\/librosdelzorrorojo.com\/wp-content\/uploads\/2021\/09\/DC-ICEC-horitzontal-cos12-bn-1.png 1482w\" sizes=\"(max-width: 435px) 100vw, 435px\" \/><\/p>\n<p><img decoding=\"async\" src=\"https:\/\/librosdelzorrorojo.com\/wp-content\/uploads\/2022\/05\/logo-ministerio-dglfl-600x171.jpg\" alt=\"\" width=\"294\" height=\"84\" class=\"alignnone wp-image-26569\" srcset=\"https:\/\/librosdelzorrorojo.com\/wp-content\/uploads\/2022\/05\/logo-ministerio-dglfl-600x171.jpg 600w, https:\/\/librosdelzorrorojo.com\/wp-content\/uploads\/2022\/05\/logo-ministerio-dglfl-1024x291.jpg 1024w, https:\/\/librosdelzorrorojo.com\/wp-content\/uploads\/2022\/05\/logo-ministerio-dglfl-768x218.jpg 768w, https:\/\/librosdelzorrorojo.com\/wp-content\/uploads\/2022\/05\/logo-ministerio-dglfl-1536x437.jpg 1536w, https:\/\/librosdelzorrorojo.com\/wp-content\/uploads\/2022\/05\/logo-ministerio-dglfl-2048x583.jpg 2048w, https:\/\/librosdelzorrorojo.com\/wp-content\/uploads\/2022\/05\/logo-ministerio-dglfl-800x228.jpg 800w\" sizes=\"(max-width: 294px) 100vw, 294px\" \/><\/p>\n<p>Esta obra ha recibido una ayuda del Ministerio de Cultura y Deporte.<\/p>\n","protected":false},"excerpt":{"rendered":"\u00abGato en el camino\u00bb es\u00a0el primer autoantecedente de la antipoes\u00eda y genialidad literaria del poeta y premio Cervantes Nicanor Parra.\u00a0En este relato, el absurdo, la inconexi\u00f3n y el humor envuelven la vida de un minino abandonado a su suerte. La\u00a0original propuesta gr\u00e1fica de Joan Casaramona\u00a0expande las posibilidades de lectura y convierte este cuento en\u00a0un artefacto [&hellip;]","protected":false},"featured_media":22635,"template":"","meta":{"_acf_changed":false},"product_brand":[],"product_cat":[844,843,3156,846],"product_tag":[],"class_list":{"0":"post-22654","1":"product","2":"type-product","3":"status-publish","4":"has-post-thumbnail","6":"product_cat-castella","7":"product_cat-infantiles-ca","8":"product_cat-juvenil-adult","9":"product_cat-novedades-ca","11":"first","12":"instock","13":"taxable","14":"shipping-taxable","15":"purchasable","16":"product-type-simple"},"acf":[],"yoast_head":"<!-- This site is optimized with the Yoast SEO plugin v25.1 - https:\/\/yoast.com\/wordpress\/plugins\/seo\/ -->\n<title>Gato en el camino - Libros del Zorro Rojo<\/title>\n<meta name=\"robots\" content=\"index, follow, max-snippet:-1, max-image-preview:large, max-video-preview:-1\" \/>\n<link rel=\"canonical\" href=\"https:\/\/librosdelzorrorojo.com\/ca\/cataleg\/gato-en-el-camino\/\" \/>\n<meta property=\"og:locale\" content=\"ca_ES\" \/>\n<meta property=\"og:type\" content=\"article\" \/>\n<meta property=\"og:title\" content=\"Gato en el camino - Libros del Zorro Rojo\" \/>\n<meta property=\"og:description\" content=\"\u00abGato en el camino\u00bb es\u00a0el primer autoantecedente de la antipoes\u00eda y genialidad literaria del poeta y premio Cervantes Nicanor Parra.\u00a0En este relato, el absurdo, la inconexi\u00f3n y el humor envuelven la vida de un minino abandonado a su suerte. La\u00a0original propuesta gr\u00e1fica de Joan Casaramona\u00a0expande las posibilidades de lectura y convierte este cuento en\u00a0un artefacto [&hellip;]\" \/>\n<meta property=\"og:url\" content=\"https:\/\/librosdelzorrorojo.com\/ca\/cataleg\/gato-en-el-camino\/\" \/>\n<meta property=\"og:site_name\" content=\"Libros del Zorro Rojo\" \/>\n<meta property=\"article:modified_time\" content=\"2024-03-01T08:18:40+00:00\" \/>\n<meta property=\"og:image\" content=\"https:\/\/librosdelzorrorojo.com\/wp-content\/uploads\/2022\/05\/Cover_Gato-en-el-camino-WEB.jpg\" \/>\n\t<meta property=\"og:image:width\" content=\"650\" \/>\n\t<meta property=\"og:image:height\" content=\"850\" \/>\n\t<meta property=\"og:image:type\" content=\"image\/jpeg\" \/>\n<meta name=\"twitter:card\" content=\"summary_large_image\" \/>\n<meta name=\"twitter:label1\" content=\"Temps estimat de lectura\" \/>\n\t<meta name=\"twitter:data1\" content=\"1 minut\" \/>\n<script type=\"application\/ld+json\" class=\"yoast-schema-graph\">{\"@context\":\"https:\/\/schema.org\",\"@graph\":[{\"@type\":\"WebPage\",\"@id\":\"https:\/\/librosdelzorrorojo.com\/ca\/cataleg\/gato-en-el-camino\/\",\"url\":\"https:\/\/librosdelzorrorojo.com\/ca\/cataleg\/gato-en-el-camino\/\",\"name\":\"Gato en el camino - Libros del Zorro Rojo\",\"isPartOf\":{\"@id\":\"https:\/\/librosdelzorrorojo.com\/#website\"},\"primaryImageOfPage\":{\"@id\":\"https:\/\/librosdelzorrorojo.com\/ca\/cataleg\/gato-en-el-camino\/#primaryimage\"},\"image\":{\"@id\":\"https:\/\/librosdelzorrorojo.com\/ca\/cataleg\/gato-en-el-camino\/#primaryimage\"},\"thumbnailUrl\":\"https:\/\/librosdelzorrorojo.com\/wp-content\/uploads\/2022\/05\/Cover_Gato-en-el-camino-WEB.jpg\",\"datePublished\":\"2022-05-11T11:23:56+00:00\",\"dateModified\":\"2024-03-01T08:18:40+00:00\",\"breadcrumb\":{\"@id\":\"https:\/\/librosdelzorrorojo.com\/ca\/cataleg\/gato-en-el-camino\/#breadcrumb\"},\"inLanguage\":\"ca\",\"potentialAction\":[{\"@type\":\"ReadAction\",\"target\":[\"https:\/\/librosdelzorrorojo.com\/ca\/cataleg\/gato-en-el-camino\/\"]}]},{\"@type\":\"ImageObject\",\"inLanguage\":\"ca\",\"@id\":\"https:\/\/librosdelzorrorojo.com\/ca\/cataleg\/gato-en-el-camino\/#primaryimage\",\"url\":\"https:\/\/librosdelzorrorojo.com\/wp-content\/uploads\/2022\/05\/Cover_Gato-en-el-camino-WEB.jpg\",\"contentUrl\":\"https:\/\/librosdelzorrorojo.com\/wp-content\/uploads\/2022\/05\/Cover_Gato-en-el-camino-WEB.jpg\",\"width\":650,\"height\":850,\"caption\":\"Cover Gato en el camino WEB\"},{\"@type\":\"BreadcrumbList\",\"@id\":\"https:\/\/librosdelzorrorojo.com\/ca\/cataleg\/gato-en-el-camino\/#breadcrumb\",\"itemListElement\":[{\"@type\":\"ListItem\",\"position\":1,\"name\":\"Portada\",\"item\":\"https:\/\/librosdelzorrorojo.com\/ca\/\"},{\"@type\":\"ListItem\",\"position\":2,\"name\":\"Cat\u00e0leg\",\"item\":\"https:\/\/librosdelzorrorojo.com\/ca\/cataleg\/\"},{\"@type\":\"ListItem\",\"position\":3,\"name\":\"Gato en el camino\"}]},{\"@type\":\"WebSite\",\"@id\":\"https:\/\/librosdelzorrorojo.com\/#website\",\"url\":\"https:\/\/librosdelzorrorojo.com\/\",\"name\":\"Libros del Zorro Rojo\",\"description\":\"Libros ilustrados\",\"potentialAction\":[{\"@type\":\"SearchAction\",\"target\":{\"@type\":\"EntryPoint\",\"urlTemplate\":\"https:\/\/librosdelzorrorojo.com\/?s={search_term_string}\"},\"query-input\":{\"@type\":\"PropertyValueSpecification\",\"valueRequired\":true,\"valueName\":\"search_term_string\"}}],\"inLanguage\":\"ca\"}]}<\/script>\n<!-- \/ Yoast SEO plugin. -->","yoast_head_json":{"title":"Gato en el camino - Libros del Zorro Rojo","robots":{"index":"index","follow":"follow","max-snippet":"max-snippet:-1","max-image-preview":"max-image-preview:large","max-video-preview":"max-video-preview:-1"},"canonical":"https:\/\/librosdelzorrorojo.com\/ca\/cataleg\/gato-en-el-camino\/","og_locale":"ca_ES","og_type":"article","og_title":"Gato en el camino - Libros del Zorro Rojo","og_description":"\u00abGato en el camino\u00bb es\u00a0el primer autoantecedente de la antipoes\u00eda y genialidad literaria del poeta y premio Cervantes Nicanor Parra.\u00a0En este relato, el absurdo, la inconexi\u00f3n y el humor envuelven la vida de un minino abandonado a su suerte. La\u00a0original propuesta gr\u00e1fica de Joan Casaramona\u00a0expande las posibilidades de lectura y convierte este cuento en\u00a0un artefacto [&hellip;]","og_url":"https:\/\/librosdelzorrorojo.com\/ca\/cataleg\/gato-en-el-camino\/","og_site_name":"Libros del Zorro Rojo","article_modified_time":"2024-03-01T08:18:40+00:00","og_image":[{"width":650,"height":850,"url":"https:\/\/librosdelzorrorojo.com\/wp-content\/uploads\/2022\/05\/Cover_Gato-en-el-camino-WEB.jpg","type":"image\/jpeg"}],"twitter_card":"summary_large_image","twitter_misc":{"Temps estimat de lectura":"1 minut"},"schema":{"@context":"https:\/\/schema.org","@graph":[{"@type":"WebPage","@id":"https:\/\/librosdelzorrorojo.com\/ca\/cataleg\/gato-en-el-camino\/","url":"https:\/\/librosdelzorrorojo.com\/ca\/cataleg\/gato-en-el-camino\/","name":"Gato en el camino - Libros del Zorro Rojo","isPartOf":{"@id":"https:\/\/librosdelzorrorojo.com\/#website"},"primaryImageOfPage":{"@id":"https:\/\/librosdelzorrorojo.com\/ca\/cataleg\/gato-en-el-camino\/#primaryimage"},"image":{"@id":"https:\/\/librosdelzorrorojo.com\/ca\/cataleg\/gato-en-el-camino\/#primaryimage"},"thumbnailUrl":"https:\/\/librosdelzorrorojo.com\/wp-content\/uploads\/2022\/05\/Cover_Gato-en-el-camino-WEB.jpg","datePublished":"2022-05-11T11:23:56+00:00","dateModified":"2024-03-01T08:18:40+00:00","breadcrumb":{"@id":"https:\/\/librosdelzorrorojo.com\/ca\/cataleg\/gato-en-el-camino\/#breadcrumb"},"inLanguage":"ca","potentialAction":[{"@type":"ReadAction","target":["https:\/\/librosdelzorrorojo.com\/ca\/cataleg\/gato-en-el-camino\/"]}]},{"@type":"ImageObject","inLanguage":"ca","@id":"https:\/\/librosdelzorrorojo.com\/ca\/cataleg\/gato-en-el-camino\/#primaryimage","url":"https:\/\/librosdelzorrorojo.com\/wp-content\/uploads\/2022\/05\/Cover_Gato-en-el-camino-WEB.jpg","contentUrl":"https:\/\/librosdelzorrorojo.com\/wp-content\/uploads\/2022\/05\/Cover_Gato-en-el-camino-WEB.jpg","width":650,"height":850,"caption":"Cover Gato en el camino WEB"},{"@type":"BreadcrumbList","@id":"https:\/\/librosdelzorrorojo.com\/ca\/cataleg\/gato-en-el-camino\/#breadcrumb","itemListElement":[{"@type":"ListItem","position":1,"name":"Portada","item":"https:\/\/librosdelzorrorojo.com\/ca\/"},{"@type":"ListItem","position":2,"name":"Cat\u00e0leg","item":"https:\/\/librosdelzorrorojo.com\/ca\/cataleg\/"},{"@type":"ListItem","position":3,"name":"Gato en el camino"}]},{"@type":"WebSite","@id":"https:\/\/librosdelzorrorojo.com\/#website","url":"https:\/\/librosdelzorrorojo.com\/","name":"Libros del Zorro Rojo","description":"Libros ilustrados","potentialAction":[{"@type":"SearchAction","target":{"@type":"EntryPoint","urlTemplate":"https:\/\/librosdelzorrorojo.com\/?s={search_term_string}"},"query-input":{"@type":"PropertyValueSpecification","valueRequired":true,"valueName":"search_term_string"}}],"inLanguage":"ca"}]}},"_links":{"self":[{"href":"https:\/\/librosdelzorrorojo.com\/ca\/wp-json\/wp\/v2\/product\/22654","targetHints":{"allow":["GET"]}}],"collection":[{"href":"https:\/\/librosdelzorrorojo.com\/ca\/wp-json\/wp\/v2\/product"}],"about":[{"href":"https:\/\/librosdelzorrorojo.com\/ca\/wp-json\/wp\/v2\/types\/product"}],"wp:featuredmedia":[{"embeddable":true,"href":"https:\/\/librosdelzorrorojo.com\/ca\/wp-json\/wp\/v2\/media\/22635"}],"wp:attachment":[{"href":"https:\/\/librosdelzorrorojo.com\/ca\/wp-json\/wp\/v2\/media?parent=22654"}],"wp:term":[{"taxonomy":"product_brand","embeddable":true,"href":"https:\/\/librosdelzorrorojo.com\/ca\/wp-json\/wp\/v2\/product_brand?post=22654"},{"taxonomy":"product_cat","embeddable":true,"href":"https:\/\/librosdelzorrorojo.com\/ca\/wp-json\/wp\/v2\/product_cat?post=22654"},{"taxonomy":"product_tag","embeddable":true,"href":"https:\/\/librosdelzorrorojo.com\/ca\/wp-json\/wp\/v2\/product_tag?post=22654"}],"curies":[{"name":"wp","href":"https:\/\/api.w.org\/{rel}","templated":true}]}}