{"id":22631,"date":"2022-05-11T13:06:19","date_gmt":"2022-05-11T11:06:19","guid":{"rendered":"https:\/\/librosdelzorrorojo.com\/catalogo\/fahrenheit-451\/"},"modified":"2025-07-28T13:46:44","modified_gmt":"2025-07-28T11:46:44","slug":"fahrenheit-451","status":"publish","type":"product","link":"https:\/\/librosdelzorrorojo.com\/ca\/cataleg\/fahrenheit-451\/","title":{"rendered":"Fahrenheit 451"},"content":{"rendered":"<p class=\"p1\"><span class=\"s1\">Ambientada en un futuro sombr\u00edo y perturbador, esta obra presenta una sociedad totalitaria en la que los libros est\u00e1n prohibidos y estos se destruyen bajo las llamas a 451 grados Fahrenheit, que es la temperatura exacta en la que el papel empieza a arder. Ray Bradbury dibuja un mundo dist\u00f3pico que comparte inquietantes similitudes con el nuestro, a la vez que crea una carta de amor a los libros y a quienes los escriben. <\/span><\/p>\n<p class=\"p1\"><span class=\"s1\">Considerado una de los grandes t\u00edtulos del siglo xx, <i>Fahrenheit 451 <\/i>narra la historia de Guy Montag, un bombero cuya misi\u00f3n no es sofocar incendios, sino producirlos; quemar los libros que algunos todav\u00eda atesoran. Mientras tanto, la poblaci\u00f3n disfruta del ocio oficial que llega a sus salas a trav\u00e9s de las pantallas, un entretenimiento banal que ahorra el esfuerzo de pensar.<\/span><\/p>\n<p class=\"p1\"><span class=\"s1\">Muy pronto, Montag, que durante a\u00f1os ha cumplido su tarea sin vacilar, empieza a sentir remordimientos ante la firmeza y la pasi\u00f3n con que algunas personas defienden su biblioteca secreta, dispuestas incluso a inmolarse con ella. \u00bfQu\u00e9 habr\u00e1 en esos libros? \u00bfSer\u00e1n tan perjudiciales como le han ense\u00f1ado? \u00bfO acaso contendr\u00e1n mensajes que ayudar\u00e1n a reparar la destrucci\u00f3n de la sociedad?<\/span><\/p>\n<p class=\"p1\"><span class=\"s1\">Las expresivas ilustraciones del dibujante y caricaturista ingl\u00e9s Ralph Steadman retratan con turbadora potencia el universo dist\u00f3pico de Bradury\u00a0y convierten este volumen en una aut\u00e9ntica obra de\u00a0<\/span><span class=\"s1\">arte. A trav\u00e9s de sus ya c\u00e9lebres salpiconazos de tinta negra y roja, uno de los artistas de referencia de Libros del Zorro Rojo recrea con aut\u00e9ntica destreza el fuego abrasador y una atm\u00f3sfera opresiva, casi apocal\u00edptica.<\/span><\/p>\n<p class=\"p1\"><span class=\"s1\">Con un pr\u00f3logo escrito en 2004 por el propio Bradbury, esta edici\u00f3n sigue alert\u00e1ndonos sobre las peores facetas de los totalitarismos y del conformismo de la sociedad. La traducci\u00f3n de Marcial Souto, que ha traducido un centenar de cuentos de este maestro de la literatura norteamericana, captura con maestr\u00eda toda la fuerza del texto original, publicado hace casi setenta a\u00f1os. <\/span><\/p>\n","protected":false},"excerpt":{"rendered":"Ambientada en un futuro sombr\u00edo y perturbador, esta obra presenta una sociedad totalitaria en la que los libros est\u00e1n prohibidos y estos se destruyen bajo las llamas a 451 grados Fahrenheit, que es la temperatura exacta en la que el papel empieza a arder. Ray Bradbury dibuja un mundo dist\u00f3pico que comparte inquietantes similitudes con [&hellip;]","protected":false},"featured_media":22620,"template":"","meta":{"_acf_changed":false},"product_brand":[],"product_cat":[844,3156,846],"product_tag":[],"class_list":{"0":"post-22631","1":"product","2":"type-product","3":"status-publish","4":"has-post-thumbnail","6":"product_cat-castella","7":"product_cat-juvenil-adult","8":"product_cat-novedades-ca","10":"first","11":"outofstock","12":"taxable","13":"shipping-taxable","14":"purchasable","15":"product-type-simple"},"acf":[],"yoast_head":"<!-- This site is optimized with the Yoast SEO plugin v25.1 - https:\/\/yoast.com\/wordpress\/plugins\/seo\/ -->\n<title>Fahrenheit 451 - Libros del Zorro Rojo<\/title>\n<meta name=\"robots\" content=\"index, follow, max-snippet:-1, max-image-preview:large, max-video-preview:-1\" \/>\n<link rel=\"canonical\" href=\"https:\/\/librosdelzorrorojo.com\/ca\/cataleg\/fahrenheit-451\/\" \/>\n<meta property=\"og:locale\" content=\"ca_ES\" \/>\n<meta property=\"og:type\" content=\"article\" \/>\n<meta property=\"og:title\" content=\"Fahrenheit 451 - Libros del Zorro Rojo\" \/>\n<meta property=\"og:description\" content=\"Ambientada en un futuro sombr\u00edo y perturbador, esta obra presenta una sociedad totalitaria en la que los libros est\u00e1n prohibidos y estos se destruyen bajo las llamas a 451 grados Fahrenheit, que es la temperatura exacta en la que el papel empieza a arder. Ray Bradbury dibuja un mundo dist\u00f3pico que comparte inquietantes similitudes con [&hellip;]\" \/>\n<meta property=\"og:url\" content=\"https:\/\/librosdelzorrorojo.com\/ca\/cataleg\/fahrenheit-451\/\" \/>\n<meta property=\"og:site_name\" content=\"Libros del Zorro Rojo\" \/>\n<meta property=\"article:modified_time\" content=\"2025-07-28T11:46:44+00:00\" \/>\n<meta property=\"og:image\" content=\"https:\/\/librosdelzorrorojo.com\/wp-content\/uploads\/2022\/05\/Cover_Fahrenheit_WEB.jpg\" \/>\n\t<meta property=\"og:image:width\" content=\"850\" \/>\n\t<meta property=\"og:image:height\" content=\"1245\" \/>\n\t<meta property=\"og:image:type\" content=\"image\/jpeg\" \/>\n<meta name=\"twitter:card\" content=\"summary_large_image\" \/>\n<meta name=\"twitter:label1\" content=\"Temps estimat de lectura\" \/>\n\t<meta name=\"twitter:data1\" content=\"2 minuts\" \/>\n<script type=\"application\/ld+json\" class=\"yoast-schema-graph\">{\"@context\":\"https:\/\/schema.org\",\"@graph\":[{\"@type\":\"WebPage\",\"@id\":\"https:\/\/librosdelzorrorojo.com\/ca\/cataleg\/fahrenheit-451\/\",\"url\":\"https:\/\/librosdelzorrorojo.com\/ca\/cataleg\/fahrenheit-451\/\",\"name\":\"Fahrenheit 451 - Libros del Zorro Rojo\",\"isPartOf\":{\"@id\":\"https:\/\/librosdelzorrorojo.com\/#website\"},\"primaryImageOfPage\":{\"@id\":\"https:\/\/librosdelzorrorojo.com\/ca\/cataleg\/fahrenheit-451\/#primaryimage\"},\"image\":{\"@id\":\"https:\/\/librosdelzorrorojo.com\/ca\/cataleg\/fahrenheit-451\/#primaryimage\"},\"thumbnailUrl\":\"https:\/\/librosdelzorrorojo.com\/wp-content\/uploads\/2022\/05\/Cover_Fahrenheit_WEB.jpg\",\"datePublished\":\"2022-05-11T11:06:19+00:00\",\"dateModified\":\"2025-07-28T11:46:44+00:00\",\"breadcrumb\":{\"@id\":\"https:\/\/librosdelzorrorojo.com\/ca\/cataleg\/fahrenheit-451\/#breadcrumb\"},\"inLanguage\":\"ca\",\"potentialAction\":[{\"@type\":\"ReadAction\",\"target\":[\"https:\/\/librosdelzorrorojo.com\/ca\/cataleg\/fahrenheit-451\/\"]}]},{\"@type\":\"ImageObject\",\"inLanguage\":\"ca\",\"@id\":\"https:\/\/librosdelzorrorojo.com\/ca\/cataleg\/fahrenheit-451\/#primaryimage\",\"url\":\"https:\/\/librosdelzorrorojo.com\/wp-content\/uploads\/2022\/05\/Cover_Fahrenheit_WEB.jpg\",\"contentUrl\":\"https:\/\/librosdelzorrorojo.com\/wp-content\/uploads\/2022\/05\/Cover_Fahrenheit_WEB.jpg\",\"width\":850,\"height\":1245,\"caption\":\"Cover Fahrenheit WEB\"},{\"@type\":\"BreadcrumbList\",\"@id\":\"https:\/\/librosdelzorrorojo.com\/ca\/cataleg\/fahrenheit-451\/#breadcrumb\",\"itemListElement\":[{\"@type\":\"ListItem\",\"position\":1,\"name\":\"Portada\",\"item\":\"https:\/\/librosdelzorrorojo.com\/ca\/\"},{\"@type\":\"ListItem\",\"position\":2,\"name\":\"Cat\u00e0leg\",\"item\":\"https:\/\/librosdelzorrorojo.com\/ca\/cataleg\/\"},{\"@type\":\"ListItem\",\"position\":3,\"name\":\"Fahrenheit 451\"}]},{\"@type\":\"WebSite\",\"@id\":\"https:\/\/librosdelzorrorojo.com\/#website\",\"url\":\"https:\/\/librosdelzorrorojo.com\/\",\"name\":\"Libros del Zorro Rojo\",\"description\":\"Libros ilustrados\",\"potentialAction\":[{\"@type\":\"SearchAction\",\"target\":{\"@type\":\"EntryPoint\",\"urlTemplate\":\"https:\/\/librosdelzorrorojo.com\/?s={search_term_string}\"},\"query-input\":{\"@type\":\"PropertyValueSpecification\",\"valueRequired\":true,\"valueName\":\"search_term_string\"}}],\"inLanguage\":\"ca\"}]}<\/script>\n<!-- \/ Yoast SEO plugin. -->","yoast_head_json":{"title":"Fahrenheit 451 - Libros del Zorro Rojo","robots":{"index":"index","follow":"follow","max-snippet":"max-snippet:-1","max-image-preview":"max-image-preview:large","max-video-preview":"max-video-preview:-1"},"canonical":"https:\/\/librosdelzorrorojo.com\/ca\/cataleg\/fahrenheit-451\/","og_locale":"ca_ES","og_type":"article","og_title":"Fahrenheit 451 - Libros del Zorro Rojo","og_description":"Ambientada en un futuro sombr\u00edo y perturbador, esta obra presenta una sociedad totalitaria en la que los libros est\u00e1n prohibidos y estos se destruyen bajo las llamas a 451 grados Fahrenheit, que es la temperatura exacta en la que el papel empieza a arder. Ray Bradbury dibuja un mundo dist\u00f3pico que comparte inquietantes similitudes con [&hellip;]","og_url":"https:\/\/librosdelzorrorojo.com\/ca\/cataleg\/fahrenheit-451\/","og_site_name":"Libros del Zorro Rojo","article_modified_time":"2025-07-28T11:46:44+00:00","og_image":[{"width":850,"height":1245,"url":"https:\/\/librosdelzorrorojo.com\/wp-content\/uploads\/2022\/05\/Cover_Fahrenheit_WEB.jpg","type":"image\/jpeg"}],"twitter_card":"summary_large_image","twitter_misc":{"Temps estimat de lectura":"2 minuts"},"schema":{"@context":"https:\/\/schema.org","@graph":[{"@type":"WebPage","@id":"https:\/\/librosdelzorrorojo.com\/ca\/cataleg\/fahrenheit-451\/","url":"https:\/\/librosdelzorrorojo.com\/ca\/cataleg\/fahrenheit-451\/","name":"Fahrenheit 451 - Libros del Zorro Rojo","isPartOf":{"@id":"https:\/\/librosdelzorrorojo.com\/#website"},"primaryImageOfPage":{"@id":"https:\/\/librosdelzorrorojo.com\/ca\/cataleg\/fahrenheit-451\/#primaryimage"},"image":{"@id":"https:\/\/librosdelzorrorojo.com\/ca\/cataleg\/fahrenheit-451\/#primaryimage"},"thumbnailUrl":"https:\/\/librosdelzorrorojo.com\/wp-content\/uploads\/2022\/05\/Cover_Fahrenheit_WEB.jpg","datePublished":"2022-05-11T11:06:19+00:00","dateModified":"2025-07-28T11:46:44+00:00","breadcrumb":{"@id":"https:\/\/librosdelzorrorojo.com\/ca\/cataleg\/fahrenheit-451\/#breadcrumb"},"inLanguage":"ca","potentialAction":[{"@type":"ReadAction","target":["https:\/\/librosdelzorrorojo.com\/ca\/cataleg\/fahrenheit-451\/"]}]},{"@type":"ImageObject","inLanguage":"ca","@id":"https:\/\/librosdelzorrorojo.com\/ca\/cataleg\/fahrenheit-451\/#primaryimage","url":"https:\/\/librosdelzorrorojo.com\/wp-content\/uploads\/2022\/05\/Cover_Fahrenheit_WEB.jpg","contentUrl":"https:\/\/librosdelzorrorojo.com\/wp-content\/uploads\/2022\/05\/Cover_Fahrenheit_WEB.jpg","width":850,"height":1245,"caption":"Cover Fahrenheit WEB"},{"@type":"BreadcrumbList","@id":"https:\/\/librosdelzorrorojo.com\/ca\/cataleg\/fahrenheit-451\/#breadcrumb","itemListElement":[{"@type":"ListItem","position":1,"name":"Portada","item":"https:\/\/librosdelzorrorojo.com\/ca\/"},{"@type":"ListItem","position":2,"name":"Cat\u00e0leg","item":"https:\/\/librosdelzorrorojo.com\/ca\/cataleg\/"},{"@type":"ListItem","position":3,"name":"Fahrenheit 451"}]},{"@type":"WebSite","@id":"https:\/\/librosdelzorrorojo.com\/#website","url":"https:\/\/librosdelzorrorojo.com\/","name":"Libros del Zorro Rojo","description":"Libros ilustrados","potentialAction":[{"@type":"SearchAction","target":{"@type":"EntryPoint","urlTemplate":"https:\/\/librosdelzorrorojo.com\/?s={search_term_string}"},"query-input":{"@type":"PropertyValueSpecification","valueRequired":true,"valueName":"search_term_string"}}],"inLanguage":"ca"}]}},"_links":{"self":[{"href":"https:\/\/librosdelzorrorojo.com\/ca\/wp-json\/wp\/v2\/product\/22631","targetHints":{"allow":["GET"]}}],"collection":[{"href":"https:\/\/librosdelzorrorojo.com\/ca\/wp-json\/wp\/v2\/product"}],"about":[{"href":"https:\/\/librosdelzorrorojo.com\/ca\/wp-json\/wp\/v2\/types\/product"}],"wp:featuredmedia":[{"embeddable":true,"href":"https:\/\/librosdelzorrorojo.com\/ca\/wp-json\/wp\/v2\/media\/22620"}],"wp:attachment":[{"href":"https:\/\/librosdelzorrorojo.com\/ca\/wp-json\/wp\/v2\/media?parent=22631"}],"wp:term":[{"taxonomy":"product_brand","embeddable":true,"href":"https:\/\/librosdelzorrorojo.com\/ca\/wp-json\/wp\/v2\/product_brand?post=22631"},{"taxonomy":"product_cat","embeddable":true,"href":"https:\/\/librosdelzorrorojo.com\/ca\/wp-json\/wp\/v2\/product_cat?post=22631"},{"taxonomy":"product_tag","embeddable":true,"href":"https:\/\/librosdelzorrorojo.com\/ca\/wp-json\/wp\/v2\/product_tag?post=22631"}],"curies":[{"name":"wp","href":"https:\/\/api.w.org\/{rel}","templated":true}]}}