{"id":22530,"date":"2022-04-06T12:45:53","date_gmt":"2022-04-06T10:45:53","guid":{"rendered":"https:\/\/librosdelzorrorojo.com\/catalogo\/los-suenos-de-helena\/"},"modified":"2024-02-29T11:44:00","modified_gmt":"2024-02-29T10:44:00","slug":"los-suenos-de-helena","status":"publish","type":"product","link":"https:\/\/librosdelzorrorojo.com\/ca\/cataleg\/los-suenos-de-helena\/","title":{"rendered":"Los sue\u00f1os de Helena"},"content":{"rendered":"<p>A lo largo de su narrativa,\u00a0Eduardo Galeano fue transcribiendo los sue\u00f1os\u00a0de Helena, su esposa. Este libro, que llega a las librer\u00edas en\u00a0edici\u00f3n bolsillo,\u00a0re\u00fane por primera vez a la manera de un gran relato esos sue\u00f1os que tantas veces, reconoce el mismo autor, han ayudado a mejorar su propia literatura.<\/p>\n<p>Amigos, desconocidos, viajes, exilios y reencuentros se entretejen en un itinerario de aventuras iluminado por las\u00a0admirables composiciones del Premio Nacional de Ilustraci\u00f3n Isidro Ferrer.<\/p>\n<p>A trav\u00e9s de su mezcla habitual de t\u00e9cnicas, materiales y\u00a0notables esculturas en madera,\u00a0el que es considerado uno de los mayores artistas gr\u00e1ficos de nuestro pa\u00eds crea\u00a0unos\u00a0<em>collages<\/em>\u00a0on\u00edricos, sugerentes y herm\u00e9ticos, con los que interpretar toda la belleza de unas historias so\u00f1adas para so\u00f1adores de cualquier edad.<\/p>\n<p>\u00abHice una cosa curiosa con este libro: leer el texto inicialmente de una manera muy intencionada, olvidarme de \u00e9l y al cabo del tiempo recuperar el recuerdo del texto para no ser fiel a las propias palabras, y\u00a0trabajar a partir de esa propia materia on\u00edrica de la rememoranza,\u00a0de lo que se ha vivido en un espacio que pertenece al subconsciente\u00bb, explica el ilustrador.<\/p>\n<p><img decoding=\"async\" src=\"https:\/\/librosdelzorrorojo.com\/wp-content\/uploads\/2021\/09\/DC-ICEC-horitzontal-cos12-bn-1-600x80.png\" alt=\"\" width=\"495\" height=\"66\" class=\"alignnone  wp-image-23703\" srcset=\"https:\/\/librosdelzorrorojo.com\/wp-content\/uploads\/2021\/09\/DC-ICEC-horitzontal-cos12-bn-1-600x80.png 600w, https:\/\/librosdelzorrorojo.com\/wp-content\/uploads\/2021\/09\/DC-ICEC-horitzontal-cos12-bn-1-1024x137.png 1024w, https:\/\/librosdelzorrorojo.com\/wp-content\/uploads\/2021\/09\/DC-ICEC-horitzontal-cos12-bn-1-768x103.png 768w, https:\/\/librosdelzorrorojo.com\/wp-content\/uploads\/2021\/09\/DC-ICEC-horitzontal-cos12-bn-1-800x107.png 800w, https:\/\/librosdelzorrorojo.com\/wp-content\/uploads\/2021\/09\/DC-ICEC-horitzontal-cos12-bn-1.png 1482w\" sizes=\"(max-width: 495px) 100vw, 495px\" \/><\/p>\n","protected":false},"excerpt":{"rendered":"A lo largo de su narrativa, Eduardo Galeano ha ido transcribiendo los sue\u00f1os de Helena, su esposa. Este libro, ya disponible en edici\u00f3n bolsillo, los re\u00fane por primera vez a la manera de un gran relato. Amigos, desconocidos, viajes, exilios y reencuentros se entretejen en un itinerario de aventuras.\r\n\r\n&nbsp;","protected":false},"featured_media":22520,"template":"","meta":{"_acf_changed":false},"product_brand":[],"product_cat":[844,3156,846],"product_tag":[],"class_list":{"0":"post-22530","1":"product","2":"type-product","3":"status-publish","4":"has-post-thumbnail","6":"product_cat-castella","7":"product_cat-juvenil-adult","8":"product_cat-novedades-ca","10":"first","11":"instock","12":"taxable","13":"shipping-taxable","14":"purchasable","15":"product-type-variable"},"acf":[],"yoast_head":"<!-- This site is optimized with the Yoast SEO plugin v25.1 - https:\/\/yoast.com\/wordpress\/plugins\/seo\/ -->\n<title>Los sue\u00f1os de Helena<\/title>\n<meta name=\"description\" content=\"A lo largo de su narrativa, Eduardo Galeano ha ido transcribiendo los sue\u00f1os de Helena, su esposa. Este libro, ya disponible en edici\u00f3n bolsillo, los re\u00fane por primera vez a la manera de un gran relato. Amigos, desconocidos, viajes, exilios y reencuentros se entretejen en un itinerario de aventuras.\" \/>\n<meta name=\"robots\" content=\"index, follow, max-snippet:-1, max-image-preview:large, max-video-preview:-1\" \/>\n<link rel=\"canonical\" href=\"https:\/\/librosdelzorrorojo.com\/ca\/cataleg\/los-suenos-de-helena\/\" \/>\n<meta property=\"og:locale\" content=\"ca_ES\" \/>\n<meta property=\"og:type\" content=\"article\" \/>\n<meta property=\"og:title\" content=\"Los sue\u00f1os de Helena\" \/>\n<meta property=\"og:description\" content=\"A lo largo de su narrativa, Eduardo Galeano ha ido transcribiendo los sue\u00f1os de Helena, su esposa. Este libro, ya disponible en edici\u00f3n bolsillo, los re\u00fane por primera vez a la manera de un gran relato. Amigos, desconocidos, viajes, exilios y reencuentros se entretejen en un itinerario de aventuras.\" \/>\n<meta property=\"og:url\" content=\"https:\/\/librosdelzorrorojo.com\/ca\/cataleg\/los-suenos-de-helena\/\" \/>\n<meta property=\"og:site_name\" content=\"Libros del Zorro Rojo\" \/>\n<meta property=\"article:modified_time\" content=\"2024-02-29T10:44:00+00:00\" \/>\n<meta property=\"og:image\" content=\"https:\/\/librosdelzorrorojo.com\/wp-content\/uploads\/2009\/03\/LaCondesaSangrienta_1200x1200-768x768.png\" \/>\n\t<meta property=\"og:image:width\" content=\"768\" \/>\n\t<meta property=\"og:image:height\" content=\"768\" \/>\n\t<meta property=\"og:image:type\" content=\"image\/png\" \/>\n<meta name=\"twitter:card\" content=\"summary_large_image\" \/>\n<meta name=\"twitter:label1\" content=\"Temps estimat de lectura\" \/>\n\t<meta name=\"twitter:data1\" content=\"1 minut\" \/>\n<script type=\"application\/ld+json\" class=\"yoast-schema-graph\">{\"@context\":\"https:\/\/schema.org\",\"@graph\":[{\"@type\":\"WebPage\",\"@id\":\"https:\/\/librosdelzorrorojo.com\/ca\/cataleg\/los-suenos-de-helena\/\",\"url\":\"https:\/\/librosdelzorrorojo.com\/ca\/cataleg\/los-suenos-de-helena\/\",\"name\":\"Los sue\u00f1os de Helena\",\"isPartOf\":{\"@id\":\"https:\/\/librosdelzorrorojo.com\/#website\"},\"primaryImageOfPage\":{\"@id\":\"https:\/\/librosdelzorrorojo.com\/ca\/cataleg\/los-suenos-de-helena\/#primaryimage\"},\"image\":{\"@id\":\"https:\/\/librosdelzorrorojo.com\/ca\/cataleg\/los-suenos-de-helena\/#primaryimage\"},\"thumbnailUrl\":\"https:\/\/librosdelzorrorojo.com\/wp-content\/uploads\/2022\/04\/Cover_LosSuen\u0303osDeHelena-baja.gif\",\"datePublished\":\"2022-04-06T10:45:53+00:00\",\"dateModified\":\"2024-02-29T10:44:00+00:00\",\"description\":\"A lo largo de su narrativa, Eduardo Galeano ha ido transcribiendo los sue\u00f1os de Helena, su esposa. Este libro, ya disponible en edici\u00f3n bolsillo, los re\u00fane por primera vez a la manera de un gran relato. Amigos, desconocidos, viajes, exilios y reencuentros se entretejen en un itinerario de aventuras.\",\"breadcrumb\":{\"@id\":\"https:\/\/librosdelzorrorojo.com\/ca\/cataleg\/los-suenos-de-helena\/#breadcrumb\"},\"inLanguage\":\"ca\",\"potentialAction\":[{\"@type\":\"ReadAction\",\"target\":[\"https:\/\/librosdelzorrorojo.com\/ca\/cataleg\/los-suenos-de-helena\/\"]}]},{\"@type\":\"ImageObject\",\"inLanguage\":\"ca\",\"@id\":\"https:\/\/librosdelzorrorojo.com\/ca\/cataleg\/los-suenos-de-helena\/#primaryimage\",\"url\":\"https:\/\/librosdelzorrorojo.com\/wp-content\/uploads\/2022\/04\/Cover_LosSuen\u0303osDeHelena-baja.gif\",\"contentUrl\":\"https:\/\/librosdelzorrorojo.com\/wp-content\/uploads\/2022\/04\/Cover_LosSuen\u0303osDeHelena-baja.gif\",\"width\":850,\"height\":1208,\"caption\":\"Cover LosSuen\u0303osDeHelena baja\"},{\"@type\":\"BreadcrumbList\",\"@id\":\"https:\/\/librosdelzorrorojo.com\/ca\/cataleg\/los-suenos-de-helena\/#breadcrumb\",\"itemListElement\":[{\"@type\":\"ListItem\",\"position\":1,\"name\":\"Portada\",\"item\":\"https:\/\/librosdelzorrorojo.com\/ca\/\"},{\"@type\":\"ListItem\",\"position\":2,\"name\":\"Cat\u00e0leg\",\"item\":\"https:\/\/librosdelzorrorojo.com\/ca\/cataleg\/\"},{\"@type\":\"ListItem\",\"position\":3,\"name\":\"Los sue\u00f1os de Helena\"}]},{\"@type\":\"WebSite\",\"@id\":\"https:\/\/librosdelzorrorojo.com\/#website\",\"url\":\"https:\/\/librosdelzorrorojo.com\/\",\"name\":\"Libros del Zorro Rojo\",\"description\":\"Libros ilustrados\",\"potentialAction\":[{\"@type\":\"SearchAction\",\"target\":{\"@type\":\"EntryPoint\",\"urlTemplate\":\"https:\/\/librosdelzorrorojo.com\/?s={search_term_string}\"},\"query-input\":{\"@type\":\"PropertyValueSpecification\",\"valueRequired\":true,\"valueName\":\"search_term_string\"}}],\"inLanguage\":\"ca\"}]}<\/script>\n<!-- \/ Yoast SEO plugin. -->","yoast_head_json":{"title":"Los sue\u00f1os de Helena","description":"A lo largo de su narrativa, Eduardo Galeano ha ido transcribiendo los sue\u00f1os de Helena, su esposa. Este libro, ya disponible en edici\u00f3n bolsillo, los re\u00fane por primera vez a la manera de un gran relato. Amigos, desconocidos, viajes, exilios y reencuentros se entretejen en un itinerario de aventuras.","robots":{"index":"index","follow":"follow","max-snippet":"max-snippet:-1","max-image-preview":"max-image-preview:large","max-video-preview":"max-video-preview:-1"},"canonical":"https:\/\/librosdelzorrorojo.com\/ca\/cataleg\/los-suenos-de-helena\/","og_locale":"ca_ES","og_type":"article","og_title":"Los sue\u00f1os de Helena","og_description":"A lo largo de su narrativa, Eduardo Galeano ha ido transcribiendo los sue\u00f1os de Helena, su esposa. Este libro, ya disponible en edici\u00f3n bolsillo, los re\u00fane por primera vez a la manera de un gran relato. Amigos, desconocidos, viajes, exilios y reencuentros se entretejen en un itinerario de aventuras.","og_url":"https:\/\/librosdelzorrorojo.com\/ca\/cataleg\/los-suenos-de-helena\/","og_site_name":"Libros del Zorro Rojo","article_modified_time":"2024-02-29T10:44:00+00:00","og_image":[{"width":768,"height":768,"url":"https:\/\/librosdelzorrorojo.com\/wp-content\/uploads\/2009\/03\/LaCondesaSangrienta_1200x1200-768x768.png","type":"image\/png"}],"twitter_card":"summary_large_image","twitter_misc":{"Temps estimat de lectura":"1 minut"},"schema":{"@context":"https:\/\/schema.org","@graph":[{"@type":"WebPage","@id":"https:\/\/librosdelzorrorojo.com\/ca\/cataleg\/los-suenos-de-helena\/","url":"https:\/\/librosdelzorrorojo.com\/ca\/cataleg\/los-suenos-de-helena\/","name":"Los sue\u00f1os de Helena","isPartOf":{"@id":"https:\/\/librosdelzorrorojo.com\/#website"},"primaryImageOfPage":{"@id":"https:\/\/librosdelzorrorojo.com\/ca\/cataleg\/los-suenos-de-helena\/#primaryimage"},"image":{"@id":"https:\/\/librosdelzorrorojo.com\/ca\/cataleg\/los-suenos-de-helena\/#primaryimage"},"thumbnailUrl":"https:\/\/librosdelzorrorojo.com\/wp-content\/uploads\/2022\/04\/Cover_LosSuen\u0303osDeHelena-baja.gif","datePublished":"2022-04-06T10:45:53+00:00","dateModified":"2024-02-29T10:44:00+00:00","description":"A lo largo de su narrativa, Eduardo Galeano ha ido transcribiendo los sue\u00f1os de Helena, su esposa. Este libro, ya disponible en edici\u00f3n bolsillo, los re\u00fane por primera vez a la manera de un gran relato. Amigos, desconocidos, viajes, exilios y reencuentros se entretejen en un itinerario de aventuras.","breadcrumb":{"@id":"https:\/\/librosdelzorrorojo.com\/ca\/cataleg\/los-suenos-de-helena\/#breadcrumb"},"inLanguage":"ca","potentialAction":[{"@type":"ReadAction","target":["https:\/\/librosdelzorrorojo.com\/ca\/cataleg\/los-suenos-de-helena\/"]}]},{"@type":"ImageObject","inLanguage":"ca","@id":"https:\/\/librosdelzorrorojo.com\/ca\/cataleg\/los-suenos-de-helena\/#primaryimage","url":"https:\/\/librosdelzorrorojo.com\/wp-content\/uploads\/2022\/04\/Cover_LosSuen\u0303osDeHelena-baja.gif","contentUrl":"https:\/\/librosdelzorrorojo.com\/wp-content\/uploads\/2022\/04\/Cover_LosSuen\u0303osDeHelena-baja.gif","width":850,"height":1208,"caption":"Cover LosSuen\u0303osDeHelena baja"},{"@type":"BreadcrumbList","@id":"https:\/\/librosdelzorrorojo.com\/ca\/cataleg\/los-suenos-de-helena\/#breadcrumb","itemListElement":[{"@type":"ListItem","position":1,"name":"Portada","item":"https:\/\/librosdelzorrorojo.com\/ca\/"},{"@type":"ListItem","position":2,"name":"Cat\u00e0leg","item":"https:\/\/librosdelzorrorojo.com\/ca\/cataleg\/"},{"@type":"ListItem","position":3,"name":"Los sue\u00f1os de Helena"}]},{"@type":"WebSite","@id":"https:\/\/librosdelzorrorojo.com\/#website","url":"https:\/\/librosdelzorrorojo.com\/","name":"Libros del Zorro Rojo","description":"Libros ilustrados","potentialAction":[{"@type":"SearchAction","target":{"@type":"EntryPoint","urlTemplate":"https:\/\/librosdelzorrorojo.com\/?s={search_term_string}"},"query-input":{"@type":"PropertyValueSpecification","valueRequired":true,"valueName":"search_term_string"}}],"inLanguage":"ca"}]}},"_links":{"self":[{"href":"https:\/\/librosdelzorrorojo.com\/ca\/wp-json\/wp\/v2\/product\/22530","targetHints":{"allow":["GET"]}}],"collection":[{"href":"https:\/\/librosdelzorrorojo.com\/ca\/wp-json\/wp\/v2\/product"}],"about":[{"href":"https:\/\/librosdelzorrorojo.com\/ca\/wp-json\/wp\/v2\/types\/product"}],"wp:featuredmedia":[{"embeddable":true,"href":"https:\/\/librosdelzorrorojo.com\/ca\/wp-json\/wp\/v2\/media\/22520"}],"wp:attachment":[{"href":"https:\/\/librosdelzorrorojo.com\/ca\/wp-json\/wp\/v2\/media?parent=22530"}],"wp:term":[{"taxonomy":"product_brand","embeddable":true,"href":"https:\/\/librosdelzorrorojo.com\/ca\/wp-json\/wp\/v2\/product_brand?post=22530"},{"taxonomy":"product_cat","embeddable":true,"href":"https:\/\/librosdelzorrorojo.com\/ca\/wp-json\/wp\/v2\/product_cat?post=22530"},{"taxonomy":"product_tag","embeddable":true,"href":"https:\/\/librosdelzorrorojo.com\/ca\/wp-json\/wp\/v2\/product_tag?post=22530"}],"curies":[{"name":"wp","href":"https:\/\/api.w.org\/{rel}","templated":true}]}}