{"id":22471,"date":"2022-03-30T13:15:16","date_gmt":"2022-03-30T11:15:16","guid":{"rendered":"https:\/\/librosdelzorrorojo.com\/catalogo\/la-caricia-del-viento\/"},"modified":"2026-04-14T11:44:53","modified_gmt":"2026-04-14T09:44:53","slug":"la-caricia-del-viento","status":"publish","type":"product","link":"https:\/\/librosdelzorrorojo.com\/ca\/cataleg\/la-caricia-del-viento\/","title":{"rendered":"La caricia del viento"},"content":{"rendered":"<p>Durante la infancia,\u00a0el mundo es un continuo descubrimiento,\u00a0un aprendizaje diario cargado de sorpresas. As\u00ed lo vive el protagonista de este libro de vi\u00f1etas, una especie de conejito o peque\u00f1o roedor, que mira, se pregunta y avanza mientras se desenvuelve en\u00a0sencillas aventuras vinculadas con el entorno natural y la amistad.<\/p>\n<p>En cada una de las historias, la ilustradora francesa Sandrine Kao retrata, con ternura y sencillez,\u00a0un momento de la vida en el que surge una pregunta:\u00a0\u00bfpor qu\u00e9 no germina esta semilla?, \u00bfpor qu\u00e9 los dem\u00e1s lo logran y yo no?, \u00bfqu\u00e9 es m\u00e1s importante, llegar el primero o intentarlo?\u00a0Inspiradas en la filosof\u00eda oriental, estas f\u00e1bulas descubren\u00a0c\u00f3mo de cada interrogante nace algo maravilloso:\u00a0una idea, una emoci\u00f3n, algo \u00fanico y amable, como una flor en la nieve o la caricia del viento.<\/p>\n<p>En este \u00e1lbum bell\u00edsimo, influenciado por la est\u00e9tica minimalista, los cap\u00edtulos se estructuran como\u00a0historietas de dise\u00f1o refinado y colores pastel,\u00a0en sinton\u00eda con las emociones que busca trasmitir. Las im\u00e1genes de paisajes sencillos y l\u00edmpidos al estilo japon\u00e9s realzan la delicadeza y sencillez de\u00a0un texto po\u00e9tico y depurado.<\/p>\n<p><em>La caricia del viento<\/em>\u00a0es\u00a0un paseo por la ni\u00f1ez que irradia instantes de lucidez y felicidad,\u00a0cuyo reflejo alcanza a peque\u00f1os y adultos, a trav\u00e9s de ideas que nacen de pensamientos tan sencillos como trascendentales, afines a la meditaci\u00f3n zen.<\/p>\n","protected":false},"excerpt":{"rendered":"Durante la infancia,\u00a0el mundo es un continuo descubrimiento,\u00a0un aprendizaje diario cargado de sorpresas. As\u00ed lo vive el protagonista de este libro de vi\u00f1etas, una especie de conejito o peque\u00f1o roedor, que mira, se pregunta y avanza mientras se desenvuelve en\u00a0sencillas aventuras vinculadas con el entorno natural y la amistad. En cada una de las historias, [&hellip;]","protected":false},"featured_media":22459,"template":"","meta":{"_acf_changed":false},"product_brand":[],"product_cat":[844,843,839],"product_tag":[],"class_list":{"0":"post-22471","1":"product","2":"type-product","3":"status-publish","4":"has-post-thumbnail","6":"product_cat-castella","7":"product_cat-infantiles-ca","8":"product_cat-zona-kids-ca","9":"vinculo-la-caricia-del-viento","11":"first","12":"instock","13":"taxable","14":"shipping-taxable","15":"purchasable","16":"product-type-simple"},"acf":[],"yoast_head":"<!-- This site is optimized with the Yoast SEO plugin v25.1 - https:\/\/yoast.com\/wordpress\/plugins\/seo\/ -->\n<title>La caricia del viento - Libros del Zorro Rojo<\/title>\n<meta name=\"robots\" content=\"index, follow, max-snippet:-1, max-image-preview:large, max-video-preview:-1\" \/>\n<link rel=\"canonical\" href=\"https:\/\/librosdelzorrorojo.com\/ca\/cataleg\/la-caricia-del-viento\/\" \/>\n<meta property=\"og:locale\" content=\"ca_ES\" \/>\n<meta property=\"og:type\" content=\"article\" \/>\n<meta property=\"og:title\" content=\"La caricia del viento - Libros del Zorro Rojo\" \/>\n<meta property=\"og:description\" content=\"Durante la infancia,\u00a0el mundo es un continuo descubrimiento,\u00a0un aprendizaje diario cargado de sorpresas. As\u00ed lo vive el protagonista de este libro de vi\u00f1etas, una especie de conejito o peque\u00f1o roedor, que mira, se pregunta y avanza mientras se desenvuelve en\u00a0sencillas aventuras vinculadas con el entorno natural y la amistad. En cada una de las historias, [&hellip;]\" \/>\n<meta property=\"og:url\" content=\"https:\/\/librosdelzorrorojo.com\/ca\/cataleg\/la-caricia-del-viento\/\" \/>\n<meta property=\"og:site_name\" content=\"Libros del Zorro Rojo\" \/>\n<meta property=\"article:modified_time\" content=\"2026-04-14T09:44:53+00:00\" \/>\n<meta property=\"og:image\" content=\"https:\/\/librosdelzorrorojo.com\/wp-content\/uploads\/2022\/03\/Cover_La-caricia-del-viento-WEB.jpg\" \/>\n\t<meta property=\"og:image:width\" content=\"523\" \/>\n\t<meta property=\"og:image:height\" content=\"861\" \/>\n\t<meta property=\"og:image:type\" content=\"image\/jpeg\" \/>\n<meta name=\"twitter:card\" content=\"summary_large_image\" \/>\n<meta name=\"twitter:label1\" content=\"Temps estimat de lectura\" \/>\n\t<meta name=\"twitter:data1\" content=\"1 minut\" \/>\n<script type=\"application\/ld+json\" class=\"yoast-schema-graph\">{\"@context\":\"https:\/\/schema.org\",\"@graph\":[{\"@type\":\"WebPage\",\"@id\":\"https:\/\/librosdelzorrorojo.com\/ca\/cataleg\/la-caricia-del-viento\/\",\"url\":\"https:\/\/librosdelzorrorojo.com\/ca\/cataleg\/la-caricia-del-viento\/\",\"name\":\"La caricia del viento - Libros del Zorro Rojo\",\"isPartOf\":{\"@id\":\"https:\/\/librosdelzorrorojo.com\/#website\"},\"primaryImageOfPage\":{\"@id\":\"https:\/\/librosdelzorrorojo.com\/ca\/cataleg\/la-caricia-del-viento\/#primaryimage\"},\"image\":{\"@id\":\"https:\/\/librosdelzorrorojo.com\/ca\/cataleg\/la-caricia-del-viento\/#primaryimage\"},\"thumbnailUrl\":\"https:\/\/librosdelzorrorojo.com\/wp-content\/uploads\/2022\/03\/Cover_La-caricia-del-viento-WEB.jpg\",\"datePublished\":\"2022-03-30T11:15:16+00:00\",\"dateModified\":\"2026-04-14T09:44:53+00:00\",\"breadcrumb\":{\"@id\":\"https:\/\/librosdelzorrorojo.com\/ca\/cataleg\/la-caricia-del-viento\/#breadcrumb\"},\"inLanguage\":\"ca\",\"potentialAction\":[{\"@type\":\"ReadAction\",\"target\":[\"https:\/\/librosdelzorrorojo.com\/ca\/cataleg\/la-caricia-del-viento\/\"]}]},{\"@type\":\"ImageObject\",\"inLanguage\":\"ca\",\"@id\":\"https:\/\/librosdelzorrorojo.com\/ca\/cataleg\/la-caricia-del-viento\/#primaryimage\",\"url\":\"https:\/\/librosdelzorrorojo.com\/wp-content\/uploads\/2022\/03\/Cover_La-caricia-del-viento-WEB.jpg\",\"contentUrl\":\"https:\/\/librosdelzorrorojo.com\/wp-content\/uploads\/2022\/03\/Cover_La-caricia-del-viento-WEB.jpg\",\"width\":523,\"height\":861,\"caption\":\"Cover La caricia del viento WEB\"},{\"@type\":\"BreadcrumbList\",\"@id\":\"https:\/\/librosdelzorrorojo.com\/ca\/cataleg\/la-caricia-del-viento\/#breadcrumb\",\"itemListElement\":[{\"@type\":\"ListItem\",\"position\":1,\"name\":\"Portada\",\"item\":\"https:\/\/librosdelzorrorojo.com\/ca\/\"},{\"@type\":\"ListItem\",\"position\":2,\"name\":\"Cat\u00e0leg\",\"item\":\"https:\/\/librosdelzorrorojo.com\/ca\/cataleg\/\"},{\"@type\":\"ListItem\",\"position\":3,\"name\":\"La caricia del viento\"}]},{\"@type\":\"WebSite\",\"@id\":\"https:\/\/librosdelzorrorojo.com\/#website\",\"url\":\"https:\/\/librosdelzorrorojo.com\/\",\"name\":\"Libros del Zorro Rojo\",\"description\":\"Libros ilustrados\",\"potentialAction\":[{\"@type\":\"SearchAction\",\"target\":{\"@type\":\"EntryPoint\",\"urlTemplate\":\"https:\/\/librosdelzorrorojo.com\/?s={search_term_string}\"},\"query-input\":{\"@type\":\"PropertyValueSpecification\",\"valueRequired\":true,\"valueName\":\"search_term_string\"}}],\"inLanguage\":\"ca\"}]}<\/script>\n<!-- \/ Yoast SEO plugin. -->","yoast_head_json":{"title":"La caricia del viento - Libros del Zorro Rojo","robots":{"index":"index","follow":"follow","max-snippet":"max-snippet:-1","max-image-preview":"max-image-preview:large","max-video-preview":"max-video-preview:-1"},"canonical":"https:\/\/librosdelzorrorojo.com\/ca\/cataleg\/la-caricia-del-viento\/","og_locale":"ca_ES","og_type":"article","og_title":"La caricia del viento - Libros del Zorro Rojo","og_description":"Durante la infancia,\u00a0el mundo es un continuo descubrimiento,\u00a0un aprendizaje diario cargado de sorpresas. As\u00ed lo vive el protagonista de este libro de vi\u00f1etas, una especie de conejito o peque\u00f1o roedor, que mira, se pregunta y avanza mientras se desenvuelve en\u00a0sencillas aventuras vinculadas con el entorno natural y la amistad. En cada una de las historias, [&hellip;]","og_url":"https:\/\/librosdelzorrorojo.com\/ca\/cataleg\/la-caricia-del-viento\/","og_site_name":"Libros del Zorro Rojo","article_modified_time":"2026-04-14T09:44:53+00:00","og_image":[{"width":523,"height":861,"url":"https:\/\/librosdelzorrorojo.com\/wp-content\/uploads\/2022\/03\/Cover_La-caricia-del-viento-WEB.jpg","type":"image\/jpeg"}],"twitter_card":"summary_large_image","twitter_misc":{"Temps estimat de lectura":"1 minut"},"schema":{"@context":"https:\/\/schema.org","@graph":[{"@type":"WebPage","@id":"https:\/\/librosdelzorrorojo.com\/ca\/cataleg\/la-caricia-del-viento\/","url":"https:\/\/librosdelzorrorojo.com\/ca\/cataleg\/la-caricia-del-viento\/","name":"La caricia del viento - Libros del Zorro Rojo","isPartOf":{"@id":"https:\/\/librosdelzorrorojo.com\/#website"},"primaryImageOfPage":{"@id":"https:\/\/librosdelzorrorojo.com\/ca\/cataleg\/la-caricia-del-viento\/#primaryimage"},"image":{"@id":"https:\/\/librosdelzorrorojo.com\/ca\/cataleg\/la-caricia-del-viento\/#primaryimage"},"thumbnailUrl":"https:\/\/librosdelzorrorojo.com\/wp-content\/uploads\/2022\/03\/Cover_La-caricia-del-viento-WEB.jpg","datePublished":"2022-03-30T11:15:16+00:00","dateModified":"2026-04-14T09:44:53+00:00","breadcrumb":{"@id":"https:\/\/librosdelzorrorojo.com\/ca\/cataleg\/la-caricia-del-viento\/#breadcrumb"},"inLanguage":"ca","potentialAction":[{"@type":"ReadAction","target":["https:\/\/librosdelzorrorojo.com\/ca\/cataleg\/la-caricia-del-viento\/"]}]},{"@type":"ImageObject","inLanguage":"ca","@id":"https:\/\/librosdelzorrorojo.com\/ca\/cataleg\/la-caricia-del-viento\/#primaryimage","url":"https:\/\/librosdelzorrorojo.com\/wp-content\/uploads\/2022\/03\/Cover_La-caricia-del-viento-WEB.jpg","contentUrl":"https:\/\/librosdelzorrorojo.com\/wp-content\/uploads\/2022\/03\/Cover_La-caricia-del-viento-WEB.jpg","width":523,"height":861,"caption":"Cover La caricia del viento WEB"},{"@type":"BreadcrumbList","@id":"https:\/\/librosdelzorrorojo.com\/ca\/cataleg\/la-caricia-del-viento\/#breadcrumb","itemListElement":[{"@type":"ListItem","position":1,"name":"Portada","item":"https:\/\/librosdelzorrorojo.com\/ca\/"},{"@type":"ListItem","position":2,"name":"Cat\u00e0leg","item":"https:\/\/librosdelzorrorojo.com\/ca\/cataleg\/"},{"@type":"ListItem","position":3,"name":"La caricia del viento"}]},{"@type":"WebSite","@id":"https:\/\/librosdelzorrorojo.com\/#website","url":"https:\/\/librosdelzorrorojo.com\/","name":"Libros del Zorro Rojo","description":"Libros ilustrados","potentialAction":[{"@type":"SearchAction","target":{"@type":"EntryPoint","urlTemplate":"https:\/\/librosdelzorrorojo.com\/?s={search_term_string}"},"query-input":{"@type":"PropertyValueSpecification","valueRequired":true,"valueName":"search_term_string"}}],"inLanguage":"ca"}]}},"_links":{"self":[{"href":"https:\/\/librosdelzorrorojo.com\/ca\/wp-json\/wp\/v2\/product\/22471","targetHints":{"allow":["GET"]}}],"collection":[{"href":"https:\/\/librosdelzorrorojo.com\/ca\/wp-json\/wp\/v2\/product"}],"about":[{"href":"https:\/\/librosdelzorrorojo.com\/ca\/wp-json\/wp\/v2\/types\/product"}],"wp:featuredmedia":[{"embeddable":true,"href":"https:\/\/librosdelzorrorojo.com\/ca\/wp-json\/wp\/v2\/media\/22459"}],"wp:attachment":[{"href":"https:\/\/librosdelzorrorojo.com\/ca\/wp-json\/wp\/v2\/media?parent=22471"}],"wp:term":[{"taxonomy":"product_brand","embeddable":true,"href":"https:\/\/librosdelzorrorojo.com\/ca\/wp-json\/wp\/v2\/product_brand?post=22471"},{"taxonomy":"product_cat","embeddable":true,"href":"https:\/\/librosdelzorrorojo.com\/ca\/wp-json\/wp\/v2\/product_cat?post=22471"},{"taxonomy":"product_tag","embeddable":true,"href":"https:\/\/librosdelzorrorojo.com\/ca\/wp-json\/wp\/v2\/product_tag?post=22471"}],"curies":[{"name":"wp","href":"https:\/\/api.w.org\/{rel}","templated":true}]}}