{"id":22344,"date":"2022-03-17T12:57:51","date_gmt":"2022-03-17T11:57:51","guid":{"rendered":"https:\/\/librosdelzorrorojo.com\/?post_type=product&#038;p=22344"},"modified":"2024-03-01T09:20:50","modified_gmt":"2024-03-01T08:20:50","slug":"primeres-alegries","status":"publish","type":"product","link":"https:\/\/librosdelzorrorojo.com\/ca\/cataleg\/primeres-alegries\/","title":{"rendered":"Primeres alegries"},"content":{"rendered":"<p>La vida d&#8217;un nad\u00f3 est\u00e0 plena de moments \u00fanics, de descobriments, de primeres alegries, jocs i petits plaers, i aix\u00f2 \u00e9s tant per als beb\u00e8s humans com per a les cries animals: alletar-se, anar a fer una passejada, rebre car\u00edcies, imitar els adults, abra\u00e7ar el primer amic o arraulir-se en un niu acollidor&#8230;<\/p>\n<p>Aquest \u00e0lbum, il\u00b7lustrat amb subtilesa i tendresa, descriu aquestes Primeres alegries presents en la vida dels beb\u00e8s, dels nounats, ja siguin petits mam\u00edfers, aneguets, ping\u00fcins o elefants. Qu\u00e8 tenen tots ells en com\u00fa? Aquest llibre de cart\u00f3 ens ho descobreix a trav\u00e9s d&#8217;imatges loquaces i frases suggeridores i reveladores sobre la cura i la socialitzaci\u00f3, a m\u00e9s de la bellesa, que unifica l&#8217;inici de la vida del regne animal.<\/p>\n<p>V\u00e9ronique Joffre, a trav\u00e9s del <em>collage<\/em> i d&#8217;una paleta de colors t\u00e8nues, desenvolupa aquest joc de miralls en un llibre de cart\u00f3 imprescindible, no nom\u00e9s per als m\u00e9s petits de la casa, sin\u00f3 tamb\u00e9 per a tota la tribu que els rep, i que estigui disposada a meravellar-se, una vegada i una altra, de la m\u00e0gia de les \u00abprimeres vegades\u00bb.<\/p>\n","protected":false},"excerpt":{"rendered":"La vida d&#8217;un nad\u00f3 est\u00e0 plena de moments \u00fanics, de descobriments, de primeres alegries, jocs i petits plaers, i aix\u00f2 \u00e9s tant per als beb\u00e8s humans com per a les cries animals: alletar-se, anar a fer una passejada, rebre car\u00edcies, imitar els adults, abra\u00e7ar el primer amic o arraulir-se en un niu acollidor&#8230; Aquest \u00e0lbum, [&hellip;]","protected":false},"featured_media":22356,"template":"","meta":{"_acf_changed":false},"product_brand":[],"product_cat":[840,843,839],"product_tag":[],"class_list":{"0":"post-22344","1":"product","2":"type-product","3":"status-publish","4":"has-post-thumbnail","6":"product_cat-catala","7":"product_cat-infantiles-ca","8":"product_cat-zona-kids-ca","9":"vinculo-primeras-alegrias","11":"first","12":"instock","13":"taxable","14":"shipping-taxable","15":"purchasable","16":"product-type-simple"},"acf":[],"yoast_head":"<!-- This site is optimized with the Yoast SEO plugin v25.1 - https:\/\/yoast.com\/wordpress\/plugins\/seo\/ -->\n<title>Primeres alegries - Libros del Zorro Rojo<\/title>\n<meta name=\"robots\" content=\"index, follow, max-snippet:-1, max-image-preview:large, max-video-preview:-1\" \/>\n<link rel=\"canonical\" href=\"https:\/\/librosdelzorrorojo.com\/ca\/cataleg\/primeres-alegries\/\" \/>\n<meta property=\"og:locale\" content=\"ca_ES\" \/>\n<meta property=\"og:type\" content=\"article\" \/>\n<meta property=\"og:title\" content=\"Primeres alegries - Libros del Zorro Rojo\" \/>\n<meta property=\"og:description\" content=\"La vida d&#8217;un nad\u00f3 est\u00e0 plena de moments \u00fanics, de descobriments, de primeres alegries, jocs i petits plaers, i aix\u00f2 \u00e9s tant per als beb\u00e8s humans com per a les cries animals: alletar-se, anar a fer una passejada, rebre car\u00edcies, imitar els adults, abra\u00e7ar el primer amic o arraulir-se en un niu acollidor&#8230; Aquest \u00e0lbum, [&hellip;]\" \/>\n<meta property=\"og:url\" content=\"https:\/\/librosdelzorrorojo.com\/ca\/cataleg\/primeres-alegries\/\" \/>\n<meta property=\"og:site_name\" content=\"Libros del Zorro Rojo\" \/>\n<meta property=\"article:modified_time\" content=\"2024-03-01T08:20:50+00:00\" \/>\n<meta property=\"og:image\" content=\"https:\/\/librosdelzorrorojo.com\/wp-content\/uploads\/2022\/03\/Cover_Primeras-alegrias-CAT-WEB.jpg\" \/>\n\t<meta property=\"og:image:width\" content=\"850\" \/>\n\t<meta property=\"og:image:height\" content=\"1239\" \/>\n\t<meta property=\"og:image:type\" content=\"image\/jpeg\" \/>\n<meta name=\"twitter:card\" content=\"summary_large_image\" \/>\n<meta name=\"twitter:label1\" content=\"Temps estimat de lectura\" \/>\n\t<meta name=\"twitter:data1\" content=\"1 minut\" \/>\n<script type=\"application\/ld+json\" class=\"yoast-schema-graph\">{\"@context\":\"https:\/\/schema.org\",\"@graph\":[{\"@type\":\"WebPage\",\"@id\":\"https:\/\/librosdelzorrorojo.com\/ca\/cataleg\/primeres-alegries\/\",\"url\":\"https:\/\/librosdelzorrorojo.com\/ca\/cataleg\/primeres-alegries\/\",\"name\":\"Primeres alegries - Libros del Zorro Rojo\",\"isPartOf\":{\"@id\":\"https:\/\/librosdelzorrorojo.com\/#website\"},\"primaryImageOfPage\":{\"@id\":\"https:\/\/librosdelzorrorojo.com\/ca\/cataleg\/primeres-alegries\/#primaryimage\"},\"image\":{\"@id\":\"https:\/\/librosdelzorrorojo.com\/ca\/cataleg\/primeres-alegries\/#primaryimage\"},\"thumbnailUrl\":\"https:\/\/librosdelzorrorojo.com\/wp-content\/uploads\/2022\/03\/Cover_Primeras-alegrias-CAT-WEB.jpg\",\"datePublished\":\"2022-03-17T11:57:51+00:00\",\"dateModified\":\"2024-03-01T08:20:50+00:00\",\"breadcrumb\":{\"@id\":\"https:\/\/librosdelzorrorojo.com\/ca\/cataleg\/primeres-alegries\/#breadcrumb\"},\"inLanguage\":\"ca\",\"potentialAction\":[{\"@type\":\"ReadAction\",\"target\":[\"https:\/\/librosdelzorrorojo.com\/ca\/cataleg\/primeres-alegries\/\"]}]},{\"@type\":\"ImageObject\",\"inLanguage\":\"ca\",\"@id\":\"https:\/\/librosdelzorrorojo.com\/ca\/cataleg\/primeres-alegries\/#primaryimage\",\"url\":\"https:\/\/librosdelzorrorojo.com\/wp-content\/uploads\/2022\/03\/Cover_Primeras-alegrias-CAT-WEB.jpg\",\"contentUrl\":\"https:\/\/librosdelzorrorojo.com\/wp-content\/uploads\/2022\/03\/Cover_Primeras-alegrias-CAT-WEB.jpg\",\"width\":850,\"height\":1239,\"caption\":\"Cover Primeras alegrias CAT WEB\"},{\"@type\":\"BreadcrumbList\",\"@id\":\"https:\/\/librosdelzorrorojo.com\/ca\/cataleg\/primeres-alegries\/#breadcrumb\",\"itemListElement\":[{\"@type\":\"ListItem\",\"position\":1,\"name\":\"Portada\",\"item\":\"https:\/\/librosdelzorrorojo.com\/ca\/\"},{\"@type\":\"ListItem\",\"position\":2,\"name\":\"Cat\u00e0leg\",\"item\":\"https:\/\/librosdelzorrorojo.com\/ca\/cataleg\/\"},{\"@type\":\"ListItem\",\"position\":3,\"name\":\"Primeres alegries\"}]},{\"@type\":\"WebSite\",\"@id\":\"https:\/\/librosdelzorrorojo.com\/#website\",\"url\":\"https:\/\/librosdelzorrorojo.com\/\",\"name\":\"Libros del Zorro Rojo\",\"description\":\"Libros ilustrados\",\"potentialAction\":[{\"@type\":\"SearchAction\",\"target\":{\"@type\":\"EntryPoint\",\"urlTemplate\":\"https:\/\/librosdelzorrorojo.com\/?s={search_term_string}\"},\"query-input\":{\"@type\":\"PropertyValueSpecification\",\"valueRequired\":true,\"valueName\":\"search_term_string\"}}],\"inLanguage\":\"ca\"}]}<\/script>\n<!-- \/ Yoast SEO plugin. -->","yoast_head_json":{"title":"Primeres alegries - Libros del Zorro Rojo","robots":{"index":"index","follow":"follow","max-snippet":"max-snippet:-1","max-image-preview":"max-image-preview:large","max-video-preview":"max-video-preview:-1"},"canonical":"https:\/\/librosdelzorrorojo.com\/ca\/cataleg\/primeres-alegries\/","og_locale":"ca_ES","og_type":"article","og_title":"Primeres alegries - Libros del Zorro Rojo","og_description":"La vida d&#8217;un nad\u00f3 est\u00e0 plena de moments \u00fanics, de descobriments, de primeres alegries, jocs i petits plaers, i aix\u00f2 \u00e9s tant per als beb\u00e8s humans com per a les cries animals: alletar-se, anar a fer una passejada, rebre car\u00edcies, imitar els adults, abra\u00e7ar el primer amic o arraulir-se en un niu acollidor&#8230; Aquest \u00e0lbum, [&hellip;]","og_url":"https:\/\/librosdelzorrorojo.com\/ca\/cataleg\/primeres-alegries\/","og_site_name":"Libros del Zorro Rojo","article_modified_time":"2024-03-01T08:20:50+00:00","og_image":[{"width":850,"height":1239,"url":"https:\/\/librosdelzorrorojo.com\/wp-content\/uploads\/2022\/03\/Cover_Primeras-alegrias-CAT-WEB.jpg","type":"image\/jpeg"}],"twitter_card":"summary_large_image","twitter_misc":{"Temps estimat de lectura":"1 minut"},"schema":{"@context":"https:\/\/schema.org","@graph":[{"@type":"WebPage","@id":"https:\/\/librosdelzorrorojo.com\/ca\/cataleg\/primeres-alegries\/","url":"https:\/\/librosdelzorrorojo.com\/ca\/cataleg\/primeres-alegries\/","name":"Primeres alegries - Libros del Zorro Rojo","isPartOf":{"@id":"https:\/\/librosdelzorrorojo.com\/#website"},"primaryImageOfPage":{"@id":"https:\/\/librosdelzorrorojo.com\/ca\/cataleg\/primeres-alegries\/#primaryimage"},"image":{"@id":"https:\/\/librosdelzorrorojo.com\/ca\/cataleg\/primeres-alegries\/#primaryimage"},"thumbnailUrl":"https:\/\/librosdelzorrorojo.com\/wp-content\/uploads\/2022\/03\/Cover_Primeras-alegrias-CAT-WEB.jpg","datePublished":"2022-03-17T11:57:51+00:00","dateModified":"2024-03-01T08:20:50+00:00","breadcrumb":{"@id":"https:\/\/librosdelzorrorojo.com\/ca\/cataleg\/primeres-alegries\/#breadcrumb"},"inLanguage":"ca","potentialAction":[{"@type":"ReadAction","target":["https:\/\/librosdelzorrorojo.com\/ca\/cataleg\/primeres-alegries\/"]}]},{"@type":"ImageObject","inLanguage":"ca","@id":"https:\/\/librosdelzorrorojo.com\/ca\/cataleg\/primeres-alegries\/#primaryimage","url":"https:\/\/librosdelzorrorojo.com\/wp-content\/uploads\/2022\/03\/Cover_Primeras-alegrias-CAT-WEB.jpg","contentUrl":"https:\/\/librosdelzorrorojo.com\/wp-content\/uploads\/2022\/03\/Cover_Primeras-alegrias-CAT-WEB.jpg","width":850,"height":1239,"caption":"Cover Primeras alegrias CAT WEB"},{"@type":"BreadcrumbList","@id":"https:\/\/librosdelzorrorojo.com\/ca\/cataleg\/primeres-alegries\/#breadcrumb","itemListElement":[{"@type":"ListItem","position":1,"name":"Portada","item":"https:\/\/librosdelzorrorojo.com\/ca\/"},{"@type":"ListItem","position":2,"name":"Cat\u00e0leg","item":"https:\/\/librosdelzorrorojo.com\/ca\/cataleg\/"},{"@type":"ListItem","position":3,"name":"Primeres alegries"}]},{"@type":"WebSite","@id":"https:\/\/librosdelzorrorojo.com\/#website","url":"https:\/\/librosdelzorrorojo.com\/","name":"Libros del Zorro Rojo","description":"Libros ilustrados","potentialAction":[{"@type":"SearchAction","target":{"@type":"EntryPoint","urlTemplate":"https:\/\/librosdelzorrorojo.com\/?s={search_term_string}"},"query-input":{"@type":"PropertyValueSpecification","valueRequired":true,"valueName":"search_term_string"}}],"inLanguage":"ca"}]}},"_links":{"self":[{"href":"https:\/\/librosdelzorrorojo.com\/ca\/wp-json\/wp\/v2\/product\/22344","targetHints":{"allow":["GET"]}}],"collection":[{"href":"https:\/\/librosdelzorrorojo.com\/ca\/wp-json\/wp\/v2\/product"}],"about":[{"href":"https:\/\/librosdelzorrorojo.com\/ca\/wp-json\/wp\/v2\/types\/product"}],"wp:featuredmedia":[{"embeddable":true,"href":"https:\/\/librosdelzorrorojo.com\/ca\/wp-json\/wp\/v2\/media\/22356"}],"wp:attachment":[{"href":"https:\/\/librosdelzorrorojo.com\/ca\/wp-json\/wp\/v2\/media?parent=22344"}],"wp:term":[{"taxonomy":"product_brand","embeddable":true,"href":"https:\/\/librosdelzorrorojo.com\/ca\/wp-json\/wp\/v2\/product_brand?post=22344"},{"taxonomy":"product_cat","embeddable":true,"href":"https:\/\/librosdelzorrorojo.com\/ca\/wp-json\/wp\/v2\/product_cat?post=22344"},{"taxonomy":"product_tag","embeddable":true,"href":"https:\/\/librosdelzorrorojo.com\/ca\/wp-json\/wp\/v2\/product_tag?post=22344"}],"curies":[{"name":"wp","href":"https:\/\/api.w.org\/{rel}","templated":true}]}}