{"id":22293,"date":"2022-03-18T11:54:40","date_gmt":"2022-03-18T10:54:40","guid":{"rendered":"https:\/\/librosdelzorrorojo.com\/?post_type=product&#038;p=22293"},"modified":"2024-03-01T09:19:39","modified_gmt":"2024-03-01T08:19:39","slug":"la-meva-vida-amb-un-drac-ences","status":"publish","type":"product","link":"https:\/\/librosdelzorrorojo.com\/ca\/cataleg\/la-meva-vida-amb-un-drac-ences\/","title":{"rendered":"La meva vida amb un drac enc\u00e8s"},"content":{"rendered":"<p>Recordeu aquell nen, incombustible i disposat a tot, que ens va ensenyar com encendre un drac apagat? Torna en un nou \u00e0lbum per explicar-nos les vicissituds de viure amb un drac que, aquesta vegada s\u00ed!, llan\u00e7a flames ben vives i aderns, ai!, fins i tot quan esternuda. Cinc hist\u00f2ries entranyables, i tamb\u00e9 cinc reptes fant\u00e0stics que posen a prova l\u2019enginy i la paci\u00e8ncia del nostre protagonista.<\/p>\n<p>No \u00e9s f\u00e0cil cuidar d\u2019un amic com en Drac! Qu\u00e8 fer quan es constipa o quan toca fer la revisi\u00f3 anual? Alg\u00fa pot imaginar per qu\u00e8 sempre porta una bufanda de llums de Nadal, com actua davant d\u2019un incendi o quina \u00e9s la seva rutina abans d\u2019anar a fer nones?<\/p>\n<p>Un llibre inoblidable, plagat de moments m\u00e0gics, amb una gran dosi d\u2019acci\u00f3 i, per descomptat, humor, dels autors de <em>Com encendre un drac apagat,<\/em> publicat per Libros del Zorro Rojo (2017).<\/p>\n","protected":false},"excerpt":{"rendered":"Recordeu aquell nen, incombustible i disposat a tot, que ens va ensenyar com encendre un drac apagat? Torna en un nou \u00e0lbum per explicar-nos les vicissituds de viure amb un drac que, aquesta vegada s\u00ed!, llan\u00e7a flames ben vives i aderns, ai!, fins i tot quan esternuda. Cinc hist\u00f2ries entranyables, i tamb\u00e9 cinc reptes fant\u00e0stics [&hellip;]","protected":false},"featured_media":22288,"template":"","meta":{"_acf_changed":false},"product_brand":[],"product_cat":[840,843,839],"product_tag":[],"class_list":{"0":"post-22293","1":"product","2":"type-product","3":"status-publish","4":"has-post-thumbnail","6":"product_cat-catala","7":"product_cat-infantiles-ca","8":"product_cat-zona-kids-ca","9":"vinculo-mi-vida-con-un-dragon-encendido","11":"first","12":"instock","13":"taxable","14":"shipping-taxable","15":"purchasable","16":"product-type-simple"},"acf":[],"yoast_head":"<!-- This site is optimized with the Yoast SEO plugin v25.1 - https:\/\/yoast.com\/wordpress\/plugins\/seo\/ -->\n<title>La meva vida amb un drac enc\u00e8s - Libros del Zorro Rojo<\/title>\n<meta name=\"robots\" content=\"index, follow, max-snippet:-1, max-image-preview:large, max-video-preview:-1\" \/>\n<link rel=\"canonical\" href=\"https:\/\/librosdelzorrorojo.com\/ca\/cataleg\/la-meva-vida-amb-un-drac-ences\/\" \/>\n<meta property=\"og:locale\" content=\"ca_ES\" \/>\n<meta property=\"og:type\" content=\"article\" \/>\n<meta property=\"og:title\" content=\"La meva vida amb un drac enc\u00e8s - Libros del Zorro Rojo\" \/>\n<meta property=\"og:description\" content=\"Recordeu aquell nen, incombustible i disposat a tot, que ens va ensenyar com encendre un drac apagat? Torna en un nou \u00e0lbum per explicar-nos les vicissituds de viure amb un drac que, aquesta vegada s\u00ed!, llan\u00e7a flames ben vives i aderns, ai!, fins i tot quan esternuda. Cinc hist\u00f2ries entranyables, i tamb\u00e9 cinc reptes fant\u00e0stics [&hellip;]\" \/>\n<meta property=\"og:url\" content=\"https:\/\/librosdelzorrorojo.com\/ca\/cataleg\/la-meva-vida-amb-un-drac-ences\/\" \/>\n<meta property=\"og:site_name\" content=\"Libros del Zorro Rojo\" \/>\n<meta property=\"article:modified_time\" content=\"2024-03-01T08:19:39+00:00\" \/>\n<meta property=\"og:image\" content=\"https:\/\/librosdelzorrorojo.com\/wp-content\/uploads\/2022\/03\/9788412314489Lamevavidaambundrac.jpg\" \/>\n\t<meta property=\"og:image:width\" content=\"1000\" \/>\n\t<meta property=\"og:image:height\" content=\"782\" \/>\n\t<meta property=\"og:image:type\" content=\"image\/jpeg\" \/>\n<meta name=\"twitter:card\" content=\"summary_large_image\" \/>\n<meta name=\"twitter:label1\" content=\"Temps estimat de lectura\" \/>\n\t<meta name=\"twitter:data1\" content=\"1 minut\" \/>\n<script type=\"application\/ld+json\" class=\"yoast-schema-graph\">{\"@context\":\"https:\/\/schema.org\",\"@graph\":[{\"@type\":\"WebPage\",\"@id\":\"https:\/\/librosdelzorrorojo.com\/ca\/cataleg\/la-meva-vida-amb-un-drac-ences\/\",\"url\":\"https:\/\/librosdelzorrorojo.com\/ca\/cataleg\/la-meva-vida-amb-un-drac-ences\/\",\"name\":\"La meva vida amb un drac enc\u00e8s - Libros del Zorro Rojo\",\"isPartOf\":{\"@id\":\"https:\/\/librosdelzorrorojo.com\/#website\"},\"primaryImageOfPage\":{\"@id\":\"https:\/\/librosdelzorrorojo.com\/ca\/cataleg\/la-meva-vida-amb-un-drac-ences\/#primaryimage\"},\"image\":{\"@id\":\"https:\/\/librosdelzorrorojo.com\/ca\/cataleg\/la-meva-vida-amb-un-drac-ences\/#primaryimage\"},\"thumbnailUrl\":\"https:\/\/librosdelzorrorojo.com\/wp-content\/uploads\/2022\/03\/9788412314489Lamevavidaambundrac.jpg\",\"datePublished\":\"2022-03-18T10:54:40+00:00\",\"dateModified\":\"2024-03-01T08:19:39+00:00\",\"breadcrumb\":{\"@id\":\"https:\/\/librosdelzorrorojo.com\/ca\/cataleg\/la-meva-vida-amb-un-drac-ences\/#breadcrumb\"},\"inLanguage\":\"ca\",\"potentialAction\":[{\"@type\":\"ReadAction\",\"target\":[\"https:\/\/librosdelzorrorojo.com\/ca\/cataleg\/la-meva-vida-amb-un-drac-ences\/\"]}]},{\"@type\":\"ImageObject\",\"inLanguage\":\"ca\",\"@id\":\"https:\/\/librosdelzorrorojo.com\/ca\/cataleg\/la-meva-vida-amb-un-drac-ences\/#primaryimage\",\"url\":\"https:\/\/librosdelzorrorojo.com\/wp-content\/uploads\/2022\/03\/9788412314489Lamevavidaambundrac.jpg\",\"contentUrl\":\"https:\/\/librosdelzorrorojo.com\/wp-content\/uploads\/2022\/03\/9788412314489Lamevavidaambundrac.jpg\",\"width\":1000,\"height\":782,\"caption\":\"9788412314489Lamevavidaambundrac\"},{\"@type\":\"BreadcrumbList\",\"@id\":\"https:\/\/librosdelzorrorojo.com\/ca\/cataleg\/la-meva-vida-amb-un-drac-ences\/#breadcrumb\",\"itemListElement\":[{\"@type\":\"ListItem\",\"position\":1,\"name\":\"Portada\",\"item\":\"https:\/\/librosdelzorrorojo.com\/ca\/\"},{\"@type\":\"ListItem\",\"position\":2,\"name\":\"Cat\u00e0leg\",\"item\":\"https:\/\/librosdelzorrorojo.com\/ca\/cataleg\/\"},{\"@type\":\"ListItem\",\"position\":3,\"name\":\"La meva vida amb un drac enc\u00e8s\"}]},{\"@type\":\"WebSite\",\"@id\":\"https:\/\/librosdelzorrorojo.com\/#website\",\"url\":\"https:\/\/librosdelzorrorojo.com\/\",\"name\":\"Libros del Zorro Rojo\",\"description\":\"Libros ilustrados\",\"potentialAction\":[{\"@type\":\"SearchAction\",\"target\":{\"@type\":\"EntryPoint\",\"urlTemplate\":\"https:\/\/librosdelzorrorojo.com\/?s={search_term_string}\"},\"query-input\":{\"@type\":\"PropertyValueSpecification\",\"valueRequired\":true,\"valueName\":\"search_term_string\"}}],\"inLanguage\":\"ca\"}]}<\/script>\n<!-- \/ Yoast SEO plugin. -->","yoast_head_json":{"title":"La meva vida amb un drac enc\u00e8s - Libros del Zorro Rojo","robots":{"index":"index","follow":"follow","max-snippet":"max-snippet:-1","max-image-preview":"max-image-preview:large","max-video-preview":"max-video-preview:-1"},"canonical":"https:\/\/librosdelzorrorojo.com\/ca\/cataleg\/la-meva-vida-amb-un-drac-ences\/","og_locale":"ca_ES","og_type":"article","og_title":"La meva vida amb un drac enc\u00e8s - Libros del Zorro Rojo","og_description":"Recordeu aquell nen, incombustible i disposat a tot, que ens va ensenyar com encendre un drac apagat? Torna en un nou \u00e0lbum per explicar-nos les vicissituds de viure amb un drac que, aquesta vegada s\u00ed!, llan\u00e7a flames ben vives i aderns, ai!, fins i tot quan esternuda. Cinc hist\u00f2ries entranyables, i tamb\u00e9 cinc reptes fant\u00e0stics [&hellip;]","og_url":"https:\/\/librosdelzorrorojo.com\/ca\/cataleg\/la-meva-vida-amb-un-drac-ences\/","og_site_name":"Libros del Zorro Rojo","article_modified_time":"2024-03-01T08:19:39+00:00","og_image":[{"width":1000,"height":782,"url":"https:\/\/librosdelzorrorojo.com\/wp-content\/uploads\/2022\/03\/9788412314489Lamevavidaambundrac.jpg","type":"image\/jpeg"}],"twitter_card":"summary_large_image","twitter_misc":{"Temps estimat de lectura":"1 minut"},"schema":{"@context":"https:\/\/schema.org","@graph":[{"@type":"WebPage","@id":"https:\/\/librosdelzorrorojo.com\/ca\/cataleg\/la-meva-vida-amb-un-drac-ences\/","url":"https:\/\/librosdelzorrorojo.com\/ca\/cataleg\/la-meva-vida-amb-un-drac-ences\/","name":"La meva vida amb un drac enc\u00e8s - Libros del Zorro Rojo","isPartOf":{"@id":"https:\/\/librosdelzorrorojo.com\/#website"},"primaryImageOfPage":{"@id":"https:\/\/librosdelzorrorojo.com\/ca\/cataleg\/la-meva-vida-amb-un-drac-ences\/#primaryimage"},"image":{"@id":"https:\/\/librosdelzorrorojo.com\/ca\/cataleg\/la-meva-vida-amb-un-drac-ences\/#primaryimage"},"thumbnailUrl":"https:\/\/librosdelzorrorojo.com\/wp-content\/uploads\/2022\/03\/9788412314489Lamevavidaambundrac.jpg","datePublished":"2022-03-18T10:54:40+00:00","dateModified":"2024-03-01T08:19:39+00:00","breadcrumb":{"@id":"https:\/\/librosdelzorrorojo.com\/ca\/cataleg\/la-meva-vida-amb-un-drac-ences\/#breadcrumb"},"inLanguage":"ca","potentialAction":[{"@type":"ReadAction","target":["https:\/\/librosdelzorrorojo.com\/ca\/cataleg\/la-meva-vida-amb-un-drac-ences\/"]}]},{"@type":"ImageObject","inLanguage":"ca","@id":"https:\/\/librosdelzorrorojo.com\/ca\/cataleg\/la-meva-vida-amb-un-drac-ences\/#primaryimage","url":"https:\/\/librosdelzorrorojo.com\/wp-content\/uploads\/2022\/03\/9788412314489Lamevavidaambundrac.jpg","contentUrl":"https:\/\/librosdelzorrorojo.com\/wp-content\/uploads\/2022\/03\/9788412314489Lamevavidaambundrac.jpg","width":1000,"height":782,"caption":"9788412314489Lamevavidaambundrac"},{"@type":"BreadcrumbList","@id":"https:\/\/librosdelzorrorojo.com\/ca\/cataleg\/la-meva-vida-amb-un-drac-ences\/#breadcrumb","itemListElement":[{"@type":"ListItem","position":1,"name":"Portada","item":"https:\/\/librosdelzorrorojo.com\/ca\/"},{"@type":"ListItem","position":2,"name":"Cat\u00e0leg","item":"https:\/\/librosdelzorrorojo.com\/ca\/cataleg\/"},{"@type":"ListItem","position":3,"name":"La meva vida amb un drac enc\u00e8s"}]},{"@type":"WebSite","@id":"https:\/\/librosdelzorrorojo.com\/#website","url":"https:\/\/librosdelzorrorojo.com\/","name":"Libros del Zorro Rojo","description":"Libros ilustrados","potentialAction":[{"@type":"SearchAction","target":{"@type":"EntryPoint","urlTemplate":"https:\/\/librosdelzorrorojo.com\/?s={search_term_string}"},"query-input":{"@type":"PropertyValueSpecification","valueRequired":true,"valueName":"search_term_string"}}],"inLanguage":"ca"}]}},"_links":{"self":[{"href":"https:\/\/librosdelzorrorojo.com\/ca\/wp-json\/wp\/v2\/product\/22293","targetHints":{"allow":["GET"]}}],"collection":[{"href":"https:\/\/librosdelzorrorojo.com\/ca\/wp-json\/wp\/v2\/product"}],"about":[{"href":"https:\/\/librosdelzorrorojo.com\/ca\/wp-json\/wp\/v2\/types\/product"}],"wp:featuredmedia":[{"embeddable":true,"href":"https:\/\/librosdelzorrorojo.com\/ca\/wp-json\/wp\/v2\/media\/22288"}],"wp:attachment":[{"href":"https:\/\/librosdelzorrorojo.com\/ca\/wp-json\/wp\/v2\/media?parent=22293"}],"wp:term":[{"taxonomy":"product_brand","embeddable":true,"href":"https:\/\/librosdelzorrorojo.com\/ca\/wp-json\/wp\/v2\/product_brand?post=22293"},{"taxonomy":"product_cat","embeddable":true,"href":"https:\/\/librosdelzorrorojo.com\/ca\/wp-json\/wp\/v2\/product_cat?post=22293"},{"taxonomy":"product_tag","embeddable":true,"href":"https:\/\/librosdelzorrorojo.com\/ca\/wp-json\/wp\/v2\/product_tag?post=22293"}],"curies":[{"name":"wp","href":"https:\/\/api.w.org\/{rel}","templated":true}]}}