{"id":22292,"date":"2022-03-18T11:19:02","date_gmt":"2022-03-18T10:19:02","guid":{"rendered":"https:\/\/librosdelzorrorojo.com\/catalogo\/mi-vida-con-un-dragon-encendido\/"},"modified":"2024-03-01T09:19:41","modified_gmt":"2024-03-01T08:19:41","slug":"mi-vida-con-un-dragon-encendido","status":"publish","type":"product","link":"https:\/\/librosdelzorrorojo.com\/ca\/cataleg\/mi-vida-con-un-dragon-encendido\/","title":{"rendered":"Mi vida con un drag\u00f3n encendido"},"content":{"rendered":"<p>Tras el \u00e9xito de\u00a0<em>C\u00f3mo encender un drag\u00f3n apagado,\u00a0<\/em>llega\u00a0este nuevo \u00e1lbum que nos cuenta las vicisitudes de vivir con un drag\u00f3n\u00a0que, \u00a1esta vez s\u00ed!, lanza llamas ardientes y flameantes, incluso cuando estornuda.<\/p>\n<p>El escritor Didier L\u00e9vy y el ilustrador Fred Benaglia vuelven a sorprendernos con\u00a0esta singular pareja: un drag\u00f3n, que despertar\u00e1 la risa y la ternura\u00a0de los peque\u00f1os lectores,\u00a0y un ni\u00f1o incombustible y tenaz,\u00a0que parece tener la clave para remediar cualquier asunto.<\/p>\n<p>\u00a1No es f\u00e1cil cuidar de un amigo como Drag\u00f3n!\u00a0\u00bfQu\u00e9 hacer cuando se resfr\u00eda o cuando le toca una puesta a punto?\u00a0\u00bfAlguien puede imaginar por qu\u00e9 siempre lleva una bufanda de luces de Navidad, c\u00f3mo act\u00faa frente a un incendio o cu\u00e1l es su rutina antes de dormir?<\/p>\n<p><em>Mi vida con un drag\u00f3n encendido\u00a0<\/em>es\u00a0un libro inolvidable,\u00a0plagado de momentos m\u00e1gicos, con\u00a0una gran dosis de acci\u00f3n y, por supuesto, humor.\u00a0Cinco historias entra\u00f1ables, y tambi\u00e9n\u00a0cinco fant\u00e1sticos retos\u00a0que ponen a prueba el valor de la amistad.<\/p>\n","protected":false},"excerpt":{"rendered":"Tras el \u00e9xito de\u00a0C\u00f3mo encender un drag\u00f3n apagado,\u00a0llega\u00a0este nuevo \u00e1lbum que nos cuenta las vicisitudes de vivir con un drag\u00f3n\u00a0que, \u00a1esta vez s\u00ed!, lanza llamas ardientes y flameantes, incluso cuando estornuda. El escritor Didier L\u00e9vy y el ilustrador Fred Benaglia vuelven a sorprendernos con\u00a0esta singular pareja: un drag\u00f3n, que despertar\u00e1 la risa y la ternura\u00a0de [&hellip;]","protected":false},"featured_media":22290,"template":"","meta":{"_acf_changed":false},"product_brand":[],"product_cat":[844,843,839],"product_tag":[],"class_list":{"0":"post-22292","1":"product","2":"type-product","3":"status-publish","4":"has-post-thumbnail","6":"product_cat-castella","7":"product_cat-infantiles-ca","8":"product_cat-zona-kids-ca","9":"vinculo-mi-vida-con-un-dragon-encendido","11":"first","12":"instock","13":"taxable","14":"shipping-taxable","15":"purchasable","16":"product-type-simple"},"acf":[],"yoast_head":"<!-- This site is optimized with the Yoast SEO plugin v25.1 - https:\/\/yoast.com\/wordpress\/plugins\/seo\/ -->\n<title>Mi vida con un drag\u00f3n encendido - Libros del Zorro Rojo<\/title>\n<meta name=\"robots\" content=\"index, follow, max-snippet:-1, max-image-preview:large, max-video-preview:-1\" \/>\n<link rel=\"canonical\" href=\"https:\/\/librosdelzorrorojo.com\/ca\/cataleg\/mi-vida-con-un-dragon-encendido\/\" \/>\n<meta property=\"og:locale\" content=\"ca_ES\" \/>\n<meta property=\"og:type\" content=\"article\" \/>\n<meta property=\"og:title\" content=\"Mi vida con un drag\u00f3n encendido - Libros del Zorro Rojo\" \/>\n<meta property=\"og:description\" content=\"Tras el \u00e9xito de\u00a0C\u00f3mo encender un drag\u00f3n apagado,\u00a0llega\u00a0este nuevo \u00e1lbum que nos cuenta las vicisitudes de vivir con un drag\u00f3n\u00a0que, \u00a1esta vez s\u00ed!, lanza llamas ardientes y flameantes, incluso cuando estornuda. El escritor Didier L\u00e9vy y el ilustrador Fred Benaglia vuelven a sorprendernos con\u00a0esta singular pareja: un drag\u00f3n, que despertar\u00e1 la risa y la ternura\u00a0de [&hellip;]\" \/>\n<meta property=\"og:url\" content=\"https:\/\/librosdelzorrorojo.com\/ca\/cataleg\/mi-vida-con-un-dragon-encendido\/\" \/>\n<meta property=\"og:site_name\" content=\"Libros del Zorro Rojo\" \/>\n<meta property=\"article:modified_time\" content=\"2024-03-01T08:19:41+00:00\" \/>\n<meta property=\"og:image\" content=\"https:\/\/librosdelzorrorojo.com\/wp-content\/uploads\/2022\/03\/9788412470703Mividaconundragon.jpg\" \/>\n\t<meta property=\"og:image:width\" content=\"1000\" \/>\n\t<meta property=\"og:image:height\" content=\"793\" \/>\n\t<meta property=\"og:image:type\" content=\"image\/jpeg\" \/>\n<meta name=\"twitter:card\" content=\"summary_large_image\" \/>\n<meta name=\"twitter:label1\" content=\"Temps estimat de lectura\" \/>\n\t<meta name=\"twitter:data1\" content=\"1 minut\" \/>\n<script type=\"application\/ld+json\" class=\"yoast-schema-graph\">{\"@context\":\"https:\/\/schema.org\",\"@graph\":[{\"@type\":\"WebPage\",\"@id\":\"https:\/\/librosdelzorrorojo.com\/ca\/cataleg\/mi-vida-con-un-dragon-encendido\/\",\"url\":\"https:\/\/librosdelzorrorojo.com\/ca\/cataleg\/mi-vida-con-un-dragon-encendido\/\",\"name\":\"Mi vida con un drag\u00f3n encendido - Libros del Zorro Rojo\",\"isPartOf\":{\"@id\":\"https:\/\/librosdelzorrorojo.com\/#website\"},\"primaryImageOfPage\":{\"@id\":\"https:\/\/librosdelzorrorojo.com\/ca\/cataleg\/mi-vida-con-un-dragon-encendido\/#primaryimage\"},\"image\":{\"@id\":\"https:\/\/librosdelzorrorojo.com\/ca\/cataleg\/mi-vida-con-un-dragon-encendido\/#primaryimage\"},\"thumbnailUrl\":\"https:\/\/librosdelzorrorojo.com\/wp-content\/uploads\/2022\/03\/9788412470703Mividaconundragon.jpg\",\"datePublished\":\"2022-03-18T10:19:02+00:00\",\"dateModified\":\"2024-03-01T08:19:41+00:00\",\"breadcrumb\":{\"@id\":\"https:\/\/librosdelzorrorojo.com\/ca\/cataleg\/mi-vida-con-un-dragon-encendido\/#breadcrumb\"},\"inLanguage\":\"ca\",\"potentialAction\":[{\"@type\":\"ReadAction\",\"target\":[\"https:\/\/librosdelzorrorojo.com\/ca\/cataleg\/mi-vida-con-un-dragon-encendido\/\"]}]},{\"@type\":\"ImageObject\",\"inLanguage\":\"ca\",\"@id\":\"https:\/\/librosdelzorrorojo.com\/ca\/cataleg\/mi-vida-con-un-dragon-encendido\/#primaryimage\",\"url\":\"https:\/\/librosdelzorrorojo.com\/wp-content\/uploads\/2022\/03\/9788412470703Mividaconundragon.jpg\",\"contentUrl\":\"https:\/\/librosdelzorrorojo.com\/wp-content\/uploads\/2022\/03\/9788412470703Mividaconundragon.jpg\",\"width\":1000,\"height\":793,\"caption\":\"9788412470703Mividaconundragon\"},{\"@type\":\"BreadcrumbList\",\"@id\":\"https:\/\/librosdelzorrorojo.com\/ca\/cataleg\/mi-vida-con-un-dragon-encendido\/#breadcrumb\",\"itemListElement\":[{\"@type\":\"ListItem\",\"position\":1,\"name\":\"Portada\",\"item\":\"https:\/\/librosdelzorrorojo.com\/ca\/\"},{\"@type\":\"ListItem\",\"position\":2,\"name\":\"Cat\u00e0leg\",\"item\":\"https:\/\/librosdelzorrorojo.com\/ca\/cataleg\/\"},{\"@type\":\"ListItem\",\"position\":3,\"name\":\"Mi vida con un drag\u00f3n encendido\"}]},{\"@type\":\"WebSite\",\"@id\":\"https:\/\/librosdelzorrorojo.com\/#website\",\"url\":\"https:\/\/librosdelzorrorojo.com\/\",\"name\":\"Libros del Zorro Rojo\",\"description\":\"Libros ilustrados\",\"potentialAction\":[{\"@type\":\"SearchAction\",\"target\":{\"@type\":\"EntryPoint\",\"urlTemplate\":\"https:\/\/librosdelzorrorojo.com\/?s={search_term_string}\"},\"query-input\":{\"@type\":\"PropertyValueSpecification\",\"valueRequired\":true,\"valueName\":\"search_term_string\"}}],\"inLanguage\":\"ca\"}]}<\/script>\n<!-- \/ Yoast SEO plugin. -->","yoast_head_json":{"title":"Mi vida con un drag\u00f3n encendido - Libros del Zorro Rojo","robots":{"index":"index","follow":"follow","max-snippet":"max-snippet:-1","max-image-preview":"max-image-preview:large","max-video-preview":"max-video-preview:-1"},"canonical":"https:\/\/librosdelzorrorojo.com\/ca\/cataleg\/mi-vida-con-un-dragon-encendido\/","og_locale":"ca_ES","og_type":"article","og_title":"Mi vida con un drag\u00f3n encendido - Libros del Zorro Rojo","og_description":"Tras el \u00e9xito de\u00a0C\u00f3mo encender un drag\u00f3n apagado,\u00a0llega\u00a0este nuevo \u00e1lbum que nos cuenta las vicisitudes de vivir con un drag\u00f3n\u00a0que, \u00a1esta vez s\u00ed!, lanza llamas ardientes y flameantes, incluso cuando estornuda. El escritor Didier L\u00e9vy y el ilustrador Fred Benaglia vuelven a sorprendernos con\u00a0esta singular pareja: un drag\u00f3n, que despertar\u00e1 la risa y la ternura\u00a0de [&hellip;]","og_url":"https:\/\/librosdelzorrorojo.com\/ca\/cataleg\/mi-vida-con-un-dragon-encendido\/","og_site_name":"Libros del Zorro Rojo","article_modified_time":"2024-03-01T08:19:41+00:00","og_image":[{"width":1000,"height":793,"url":"https:\/\/librosdelzorrorojo.com\/wp-content\/uploads\/2022\/03\/9788412470703Mividaconundragon.jpg","type":"image\/jpeg"}],"twitter_card":"summary_large_image","twitter_misc":{"Temps estimat de lectura":"1 minut"},"schema":{"@context":"https:\/\/schema.org","@graph":[{"@type":"WebPage","@id":"https:\/\/librosdelzorrorojo.com\/ca\/cataleg\/mi-vida-con-un-dragon-encendido\/","url":"https:\/\/librosdelzorrorojo.com\/ca\/cataleg\/mi-vida-con-un-dragon-encendido\/","name":"Mi vida con un drag\u00f3n encendido - Libros del Zorro Rojo","isPartOf":{"@id":"https:\/\/librosdelzorrorojo.com\/#website"},"primaryImageOfPage":{"@id":"https:\/\/librosdelzorrorojo.com\/ca\/cataleg\/mi-vida-con-un-dragon-encendido\/#primaryimage"},"image":{"@id":"https:\/\/librosdelzorrorojo.com\/ca\/cataleg\/mi-vida-con-un-dragon-encendido\/#primaryimage"},"thumbnailUrl":"https:\/\/librosdelzorrorojo.com\/wp-content\/uploads\/2022\/03\/9788412470703Mividaconundragon.jpg","datePublished":"2022-03-18T10:19:02+00:00","dateModified":"2024-03-01T08:19:41+00:00","breadcrumb":{"@id":"https:\/\/librosdelzorrorojo.com\/ca\/cataleg\/mi-vida-con-un-dragon-encendido\/#breadcrumb"},"inLanguage":"ca","potentialAction":[{"@type":"ReadAction","target":["https:\/\/librosdelzorrorojo.com\/ca\/cataleg\/mi-vida-con-un-dragon-encendido\/"]}]},{"@type":"ImageObject","inLanguage":"ca","@id":"https:\/\/librosdelzorrorojo.com\/ca\/cataleg\/mi-vida-con-un-dragon-encendido\/#primaryimage","url":"https:\/\/librosdelzorrorojo.com\/wp-content\/uploads\/2022\/03\/9788412470703Mividaconundragon.jpg","contentUrl":"https:\/\/librosdelzorrorojo.com\/wp-content\/uploads\/2022\/03\/9788412470703Mividaconundragon.jpg","width":1000,"height":793,"caption":"9788412470703Mividaconundragon"},{"@type":"BreadcrumbList","@id":"https:\/\/librosdelzorrorojo.com\/ca\/cataleg\/mi-vida-con-un-dragon-encendido\/#breadcrumb","itemListElement":[{"@type":"ListItem","position":1,"name":"Portada","item":"https:\/\/librosdelzorrorojo.com\/ca\/"},{"@type":"ListItem","position":2,"name":"Cat\u00e0leg","item":"https:\/\/librosdelzorrorojo.com\/ca\/cataleg\/"},{"@type":"ListItem","position":3,"name":"Mi vida con un drag\u00f3n encendido"}]},{"@type":"WebSite","@id":"https:\/\/librosdelzorrorojo.com\/#website","url":"https:\/\/librosdelzorrorojo.com\/","name":"Libros del Zorro Rojo","description":"Libros ilustrados","potentialAction":[{"@type":"SearchAction","target":{"@type":"EntryPoint","urlTemplate":"https:\/\/librosdelzorrorojo.com\/?s={search_term_string}"},"query-input":{"@type":"PropertyValueSpecification","valueRequired":true,"valueName":"search_term_string"}}],"inLanguage":"ca"}]}},"_links":{"self":[{"href":"https:\/\/librosdelzorrorojo.com\/ca\/wp-json\/wp\/v2\/product\/22292","targetHints":{"allow":["GET"]}}],"collection":[{"href":"https:\/\/librosdelzorrorojo.com\/ca\/wp-json\/wp\/v2\/product"}],"about":[{"href":"https:\/\/librosdelzorrorojo.com\/ca\/wp-json\/wp\/v2\/types\/product"}],"wp:featuredmedia":[{"embeddable":true,"href":"https:\/\/librosdelzorrorojo.com\/ca\/wp-json\/wp\/v2\/media\/22290"}],"wp:attachment":[{"href":"https:\/\/librosdelzorrorojo.com\/ca\/wp-json\/wp\/v2\/media?parent=22292"}],"wp:term":[{"taxonomy":"product_brand","embeddable":true,"href":"https:\/\/librosdelzorrorojo.com\/ca\/wp-json\/wp\/v2\/product_brand?post=22292"},{"taxonomy":"product_cat","embeddable":true,"href":"https:\/\/librosdelzorrorojo.com\/ca\/wp-json\/wp\/v2\/product_cat?post=22292"},{"taxonomy":"product_tag","embeddable":true,"href":"https:\/\/librosdelzorrorojo.com\/ca\/wp-json\/wp\/v2\/product_tag?post=22292"}],"curies":[{"name":"wp","href":"https:\/\/api.w.org\/{rel}","templated":true}]}}